{"id":47139,"date":"2025-07-03T18:32:21","date_gmt":"2025-07-03T16:32:21","guid":{"rendered":"https:\/\/portallamp.invette.dev\/produkt\/kinkiet-do-pokoju-dzieciecego-z-wlacznikiem-301kw1\/"},"modified":"2025-07-03T18:32:21","modified_gmt":"2025-07-03T16:32:21","slug":"kinkiet-do-pokoju-dzieciecego-z-wlacznikiem-301kw1","status":"publish","type":"product","link":"https:\/\/portallamp.invette.dev\/en\/produkt\/kinkiet-do-pokoju-dzieciecego-z-wlacznikiem-301kw1\/","title":{"rendered":"Kinkiet do pokoju dzieci\u0119cego z w\u0142\u0105cznikiem 301KW1"},"content":{"rendered":"<h1>Przedmiotem sprzeda\u017cy jest:<\/h1>\n<h2>Kinkiet z przeznaczeniem do pokoju dzieci\u0119cego z wbudowanym w\u0142\u0105cznikiem \u0142a\u0144cuszkowym.&nbsp; Nr kat: 301-KW1 LUXOLAR<\/h2>\n<h1>Kolorystyka kinkietu umo\u017cliwia monta\u017c zar\u00f3wno w pokoju ch\u0142opca jak i dziewczynki.<\/h1>\n<p><b>Aba\u017cury dost\u0119pne w kolorach:<\/b><\/p>\n<ul>\n<li><b>R\u00f3\u017cowym<\/b><\/li>\n<li><b>B\u0142\u0119kitnym<\/b><\/li>\n<li><b>Szarym<\/b><\/li>\n<li><b>\u017b\u00f3\u0142tym<\/b><\/li>\n<li><b>Bia\u0142ym<\/b><\/li>\n<\/ul>\n<p><img decoding=\"async\" src=\"https:\/\/a.allegroimg.com\/original\/030530\/f3721f0645e4b73693762a40d4d3\" alt=\"Zdj\u0119cie produktu\" style=\"max-width:100%; height:auto; margin:10px 0;\"><br \/>\n<img decoding=\"async\" src=\"https:\/\/5.allegroimg.com\/original\/03fc7d\/986fd24547499c242384ab9677e5\" alt=\"Zdj\u0119cie produktu\" style=\"max-width:100%; height:auto; margin:10px 0;\"><\/p>\n<p><b><\/b><\/p>\n<p><b>Nowy kinkiet z do pokoju dzieci\u0119cego 301-KW1 LUXOLAR<\/b><\/p>\n<p><b><\/b><\/p>\n<ul>\n<li>Przeznaczony jako o\u015bwietlenie dodatkowe, uzupe\u0142niaj\u0105ce<\/li>\n<\/ul>\n<ul>\n<li>Kolor konstrukcji: <b>Bia\u0142y g\u0142adki<\/b>,<\/li>\n<\/ul>\n<ul>\n<li>Kolor aba\u017cura:&nbsp; <b>Do wyboru<\/b><\/li>\n<\/ul>\n<ul>\n<li>Estetyczne wykonanie,<\/li>\n<\/ul>\n<ul>\n<li>Solidna metalowa konstrukcja,<\/li>\n<\/ul>\n<ul>\n<li>Uniwersalny, modny wygl\u0105d &#8211; gwiazdki w stylu ameryka\u0144skim.<\/li>\n<\/ul>\n<ul>\n<li>Wbudowany w\u0142\u0105cznik \u0142a\u0144cuszkowy.<\/li>\n<\/ul>\n<h1>Dane techniczne:<\/h1>\n<ul>\n<li><b>materia\u0142 konstrukcji:<\/b>&nbsp;metal malowany proszkowo<\/li>\n<li><b>materia\u0142 aba\u017cura<\/b>: PCV stosowane w bran\u017cy o\u015bwietleniowej<\/li>\n<li><b>wymiary:<\/b>&nbsp;Wysoko\u015b\u0107 ca\u0142kowita 25 cm&nbsp;<b>,<\/b>&nbsp;G\u0142\u0119boko\u015b\u0107 od \u015bciany: 27 cm, \u015arednica puszki natynkowej: 10 cm<\/li>\n<li><b>zasilanie:<\/b>&nbsp;~230 [V] \/ bezpo\u015brednie z sieci-&nbsp; wersja z w\u0142\u0105cznikiem \u0142a\u0144cuszkowym<\/li>\n<li><b>\u017ar\u00f3d\u0142o \u015bwiat\u0142a:<\/b>&nbsp;E-27, zalecane LED o barwie naturalnej<\/li>\n<li><b>Spos\u00f3b monta\u017cu:<\/b> dwa ko\u0142ki rozporowe<\/li>\n<li><b>IP 20, Klasa I<\/b><\/li>\n<li><b>zestaw nie zawiera \u017car\u00f3wki oraz ko\u0142k\u00f3w rozporowych do monta\u017cu<\/b><\/li>\n<li><b>producent:&nbsp;<\/b>LUXOLAR<\/li>\n<\/ul>\n<p><img decoding=\"async\" src=\"https:\/\/a.allegroimg.com\/original\/0326f1\/c439ee87415a9dbd6654fdbd23a3\" alt=\"Zdj\u0119cie produktu\" style=\"max-width:100%; height:auto; margin:10px 0;\"><\/p>\n<h1>Wymiary:<\/h1>\n<p><img decoding=\"async\" src=\"https:\/\/2.allegroimg.com\/original\/030bbd\/b824e79048679da4fa792c8ec502\" alt=\"Zdj\u0119cie produktu\" style=\"max-width:100%; height:auto; margin:10px 0;\"><br \/>\n<img decoding=\"async\" src=\"https:\/\/5.allegroimg.com\/original\/032f9f\/48368f4649828f017aca92159705\" alt=\"Zdj\u0119cie produktu\" style=\"max-width:100%; height:auto; margin:10px 0;\"><\/p>\n<h1>Kolory do wyboru:<\/h1>\n<p><img decoding=\"async\" src=\"https:\/\/a.allegroimg.com\/original\/030530\/f3721f0645e4b73693762a40d4d3\" alt=\"Zdj\u0119cie produktu\" style=\"max-width:100%; height:auto; margin:10px 0;\"><\/p>\n<h2>ETAPY REALIZACJI ZAM\u00d3WIENIA:<\/h2>\n<ol>\n<li><b>Wybierz kolor&nbsp;aba\u017cura:&nbsp;<\/b>R\u00f3\u017cowy, B\u0142\u0119kitny, \u017b\u00f3\u0142ty, Szary lub Bia\u0142y.<\/li>\n<li><b>Prze\u015blij wybran\u0105 konfiguracj\u0119<\/b>&nbsp;&#8211; w formularzu zam\u00f3wienia.<\/li>\n<\/ol>\n<p><b>Poprawne przes\u0142anie powy\u017cszych informacji znacznie przyspieszy realizacj\u0119 zam\u00f3wienia.<\/b><\/p>\n<p><img decoding=\"async\" src=\"https:\/\/b.allegroimg.com\/original\/032b76\/1561f61a451b81180023fe4ab3fb\" alt=\"Zdj\u0119cie produktu\" style=\"max-width:100%; height:auto; margin:10px 0;\"><br \/>\n<img decoding=\"async\" src=\"https:\/\/f.allegroimg.com\/original\/03d55e\/5b7615084b1f9440b85267cad45f\" alt=\"Zdj\u0119cie produktu\" style=\"max-width:100%; height:auto; margin:10px 0;\"><\/p>\n<h2>ZALECANE \u0179R\u00d3D\u0141A \u015aWIAT\u0141A:<\/h2>\n<p><img decoding=\"async\" src=\"https:\/\/a.allegroimg.com\/original\/03dbfd\/fd6acb894e75a9fa11ca16668e82\" alt=\"Zdj\u0119cie produktu\" style=\"max-width:100%; height:auto; margin:10px 0;\"><\/p>\n<h1>\u017bar\u00f3wka LED o barwie ciep\u0142ej.<\/h1>\n<ul>\n<li>\u017bar\u00f3wki LED z diodami SMD<\/li>\n<li>Strumie\u0144 \u015bwietlny: 900 -1300 lm<\/li>\n<li><b>Gwint E27<\/b><\/li>\n<li>Moc pobierana z sieci: 6 -12 W<\/li>\n<\/ul>\n<h2>Tradycyjny kszta\u0142t w po\u0142\u0105czeniu z nowoczesnymi diodami SMD<\/h2>\n<h1>PRZYK\u0141AD ARAN\u017bACJI:<\/h1>\n<p><img decoding=\"async\" src=\"https:\/\/9.allegroimg.com\/original\/0308f5\/05cae32d4226b0cb91ecb7954339\" alt=\"Zdj\u0119cie produktu\" style=\"max-width:100%; height:auto; margin:10px 0;\"><\/p>\n","protected":false},"excerpt":{"rendered":"<p>Przedmiotem sprzeda\u017cy jest: Kinkiet z przeznaczeniem do pokoju dzieci\u0119cego z wbudowanym w\u0142\u0105cznikiem \u0142a\u0144cuszkowym.&nbsp; Nr kat: 301-KW1 LUXOLAR Kolorystyka kinkietu umo\u017cliwia monta\u017c zar\u00f3wno w pokoju ch\u0142opca jak i dziewczynki. Aba\u017cury dost\u0119pne w kolorach: R\u00f3\u017cowym B\u0142\u0119kitnym Szarym \u017b\u00f3\u0142tym Bia\u0142ym Nowy kinkiet z do pokoju dzieci\u0119cego 301-KW1 LUXOLAR Przeznaczony jako o\u015bwietlenie dodatkowe, uzupe\u0142niaj\u0105ce Kolor konstrukcji: Bia\u0142y g\u0142adki, Kolor [&hellip;]<\/p>\n","protected":false},"featured_media":46117,"comment_status":"closed","ping_status":"open","template":"","meta":{"_acf_changed":false},"product_brand":[162],"product_cat":[2590],"product_tag":[],"class_list":{"0":"post-47139","1":"product","2":"type-product","3":"status-publish","4":"has-post-thumbnail","6":"product_brand-luxolar","7":"product_cat-lamps","8":"pa_kod-producenta-301-kw1-en","9":"pa_kolor-dominujacy-gray","10":"pa_marka-luxolar","11":"pa_zawiera-baterie-no","12":"pa_zrodlo-swiatla-without-a-light-source","14":"first","15":"instock","16":"purchasable","17":"product-type-simple"},"acf":[],"aioseo_notices":[],"_links":{"self":[{"href":"https:\/\/portallamp.invette.dev\/en\/wp-json\/wp\/v2\/product\/47139","targetHints":{"allow":["GET"]}}],"collection":[{"href":"https:\/\/portallamp.invette.dev\/en\/wp-json\/wp\/v2\/product"}],"about":[{"href":"https:\/\/portallamp.invette.dev\/en\/wp-json\/wp\/v2\/types\/product"}],"replies":[{"embeddable":true,"href":"https:\/\/portallamp.invette.dev\/en\/wp-json\/wp\/v2\/comments?post=47139"}],"wp:featuredmedia":[{"embeddable":true,"href":"https:\/\/portallamp.invette.dev\/en\/wp-json\/wp\/v2\/media\/46117"}],"wp:attachment":[{"href":"https:\/\/portallamp.invette.dev\/en\/wp-json\/wp\/v2\/media?parent=47139"}],"wp:term":[{"taxonomy":"product_brand","embeddable":true,"href":"https:\/\/portallamp.invette.dev\/en\/wp-json\/wp\/v2\/product_brand?post=47139"},{"taxonomy":"product_cat","embeddable":true,"href":"https:\/\/portallamp.invette.dev\/en\/wp-json\/wp\/v2\/product_cat?post=47139"},{"taxonomy":"product_tag","embeddable":true,"href":"https:\/\/portallamp.invette.dev\/en\/wp-json\/wp\/v2\/product_tag?post=47139"}],"curies":[{"name":"wp","href":"https:\/\/api.w.org\/{rel}","templated":true}]}}