{"id":47157,"date":"2025-07-03T18:32:21","date_gmt":"2025-07-03T16:32:21","guid":{"rendered":"https:\/\/portallamp.invette.dev\/produkt\/lampa-sufitowa-zyrandol-dzieciecy-plafon-led-724e3\/"},"modified":"2025-07-03T18:32:21","modified_gmt":"2025-07-03T16:32:21","slug":"lampa-sufitowa-zyrandol-dzieciecy-plafon-led-724e3","status":"publish","type":"product","link":"https:\/\/portallamp.invette.dev\/en\/produkt\/lampa-sufitowa-zyrandol-dzieciecy-plafon-led-724e3\/","title":{"rendered":"Lampa sufitowa \u017cyrandol dzieci\u0119cy plafon LED 724E3"},"content":{"rendered":"<h1>Przedmiotem sprzeda\u017cy jest:<\/h1>\n<h2>Lampa&nbsp;plafon z przeznaczeniem do pokoju dzieci\u0119cego.&nbsp; Nr kat: 724-E3 LUXOLAR<\/h2>\n<h2>Na tej aukcji kupujesz bezpo\u015brednio od producenta.<\/h2>\n<h1>Kolorystyka plafonu umo\u017cliwia zastosowanie zar\u00f3wno w pokoju ch\u0142opca jak i dziewczynki.<\/h1>\n<p>Dost\u0119pna w kolorach:<\/p>\n<ul>\n<li>Jasnym r\u00f3\u017cowym<\/li>\n<li>B\u0142\u0119kitnym<\/li>\n<li>\u017b\u00f3\u0142tym<\/li>\n<li>Bia\u0142y &#8211; MIX<\/li>\n<\/ul>\n<p><img decoding=\"async\" src=\"https:\/\/d.allegroimg.com\/original\/0305c9\/e3c6ea3341ac8d6db29835db250d\" alt=\"Zdj\u0119cie produktu\" style=\"max-width:100%; height:auto; margin:10px 0;\"><br \/>\n<img decoding=\"async\" src=\"https:\/\/3.allegroimg.com\/original\/03fe64\/d8c89dd644109bfcb3a0bcec5ce3\" alt=\"Zdj\u0119cie produktu\" style=\"max-width:100%; height:auto; margin:10px 0;\"><\/p>\n<p><b>Nowa lampa wisz\u0105ca z serii Brylant z drucianymi os\u0142onami \u017car\u00f3wek z przeznaczeniem do pokoju dzieci\u0119cego<\/b><\/p>\n<ul>\n<li>Symbol katalogowy: 724-E3 LUXOLAR<\/li>\n<\/ul>\n<ul>\n<li>Metalowa konstrukcja umo\u017cliwia dodatkowe przyozdobienie jej ozdobami na magnes: motylkami, pi\u0142eczkami, kwiatkami itp.<\/li>\n<\/ul>\n<ul>\n<li>Przeznaczona jako o\u015bwietlenie g\u0142\u00f3wne w pomieszczeniach o powierzchni 9-16 m2<\/li>\n<\/ul>\n<ul>\n<li>Wysoko\u015b\u0107 regulowana w zakresie od 40 do 70 cm<\/li>\n<\/ul>\n<ul>\n<li>Lampa obs\u0142uguje wszystkie \u017car\u00f3wki z gwintem typu E27 do max 60 wat\u00f3w, zalecane LED o barwie ciep\u0142ej lub neutralnej<\/li>\n<\/ul>\n<ul>\n<li>Dodatkowym atutem s\u0105 dwa niezale\u017cne obwody elektryczne, dzi\u0119ki kt\u00f3rym w zale\u017cno\u015bci od potrzeb, mo\u017cemy sterowa\u0107 ilo\u015bci\u0105 w\u0142\u0105czonych \u017car\u00f3wek.<\/li>\n<\/ul>\n<h1>Dane techniczne:<\/h1>\n<ul>\n<li><b>materia\u0142 konstrukcji:<\/b>&nbsp;metal malowany proszkowo<\/li>\n<li><b>wymiary:<\/b>&nbsp;wysoko\u015b\u0107 ca\u0142kowita do 70 cm&nbsp;<b>,<\/b>&nbsp;\u015arednica podsufitki: 30 cm,<\/li>\n<li><b>zasilanie:<\/b>&nbsp;~230 [V] \/ bezpo\u015brednie z sieci, dwa niezale\u017cne obwody elektryczne, w\u0142\u0105czanie 2+1<\/li>\n<li><b>\u017ar\u00f3d\u0142o \u015bwiat\u0142a:<\/b>&nbsp;E-27, zalecane LED o barwie naturalnej<\/li>\n<li><b>spos\u00f3b monta\u017cu:<\/b> Ko\u0142ki rozporowe, wszystkie \u015bruby mocuj\u0105ce s\u0105 zamaskowane wewn\u0105trz lampy<\/li>\n<li><b>IP 20, Klasa I<\/b><\/li>\n<li><b>zestaw nie zawiera \u017car\u00f3wek, ko\u0142k\u00f3w rozporowych do monta\u017cu<\/b><\/li>\n<li><b>producent <\/b>LUXOLAR<\/li>\n<\/ul>\n<p><img decoding=\"async\" src=\"https:\/\/d.allegroimg.com\/original\/0340e7\/c3c5eb27468c83462295d508d80d\" alt=\"Zdj\u0119cie produktu\" style=\"max-width:100%; height:auto; margin:10px 0;\"><br \/>\n<img decoding=\"async\" src=\"https:\/\/6.allegroimg.com\/original\/038945\/a62a2fdb438d980d742741620a16\" alt=\"Zdj\u0119cie produktu\" style=\"max-width:100%; height:auto; margin:10px 0;\"><br \/>\n<img decoding=\"async\" src=\"https:\/\/2.allegroimg.com\/original\/030106\/0ef6356d4d16bafba9a2fd0853d2\" alt=\"Zdj\u0119cie produktu\" style=\"max-width:100%; height:auto; margin:10px 0;\"><\/p>\n<h1>Do zdj\u0119\u0107 u\u017cyto \u017bAR\u00d3WEK EDISON z w\u0142\u00f3knem LED<\/h1>\n<h2>W\u0142\u00f3kna LED cechuje wysoka wydajno\u015b\u0107 oraz estetyka po\u0142\u0105czona z niskim zu\u017cyciem energii.<\/h2>\n<h2>\u017bar\u00f3wka to nie tylko \u017ar\u00f3d\u0142o \u015bwiata, ale tak\u017ce wa\u017cny wizualny szczeg\u00f3\u0142 lampy.<\/h2>\n<p><img decoding=\"async\" src=\"https:\/\/3.allegroimg.com\/original\/03a30f\/36944bd642899d8c937765a50e13\" alt=\"Zdj\u0119cie produktu\" style=\"max-width:100%; height:auto; margin:10px 0;\"><\/p>\n<h1>Metalowa konstrukcja umo\u017cliwia dodatkowe przyozdobienie jej ozdobami na magnes:<\/h1>\n<ul>\n<li>motylkami,<\/li>\n<li>pi\u0142eczkami,<\/li>\n<li>kwiatkami itp.<\/li>\n<\/ul>\n<p><img decoding=\"async\" src=\"https:\/\/e.allegroimg.com\/original\/030557\/07cfb4044659b05833446d9c59ce\" alt=\"Zdj\u0119cie produktu\" style=\"max-width:100%; height:auto; margin:10px 0;\"><br \/>\n<img decoding=\"async\" src=\"https:\/\/4.allegroimg.com\/original\/0316d1\/3adef07b44b5a13581ffb6156714\" alt=\"Zdj\u0119cie produktu\" style=\"max-width:100%; height:auto; margin:10px 0;\"><\/p>\n<h1>Dost\u0119pne kolory konstrukcji:<\/h1>\n<ul>\n<li>Bia\u0142y &#8211; MIX<\/li>\n<li>Jasny r\u00f3\u017c<\/li>\n<li>B\u0142\u0119kitny<\/li>\n<li>\u017b\u00f3\u0142ty<\/li>\n<\/ul>\n<p><img decoding=\"async\" src=\"https:\/\/d.allegroimg.com\/original\/0305c9\/e3c6ea3341ac8d6db29835db250d\" alt=\"Zdj\u0119cie produktu\" style=\"max-width:100%; height:auto; margin:10px 0;\"><br \/>\n<img decoding=\"async\" src=\"https:\/\/2.allegroimg.com\/original\/030106\/0ef6356d4d16bafba9a2fd0853d2\" alt=\"Zdj\u0119cie produktu\" style=\"max-width:100%; height:auto; margin:10px 0;\"><\/p>\n<h2>ETAPY REALIZACJI ZAM\u00d3WIENIA:<\/h2>\n<ol>\n<li><b>Wybierz kolor&nbsp;konstrukcji: <\/b>Bia\u0142y &#8211; MIX, R\u00f3\u017cowy, B\u0142\u0119kitny lub \u017b\u00f3\u0142ty<\/li>\n<li><b>Wpisz wybran\u0105 konfiguracj\u0119<\/b>&nbsp;&#8211; w formularzu zam\u00f3wienia.<\/li>\n<\/ol>\n<p><b>Poprawne przes\u0142anie powy\u017cszych informacji znacznie przyspieszy realizacj\u0119 zam\u00f3wienia.<\/b><\/p>\n<h1>Przyk\u0142ady aran\u017cacji:<\/h1>\n<p><img decoding=\"async\" src=\"https:\/\/0.allegroimg.com\/original\/039ca1\/f393b67643f0be52180940798840\" alt=\"Zdj\u0119cie produktu\" style=\"max-width:100%; height:auto; margin:10px 0;\"><\/p>\n","protected":false},"excerpt":{"rendered":"<p>Przedmiotem sprzeda\u017cy jest: Lampa&nbsp;plafon z przeznaczeniem do pokoju dzieci\u0119cego.&nbsp; Nr kat: 724-E3 LUXOLAR Na tej aukcji kupujesz bezpo\u015brednio od producenta. Kolorystyka plafonu umo\u017cliwia zastosowanie zar\u00f3wno w pokoju ch\u0142opca jak i dziewczynki. Dost\u0119pna w kolorach: Jasnym r\u00f3\u017cowym B\u0142\u0119kitnym \u017b\u00f3\u0142tym Bia\u0142y &#8211; MIX Nowa lampa wisz\u0105ca z serii Brylant z drucianymi os\u0142onami \u017car\u00f3wek z przeznaczeniem do pokoju [&hellip;]<\/p>\n","protected":false},"featured_media":46366,"comment_status":"closed","ping_status":"open","template":"","meta":{"_acf_changed":false},"product_brand":[162],"product_cat":[2590,2591],"product_tag":[],"class_list":{"0":"post-47157","1":"product","2":"type-product","3":"status-publish","4":"has-post-thumbnail","6":"product_brand-luxolar","7":"product_cat-lamps","8":"product_cat-ceiling-lamps","9":"pa_kod-producenta-724-e3-en","10":"pa_kolor-dominujacy-pink","11":"pa_marka-luxolar","12":"pa_rodzaj-gwintu-integrated-led-source","13":"pa_zasilanie-network","14":"pa_zawiera-baterie-no","15":"pa_zrodlo-swiatla-without-a-light-source","17":"first","18":"instock","19":"purchasable","20":"product-type-simple"},"acf":[],"aioseo_notices":[],"_links":{"self":[{"href":"https:\/\/portallamp.invette.dev\/en\/wp-json\/wp\/v2\/product\/47157","targetHints":{"allow":["GET"]}}],"collection":[{"href":"https:\/\/portallamp.invette.dev\/en\/wp-json\/wp\/v2\/product"}],"about":[{"href":"https:\/\/portallamp.invette.dev\/en\/wp-json\/wp\/v2\/types\/product"}],"replies":[{"embeddable":true,"href":"https:\/\/portallamp.invette.dev\/en\/wp-json\/wp\/v2\/comments?post=47157"}],"wp:featuredmedia":[{"embeddable":true,"href":"https:\/\/portallamp.invette.dev\/en\/wp-json\/wp\/v2\/media\/46366"}],"wp:attachment":[{"href":"https:\/\/portallamp.invette.dev\/en\/wp-json\/wp\/v2\/media?parent=47157"}],"wp:term":[{"taxonomy":"product_brand","embeddable":true,"href":"https:\/\/portallamp.invette.dev\/en\/wp-json\/wp\/v2\/product_brand?post=47157"},{"taxonomy":"product_cat","embeddable":true,"href":"https:\/\/portallamp.invette.dev\/en\/wp-json\/wp\/v2\/product_cat?post=47157"},{"taxonomy":"product_tag","embeddable":true,"href":"https:\/\/portallamp.invette.dev\/en\/wp-json\/wp\/v2\/product_tag?post=47157"}],"curies":[{"name":"wp","href":"https:\/\/api.w.org\/{rel}","templated":true}]}}