{"id":47160,"date":"2025-07-03T18:32:21","date_gmt":"2025-07-03T16:32:21","guid":{"rendered":"https:\/\/portallamp.invette.dev\/produkt\/lampa-sufitowa-zyrandol-dzieciecy-plafon-led-299e3\/"},"modified":"2025-07-03T18:32:21","modified_gmt":"2025-07-03T16:32:21","slug":"lampa-sufitowa-zyrandol-dzieciecy-plafon-led-299e3","status":"publish","type":"product","link":"https:\/\/portallamp.invette.dev\/en\/produkt\/lampa-sufitowa-zyrandol-dzieciecy-plafon-led-299e3\/","title":{"rendered":"Lampa sufitowa \u017cyrandol dzieci\u0119cy plafon LED 299E3"},"content":{"rendered":"<h1>Przedmiotem sprzeda\u017cy jest:<\/h1>\n<h2>Lampa&nbsp;wisz\u0105ca &#8211; plafon z przeznaczeniem do pokoju dzieci\u0119cego.&nbsp; Nr kat: 299-E3 LUXOLAR<\/h2>\n<h2>Na tej aukcji kupujesz bezpo\u015brednio od producenta.<\/h2>\n<h1>Kolorystyka plafonu umo\u017cliwia zastosowanie zar\u00f3wno w pokoju ch\u0142opca jak i dziewczynki.<\/h1>\n<p>Konstrukcja lampy dost\u0119pna w kolorach:<\/p>\n<ul>\n<li>R\u00f3\u017cowym<\/li>\n<li>B\u0142\u0119kitnym<\/li>\n<li>\u017b\u00f3\u0142tym<\/li>\n<li>Bia\u0142ym<\/li>\n<\/ul>\n<h2>Lamp\u0119 uzupe\u0142niaj\u0105 trzy aba\u017cury dost\u0119pne w dziewi\u0119ciu kolorach do wyboru.<\/h2>\n<p><img decoding=\"async\" src=\"https:\/\/d.allegroimg.com\/original\/036047\/7a2b347247a5aa004e03ff3984bd\" alt=\"Zdj\u0119cie produktu\" style=\"max-width:100%; height:auto; margin:10px 0;\"><br \/>\n<img decoding=\"async\" src=\"https:\/\/6.allegroimg.com\/original\/03202b\/319b3a55477f9bc2d5188154a626\" alt=\"Zdj\u0119cie produktu\" style=\"max-width:100%; height:auto; margin:10px 0;\"><\/p>\n<p><b>Kolorowa lampa wisz\u0105ca z serii Diament nr. kat 299-E3 przeznaczona do pokoju dzieci\u0119cego.<\/b><\/p>\n<ul>\n<li>Symbol katalogowy: 299-E3 LUXOLAR<\/li>\n<\/ul>\n<ul>\n<li><b>4<\/b>&nbsp;kolory konstrukcji do wyboru<\/li>\n<\/ul>\n<ul>\n<li><b>9<\/b>&nbsp;kolor\u00f3w aba\u017cur\u00f3w do wyboru<\/li>\n<\/ul>\n<ul>\n<li>Estetyczny monta\u017c &#8211; brak widocznych \u015brub, wkr\u0119t\u00f3w.<\/li>\n<\/ul>\n<ul>\n<li>Przeznaczona jako o\u015bwietlenie g\u0142\u00f3wne w pomieszczeniach o powierzchni 9-16 m2<\/li>\n<\/ul>\n<ul>\n<li>Wysoko\u015b\u0107 regulowana w zakresie od 40 do 70 cm<\/li>\n<\/ul>\n<ul>\n<li>Lampa obs\u0142uguje wszystkie \u017car\u00f3wki z gwintem typu E27 do max 40 wat\u00f3w, zalecane LED o barwie ciep\u0142ej lub neutralnej<\/li>\n<\/ul>\n<ul>\n<li>Dodatkowym atutem s\u0105 dwa niezale\u017cne obwody elektryczne, dzi\u0119ki kt\u00f3rym w zale\u017cno\u015bci od potrzeb, mo\u017cemy sterowa\u0107 ilo\u015bci\u0105 w\u0142\u0105czonych \u017car\u00f3wek.<\/li>\n<\/ul>\n<h1>Dane techniczne:<\/h1>\n<ul>\n<li><b>materia\u0142 konstrukcji:<\/b>&nbsp;metal malowany proszkowo<\/li>\n<li><b>wymiary:<\/b>&nbsp;wysoko\u015b\u0107 ca\u0142kowita do 70 cm&nbsp;<b>,<\/b>&nbsp;\u015arednica podsufitki: 30 cm,<\/li>\n<li><b>zasilanie:<\/b>&nbsp;~230 [V] \/ bezpo\u015brednie z sieci, dwa niezale\u017cne obwody elektryczne, w\u0142\u0105czanie 2+1<\/li>\n<li><b>\u017ar\u00f3d\u0142o \u015bwiat\u0142a:<\/b>&nbsp;E-27, do max 40W zalecane LED o barwie naturalnej<\/li>\n<li><b>spos\u00f3b monta\u017cu:<\/b> Ko\u0142ki rozporowe, wszystkie \u015bruby mocuj\u0105ce s\u0105 zamaskowane wewn\u0105trz lampy<\/li>\n<li><b>IP 20, Klasa I<\/b><\/li>\n<li><b>zestaw nie zawiera \u017car\u00f3wek, ko\u0142k\u00f3w rozporowych do monta\u017cu<\/b><\/li>\n<li><b>producent <\/b>LUXOLAR Polska<\/li>\n<\/ul>\n<p><img decoding=\"async\" src=\"https:\/\/a.allegroimg.com\/original\/03f442\/8764ce3b4a02bdc52a372434853a\" alt=\"Zdj\u0119cie produktu\" style=\"max-width:100%; height:auto; margin:10px 0;\"><br \/>\n<img decoding=\"async\" src=\"https:\/\/d.allegroimg.com\/original\/03d226\/887001644125915ae0c9e6264dad\" alt=\"Zdj\u0119cie produktu\" style=\"max-width:100%; height:auto; margin:10px 0;\"><br \/>\n<img decoding=\"async\" src=\"https:\/\/f.allegroimg.com\/original\/03b3f1\/41bba1ee4958abca1ef2c0dd98ef\" alt=\"Zdj\u0119cie produktu\" style=\"max-width:100%; height:auto; margin:10px 0;\"><\/p>\n<h1>KOLORY KONSTRUKCJI DO WYBORU:<\/h1>\n<p><img decoding=\"async\" src=\"https:\/\/f.allegroimg.com\/original\/03d8b1\/e9d8fb6442e69ff31dab4de3580f\" alt=\"Zdj\u0119cie produktu\" style=\"max-width:100%; height:auto; margin:10px 0;\"><\/p>\n<h1>KOLORY ABA\u017bUR\u00d3W DO WYBORU:<\/h1>\n<p><img decoding=\"async\" src=\"https:\/\/8.allegroimg.com\/original\/03dade\/924ef7474cb2817a531833546008\" alt=\"Zdj\u0119cie produktu\" style=\"max-width:100%; height:auto; margin:10px 0;\"><\/p>\n<h2>ETAPY REALIZACJI ZAM\u00d3WIENIA:<\/h2>\n<ol>\n<li><b>Wybierz kolor&nbsp;konstrukcji: <\/b>Bia\u0142y , R\u00f3\u017cowy, B\u0142\u0119kitny lub \u017b\u00f3\u0142ty<\/li>\n<li><b>Wybierz kolory aba\u017cur\u00f3w:<\/b> Czerwony, Bia\u0142y, Czarny, Szary, Niebieski, Granatowy, Jasny Pomara\u0144cz, Jasny Zielony, Pudrowy R\u00f3\u017c<\/li>\n<li><b>Wpisz wybran\u0105 konfiguracj\u0119<\/b>&nbsp;&#8211; w formularzu zam\u00f3wienia.<\/li>\n<\/ol>\n<p><b>Poprawne przes\u0142anie powy\u017cszych informacji znacznie przyspieszy realizacj\u0119 zam\u00f3wienia.<\/b><\/p>\n<h1>ZALECANE \u0179R\u00d3D\u0141A \u015aWIAT\u0141A:<\/h1>\n<p><img decoding=\"async\" src=\"https:\/\/a.allegroimg.com\/original\/033b9d\/df5f9cdc401ca77f108d69bfc94a\" alt=\"Zdj\u0119cie produktu\" style=\"max-width:100%; height:auto; margin:10px 0;\"><\/p>\n<h1>\u017bar\u00f3wka LED o barwie ciep\u0142ej.<\/h1>\n<h1>Gwint E27<\/h1>\n<h2>Tradycyjny kszta\u0142t w po\u0142\u0105czeniu z nowoczesnymi diodami SMD<\/h2>\n<h1>Przyk\u0142ady aran\u017cacji:<\/h1>\n<p><img decoding=\"async\" src=\"https:\/\/d.allegroimg.com\/original\/03d0a3\/522cdf1f4f25b52945d71439e5ed\" alt=\"Zdj\u0119cie produktu\" style=\"max-width:100%; height:auto; margin:10px 0;\"><br \/>\n<img decoding=\"async\" src=\"https:\/\/4.allegroimg.com\/original\/03167f\/49d268a14029acfeb8aeb3d9ff44\" alt=\"Zdj\u0119cie produktu\" style=\"max-width:100%; height:auto; margin:10px 0;\"><br \/>\n<img decoding=\"async\" src=\"https:\/\/d.allegroimg.com\/original\/036047\/7a2b347247a5aa004e03ff3984bd\" alt=\"Zdj\u0119cie produktu\" style=\"max-width:100%; height:auto; margin:10px 0;\"><\/p>\n","protected":false},"excerpt":{"rendered":"<p>Przedmiotem sprzeda\u017cy jest: Lampa&nbsp;wisz\u0105ca &#8211; plafon z przeznaczeniem do pokoju dzieci\u0119cego.&nbsp; Nr kat: 299-E3 LUXOLAR Na tej aukcji kupujesz bezpo\u015brednio od producenta. Kolorystyka plafonu umo\u017cliwia zastosowanie zar\u00f3wno w pokoju ch\u0142opca jak i dziewczynki. Konstrukcja lampy dost\u0119pna w kolorach: R\u00f3\u017cowym B\u0142\u0119kitnym \u017b\u00f3\u0142tym Bia\u0142ym Lamp\u0119 uzupe\u0142niaj\u0105 trzy aba\u017cury dost\u0119pne w dziewi\u0119ciu kolorach do wyboru. Kolorowa lampa wisz\u0105ca [&hellip;]<\/p>\n","protected":false},"featured_media":46408,"comment_status":"closed","ping_status":"open","template":"","meta":{"_acf_changed":false},"product_brand":[475],"product_cat":[2590,2591],"product_tag":[],"class_list":{"0":"post-47160","1":"product","2":"type-product","3":"status-publish","4":"has-post-thumbnail","6":"product_brand-inna","7":"product_cat-lamps","8":"product_cat-ceiling-lamps","9":"pa_kod-producenta-299-e3-en","10":"pa_kolor-dominujacy-multicolored","11":"pa_marka-inna","12":"pa_rodzaj-gwintu-e27-2","13":"pa_zawiera-baterie-no","14":"pa_zrodlo-swiatla-without-a-light-source","16":"first","17":"instock","18":"purchasable","19":"product-type-simple"},"acf":[],"aioseo_notices":[],"_links":{"self":[{"href":"https:\/\/portallamp.invette.dev\/en\/wp-json\/wp\/v2\/product\/47160","targetHints":{"allow":["GET"]}}],"collection":[{"href":"https:\/\/portallamp.invette.dev\/en\/wp-json\/wp\/v2\/product"}],"about":[{"href":"https:\/\/portallamp.invette.dev\/en\/wp-json\/wp\/v2\/types\/product"}],"replies":[{"embeddable":true,"href":"https:\/\/portallamp.invette.dev\/en\/wp-json\/wp\/v2\/comments?post=47160"}],"wp:featuredmedia":[{"embeddable":true,"href":"https:\/\/portallamp.invette.dev\/en\/wp-json\/wp\/v2\/media\/46408"}],"wp:attachment":[{"href":"https:\/\/portallamp.invette.dev\/en\/wp-json\/wp\/v2\/media?parent=47160"}],"wp:term":[{"taxonomy":"product_brand","embeddable":true,"href":"https:\/\/portallamp.invette.dev\/en\/wp-json\/wp\/v2\/product_brand?post=47160"},{"taxonomy":"product_cat","embeddable":true,"href":"https:\/\/portallamp.invette.dev\/en\/wp-json\/wp\/v2\/product_cat?post=47160"},{"taxonomy":"product_tag","embeddable":true,"href":"https:\/\/portallamp.invette.dev\/en\/wp-json\/wp\/v2\/product_tag?post=47160"}],"curies":[{"name":"wp","href":"https:\/\/api.w.org\/{rel}","templated":true}]}}