{"id":47172,"date":"2025-07-03T18:29:53","date_gmt":"2025-07-03T16:29:53","guid":{"rendered":"https:\/\/portallamp.invette.dev\/produkt\/lampa-scienna-kinkiet-z-wlacznikiem-tuba-metal-spot-led-gu10-biala\/"},"modified":"2025-07-03T18:29:53","modified_gmt":"2025-07-03T16:29:53","slug":"lampa-scienna-kinkiet-z-wlacznikiem-tuba-metal-spot-led-gu10-biala","status":"publish","type":"product","link":"https:\/\/portallamp.invette.dev\/en\/produkt\/lampa-scienna-kinkiet-z-wlacznikiem-tuba-metal-spot-led-gu10-biala\/","title":{"rendered":"Lampa \u015acienna Kinkiet z W\u0142\u0105cznikiem Tuba Metal SPOT LED GU10 Bia\u0142a"},"content":{"rendered":"<h1>Lampa \u015acienna Kinkiet z w\u0142\u0105cznikiem SPOT GU-10 Bia\u0142a<\/h1>\n<p><img decoding=\"async\" src=\"https:\/\/a.allegroimg.com\/original\/1185e2\/f489d1b64f64b5b5ff3264871d9f\" alt=\"Zdj\u0119cie produktu\" style=\"max-width:100%; height:auto; margin:10px 0;\"><br \/>\n<img decoding=\"async\" src=\"https:\/\/a.allegroimg.com\/original\/11e8d9\/e6ccbf30405b88fc6245ff299e46\" alt=\"Zdj\u0119cie produktu\" style=\"max-width:100%; height:auto; margin:10px 0;\"><\/p>\n<p><b>Kinkiet natynkowy, metalowy maj\u0105cy zastosowanie jako o\u015bwietlenie wewn\u0119trzne z wy\u0142\u0105czeniem miejsc o podwy\u017cszonej wilgotno\u015bci.<\/b><\/p>\n<p><b>Wersja z wbudowanym w\u0142\u0105cznikiem ko\u0142yskowym.<\/b><\/p>\n<p><img decoding=\"async\" src=\"https:\/\/a.allegroimg.com\/original\/1199d1\/dbcbf9b24cf693bdabcb1060ce3c\" alt=\"Zdj\u0119cie produktu\" style=\"max-width:100%; height:auto; margin:10px 0;\"><\/p>\n<h2>Idealny do:<\/h2>\n<p>\u2705 Pokoju, sypialni, kuchni, garderoby&#8230;. a tak\u017ce:<\/p>\n<p>\u2705 O\u015bwietli lustra, obrazy<\/p>\n<p>\u2705 K\u0105ciki do czytania<\/p>\n<p>\u2705 Sprawdzi si\u0119 r\u00f3wnie\u017c jako o\u015bwietlenie dekoracyjne<\/p>\n<h2>G\u0142\u00f3wne cechy produktu:<\/h2>\n<p><b>\u2705&nbsp;<\/b>Uniwersalny kolor<\/p>\n<p>\u2705 Kierowana ruchoma tuba u\u0142atwi kierowanie \u015bwiat\u0142em<\/p>\n<p><b>\u2705&nbsp;<\/b>Lamp\u0119 charakteryzuje wysoka jako\u015b\u0107 oraz trwa\u0142o\u015b\u0107.<\/p>\n<p><b>\u2705&nbsp;<\/b>\u0141atwy monta\u017c oraz dost\u0119p do cz\u0119\u015bci zamiennych &#8211; kupujesz u Polskiego producenta.<\/p>\n<p><b>\u2705 <\/b>Kinkiet pochodzi z szerszej rodziny lamp &#8211; bez problemu dokupisz do kompletu lamp\u0119 sufitow\u0105<\/p>\n<h2>Dane techniczne:<\/h2>\n<ul>\n<li>Napi\u0119cie zasilania: 230 V,&nbsp; 50 HZ<\/li>\n<\/ul>\n<ul>\n<li>IP20 &#8211; nie do u\u017cytku w miejscach o podwy\u017cszonej wilgotno\u015bci,<\/li>\n<\/ul>\n<ul>\n<li>Kinkiet wyprodukowany w pierwszej klasie ochronno\u015bci przed pora\u017ceniem elektrycznym,<\/li>\n<\/ul>\n<ul>\n<li>Wykonana g\u0142\u00f3wnie z metalu (aluminium),<\/li>\n<\/ul>\n<ul>\n<li>Ceramiczna oprawka GU10,<\/li>\n<\/ul>\n<ul>\n<li>Monta\u017c natynkowy &#8211; dwa ko\u0142ki rozporowe, do\u0142\u0105czone do zestawu,<\/li>\n<\/ul>\n<ul>\n<li>\u0179r\u00f3d\u0142o \u015bwiat\u0142a: 1 x GU10 LED max 25W<\/li>\n<\/ul>\n<ul>\n<li>Waga kinkietu bez \u017car\u00f3wki: 240g<\/li>\n<\/ul>\n<ul>\n<li>Wymiar belki: 14 x 6cm<\/li>\n<\/ul>\n<ul>\n<li>\u015arednica tuby: 5 cm<\/li>\n<\/ul>\n<ul>\n<li><b>Wysoko\u015b\u0107 tuby: 9 cm &#8211; \u017car\u00f3wka nie jest zbyt g\u0142\u0119boko osadzona. \u015awiat\u0142o nie jest punktowe.<\/b><\/li>\n<\/ul>\n<ul>\n<li>Maksymalna moc \u017ar\u00f3d\u0142a \u015bwiat\u0142a: 25W dotyczy \u017car\u00f3wek w technologii LED<\/li>\n<\/ul>\n<ul>\n<li>Wbudowany w\u0142\u0105cznik &#8220;ko\u0142yskowy&#8221;<\/li>\n<\/ul>\n<ul>\n<li>Fabryczne kolorowe opakowanie tekturowe<\/li>\n<\/ul>\n<ul>\n<li>CE ROHS WEEE<\/li>\n<\/ul>\n<ul>\n<li>Producent i Podmiot odpowiedzialny na terenie UE: LUXOLAR Light Factory<\/li>\n<\/ul>\n<h2>Wymiary:<\/h2>\n<p><img decoding=\"async\" src=\"https:\/\/a.allegroimg.com\/original\/110fd7\/853fbdb141a5b8e9253d64ee7fbd\" alt=\"Zdj\u0119cie produktu\" style=\"max-width:100%; height:auto; margin:10px 0;\"><\/p>\n<h2>Zestaw zawiera:<\/h2>\n<ul>\n<li><b>Kompletn\u0105, z\u0142o\u017con\u0105 lamp\u0119 wraz z zestawem ko\u0142k\u00f3w do monta\u017cu<\/b><\/li>\n<li><b>Kostk\u0119 przy\u0142\u0105czeniow\u0105<\/b><\/li>\n<li><b>Instrukcj\u0119 obs\u0142ugi<\/b><\/li>\n<li><b>Dokument zakupu<\/b><\/li>\n<li><b>Fabryczne opakowanie<\/b><\/li>\n<\/ul>\n<p><b>Zestaw nie zawiera \u017car\u00f3wki &#8211;&nbsp; dost\u0119pne na naszych aukcjach<\/b><\/p>\n<p><img decoding=\"async\" src=\"https:\/\/a.allegroimg.com\/original\/1104af\/1ad4b1f04f4884ea456dab9342aa\" alt=\"Zdj\u0119cie produktu\" style=\"max-width:100%; height:auto; margin:10px 0;\"><br \/>\n<img decoding=\"async\" src=\"https:\/\/a.allegroimg.com\/original\/1141e5\/85bb702041ac9255254afe7c37ae\" alt=\"Zdj\u0119cie produktu\" style=\"max-width:100%; height:auto; margin:10px 0;\"><br \/>\n<img decoding=\"async\" src=\"https:\/\/a.allegroimg.com\/original\/11ad8d\/33d5344147f5b23de0bbd50b33b6\" alt=\"Zdj\u0119cie produktu\" style=\"max-width:100%; height:auto; margin:10px 0;\"><br \/>\n<img decoding=\"async\" src=\"https:\/\/a.allegroimg.com\/original\/110d25\/2ddcc0d44af494f482a905e4d9f9\" alt=\"Zdj\u0119cie produktu\" style=\"max-width:100%; height:auto; margin:10px 0;\"><\/p>\n<h2>Je\u015bli szukasz do kompletu lampy sufitowej lub innej podobnej, to&#8230;<\/h2>\n<h2>Znajdziesz j\u0105 w naszych ofertach wpisuj\u0105c symbol: 955 lub 855<\/h2>\n<p><img decoding=\"async\" src=\"https:\/\/a.allegroimg.com\/original\/11e8d9\/e6ccbf30405b88fc6245ff299e46\" alt=\"Zdj\u0119cie produktu\" style=\"max-width:100%; height:auto; margin:10px 0;\"><br \/>\n<img decoding=\"async\" src=\"https:\/\/a.allegroimg.com\/original\/11a77d\/626a007d4d8890a4ed625682d37f\" alt=\"Zdj\u0119cie produktu\" style=\"max-width:100%; height:auto; margin:10px 0;\"><\/p>\n","protected":false},"excerpt":{"rendered":"<p>Lampa \u015acienna Kinkiet z w\u0142\u0105cznikiem SPOT GU-10 Bia\u0142a Kinkiet natynkowy, metalowy maj\u0105cy zastosowanie jako o\u015bwietlenie wewn\u0119trzne z wy\u0142\u0105czeniem miejsc o podwy\u017cszonej wilgotno\u015bci. Wersja z wbudowanym w\u0142\u0105cznikiem ko\u0142yskowym. Idealny do: \u2705 Pokoju, sypialni, kuchni, garderoby&#8230;. a tak\u017ce: \u2705 O\u015bwietli lustra, obrazy \u2705 K\u0105ciki do czytania \u2705 Sprawdzi si\u0119 r\u00f3wnie\u017c jako o\u015bwietlenie dekoracyjne G\u0142\u00f3wne cechy produktu: \u2705&nbsp;Uniwersalny [&hellip;]<\/p>\n","protected":false},"featured_media":32686,"comment_status":"closed","ping_status":"open","template":"","meta":{"_acf_changed":false},"product_brand":[162],"product_cat":[2590],"product_tag":[],"class_list":{"0":"post-47172","1":"product","2":"type-product","3":"status-publish","4":"has-post-thumbnail","6":"product_brand-luxolar","7":"product_cat-lamps","8":"pa_klasa-efektywnosci-a-en","9":"pa_kod-producenta-855-kw1-en","10":"pa_kolor-dominujacy-white","11":"pa_marka-luxolar","12":"pa_rodzaj-gwintu-gu10-en","13":"pa_stan-original","14":"pa_zasilanie-network","15":"pa_zawiera-baterie-no","16":"pa_zrodlo-swiatla-without-a-light-source","18":"first","19":"instock","20":"purchasable","21":"product-type-simple"},"acf":[],"aioseo_notices":[],"_links":{"self":[{"href":"https:\/\/portallamp.invette.dev\/en\/wp-json\/wp\/v2\/product\/47172","targetHints":{"allow":["GET"]}}],"collection":[{"href":"https:\/\/portallamp.invette.dev\/en\/wp-json\/wp\/v2\/product"}],"about":[{"href":"https:\/\/portallamp.invette.dev\/en\/wp-json\/wp\/v2\/types\/product"}],"replies":[{"embeddable":true,"href":"https:\/\/portallamp.invette.dev\/en\/wp-json\/wp\/v2\/comments?post=47172"}],"wp:featuredmedia":[{"embeddable":true,"href":"https:\/\/portallamp.invette.dev\/en\/wp-json\/wp\/v2\/media\/32686"}],"wp:attachment":[{"href":"https:\/\/portallamp.invette.dev\/en\/wp-json\/wp\/v2\/media?parent=47172"}],"wp:term":[{"taxonomy":"product_brand","embeddable":true,"href":"https:\/\/portallamp.invette.dev\/en\/wp-json\/wp\/v2\/product_brand?post=47172"},{"taxonomy":"product_cat","embeddable":true,"href":"https:\/\/portallamp.invette.dev\/en\/wp-json\/wp\/v2\/product_cat?post=47172"},{"taxonomy":"product_tag","embeddable":true,"href":"https:\/\/portallamp.invette.dev\/en\/wp-json\/wp\/v2\/product_tag?post=47172"}],"curies":[{"name":"wp","href":"https:\/\/api.w.org\/{rel}","templated":true}]}}