{"id":47244,"date":"2025-07-03T18:29:53","date_gmt":"2025-07-03T16:29:53","guid":{"rendered":"https:\/\/portallamp.invette.dev\/produkt\/lampa-sufitowa-zyrandol-plafon-czarna-z-miedzia-3-x-globus-e27-led\/"},"modified":"2025-07-03T18:29:53","modified_gmt":"2025-07-03T16:29:53","slug":"lampa-sufitowa-zyrandol-plafon-czarna-z-miedzia-3-x-globus-e27-led","status":"publish","type":"product","link":"https:\/\/portallamp.invette.dev\/en\/produkt\/lampa-sufitowa-zyrandol-plafon-czarna-z-miedzia-3-x-globus-e27-led\/","title":{"rendered":"Lampa sufitowa \u017byrandol Plafon Czarna z Miedzi\u0105 3 x Globus E27 LED"},"content":{"rendered":"<p><img decoding=\"async\" src=\"https:\/\/a.allegroimg.com\/original\/11a279\/c3e96fa64a69ad8c5afec6322b3a\" alt=\"Zdj\u0119cie produktu\" style=\"max-width:100%; height:auto; margin:10px 0;\"><\/p>\n<p>O\u015bwietlenie charakteryzuje si\u0119 nowoczesnym i oryginalnym desingiem, kt\u00f3re nada charakteru Twojemu pomieszczeniu. Elementy dekoracyjne w formie drucianych aba\u017cur\u00f3w,&nbsp; tworz\u0105 ciekawy efekt wizualny \u201eoddaj\u0105c\u201d przy tym ca\u0142\u0105 moc \u015bwiat\u0142a wkr\u0119conej \u017car\u00f3wki.<\/p>\n<p><b>DANE TECHNICZNE:<\/b><\/p>\n<p>&#8211; zasilanie:&nbsp;~230 [V] \/ nie wymaga transformatora<\/p>\n<p>&#8211; dwa niezale\u017cne obwody elektryczne, 2+1<\/p>\n<p>&#8211; solidna metalowa konstrukcja, malowanie proszkowe<\/p>\n<p>&#8211; spos\u00f3b mocowania dostosowany do ko\u0142k\u00f3w rozporowych.<\/p>\n<p>&#8211;&nbsp;<b>zestaw nie zawiera \u017car\u00f3wek oraz ko\u0142k\u00f3w rozporowych do monta\u017cu<\/b><\/p>\n<p><b>&#8211; produkt polskiej produkcji<\/b><\/p>\n<p><b><\/b><\/p>\n<p><b>PODSTAWA LAMPY W PE\u0141NI Z\u0141O\u017bONA&nbsp; &#8211; nie jest to zestaw do samodzielnego&nbsp;monta\u017cu<\/b><\/p>\n<p><b>WYMIARY LAMPY:<\/b><\/p>\n<p>&#8211; wysoko\u015b\u0107 ca\u0142kowita 40 cm<\/p>\n<p>&#8211; szeroko\u015b\u0107 70 cm<\/p>\n<p>&#8211; wymiary drucianych aba\u017cur\u00f3w: wysoko\u015b\u0107 18 cm, \u015brednica 20 cm<\/p>\n<p><b><\/b><\/p>\n<p><b>KOLORYSTYKA:<\/b><\/p>\n<p><b>Uwaga!!!<\/b><\/p>\n<ul>\n<li>stela\u017c lampy w kolorze&nbsp;<b>czarnym mat z podklosz\u00f3wkami w kolorze miedzi<\/b>, klosze druciane czarne- <b>ZDJ\u0118CIE G\u0141\u00d3WNE<\/b><\/li>\n<li>stela\u017c lampy w kolorze&nbsp;<b>bia\u0142ym g\u0142adkim z podklosz\u00f3wkami w kolorze srebrnym<\/b>, klosze druciane bia\u0142e.<\/li>\n<li>stela\u017c lampy w kolorze&nbsp;<b>szarym&nbsp; g\u0142adkim z podklosz\u00f3wkami w kolorze z\u0142otym<\/b>, klosze druciane szare<\/li>\n<\/ul>\n<p><img decoding=\"async\" src=\"https:\/\/a.allegroimg.com\/original\/116253\/2e339fd4442c8f1ad7956ea184f7\" alt=\"Zdj\u0119cie produktu\" style=\"max-width:100%; height:auto; margin:10px 0;\"><br \/>\n<img decoding=\"async\" src=\"https:\/\/a.allegroimg.com\/original\/118df3\/dc6ee3d94317988346e82c2e3bc8\" alt=\"Zdj\u0119cie produktu\" style=\"max-width:100%; height:auto; margin:10px 0;\"><br \/>\n<img decoding=\"async\" src=\"https:\/\/a.allegroimg.com\/original\/11b51c\/56d2635a4f0d89211857a65d8758\" alt=\"Zdj\u0119cie produktu\" style=\"max-width:100%; height:auto; margin:10px 0;\"><br \/>\n<img decoding=\"async\" src=\"https:\/\/a.allegroimg.com\/original\/119739\/80d6e0754bd0b7e1adb0b9cc0802\" alt=\"Zdj\u0119cie produktu\" style=\"max-width:100%; height:auto; margin:10px 0;\"><\/p>\n","protected":false},"excerpt":{"rendered":"<p>O\u015bwietlenie charakteryzuje si\u0119 nowoczesnym i oryginalnym desingiem, kt\u00f3re nada charakteru Twojemu pomieszczeniu. Elementy dekoracyjne w formie drucianych aba\u017cur\u00f3w,&nbsp; tworz\u0105 ciekawy efekt wizualny \u201eoddaj\u0105c\u201d przy tym ca\u0142\u0105 moc \u015bwiat\u0142a wkr\u0119conej \u017car\u00f3wki. DANE TECHNICZNE: &#8211; zasilanie:&nbsp;~230 [V] \/ nie wymaga transformatora &#8211; dwa niezale\u017cne obwody elektryczne, 2+1 &#8211; solidna metalowa konstrukcja, malowanie proszkowe &#8211; spos\u00f3b mocowania dostosowany [&hellip;]<\/p>\n","protected":false},"featured_media":45286,"comment_status":"closed","ping_status":"open","template":"","meta":{"_acf_changed":false},"product_brand":[777],"product_cat":[2590,2591],"product_tag":[],"class_list":{"0":"post-47244","1":"product","2":"type-product","3":"status-publish","4":"has-post-thumbnail","6":"product_brand-bez-marki","7":"product_cat-lamps","8":"product_cat-ceiling-lamps","9":"pa_kod-producenta-261-3gl-en","10":"pa_kolor-dominujacy-black","11":"pa_liczba-punktow-swiatla-3-2","12":"pa_marka-bez-marki","13":"pa_material-dominujacy-metal-en","14":"pa_max-moc-pojed-zrodla-swiatla-30-en","15":"pa_rodzaj-gwintu-e27-2","16":"pa_zasilanie-network","17":"pa_zawiera-baterie-no","19":"first","20":"instock","21":"purchasable","22":"product-type-simple"},"acf":[],"aioseo_notices":[],"_links":{"self":[{"href":"https:\/\/portallamp.invette.dev\/en\/wp-json\/wp\/v2\/product\/47244","targetHints":{"allow":["GET"]}}],"collection":[{"href":"https:\/\/portallamp.invette.dev\/en\/wp-json\/wp\/v2\/product"}],"about":[{"href":"https:\/\/portallamp.invette.dev\/en\/wp-json\/wp\/v2\/types\/product"}],"replies":[{"embeddable":true,"href":"https:\/\/portallamp.invette.dev\/en\/wp-json\/wp\/v2\/comments?post=47244"}],"wp:featuredmedia":[{"embeddable":true,"href":"https:\/\/portallamp.invette.dev\/en\/wp-json\/wp\/v2\/media\/45286"}],"wp:attachment":[{"href":"https:\/\/portallamp.invette.dev\/en\/wp-json\/wp\/v2\/media?parent=47244"}],"wp:term":[{"taxonomy":"product_brand","embeddable":true,"href":"https:\/\/portallamp.invette.dev\/en\/wp-json\/wp\/v2\/product_brand?post=47244"},{"taxonomy":"product_cat","embeddable":true,"href":"https:\/\/portallamp.invette.dev\/en\/wp-json\/wp\/v2\/product_cat?post=47244"},{"taxonomy":"product_tag","embeddable":true,"href":"https:\/\/portallamp.invette.dev\/en\/wp-json\/wp\/v2\/product_tag?post=47244"}],"curies":[{"name":"wp","href":"https:\/\/api.w.org\/{rel}","templated":true}]}}