{"id":47340,"date":"2025-07-03T18:28:03","date_gmt":"2025-07-03T16:28:03","guid":{"rendered":"https:\/\/portallamp.invette.dev\/produkt\/lampa-wiszaca-zyrandol-plafon-miedz-chrom-zloto-2\/"},"modified":"2025-07-03T18:28:03","modified_gmt":"2025-07-03T16:28:03","slug":"lampa-wiszaca-zyrandol-plafon-miedz-chrom-zloto-2","status":"publish","type":"product","link":"https:\/\/portallamp.invette.dev\/en\/produkt\/lampa-wiszaca-zyrandol-plafon-miedz-chrom-zloto-2\/","title":{"rendered":"Lampa Wisz\u0105ca \u017byrandol Plafon Mied\u017a Chrom Z\u0142oto"},"content":{"rendered":"<h2>Nowoczesna Lampa Wisz\u0105ca Plafon w r\u00f3\u017cnej kolorystyce do wyboru.<\/h2>\n<p><img decoding=\"async\" src=\"https:\/\/a.allegroimg.com\/original\/113d15\/5e156eb448f6bf8113637f325cea\" alt=\"Zdj\u0119cie produktu\" style=\"max-width:100%; height:auto; margin:10px 0;\"><br \/>\n<img decoding=\"async\" src=\"https:\/\/a.allegroimg.com\/original\/1171a6\/af868adb4382a3455aa93b58337e\" alt=\"Zdj\u0119cie produktu\" style=\"max-width:100%; height:auto; margin:10px 0;\"><\/p>\n<h2>Lampa dost\u0119pna w trzech b\u0142yszcz\u0105cych &#8211; lusterkowych kolorach:<\/h2>\n<ul>\n<li>Mied\u017a<\/li>\n<li>Chrom<\/li>\n<li>Z\u0142oty<\/li>\n<\/ul>\n<p><img decoding=\"async\" src=\"https:\/\/a.allegroimg.com\/original\/11be84\/0fe7653a491391ebbeaf1de5995a\" alt=\"Zdj\u0119cie produktu\" style=\"max-width:100%; height:auto; margin:10px 0;\"><\/p>\n<h2>Konstrukcja lampy umo\u017cliwia korekt\u0119 wysoko\u015bci kloszy (przed monta\u017cem).<\/h2>\n<\/p>\n<p><img decoding=\"async\" src=\"https:\/\/a.allegroimg.com\/original\/11d95c\/474d534c4d228a40e6401e724649\" alt=\"Zdj\u0119cie produktu\" style=\"max-width:100%; height:auto; margin:10px 0;\"><\/p>\n<p><b>Lampa w pe\u0142ni z\u0142o\u017cona &#8211; nie jest to zestaw do samodzielnego monta\u017cu &#8211; wyjmujesz z kartonu i wieszasz na suficie.<\/b><\/p>\n<p><b>Nie musisz traci\u0107 czasu na z\u0142o\u017cenie lampy od najmniejszej \u015brubki.<\/b><\/p>\n<\/p>\n<p><img decoding=\"async\" src=\"https:\/\/a.allegroimg.com\/original\/1197e1\/81a80daf457ea8ce14fe1ecaef8a\" alt=\"Zdj\u0119cie produktu\" style=\"max-width:100%; height:auto; margin:10px 0;\"><\/p>\n<p><b><\/b><\/p>\n<p><b>G\u0141\u00d3WNE CECHY LAMPY:<\/b><\/p>\n<p><b><\/b><\/p>\n<ul>\n<li>Materia\u0142 konstrukcji: Metal<\/li>\n<\/ul>\n<ul>\n<li>Kolor konstrukcji: Czarny matowy + wybrany kolor (mied\u017a, chrom, z\u0142oty)<\/li>\n<\/ul>\n<ul>\n<li>Materia\u0142 kloszy: Metal<\/li>\n<\/ul>\n<ul>\n<li>Odcie\u0144 kloszy: Lusterkowa mied\u017a, z\u0142oty, chrom<\/li>\n<\/ul>\n<ul>\n<li>Nowoczesny Styl &#8211; &nbsp;\u0142atwo wkomponuje si\u0119 w uk\u0142ad mieszkania<\/li>\n<\/ul>\n<ul>\n<li>Korekta wysoko\u015bci klosza<\/li>\n<\/ul>\n<ul>\n<li>Szerokie zastosowanie:&nbsp;<b>sto\u0142y, wyspy, blaty, korytarze, kuchnie<\/b><\/li>\n<\/ul>\n<ul>\n<li>Lampa obs\u0142uguje wszystkie \u017car\u00f3wki z gwintem typu&nbsp;<b>E27 do max 60 wat\u00f3w.<\/b><\/li>\n<\/ul>\n<ul>\n<li>Lampa z polskiej dystrybucji, wyprodukowana w Polsce &#8211; gwarantowany szybki dost\u0119p do serwisu i cz\u0119\u015bci zapasowych<\/li>\n<\/ul>\n<ul>\n<li>Atrakcyjna Cena<\/li>\n<\/ul>\n<ul>\n<li><b>Wersja w pe\u0142ni z\u0142o\u017cona &#8211; nie jest to chi\u0144ski zestaw do samodzielnego monta\u017cu<\/b><\/li>\n<\/ul>\n<h2>Wymiary:<\/h2>\n<\/p>\n<p><img decoding=\"async\" src=\"https:\/\/a.allegroimg.com\/original\/1141ab\/d72aad864f518959bff1d33f23fc\" alt=\"Zdj\u0119cie produktu\" style=\"max-width:100%; height:auto; margin:10px 0;\"><\/p>\n<h2>Opis klosza:<\/h2>\n<\/p>\n<ul>\n<li><b>materia\u0142: drut metalowy o \u015brednicy 4 mm<\/b><\/li>\n<li><b>odcie\u0144:<\/b> b\u0142yszcz\u0105ca mied\u017a &#8211; chrom &#8211;&nbsp; b\u0142yszcz\u0105cy z\u0142oty (do wyboru)<\/li>\n<li><b>wysoko\u015b\u0107:<\/b>&nbsp;14 cm<\/li>\n<li><b>\u015brednica max:<\/b>&nbsp;18 cm<\/li>\n<li><b>obs\u0142ugiwane \u017car\u00f3wki:&nbsp;<\/b>z gwintem E27&nbsp; &#8211; oprawka z pier\u015bcieniem dociskowym (\u0142atwo zdejmiesz do czyszczenia)<\/li>\n<li><b>\u015brednica otworu pod oprawk\u0119:<\/b>&nbsp;42 mm<\/li>\n<li><b>waga:<\/b>&nbsp;220g<\/li>\n<\/ul>\n<p><img decoding=\"async\" src=\"https:\/\/a.allegroimg.com\/original\/11e364\/851d9fb7434987d6bd375a332e34\" alt=\"Zdj\u0119cie produktu\" style=\"max-width:100%; height:auto; margin:10px 0;\"><\/p>\n<h2>Dane techniczne:<\/h2>\n<\/p>\n<ul>\n<li><b>Zasilanie:<\/b> ~230 [V] \/ bezpo\u015brednie z sieci,<\/li>\n<li><b>\u0179r\u00f3d\u0142o \u015bwiat\u0142a:<\/b> E-27 &#8211; zalecane LED lub \u015bwietl\u00f3wki kompaktowe<\/li>\n<li><b>Spos\u00f3b monta\u017cu:<\/b>&nbsp;Dwa ko\u0142ki rozporowe<\/li>\n<li><b>IP 20, Klasa I<\/b><\/li>\n<li><b>Producent:&nbsp;<\/b>LUXOLAR Polska<\/li>\n<\/ul>\n<p><img decoding=\"async\" src=\"https:\/\/a.allegroimg.com\/original\/11dbd6\/3d9615b547eba6d9da2ed98a3dd3\" alt=\"Zdj\u0119cie produktu\" style=\"max-width:100%; height:auto; margin:10px 0;\"><\/p>\n<h2>Zestaw zawiera:<\/h2>\n<\/p>\n<ul>\n<li><b>Kompletn\u0105, z\u0142o\u017con\u0105 lamp\u0119 w wybranym kolorze (nie jest to chi\u0144skiej produkcji zestaw do samodzielnego monta\u017cu)<\/b><\/li>\n<li><b>Kostk\u0119 przy\u0142\u0105czeniow\u0105<\/b><\/li>\n<li><b>Instrukcj\u0119 obs\u0142ugi<\/b><\/li>\n<li><b>Dokument zakupu<\/b><\/li>\n<\/ul>\n<p><b>Zestaw nie zawiera \u017car\u00f3wki oraz ko\u0142k\u00f3w monta\u017cowych&nbsp; (nale\u017cy dobra\u0107 odpowiednie do sufitu)<\/b><\/p>\n<h2>ZALECANE \u0179R\u00d3D\u0141A \u015aWIAT\u0141A:<\/h2>\n<\/p>\n<ul>\n<li>\u017bar\u00f3wki LED z diodami SMD lub filament<\/li>\n<li>Strumie\u0144 \u015bwietlny: 900 -1300 lm<\/li>\n<li><b>Gwint E27<\/b><\/li>\n<li>Moc pobierana z sieci: 6 -12 W<\/li>\n<li>Barwa: ciep\u0142a lub bia\u0142a<\/li>\n<\/ul>\n<h2>Tradycyjny kszta\u0142t w po\u0142\u0105czeniu z nowoczesnymi diodami SMD lub Filament<\/h2>\n<p><img decoding=\"async\" src=\"https:\/\/a.allegroimg.com\/original\/03303d\/c3b1d99f4211bfec2eb9d008c1a1\" alt=\"Zdj\u0119cie produktu\" style=\"max-width:100%; height:auto; margin:10px 0;\"><\/p>\n<h2>Aran\u017cacje:<\/h2>\n<\/p>\n<p><img decoding=\"async\" src=\"https:\/\/a.allegroimg.com\/original\/11d7c8\/0938769e4da0871d1720ad6b2b99\" alt=\"Zdj\u0119cie produktu\" style=\"max-width:100%; height:auto; margin:10px 0;\"><br \/>\n<img decoding=\"async\" src=\"https:\/\/a.allegroimg.com\/original\/115fe9\/0cbdcc4d440ca025518863f5cdc0\" alt=\"Zdj\u0119cie produktu\" style=\"max-width:100%; height:auto; margin:10px 0;\"><br \/>\n<img decoding=\"async\" src=\"https:\/\/a.allegroimg.com\/original\/11741f\/4d725cd7456eace55ae108a9d910\" alt=\"Zdj\u0119cie produktu\" style=\"max-width:100%; height:auto; margin:10px 0;\"><\/p>\n<h2><\/h2>\n<h2>Pami\u0119taj:<\/h2>\n<ol>\n<li><b>Wybierz kolor klosza: <\/b>Mied\u017a, Chrom, Z\u0142oty<\/li>\n<li><b>Wpisz wybrany kolor&nbsp;<\/b>&#8211; w formularzu zam\u00f3wienia lub oddzielnym e-mailu.<\/li>\n<li><b>Je\u015bli nie wybierzesz koloru wy\u015blemy kolor Miedziany.<\/b><\/li>\n<\/ol>\n<p><b><\/b><\/p>\n<p><img decoding=\"async\" src=\"https:\/\/a.allegroimg.com\/original\/1171a6\/af868adb4382a3455aa93b58337e\" alt=\"Zdj\u0119cie produktu\" style=\"max-width:100%; height:auto; margin:10px 0;\"><br \/>\n<img decoding=\"async\" src=\"\" alt=\"Zdj\u0119cie produktu\" style=\"max-width:100%; height:auto; margin:10px 0;\"><\/p>\n","protected":false},"excerpt":{"rendered":"<p>Nowoczesna Lampa Wisz\u0105ca Plafon w r\u00f3\u017cnej kolorystyce do wyboru. Lampa dost\u0119pna w trzech b\u0142yszcz\u0105cych &#8211; lusterkowych kolorach: Mied\u017a Chrom Z\u0142oty Konstrukcja lampy umo\u017cliwia korekt\u0119 wysoko\u015bci kloszy (przed monta\u017cem). Lampa w pe\u0142ni z\u0142o\u017cona &#8211; nie jest to zestaw do samodzielnego monta\u017cu &#8211; wyjmujesz z kartonu i wieszasz na suficie. Nie musisz traci\u0107 czasu na z\u0142o\u017cenie lampy [&hellip;]<\/p>\n","protected":false},"featured_media":45018,"comment_status":"closed","ping_status":"open","template":"","meta":{"_acf_changed":false},"product_brand":[162],"product_cat":[2590,2671],"product_tag":[],"class_list":{"0":"post-47340","1":"product","2":"type-product","3":"status-publish","4":"has-post-thumbnail","6":"product_brand-luxolar","7":"product_cat-lamps","8":"product_cat-hanging-lamps","9":"pa_kod-producenta-lampa-wiszaca-813-ez2-en","10":"pa_kolekcja-813-2","11":"pa_kolor-black","12":"pa_kolor-gold","13":"pa_kolor-silver","14":"pa_kolor-yellow","15":"pa_liczba-punktow-swiatla-3-2","16":"pa_marka-luxolar","17":"pa_material-dominujacy-metal-en","18":"pa_max-moc-pojed-zrodla-swiatla-60-2","19":"pa_pomieszczenie-bedroom","20":"pa_pomieszczenie-childrens-room","21":"pa_pomieszczenie-dining-room","22":"pa_pomieszczenie-hallway-stairs","23":"pa_pomieszczenie-kuchnia-2","24":"pa_pomieszczenie-living-room","25":"pa_pomieszczenie-office","26":"pa_pomieszczenie-universal","27":"pa_rodzaj-gwintu-e27-2","28":"pa_rodzaj-lampy-ceiling-mounted-hanging","29":"pa_zasilanie-network","30":"pa_zawiera-baterie-no","31":"pa_zrodlo-swiatla-without-a-light-source","33":"first","34":"instock","35":"purchasable","36":"product-type-simple"},"acf":[],"aioseo_notices":[],"_links":{"self":[{"href":"https:\/\/portallamp.invette.dev\/en\/wp-json\/wp\/v2\/product\/47340","targetHints":{"allow":["GET"]}}],"collection":[{"href":"https:\/\/portallamp.invette.dev\/en\/wp-json\/wp\/v2\/product"}],"about":[{"href":"https:\/\/portallamp.invette.dev\/en\/wp-json\/wp\/v2\/types\/product"}],"replies":[{"embeddable":true,"href":"https:\/\/portallamp.invette.dev\/en\/wp-json\/wp\/v2\/comments?post=47340"}],"wp:featuredmedia":[{"embeddable":true,"href":"https:\/\/portallamp.invette.dev\/en\/wp-json\/wp\/v2\/media\/45018"}],"wp:attachment":[{"href":"https:\/\/portallamp.invette.dev\/en\/wp-json\/wp\/v2\/media?parent=47340"}],"wp:term":[{"taxonomy":"product_brand","embeddable":true,"href":"https:\/\/portallamp.invette.dev\/en\/wp-json\/wp\/v2\/product_brand?post=47340"},{"taxonomy":"product_cat","embeddable":true,"href":"https:\/\/portallamp.invette.dev\/en\/wp-json\/wp\/v2\/product_cat?post=47340"},{"taxonomy":"product_tag","embeddable":true,"href":"https:\/\/portallamp.invette.dev\/en\/wp-json\/wp\/v2\/product_tag?post=47340"}],"curies":[{"name":"wp","href":"https:\/\/api.w.org\/{rel}","templated":true}]}}