{"id":47445,"date":"2025-07-03T18:24:04","date_gmt":"2025-07-03T16:24:04","guid":{"rendered":"https:\/\/portallamp.invette.dev\/produkt\/metalowa-lampa-plafon-sufitowa-zyrandol-z-paskiem\/"},"modified":"2025-07-03T18:24:04","modified_gmt":"2025-07-03T16:24:04","slug":"metalowa-lampa-plafon-sufitowa-zyrandol-z-paskiem","status":"publish","type":"product","link":"https:\/\/portallamp.invette.dev\/en\/produkt\/metalowa-lampa-plafon-sufitowa-zyrandol-z-paskiem\/","title":{"rendered":"Metalowa Lampa Plafon Sufitowa \u017byrandol z Paskiem"},"content":{"rendered":"<h2>Nowoczesna lampa wisz\u0105ca &#8211; plafon &#8211; z metalowym, obracanym kloszem.<\/h2>\n<p><img decoding=\"async\" src=\"https:\/\/a.allegroimg.com\/original\/11f740\/b99bc6cd43d889a8ef55d44f4fe5\" alt=\"Zdj\u0119cie produktu\" style=\"max-width:100%; height:auto; margin:10px 0;\"><\/p>\n<h2>Ustaw klosz w dowolnym kierunku !&nbsp; &#8211; w tej lampie to mo\u017cliwe. Lampa zosta\u0142a wyposa\u017cona w specjalny przegub.<\/h2>\n<\/p>\n<p><img decoding=\"async\" src=\"https:\/\/a.allegroimg.com\/original\/117c35\/ac722b98479cb004daa25b175491\" alt=\"Zdj\u0119cie produktu\" style=\"max-width:100%; height:auto; margin:10px 0;\"><\/p>\n<p><b>Lampa w pe\u0142ni z\u0142o\u017cona &#8211; nie jest to zestaw do samodzielnego monta\u017cu<\/b><\/p>\n<\/p>\n<p><img decoding=\"async\" src=\"https:\/\/a.allegroimg.com\/original\/1184b2\/ecf854a045dcbb2968b7bdefa3dd\" alt=\"Zdj\u0119cie produktu\" style=\"max-width:100%; height:auto; margin:10px 0;\"><br \/>\n<img decoding=\"async\" src=\"https:\/\/a.allegroimg.com\/original\/11f740\/b99bc6cd43d889a8ef55d44f4fe5\" alt=\"Zdj\u0119cie produktu\" style=\"max-width:100%; height:auto; margin:10px 0;\"><\/p>\n<p><b><\/b><\/p>\n<p><b>G\u0141\u00d3WNE CECHY LAMPY:<\/b><\/p>\n<p><b><\/b><\/p>\n<ul>\n<li>Kolor konstrukcji i klosza: Czarny matowy ze srebrnym pasem<\/li>\n<\/ul>\n<ul>\n<li>Materia\u0142 konstrukcji i klosza: Metal<\/li>\n<\/ul>\n<ul>\n<li>Regulacja kierunku klosza<\/li>\n<\/ul>\n<ul>\n<li>Nowoczesny Styl &#8211; &nbsp;\u0142atwo wkomponuje si\u0119 w uk\u0142ad mieszkania<\/li>\n<\/ul>\n<ul>\n<li>Szerokie zastosowanie: <b>sto\u0142y, wyspy, blaty, korytarze, kuchnie<\/b><\/li>\n<\/ul>\n<ul>\n<li>Lampa obs\u0142uguje wszystkie \u017car\u00f3wki z gwintem typu&nbsp;<b>E27 do max 60 wat\u00f3w.<\/b><\/li>\n<\/ul>\n<ul>\n<li>Lampa z polskiej dystrybucji, wyprodukowana w Polsce &#8211; gwarantowany szybki dost\u0119p do serwisu i cz\u0119\u015bci zapasowych<\/li>\n<\/ul>\n<ul>\n<li>Lampa pochodzi z szerszej rodziny lamp szklanych&nbsp; &#8211; bez problemu dokupisz do kompletu kinkiet czy lampk\u0119 nocn\u0105<\/li>\n<\/ul>\n<ul>\n<li><b>Wersja w pe\u0142ni z\u0142o\u017cona &#8211; nie jest to zestaw do samodzielnego monta\u017cu<\/b><\/li>\n<\/ul>\n<h2>Dane techniczne:<\/h2>\n<\/p>\n<ul>\n<li><b>Zasilanie:<\/b> ~230 [V] \/ bezpo\u015brednie z sieci<\/li>\n<li><b>\u0179r\u00f3d\u0142o \u015bwiat\u0142a:<\/b>&nbsp;E-27 &#8211; zalecane LED lub \u015bwietl\u00f3wki kompaktowe<\/li>\n<li><b>Spos\u00f3b monta\u017cu:<\/b> Dwa ko\u0142ki rozporowe (brak w zestawie)<\/li>\n<li><b>IP 20, Klasa I<\/b><\/li>\n<li><b>Producent:&nbsp;<\/b>LUXOLAR Polska<\/li>\n<\/ul>\n<h2>Wymiary:<\/h2>\n<\/p>\n<p><img decoding=\"async\" src=\"https:\/\/a.allegroimg.com\/original\/110557\/3fac74674ceaa03c67218d28a2b9\" alt=\"Zdj\u0119cie produktu\" style=\"max-width:100%; height:auto; margin:10px 0;\"><br \/>\n<img decoding=\"async\" src=\"https:\/\/a.allegroimg.com\/original\/11c99d\/3d51cfc047e29a9885ca08132ae6\" alt=\"Zdj\u0119cie produktu\" style=\"max-width:100%; height:auto; margin:10px 0;\"><br \/>\n<img decoding=\"async\" src=\"https:\/\/a.allegroimg.com\/original\/118db3\/3b62da854ed69fc34a31a00a4047\" alt=\"Zdj\u0119cie produktu\" style=\"max-width:100%; height:auto; margin:10px 0;\"><\/p>\n<h2>Zestaw zawiera:<\/h2>\n<\/p>\n<ul>\n<li><b>Kompletn\u0105, z\u0142o\u017con\u0105 lamp\u0119 (nie jest to chi\u0144skiej produkcji zestaw do samodzielnego monta\u017cu)<\/b><\/li>\n<li><b>Kostk\u0119 przy\u0142\u0105czeniow\u0105<\/b><\/li>\n<li><b>Instrukcj\u0119 obs\u0142ugi<\/b><\/li>\n<li><b>Kart\u0119 energetyczn\u0105<\/b><\/li>\n<li><b>Dokument zakupu<\/b><\/li>\n<\/ul>\n<p><b>Zestaw nie zawiera \u017ar\u00f3d\u0142a \u015bwiat\u0142a i ko\u0142k\u00f3w rozporowych do sufitu.<\/b><\/p>\n<h2>ZALECANE \u0179R\u00d3D\u0141A \u015aWIAT\u0141A:<\/h2>\n<\/p>\n<ul>\n<li>\u017bar\u00f3wki LED z diodami SMD lub filament<\/li>\n<li>Strumie\u0144 \u015bwietlny: 900 -1300 lm<\/li>\n<li><b>Gwint E27<\/b><\/li>\n<li>Moc pobierana z sieci: 6 -12 W<\/li>\n<li>Barwa: ciep\u0142a lub bia\u0142a<\/li>\n<\/ul>\n<p><b>Tradycyjny kszta\u0142t w po\u0142\u0105czeniu z nowoczesnymi diodami SMD lub Filament<\/b><\/p>\n<p><img decoding=\"async\" src=\"https:\/\/a.allegroimg.com\/original\/03303d\/c3b1d99f4211bfec2eb9d008c1a1\" alt=\"Zdj\u0119cie produktu\" style=\"max-width:100%; height:auto; margin:10px 0;\"><\/p>\n<h2>Aran\u017cacje:<\/h2>\n<\/p>\n<p><img decoding=\"async\" src=\"https:\/\/a.allegroimg.com\/original\/1184b2\/ecf854a045dcbb2968b7bdefa3dd\" alt=\"Zdj\u0119cie produktu\" style=\"max-width:100%; height:auto; margin:10px 0;\"><br \/>\n<img decoding=\"async\" src=\"https:\/\/a.allegroimg.com\/original\/115175\/bb13bcb342ada9e09b46ac706ed3\" alt=\"Zdj\u0119cie produktu\" style=\"max-width:100%; height:auto; margin:10px 0;\"><br \/>\n<img decoding=\"async\" src=\"https:\/\/a.allegroimg.com\/original\/117156\/0a4f31e44dc48ecbba1f674e7b89\" alt=\"Zdj\u0119cie produktu\" style=\"max-width:100%; height:auto; margin:10px 0;\"><br \/>\n<img decoding=\"async\" src=\"\" alt=\"Zdj\u0119cie produktu\" style=\"max-width:100%; height:auto; margin:10px 0;\"><\/p>\n","protected":false},"excerpt":{"rendered":"<p>Nowoczesna lampa wisz\u0105ca &#8211; plafon &#8211; z metalowym, obracanym kloszem. Ustaw klosz w dowolnym kierunku !&nbsp; &#8211; w tej lampie to mo\u017cliwe. Lampa zosta\u0142a wyposa\u017cona w specjalny przegub. Lampa w pe\u0142ni z\u0142o\u017cona &#8211; nie jest to zestaw do samodzielnego monta\u017cu G\u0141\u00d3WNE CECHY LAMPY: Kolor konstrukcji i klosza: Czarny matowy ze srebrnym pasem Materia\u0142 konstrukcji i [&hellip;]<\/p>\n","protected":false},"featured_media":43080,"comment_status":"closed","ping_status":"open","template":"","meta":{"_acf_changed":false},"product_brand":[196],"product_cat":[2590,2671],"product_tag":[],"class_list":{"0":"post-47445","1":"product","2":"type-product","3":"status-publish","4":"has-post-thumbnail","6":"product_brand-fabryka-lamp-luxolar","7":"product_cat-lamps","8":"product_cat-hanging-lamps","9":"pa_kod-producenta-metalowa-lampa-plafon-383-eg1-en","10":"pa_kolekcja-383-en","11":"pa_kolor-black","12":"pa_liczba-punktow-swiatla-1-2","13":"pa_marka-fabryka-lamp-luxolar","14":"pa_material-dominujacy-metal-en","15":"pa_max-moc-pojed-zrodla-swiatla-60-2","16":"pa_pomieszczenie-bedroom","17":"pa_pomieszczenie-childrens-room","18":"pa_pomieszczenie-dining-room","19":"pa_pomieszczenie-hallway-stairs","20":"pa_pomieszczenie-kuchnia-2","21":"pa_pomieszczenie-living-room","22":"pa_pomieszczenie-office","23":"pa_pomieszczenie-universal","24":"pa_rodzaj-gwintu-e27-2","25":"pa_rodzaj-lampy-ceiling-mounted-hanging","26":"pa_zasilanie-network","27":"pa_zawiera-baterie-no","29":"first","30":"instock","31":"purchasable","32":"product-type-simple"},"acf":[],"aioseo_notices":[],"_links":{"self":[{"href":"https:\/\/portallamp.invette.dev\/en\/wp-json\/wp\/v2\/product\/47445","targetHints":{"allow":["GET"]}}],"collection":[{"href":"https:\/\/portallamp.invette.dev\/en\/wp-json\/wp\/v2\/product"}],"about":[{"href":"https:\/\/portallamp.invette.dev\/en\/wp-json\/wp\/v2\/types\/product"}],"replies":[{"embeddable":true,"href":"https:\/\/portallamp.invette.dev\/en\/wp-json\/wp\/v2\/comments?post=47445"}],"wp:featuredmedia":[{"embeddable":true,"href":"https:\/\/portallamp.invette.dev\/en\/wp-json\/wp\/v2\/media\/43080"}],"wp:attachment":[{"href":"https:\/\/portallamp.invette.dev\/en\/wp-json\/wp\/v2\/media?parent=47445"}],"wp:term":[{"taxonomy":"product_brand","embeddable":true,"href":"https:\/\/portallamp.invette.dev\/en\/wp-json\/wp\/v2\/product_brand?post=47445"},{"taxonomy":"product_cat","embeddable":true,"href":"https:\/\/portallamp.invette.dev\/en\/wp-json\/wp\/v2\/product_cat?post=47445"},{"taxonomy":"product_tag","embeddable":true,"href":"https:\/\/portallamp.invette.dev\/en\/wp-json\/wp\/v2\/product_tag?post=47445"}],"curies":[{"name":"wp","href":"https:\/\/api.w.org\/{rel}","templated":true}]}}