{"id":47565,"date":"2025-07-03T18:21:56","date_gmt":"2025-07-03T16:21:56","guid":{"rendered":"https:\/\/portallamp.invette.dev\/produkt\/klosz-kula-do-lamp-zyrandola-kinkietu-e27-w041b\/"},"modified":"2025-07-03T18:21:56","modified_gmt":"2025-07-03T16:21:56","slug":"klosz-kula-do-lamp-zyrandola-kinkietu-e27-w041b","status":"publish","type":"product","link":"https:\/\/portallamp.invette.dev\/en\/produkt\/klosz-kula-do-lamp-zyrandola-kinkietu-e27-w041b\/","title":{"rendered":"Klosz Kula do lamp \u017cyrandola kinkietu E27 W041B"},"content":{"rendered":"<h1>Przedmiot sprzeda\u017cy: <\/h1>\n<h2>Nowy, szklany klosz stosowany w lampach, kinkietach, \u017cyrandolach z gwintem typu E27.<\/h2>\n<p>Stosowany w serii lamp nr 830 oraz 831 firmy LUXOLAR<\/p>\n<p>Nr kat: W041B<\/p>\n<p><img decoding=\"async\" src=\"https:\/\/a.allegroimg.com\/original\/11bf50\/4d0ea94547b49d788b93e5a241c6\" alt=\"Zdj\u0119cie produktu\" style=\"max-width:100%; height:auto; margin:10px 0;\"><\/p>\n<h1>Dane techniczne:<\/h1>\n<ul>\n<li><b>materia\u0142:&nbsp;<\/b>szk\u0142o o grubo\u015bci 1.5 mm<\/li>\n<li><b>odcie\u0144:<\/b> Prze\u017aroczysty<\/li>\n<li><b>stopie\u0144 przepuszczalno\u015bci \u015bwiat\u0142a:<\/b> 100 %<\/li>\n<li><b>obs\u0142ugiwane \u017car\u00f3wki:&nbsp;<\/b>z gwintem E27&nbsp; &#8211; oprawka z pier\u015bcieniem dociskowym<\/li>\n<li><b>\u015brednica otworu pod oprawk\u0119:<\/b> 42 mm<\/li>\n<li><b>wymiary:<\/b> wysoko\u015b\u0107 130 mm &#8211;&nbsp; \u015brednica: 150 mm<\/li>\n<li><b>waga:<\/b> 120g<\/li>\n<\/ul>\n<p><img decoding=\"async\" src=\"https:\/\/a.allegroimg.com\/original\/11c7b7\/b266b273444d8f974393151250aa\" alt=\"Zdj\u0119cie produktu\" style=\"max-width:100%; height:auto; margin:10px 0;\"><br \/>\n<img decoding=\"async\" src=\"https:\/\/a.allegroimg.com\/original\/11841f\/b593902a4662952aa0048994163c\" alt=\"Zdj\u0119cie produktu\" style=\"max-width:100%; height:auto; margin:10px 0;\"><\/p>\n<h1>Przyk\u0142ady zastosowania:<\/h1>\n<p>(lampy pokazane na zdj\u0119ciach nie s\u0105 przedmiotem sprzeda\u017cy &#8211; s\u0142u\u017c\u0105 wy\u0142\u0105cznie do wizualizacji zastosowania)<\/p>\n<ul>\n<li>W lampach wisz\u0105cych<\/li>\n<li>W plafonach, \u017cyrandolach<\/li>\n<li>Kinkietach<\/li>\n<li>Lampkach nocnych<\/li>\n<\/ul>\n<p><img decoding=\"async\" src=\"https:\/\/a.allegroimg.com\/original\/1170b8\/19c32ea940e6b134e9aa6322140a\" alt=\"Zdj\u0119cie produktu\" style=\"max-width:100%; height:auto; margin:10px 0;\"><br \/>\n<img decoding=\"async\" src=\"https:\/\/a.allegroimg.com\/original\/1117ac\/1660db4b4fb39cbf64d46e41df54\" alt=\"Zdj\u0119cie produktu\" style=\"max-width:100%; height:auto; margin:10px 0;\"><br \/>\n<img decoding=\"async\" src=\"https:\/\/a.allegroimg.com\/original\/11931b\/38dba38648cc89007b4dbd931e76\" alt=\"Zdj\u0119cie produktu\" style=\"max-width:100%; height:auto; margin:10px 0;\"><br \/>\n<img decoding=\"async\" src=\"https:\/\/a.allegroimg.com\/original\/1131c7\/5641f6d14bd78e7adb8949a3e531\" alt=\"Zdj\u0119cie produktu\" style=\"max-width:100%; height:auto; margin:10px 0;\"><\/p>\n","protected":false},"excerpt":{"rendered":"<p>Przedmiot sprzeda\u017cy: Nowy, szklany klosz stosowany w lampach, kinkietach, \u017cyrandolach z gwintem typu E27. Stosowany w serii lamp nr 830 oraz 831 firmy LUXOLAR Nr kat: W041B Dane techniczne: materia\u0142:&nbsp;szk\u0142o o grubo\u015bci 1.5 mm odcie\u0144: Prze\u017aroczysty stopie\u0144 przepuszczalno\u015bci \u015bwiat\u0142a: 100 % obs\u0142ugiwane \u017car\u00f3wki:&nbsp;z gwintem E27&nbsp; &#8211; oprawka z pier\u015bcieniem dociskowym \u015brednica otworu pod oprawk\u0119: 42 [&hellip;]<\/p>\n","protected":false},"featured_media":41982,"comment_status":"closed","ping_status":"open","template":"","meta":{"_acf_changed":false},"product_brand":[162],"product_cat":[3119],"product_tag":[],"class_list":{"0":"post-47565","1":"product","2":"type-product","3":"status-publish","4":"has-post-thumbnail","6":"product_brand-luxolar","7":"product_cat-lampshades-and-lamp-covers","8":"pa_gwint-e27-en","9":"pa_kod-producenta-w041b-en","10":"pa_kolor-colorless","11":"pa_marka-luxolar","12":"pa_material-wykonania-glass","13":"pa_mocowanie-for-all-fasteners","14":"pa_rodzaj-cloche","16":"first","17":"instock","18":"purchasable","19":"product-type-simple"},"acf":[],"aioseo_notices":[],"_links":{"self":[{"href":"https:\/\/portallamp.invette.dev\/en\/wp-json\/wp\/v2\/product\/47565","targetHints":{"allow":["GET"]}}],"collection":[{"href":"https:\/\/portallamp.invette.dev\/en\/wp-json\/wp\/v2\/product"}],"about":[{"href":"https:\/\/portallamp.invette.dev\/en\/wp-json\/wp\/v2\/types\/product"}],"replies":[{"embeddable":true,"href":"https:\/\/portallamp.invette.dev\/en\/wp-json\/wp\/v2\/comments?post=47565"}],"wp:featuredmedia":[{"embeddable":true,"href":"https:\/\/portallamp.invette.dev\/en\/wp-json\/wp\/v2\/media\/41982"}],"wp:attachment":[{"href":"https:\/\/portallamp.invette.dev\/en\/wp-json\/wp\/v2\/media?parent=47565"}],"wp:term":[{"taxonomy":"product_brand","embeddable":true,"href":"https:\/\/portallamp.invette.dev\/en\/wp-json\/wp\/v2\/product_brand?post=47565"},{"taxonomy":"product_cat","embeddable":true,"href":"https:\/\/portallamp.invette.dev\/en\/wp-json\/wp\/v2\/product_cat?post=47565"},{"taxonomy":"product_tag","embeddable":true,"href":"https:\/\/portallamp.invette.dev\/en\/wp-json\/wp\/v2\/product_tag?post=47565"}],"curies":[{"name":"wp","href":"https:\/\/api.w.org\/{rel}","templated":true}]}}