{"id":47700,"date":"2025-07-03T18:16:52","date_gmt":"2025-07-03T16:16:52","guid":{"rendered":"https:\/\/portallamp.invette.dev\/produkt\/klosz-szklany-do-lamp-zyrandola-kinkietu-e27-w040b\/"},"modified":"2025-07-03T18:16:52","modified_gmt":"2025-07-03T16:16:52","slug":"klosz-szklany-do-lamp-zyrandola-kinkietu-e27-w040b","status":"publish","type":"product","link":"https:\/\/portallamp.invette.dev\/en\/produkt\/klosz-szklany-do-lamp-zyrandola-kinkietu-e27-w040b\/","title":{"rendered":"Klosz szklany do lamp \u017cyrandola kinkietu E27 W040B"},"content":{"rendered":"<h1>Przedmiot sprzeda\u017cy: <\/h1>\n<h2>Nowy, szklany klosz stosowany w lampach, kinkietach, \u017cyrandolach z gwintem typu E27.<\/h2>\n<p>Szeroko stosowany w serii lamp nr 820 firmy LUXOLAR<\/p>\n<p>Nr kat: W040S<\/p>\n<p><img decoding=\"async\" src=\"https:\/\/a.allegroimg.com\/original\/1118b4\/cbef71ae43b3bb21be6cda78e3c7\" alt=\"Zdj\u0119cie produktu\" style=\"max-width:100%; height:auto; margin:10px 0;\"><\/p>\n<h1>Dane techniczne:<\/h1>\n<ul>\n<li><b>materia\u0142:&nbsp;<\/b>szk\u0142o o grubo\u015bci 2 mm<\/li>\n<li><b>odcie\u0144:<\/b> bezbarwny<\/li>\n<li><b>stopie\u0144 przepuszczalno\u015bci \u015bwiat\u0142a:<\/b> 100 %<\/li>\n<li><b>obs\u0142ugiwane \u017car\u00f3wki:&nbsp;<\/b>z gwintem E27&nbsp; &#8211; oprawka z pier\u015bcieniem dociskowym<\/li>\n<li><b>\u015brednica otworu pod oprawk\u0119:<\/b> 42 mm<\/li>\n<li><b>wymiary:<\/b> wysoko\u015b\u0107 130 mm &#8211;&nbsp; podstawa: 100 x 100 mm<\/li>\n<li><b>waga:<\/b> 220g<\/li>\n<\/ul>\n<p><img decoding=\"async\" src=\"https:\/\/a.allegroimg.com\/original\/119b96\/4a7e8872431daf94905724a6d99f\" alt=\"Zdj\u0119cie produktu\" style=\"max-width:100%; height:auto; margin:10px 0;\"><br \/>\n<img decoding=\"async\" src=\"https:\/\/a.allegroimg.com\/original\/11f37c\/ea426b6249119aaf1516e4f8f320\" alt=\"Zdj\u0119cie produktu\" style=\"max-width:100%; height:auto; margin:10px 0;\"><\/p>\n<h1>Przyk\u0142ady zastosowania:<\/h1>\n<p>(lampy pokazane na zdj\u0119ciach nie s\u0105 przedmiotem sprzeda\u017cy &#8211; s\u0142u\u017c\u0105 wy\u0142\u0105cznie do wizualizacji zastosowania)<\/p>\n<ul>\n<li>W lampach wisz\u0105cych<\/li>\n<li>W plafonach, \u017cyrandolach<\/li>\n<li>Kinkietach<\/li>\n<li>Lampkach nocnych<\/li>\n<\/ul>\n<p><img decoding=\"async\" src=\"https:\/\/a.allegroimg.com\/original\/11dc4c\/68bb639b4db086f8d46be55edace\" alt=\"Zdj\u0119cie produktu\" style=\"max-width:100%; height:auto; margin:10px 0;\"><br \/>\n<img decoding=\"async\" src=\"https:\/\/a.allegroimg.com\/original\/11bced\/f6d2cd8d447d94873ea6058fb8df\" alt=\"Zdj\u0119cie produktu\" style=\"max-width:100%; height:auto; margin:10px 0;\"><br \/>\n<img decoding=\"async\" src=\"https:\/\/a.allegroimg.com\/original\/119ea1\/bc0b804d4f24aa879aa1d0423106\" alt=\"Zdj\u0119cie produktu\" style=\"max-width:100%; height:auto; margin:10px 0;\"><br \/>\n<img decoding=\"async\" src=\"https:\/\/a.allegroimg.com\/original\/114054\/fa8ce5054cd1b631767a7a33063f\" alt=\"Zdj\u0119cie produktu\" style=\"max-width:100%; height:auto; margin:10px 0;\"><\/p>\n","protected":false},"excerpt":{"rendered":"<p>Przedmiot sprzeda\u017cy: Nowy, szklany klosz stosowany w lampach, kinkietach, \u017cyrandolach z gwintem typu E27. Szeroko stosowany w serii lamp nr 820 firmy LUXOLAR Nr kat: W040S Dane techniczne: materia\u0142:&nbsp;szk\u0142o o grubo\u015bci 2 mm odcie\u0144: bezbarwny stopie\u0144 przepuszczalno\u015bci \u015bwiat\u0142a: 100 % obs\u0142ugiwane \u017car\u00f3wki:&nbsp;z gwintem E27&nbsp; &#8211; oprawka z pier\u015bcieniem dociskowym \u015brednica otworu pod oprawk\u0119: 42 mm [&hellip;]<\/p>\n","protected":false},"featured_media":40872,"comment_status":"closed","ping_status":"open","template":"","meta":{"_acf_changed":false},"product_brand":[475],"product_cat":[3119],"product_tag":[],"class_list":{"0":"post-47700","1":"product","2":"type-product","3":"status-publish","4":"has-post-thumbnail","6":"product_brand-inna","7":"product_cat-lampshades-and-lamp-covers","8":"pa_gwint-e27-en","9":"pa_kod-producenta-w040b-en","10":"pa_kolor-colorless","11":"pa_marka-inna","12":"pa_material-wykonania-glass","13":"pa_mocowanie-for-all-fasteners","14":"pa_rodzaj-cloche","16":"first","17":"instock","18":"purchasable","19":"product-type-simple"},"acf":[],"aioseo_notices":[],"_links":{"self":[{"href":"https:\/\/portallamp.invette.dev\/en\/wp-json\/wp\/v2\/product\/47700","targetHints":{"allow":["GET"]}}],"collection":[{"href":"https:\/\/portallamp.invette.dev\/en\/wp-json\/wp\/v2\/product"}],"about":[{"href":"https:\/\/portallamp.invette.dev\/en\/wp-json\/wp\/v2\/types\/product"}],"replies":[{"embeddable":true,"href":"https:\/\/portallamp.invette.dev\/en\/wp-json\/wp\/v2\/comments?post=47700"}],"wp:featuredmedia":[{"embeddable":true,"href":"https:\/\/portallamp.invette.dev\/en\/wp-json\/wp\/v2\/media\/40872"}],"wp:attachment":[{"href":"https:\/\/portallamp.invette.dev\/en\/wp-json\/wp\/v2\/media?parent=47700"}],"wp:term":[{"taxonomy":"product_brand","embeddable":true,"href":"https:\/\/portallamp.invette.dev\/en\/wp-json\/wp\/v2\/product_brand?post=47700"},{"taxonomy":"product_cat","embeddable":true,"href":"https:\/\/portallamp.invette.dev\/en\/wp-json\/wp\/v2\/product_cat?post=47700"},{"taxonomy":"product_tag","embeddable":true,"href":"https:\/\/portallamp.invette.dev\/en\/wp-json\/wp\/v2\/product_tag?post=47700"}],"curies":[{"name":"wp","href":"https:\/\/api.w.org\/{rel}","templated":true}]}}