{"id":47715,"date":"2025-07-03T18:16:52","date_gmt":"2025-07-03T16:16:52","guid":{"rendered":"https:\/\/portallamp.invette.dev\/produkt\/szklana-lampa-wiszaca-sufitowa-zyrandol-trzy-szklane-kule-led-do-sypialni\/"},"modified":"2025-09-17T08:40:57","modified_gmt":"2025-09-17T06:40:57","slug":"szklana-lampa-wiszaca-sufitowa-zyrandol-trzy-szklane-kule-led-do-sypialni","status":"publish","type":"product","link":"https:\/\/portallamp.invette.dev\/en\/produkt\/szklana-lampa-wiszaca-sufitowa-zyrandol-trzy-szklane-kule-led-do-sypialni\/","title":{"rendered":"Szklana Lampa Wisz\u0105ca Sufitowa \u017byrandol Trzy Szklane Kule LED Do Sypialni"},"content":{"rendered":"<h1>Szklana Lampa Wisz\u0105ca Sufitowa \u017byrandol \u00a0Trzy Szklane Kule<\/h1>\n<p><img decoding=\"async\" style=\"max-width: 100%; height: auto; margin: 10px 0;\" src=\"https:\/\/a.allegroimg.com\/original\/1154b4\/97646ca24a3fb4433d0481793089\" alt=\"Zdj\u0119cie produktu\" \/><\/p>\n<p><b>Lampa w pe\u0142ni z\u0142o\u017cona &#8211; nie jest to zestaw do samodzielnego monta\u017cu<\/b><\/p>\n<p><img decoding=\"async\" style=\"max-width: 100%; height: auto; margin: 10px 0;\" src=\"https:\/\/a.allegroimg.com\/original\/11db76\/b2c94bef44948e27365bba4f795f\" alt=\"Zdj\u0119cie produktu\" \/><\/p>\n<h2>Do wyboru przygotowali\u015bmy 3 kolory kloszy:<\/h2>\n<ul>\n<li>Aluminium<\/li>\n<li>Prze\u017aroczysty<\/li>\n<li>Miodowy<\/li>\n<\/ul>\n<p><img decoding=\"async\" style=\"max-width: 100%; height: auto; margin: 10px 0;\" src=\"https:\/\/a.allegroimg.com\/original\/1132ff\/8dadbce741d2a90f35b944e68dfc\" alt=\"Zdj\u0119cie produktu\" \/><br \/>\n<img decoding=\"async\" style=\"max-width: 100%; height: auto; margin: 10px 0;\" src=\"https:\/\/a.allegroimg.com\/original\/1157e2\/f917c3e84a34a3de59dc427bd37c\" alt=\"Zdj\u0119cie produktu\" \/><br \/>\n<img decoding=\"async\" style=\"max-width: 100%; height: auto; margin: 10px 0;\" src=\"https:\/\/a.allegroimg.com\/original\/1127b8\/77b1dd4f4c6bb0c4708cbab73e69\" alt=\"Zdj\u0119cie produktu\" \/><br \/>\n<img decoding=\"async\" style=\"max-width: 100%; height: auto; margin: 10px 0;\" src=\"https:\/\/a.allegroimg.com\/original\/1186c8\/3e92026d442a854b8f133a3a1e60\" alt=\"Zdj\u0119cie produktu\" \/><br \/>\n<img decoding=\"async\" style=\"max-width: 100%; height: auto; margin: 10px 0;\" src=\"https:\/\/a.allegroimg.com\/original\/112a3f\/c6164c384499a9a217ca9286daf4\" alt=\"Zdj\u0119cie produktu\" \/><br \/>\n<img decoding=\"async\" style=\"max-width: 100%; height: auto; margin: 10px 0;\" src=\"https:\/\/a.allegroimg.com\/original\/111d26\/f43a0712469891ac2fa0c9ea21e5\" alt=\"Zdj\u0119cie produktu\" \/><\/p>\n<p>&nbsp;<\/p>\n<p><b>G\u0141\u00d3WNE CECHY LAMPY:<\/b><\/p>\n<p>&nbsp;<\/p>\n<ul>\n<li>Kolor konstrukcji: Czarny matowy<\/li>\n<\/ul>\n<ul>\n<li>Materia\u0142 konstrukcji: Metal<\/li>\n<\/ul>\n<ul>\n<li>Kolor kloszy do wyboru: Aluminium, Bezbarwny, Miodowy<\/li>\n<\/ul>\n<ul>\n<li>Materia\u0142 kloszy: 100% szk\u0142o<\/li>\n<\/ul>\n<ul>\n<li>Konstrukcja sztywna &#8211; brak regulacji wysoko\u015bci<\/li>\n<\/ul>\n<ul>\n<li>Nowoczesny Styl &#8211; \u00a0\u0142atwo wkomponuje si\u0119 w uk\u0142ad mieszkania<\/li>\n<\/ul>\n<ul>\n<li>Przeznaczona jako o\u015bwietlenie g\u0142\u00f3wne w pomieszczeniach o powierzchni:\u00a0<b>9-16 m2<\/b><\/li>\n<\/ul>\n<ul>\n<li>Lampa obs\u0142uguje wszystkie \u017car\u00f3wki z gwintem typu\u00a0<b>E27 do max 60 wat\u00f3w.<\/b><\/li>\n<\/ul>\n<ul>\n<li>Dodatkowym atutem s\u0105 dwa niezale\u017cne obwody elektryczne, dzi\u0119ki kt\u00f3rym w zale\u017cno\u015bci od potrzeb, mo\u017cemy sterowa\u0107 ilo\u015bci\u0105 w\u0142\u0105czonych \u017car\u00f3wek.<\/li>\n<\/ul>\n<ul>\n<li>Lampa z polskiej dystrybucji, wyprodukowana w Polsce &#8211; gwarantowany szybki dost\u0119p do serwisu i cz\u0119\u015bci zapasowych<\/li>\n<\/ul>\n<ul>\n<li>\u017byrandol pochodzi z szerszej rodziny lamp szklanych\u00a0 &#8211; bez problemu dokupisz do kompletu kinkiet czy lampk\u0119 nocn\u0105<\/li>\n<\/ul>\n<ul>\n<li><b>Wersja w pe\u0142ni z\u0142o\u017cona &#8211; nie jest to zestaw do samodzielnego monta\u017cu<\/b><\/li>\n<\/ul>\n<h2>Dane techniczne:<\/h2>\n<ul>\n<li><b>Zasilanie:<\/b> ~230 [V] \/ bezpo\u015brednie z sieci, dwa niezale\u017cne obwody elektryczne, w\u0142\u0105czanie 2+1 lub wszystkie jednocze\u015bnie<\/li>\n<li><b>\u0179r\u00f3d\u0142o \u015bwiat\u0142a:<\/b>\u00a0E-27 &#8211; zalecane LED lub \u015bwietl\u00f3wki kompaktowe<\/li>\n<li><b>Spos\u00f3b monta\u017cu:<\/b>\u00a0Dwa ko\u0142ki rozporowe<\/li>\n<li><b>IP 20, Klasa I<\/b><\/li>\n<li><b>Zestaw nie zawiera \u017car\u00f3wek oraz ko\u0142k\u00f3w rozporowych do monta\u017cu<\/b><\/li>\n<li><b>Producent:\u00a0<\/b>LUXOLAR Polska<\/li>\n<\/ul>\n<h2>Wymiary:<\/h2>\n<p><img decoding=\"async\" style=\"max-width: 100%; height: auto; margin: 10px 0;\" src=\"https:\/\/a.allegroimg.com\/original\/11c78f\/35db78bb4267a6410dbc8934e310\" alt=\"Zdj\u0119cie produktu\" \/><\/p>\n<h2>Dane techniczne klosza:<\/h2>\n<ul>\n<li><b>materia\u0142:\u00a0<\/b>szk\u0142o o grubo\u015bci 1,5 mm<\/li>\n<li><b>odcie\u0144:<\/b>\u00a0Aluminium, Bezbarwny, Miodowy &#8211; do wyboru<\/li>\n<li><b>stopie\u0144 przepuszczalno\u015bci \u015bwiat\u0142a:<\/b>\u00a0Aluminium: 65 %, Miodowy: 70%, Bezbarwny: 100%<\/li>\n<li><b>obs\u0142ugiwane \u017car\u00f3wki:\u00a0<\/b>z gwintem E27\u00a0 &#8211; oprawka z pier\u015bcieniem dociskowym<\/li>\n<li><b>\u015brednica otworu pod oprawk\u0119:<\/b>\u00a042 mm<\/li>\n<li><b>wymiary:<\/b>\u00a0wysoko\u015b\u0107 130 mm &#8211;\u00a0 \u015brednica: 150 mm<\/li>\n<li><b>waga:<\/b>\u00a0120g<\/li>\n<\/ul>\n<p><img decoding=\"async\" style=\"max-width: 100%; height: auto; margin: 10px 0;\" src=\"https:\/\/a.allegroimg.com\/original\/11b658\/c1aefa1d4e00bcd815b85d3b2efd\" alt=\"Zdj\u0119cie produktu\" \/><br \/>\n<img decoding=\"async\" style=\"max-width: 100%; height: auto; margin: 10px 0;\" src=\"https:\/\/a.allegroimg.com\/original\/111862\/6eb387214f7f83100c6454821783\" alt=\"Zdj\u0119cie produktu\" \/><\/p>\n<h2>Zestaw zawiera:<\/h2>\n<ul>\n<li><b>Kompletn\u0105, z\u0142o\u017con\u0105 lamp\u0119 z wybranymi kloszami (nie jest to chi\u0144skiej produkcji zestaw do samodzielnego monta\u017cu)<\/b><\/li>\n<li><b>Kostk\u0119 przy\u0142\u0105czeniow\u0105<\/b><\/li>\n<li><b>Instrukcj\u0119 obs\u0142ugi<\/b><\/li>\n<li><b>Kart\u0119 energetyczn\u0105<\/b><\/li>\n<li><b>Dokument zakupu<\/b><\/li>\n<\/ul>\n<p><b>Zestaw nie zawiera \u017ar\u00f3d\u0142a \u015bwiat\u0142a oraz ko\u0142k\u00f3w rozporowych.<\/b><\/p>\n<h2>Wybierz kolor kloszy:<\/h2>\n<ul>\n<li><b>Aluminium<\/b><\/li>\n<\/ul>\n<ul>\n<li><b>Prze\u017aroczysty<\/b><\/li>\n<\/ul>\n<ul>\n<li><b>Miodowy<\/b><\/li>\n<\/ul>\n<p><img decoding=\"async\" style=\"max-width: 100%; height: auto; margin: 10px 0;\" src=\"https:\/\/a.allegroimg.com\/original\/1132ff\/8dadbce741d2a90f35b944e68dfc\" alt=\"Zdj\u0119cie produktu\" \/><\/p>\n<h2>Mo\u017cliwo\u015b\u0107 tworzenia MIKS\u00d3W &#8211; stw\u00f3rz swoj\u0105 w\u0142asn\u0105 konfiguracj\u0119 kolor\u00f3w !<\/h2>\n<p>Wybierz r\u00f3\u017cnego koloru klosze, a dzi\u0119ki odpowiedniemu sposobowi mocowania bez problemu zamienisz ich kolejno\u015b\u0107.<\/p>\n<h2>Kolor kloszy podaj w formularzu zam\u00f3wienia lub w oddzielnym e-mailu po zakupie.<\/h2>\n<p><img decoding=\"async\" style=\"max-width: 100%; height: auto; margin: 10px 0;\" src=\"https:\/\/a.allegroimg.com\/original\/111d26\/f43a0712469891ac2fa0c9ea21e5\" alt=\"Zdj\u0119cie produktu\" \/><br \/>\n<img decoding=\"async\" style=\"max-width: 100%; height: auto; margin: 10px 0;\" src=\"https:\/\/a.allegroimg.com\/original\/112a3f\/c6164c384499a9a217ca9286daf4\" alt=\"Zdj\u0119cie produktu\" \/><\/p>\n<h2>ZALECANE \u0179R\u00d3D\u0141A \u015aWIAT\u0141A:<\/h2>\n<ul>\n<li>\u017bar\u00f3wki LED z diodami SMD lub filament<\/li>\n<li>Strumie\u0144 \u015bwietlny: 900 -1300 lm<\/li>\n<li><b>Gwint E27<\/b><\/li>\n<li>Moc pobierana z sieci: 6 -12 W<\/li>\n<li>Barwa: ciep\u0142a lub bia\u0142a<\/li>\n<\/ul>\n<p><b>Tradycyjny kszta\u0142t w po\u0142\u0105czeniu z nowoczesnymi diodami SMD lub Filament<\/b><\/p>\n<p><img decoding=\"async\" style=\"max-width: 100%; height: auto; margin: 10px 0;\" src=\"https:\/\/a.allegroimg.com\/original\/03303d\/c3b1d99f4211bfec2eb9d008c1a1\" alt=\"Zdj\u0119cie produktu\" \/><\/p>\n<h2>Aran\u017cacje:<\/h2>\n<p><img decoding=\"async\" style=\"max-width: 100%; height: auto; margin: 10px 0;\" src=\"https:\/\/a.allegroimg.com\/original\/1154b4\/97646ca24a3fb4433d0481793089\" alt=\"Zdj\u0119cie produktu\" \/><br \/>\n<img decoding=\"async\" style=\"max-width: 100%; height: auto; margin: 10px 0;\" src=\"https:\/\/a.allegroimg.com\/original\/114781\/b6d31d2a43749612111e04e240d2\" alt=\"Zdj\u0119cie produktu\" \/><br \/>\n<img decoding=\"async\" style=\"max-width: 100%; height: auto; margin: 10px 0;\" src=\"https:\/\/a.allegroimg.com\/original\/116603\/da7d8ac94cb7a3c1984e6b1d524b\" alt=\"Zdj\u0119cie produktu\" \/><br \/>\n<img decoding=\"async\" style=\"max-width: 100%; height: auto; margin: 10px 0;\" src=\"https:\/\/a.allegroimg.com\/original\/114a7c\/3159cecc40b696cfcad375ba664d\" alt=\"Zdj\u0119cie produktu\" \/><br \/>\n<img decoding=\"async\" style=\"max-width: 100%; height: auto; margin: 10px 0;\" src=\"https:\/\/a.allegroimg.com\/original\/11db76\/b2c94bef44948e27365bba4f795f\" alt=\"Zdj\u0119cie produktu\" \/><br \/>\n<img style=\"max-width: 100%; height: auto; margin: 10px 0;\" alt=\"Zdj\u0119cie produktu\" \/><\/p>\n","protected":false},"excerpt":{"rendered":"<p>Szklana Lampa Wisz\u0105ca Sufitowa \u017byrandol \u00a0Trzy Szklane Kule Lampa w pe\u0142ni z\u0142o\u017cona &#8211; nie jest to zestaw do samodzielnego monta\u017cu Do wyboru przygotowali\u015bmy 3 kolory kloszy: Aluminium Prze\u017aroczysty Miodowy &nbsp; G\u0141\u00d3WNE CECHY LAMPY: &nbsp; Kolor konstrukcji: Czarny matowy Materia\u0142 konstrukcji: Metal Kolor kloszy do wyboru: Aluminium, Bezbarwny, Miodowy Materia\u0142 kloszy: 100% szk\u0142o Konstrukcja sztywna &#8211; [&hellip;]<\/p>\n","protected":false},"featured_media":40938,"comment_status":"closed","ping_status":"closed","template":"","meta":{"_acf_changed":false},"product_brand":[162],"product_cat":[2590,2671],"product_tag":[2060],"class_list":{"0":"post-47715","1":"product","2":"type-product","3":"status-publish","4":"has-post-thumbnail","6":"product_brand-luxolar","7":"product_cat-lamps","8":"product_cat-hanging-lamps","9":"product_tag-bestseller-en","10":"pa_klasa-efektywnosci-a-en","11":"pa_kod-producenta-szklana-lampa-wiszaca-830-er3-en","12":"pa_kolekcja-830-en","13":"pa_kolor-bialy-2","14":"pa_kolor-black","15":"pa_kolor-colorless","16":"pa_kolor-silver","17":"pa_liczba-punktow-swiatla-3-2","18":"pa_marka-luxolar","19":"pa_material-dominujacy-glass","20":"pa_max-moc-pojed-zrodla-swiatla-60-2","21":"pa_pomieszczenie-bedroom","22":"pa_pomieszczenie-childrens-room","23":"pa_pomieszczenie-dining-room","24":"pa_pomieszczenie-hallway-stairs","25":"pa_pomieszczenie-kuchnia-2","26":"pa_pomieszczenie-living-room","27":"pa_pomieszczenie-office","28":"pa_pomieszczenie-universal","29":"pa_rodzaj-gwintu-e27-2","30":"pa_rodzaj-lampy-ceiling-mounted-hanging","31":"pa_zasilanie-network","32":"pa_zawiera-baterie-no","33":"pa_zrodlo-swiatla-without-a-light-source","35":"first","36":"instock","37":"purchasable","38":"product-type-simple"},"acf":[],"aioseo_notices":[],"_links":{"self":[{"href":"https:\/\/portallamp.invette.dev\/en\/wp-json\/wp\/v2\/product\/47715","targetHints":{"allow":["GET"]}}],"collection":[{"href":"https:\/\/portallamp.invette.dev\/en\/wp-json\/wp\/v2\/product"}],"about":[{"href":"https:\/\/portallamp.invette.dev\/en\/wp-json\/wp\/v2\/types\/product"}],"replies":[{"embeddable":true,"href":"https:\/\/portallamp.invette.dev\/en\/wp-json\/wp\/v2\/comments?post=47715"}],"wp:featuredmedia":[{"embeddable":true,"href":"https:\/\/portallamp.invette.dev\/en\/wp-json\/wp\/v2\/media\/40938"}],"wp:attachment":[{"href":"https:\/\/portallamp.invette.dev\/en\/wp-json\/wp\/v2\/media?parent=47715"}],"wp:term":[{"taxonomy":"product_brand","embeddable":true,"href":"https:\/\/portallamp.invette.dev\/en\/wp-json\/wp\/v2\/product_brand?post=47715"},{"taxonomy":"product_cat","embeddable":true,"href":"https:\/\/portallamp.invette.dev\/en\/wp-json\/wp\/v2\/product_cat?post=47715"},{"taxonomy":"product_tag","embeddable":true,"href":"https:\/\/portallamp.invette.dev\/en\/wp-json\/wp\/v2\/product_tag?post=47715"}],"curies":[{"name":"wp","href":"https:\/\/api.w.org\/{rel}","templated":true}]}}