{"id":47730,"date":"2025-07-03T18:16:52","date_gmt":"2025-07-03T16:16:52","guid":{"rendered":"https:\/\/portallamp.invette.dev\/produkt\/modna-lampa-stojaca-podlogowa-loft-edison-podwojna\/"},"modified":"2025-07-03T18:16:52","modified_gmt":"2025-07-03T16:16:52","slug":"modna-lampa-stojaca-podlogowa-loft-edison-podwojna","status":"publish","type":"product","link":"https:\/\/portallamp.invette.dev\/en\/produkt\/modna-lampa-stojaca-podlogowa-loft-edison-podwojna\/","title":{"rendered":"MODNA LAMPA STOJ\u0104CA POD\u0141OGOWA LOFT EDISON PODW\u00d3JNA"},"content":{"rendered":"<p><img decoding=\"async\" src=\"https:\/\/a.allegroimg.com\/original\/03e34e\/21b41f484890b3be365af3ff6660\" alt=\"Zdj\u0119cie produktu\" style=\"max-width:100%; height:auto; margin:10px 0;\"><\/p>\n<h1>Przedmiotem sprzeda\u017cy jest:<\/h1>\n<h2>Designerska lampa pod\u0142ogowa &#8211; stoj\u0105ca zaprojektowana w nowoczesnym stylu.<\/h2>\n<h2>Wersja na dwie \u017car\u00f3wki.<\/h2>\n<p>Nr kat: 382-LP2&nbsp; LUXOLAR<\/p>\n<p><img decoding=\"async\" src=\"https:\/\/a.allegroimg.com\/original\/0335df\/f96386414aafacab5a5e1d37f1e1\" alt=\"Zdj\u0119cie produktu\" style=\"max-width:100%; height:auto; margin:10px 0;\"><\/p>\n<p><b>Lampa w pe\u0142ni z\u0142o\u017cona &#8211; nie jest to zestaw do samodzielnego monta\u017cu<\/b><\/p>\n<\/p>\n<p><img decoding=\"async\" src=\"https:\/\/a.allegroimg.com\/original\/038b23\/c70cbce447c6b674bc08a552a193\" alt=\"Zdj\u0119cie produktu\" style=\"max-width:100%; height:auto; margin:10px 0;\"><\/p>\n<p><b>Nowoczesna lampa pod\u0142ogowa b\u0119d\u0105ca elementem wi\u0119kszej serii lamp o numerze 382.<\/b><\/p>\n<p><b>Bez trudu dokupisz do kompletu \u017cyrandol, kinkiet czy plafon.<\/b><\/p>\n<p><img decoding=\"async\" src=\"https:\/\/a.allegroimg.com\/original\/0335df\/f96386414aafacab5a5e1d37f1e1\" alt=\"Zdj\u0119cie produktu\" style=\"max-width:100%; height:auto; margin:10px 0;\"><\/p>\n<p><b><\/b><\/p>\n<p><b>G\u0141\u00d3WNE CECHY LAMPY:<\/b><\/p>\n<p><b><\/b><\/p>\n<ul>\n<li>Kolor: Czarny matowy<\/li>\n<\/ul>\n<ul>\n<li>Spe\u0142nia rol\u0119 o\u015bwietlenia dekoracyjnego, dodatkowego.<\/li>\n<\/ul>\n<ul>\n<li>Nowoczesny Styl &#8211; &nbsp;\u0142atwo wkomponuje si\u0119 w uk\u0142ad mieszkania<\/li>\n<\/ul>\n<ul>\n<li>Stabilna i wywa\u017cona konstrukcja &#8211; trudno j\u0105 przewr\u00f3ci\u0107.<\/li>\n<\/ul>\n<ul>\n<li>W\u0142\u0105cznik wbudowany w przew\u00f3d zasilaj\u0105cy (w\u0142\u0105czane obie \u017car\u00f3wki jednocze\u015bnie)<\/li>\n<\/ul>\n<ul>\n<li>Lampa obs\u0142uguje wszystkie \u017car\u00f3wki z gwintem typu E27 do max 60 wat\u00f3w.<\/li>\n<\/ul>\n<ul>\n<li>Wyposa\u017cona w filcowe stopki<\/li>\n<\/ul>\n<ul>\n<li>Lampa z polskiej dystrybucji, wyprodukowana w Polsce &#8211; gwarantowany szybki dost\u0119p do serwisu i cz\u0119\u015bci zapasowych<\/li>\n<\/ul>\n<ul>\n<li>Lampa pochodzi z szerokiej gamy lamp serii 382 &#8211; bez problemu dokupisz do kompletu \u017cyrandol, kinkiet czy lamp\u0119 wisz\u0105c\u0105.<\/li>\n<\/ul>\n<h1>Dane techniczne:<\/h1>\n<\/p>\n<ul>\n<li><b>Materia\u0142 konstrukcji:<\/b> metal malowany proszkowo<\/li>\n<li><b>Wymiary:<\/b> Wysoko\u015b\u0107 ca\u0142kowita 152 cm<\/li>\n<li><b>Zasilanie:<\/b> ~230 [V] \/ W\u0142\u0105cznik jednoobwodowy wbudowany w przew\u00f3d zasilaj\u0105cy o d\u0142ugo\u015bci 120 cm &#8211; zako\u0144czony wtyczk\u0105,<\/li>\n<li><b>\u0179r\u00f3d\u0142o \u015bwiat\u0142a:<\/b> E-27 &#8211; zalecane LED lub \u015bwietl\u00f3wki kompaktowe<\/li>\n<li><b>IP 20<\/b><\/li>\n<li><b>Klasa II &#8211;&nbsp;<\/b>podw\u00f3jna izolacja zabezpiecza przed pora\u017ceniem elektrycznym<\/li>\n<li><b>zestaw nie zawiera \u017car\u00f3wki<\/b><\/li>\n<li><b>producent: <\/b>LUXOLAR Polska<\/li>\n<\/ul>\n<h1>WYMIARY:<\/h1>\n<p><img decoding=\"async\" src=\"https:\/\/a.allegroimg.com\/original\/0307c4\/12832adf439c9c48e7e267379a3c\" alt=\"Zdj\u0119cie produktu\" style=\"max-width:100%; height:auto; margin:10px 0;\"><br \/>\n<img decoding=\"async\" src=\"https:\/\/a.allegroimg.com\/original\/03a2a9\/f7269fcc4f4f9d90995f990b9350\" alt=\"Zdj\u0119cie produktu\" style=\"max-width:100%; height:auto; margin:10px 0;\"><\/p>\n<h1>ZALECANE \u0179R\u00d3D\u0141A \u015aWIAT\u0141A:<\/h1>\n<\/p>\n<ul>\n<li>\u017bar\u00f3wki LED z diodami SMD lub filament<\/li>\n<li>Strumie\u0144 \u015bwietlny: 900 -1300 lm<\/li>\n<li><b>Gwint E27<\/b><\/li>\n<li>Moc pobierana z sieci: 6 -12 W<\/li>\n<li>Barwa: ciep\u0142a lub bia\u0142a<\/li>\n<\/ul>\n<h2>Tradycyjny kszta\u0142t w po\u0142\u0105czeniu z nowoczesnymi diodami SMD lub Filament<\/h2>\n<p><img decoding=\"async\" src=\"https:\/\/a.allegroimg.com\/original\/03bcee\/d9967c22482c8db35910f7e9d13a\" alt=\"Zdj\u0119cie produktu\" style=\"max-width:100%; height:auto; margin:10px 0;\"><br \/>\n<img decoding=\"async\" src=\"https:\/\/a.allegroimg.com\/original\/03173d\/bb1643214f66b4f2ff548fe1b3c4\" alt=\"Zdj\u0119cie produktu\" style=\"max-width:100%; height:auto; margin:10px 0;\"><br \/>\n<img decoding=\"async\" src=\"https:\/\/a.allegroimg.com\/original\/0335df\/f96386414aafacab5a5e1d37f1e1\" alt=\"Zdj\u0119cie produktu\" style=\"max-width:100%; height:auto; margin:10px 0;\"><br \/>\n<img decoding=\"async\" src=\"https:\/\/a.allegroimg.com\/original\/03e34e\/21b41f484890b3be365af3ff6660\" alt=\"Zdj\u0119cie produktu\" style=\"max-width:100%; height:auto; margin:10px 0;\"><\/p>\n","protected":false},"excerpt":{"rendered":"<p>Przedmiotem sprzeda\u017cy jest: Designerska lampa pod\u0142ogowa &#8211; stoj\u0105ca zaprojektowana w nowoczesnym stylu. Wersja na dwie \u017car\u00f3wki. Nr kat: 382-LP2&nbsp; LUXOLAR Lampa w pe\u0142ni z\u0142o\u017cona &#8211; nie jest to zestaw do samodzielnego monta\u017cu Nowoczesna lampa pod\u0142ogowa b\u0119d\u0105ca elementem wi\u0119kszej serii lamp o numerze 382. Bez trudu dokupisz do kompletu \u017cyrandol, kinkiet czy plafon. G\u0141\u00d3WNE CECHY LAMPY: [&hellip;]<\/p>\n","protected":false},"featured_media":40341,"comment_status":"closed","ping_status":"open","template":"","meta":{"_acf_changed":false},"product_brand":[162],"product_cat":[2590,2858],"product_tag":[],"class_list":{"0":"post-47730","1":"product","2":"type-product","3":"status-publish","4":"has-post-thumbnail","6":"product_brand-luxolar","7":"product_cat-lamps","8":"product_cat-floor-lamps","9":"pa_kod-producenta-lampa-stojaca-382-lp2-en","10":"pa_kolekcja-382-en","11":"pa_kolor-black","12":"pa_liczba-punktow-swiatla-2-2","13":"pa_marka-luxolar","14":"pa_max-moc-pojed-zrodla-swiatla-60-2","15":"pa_rodzaj-gwintu-e27-2","16":"pa_zasilanie-network","17":"pa_zawiera-baterie-no","18":"pa_zrodlo-swiatla-without-a-light-source","20":"first","21":"instock","22":"purchasable","23":"product-type-simple"},"acf":[],"aioseo_notices":[],"_links":{"self":[{"href":"https:\/\/portallamp.invette.dev\/en\/wp-json\/wp\/v2\/product\/47730","targetHints":{"allow":["GET"]}}],"collection":[{"href":"https:\/\/portallamp.invette.dev\/en\/wp-json\/wp\/v2\/product"}],"about":[{"href":"https:\/\/portallamp.invette.dev\/en\/wp-json\/wp\/v2\/types\/product"}],"replies":[{"embeddable":true,"href":"https:\/\/portallamp.invette.dev\/en\/wp-json\/wp\/v2\/comments?post=47730"}],"wp:featuredmedia":[{"embeddable":true,"href":"https:\/\/portallamp.invette.dev\/en\/wp-json\/wp\/v2\/media\/40341"}],"wp:attachment":[{"href":"https:\/\/portallamp.invette.dev\/en\/wp-json\/wp\/v2\/media?parent=47730"}],"wp:term":[{"taxonomy":"product_brand","embeddable":true,"href":"https:\/\/portallamp.invette.dev\/en\/wp-json\/wp\/v2\/product_brand?post=47730"},{"taxonomy":"product_cat","embeddable":true,"href":"https:\/\/portallamp.invette.dev\/en\/wp-json\/wp\/v2\/product_cat?post=47730"},{"taxonomy":"product_tag","embeddable":true,"href":"https:\/\/portallamp.invette.dev\/en\/wp-json\/wp\/v2\/product_tag?post=47730"}],"curies":[{"name":"wp","href":"https:\/\/api.w.org\/{rel}","templated":true}]}}