{"id":47811,"date":"2025-07-03T18:14:56","date_gmt":"2025-07-03T16:14:56","guid":{"rendered":"https:\/\/portallamp.invette.dev\/produkt\/lampa-sufitowa-plafon-zyrandol-loft-edison-led-14\/"},"modified":"2025-07-03T18:14:56","modified_gmt":"2025-07-03T16:14:56","slug":"lampa-sufitowa-plafon-zyrandol-loft-edison-led-14","status":"publish","type":"product","link":"https:\/\/portallamp.invette.dev\/en\/produkt\/lampa-sufitowa-plafon-zyrandol-loft-edison-led-14\/","title":{"rendered":"LAMPA SUFITOWA PLAFON \u017bYRANDOL LOFT EDISON LED"},"content":{"rendered":"<h1>LAMPA SUFITOWA PLAFON \u017bYRANDOL LOFT EDISON LED Czarna<\/h1>\n<p>Oprawa natynkowa, metalowa maj\u0105ca zastosowanie jako o\u015bwietlenie wewn\u0119trzne, z wy\u0142\u0105czeniem miejsc o podwy\u017cszonej wilgotno\u015bci.<\/p>\n<p><img decoding=\"async\" style=\"max-width: 100%; height: auto; margin: 10px 0;\" src=\"https:\/\/a.allegroimg.com\/original\/0366ae\/28bec1ee4fb196751cecd9a5ef7a\" alt=\"Zdj\u0119cie produktu\" \/><\/p>\n<p><b>Wersja z regulacj\u0105 wysoko\u015bci klosza &#8211; spe\u0142nia rol\u0119 lampy wisz\u0105cej jak r\u00f3wnie\u017c plafonu<\/b><\/p>\n<p><img decoding=\"async\" style=\"max-width: 100%; height: auto; margin: 10px 0;\" src=\"https:\/\/a.allegroimg.com\/original\/0343de\/1e15b86b41f89d9a6f0d040d4da4\" alt=\"Zdj\u0119cie produktu\" \/><br \/>\n<img decoding=\"async\" style=\"max-width: 100%; height: auto; margin: 10px 0;\" src=\"https:\/\/a.allegroimg.com\/original\/03f8d3\/99e8d4e745c9add44fc46094c919\" alt=\"Zdj\u0119cie produktu\" \/><\/p>\n<h2>Idealna do:<\/h2>\n<p>\u2705 Korytarza, przedpokoju,\u00a0 a tak\u017ce stosowana\u00a0 w wi\u0119kszej ilo\u015bci o\u015bwietli :<\/p>\n<p>\u2705 Wysp\u0119 lub st\u00f3\u0142 barowy w Kuchni<\/p>\n<p>\u2705 Sypialnie<\/p>\n<p>\u2705 Garderoby<\/p>\n<p>\u2705 \u0141azienki z wy\u0142\u0105czeniem stref: 0,1,2<\/p>\n<p>\u2705 Sprawdzi si\u0119 r\u00f3wnie\u017c jako o\u015bwietlenie dekoracyjne<\/p>\n<h2>G\u0142\u00f3wne cechy produktu:<\/h2>\n<p><b>\u2705\u00a0<\/b>Nowoczesny, minimalistyczny\u00a0 design<\/p>\n<p><b>\u2705\u00a0<\/b>Nieskomplikowany monta\u017c<\/p>\n<p><b>\u2705\u00a0<\/b>Wygodna w u\u017cyciu i praktyczna w zastosowaniu &#8211; szybki demonta\u017c klosza u\u0142atwia utrzymanie lampy w czysto\u015bci<\/p>\n<p><b>\u2705\u00a0<\/b>Wykorzystuje najbardziej popularne \u017ar\u00f3d\u0142a \u015bwiat\u0142a &#8211; nie wpadniesz w pu\u0142apk\u0119 drogich \u017car\u00f3wek,<\/p>\n<p><b>\u2705\u00a0<\/b>Wysoka jako\u015b\u0107 oraz trwa\u0142o\u015b\u0107 &#8211; zredukowano plastik do absolutnego minimum<\/p>\n<h2>Dane techniczne:<\/h2>\n<ul>\n<li>Napi\u0119cie zasilania: ~230 V,\u00a0 50 HZ<\/li>\n<\/ul>\n<ul>\n<li>IP20 &#8211; nie do u\u017cytku w miejscach o podwy\u017cszonej wilgotno\u015bci (Strefy: 0,1 oraz 2),<\/li>\n<\/ul>\n<ul>\n<li>Wyprodukowana w pierwszej klasie ochronno\u015bci przed pora\u017ceniem elektrycznym,<\/li>\n<\/ul>\n<ul>\n<li>Wykonana g\u0142\u00f3wnie z metalu,<\/li>\n<\/ul>\n<ul>\n<li>Regulacja wysoko\u015bci do max 75 cm<\/li>\n<\/ul>\n<ul>\n<li>Monta\u017c natynkowy &#8211; dwa ko\u0142ki rozporowe (brak w zestawie, nale\u017cy dobra\u0107 w\u0142a\u015bciwe do rodzaju pod\u0142o\u017ca)<\/li>\n<\/ul>\n<ul>\n<li>\u0179r\u00f3d\u0142o \u015bwiat\u0142a: E27 LED do max 60W<\/li>\n<\/ul>\n<ul>\n<li>Waga lampy bez \u017car\u00f3wki: 0,3 kg<\/li>\n<\/ul>\n<ul>\n<li>CE ROHS WEEE<\/li>\n<\/ul>\n<ul>\n<li>Producent i Podmiot odpowiedzialny na terenie UE: LUXOLAR<\/li>\n<\/ul>\n<h2>WYMIARY:<\/h2>\n<p><img decoding=\"async\" style=\"max-width: 100%; height: auto; margin: 10px 0;\" src=\"https:\/\/a.allegroimg.com\/original\/033fb4\/72950edf4138a6fe7550e947845e\" alt=\"Zdj\u0119cie produktu\" \/><\/p>\n<h2>Oznakowanie produktu:<\/h2>\n<p><img decoding=\"async\" style=\"max-width: 100%; height: auto; margin: 10px 0;\" src=\"https:\/\/a.allegroimg.com\/original\/110494\/318d877a457399c2639ada83f8df\" alt=\"Zdj\u0119cie produktu\" \/><\/p>\n<h2>Skr\u00f3cona instrukcja monta\u017cu:<\/h2>\n<p><img decoding=\"async\" style=\"max-width: 100%; height: auto; margin: 10px 0;\" src=\"https:\/\/a.allegroimg.com\/original\/114f3a\/4da81df94a6184f5f6b8c07643e5\" alt=\"Zdj\u0119cie produktu\" \/><\/p>\n<h2>ZALECANE \u0179R\u00d3D\u0141A \u015aWIAT\u0141A:<\/h2>\n<ul>\n<li>\u017bar\u00f3wki LED z diodami SMD lub filament<\/li>\n<li>Strumie\u0144 \u015bwietlny: 900 -1300 lm<\/li>\n<li><b>Gwint E27<\/b><\/li>\n<li>Moc pobierana z sieci: 6 -12 W<\/li>\n<li>Barwa: ciep\u0142a, neutralna, zimna<\/li>\n<\/ul>\n<p><b>Tradycyjny kszta\u0142t w po\u0142\u0105czeniu z nowoczesnymi diodami SMD lub Filament<\/b><\/p>\n<p><img decoding=\"async\" style=\"max-width: 100%; height: auto; margin: 10px 0;\" src=\"https:\/\/a.allegroimg.com\/original\/03bcee\/d9967c22482c8db35910f7e9d13a\" alt=\"Zdj\u0119cie produktu\" \/><\/p>\n<h2>ARAN\u017bACJE:<\/h2>\n<p><img decoding=\"async\" style=\"max-width: 100%; height: auto; margin: 10px 0;\" src=\"https:\/\/a.allegroimg.com\/original\/0366ae\/28bec1ee4fb196751cecd9a5ef7a\" alt=\"Zdj\u0119cie produktu\" \/><br \/>\n<img decoding=\"async\" style=\"max-width: 100%; height: auto; margin: 10px 0;\" src=\"https:\/\/a.allegroimg.com\/original\/031407\/351d838f4542a16a70c9053fe4cc\" alt=\"Zdj\u0119cie produktu\" \/><br \/>\n<img decoding=\"async\" style=\"max-width: 100%; height: auto; margin: 10px 0;\" src=\"https:\/\/a.allegroimg.com\/original\/03e34e\/21b41f484890b3be365af3ff6660\" alt=\"Zdj\u0119cie produktu\" \/><\/p>\n","protected":false},"excerpt":{"rendered":"<p>LAMPA SUFITOWA PLAFON \u017bYRANDOL LOFT EDISON LED Czarna Oprawa natynkowa, metalowa maj\u0105ca zastosowanie jako o\u015bwietlenie wewn\u0119trzne, z wy\u0142\u0105czeniem miejsc o podwy\u017cszonej wilgotno\u015bci. Wersja z regulacj\u0105 wysoko\u015bci klosza &#8211; spe\u0142nia rol\u0119 lampy wisz\u0105cej jak r\u00f3wnie\u017c plafonu Idealna do: \u2705 Korytarza, przedpokoju,\u00a0 a tak\u017ce stosowana\u00a0 w wi\u0119kszej ilo\u015bci o\u015bwietli : \u2705 Wysp\u0119 lub st\u00f3\u0142 barowy w Kuchni [&hellip;]<\/p>\n","protected":false},"featured_media":39660,"comment_status":"closed","ping_status":"closed","template":"","meta":{"_acf_changed":false},"product_brand":[162],"product_cat":[2590,2671],"product_tag":[2060],"class_list":{"0":"post-47811","1":"product","2":"type-product","3":"status-publish","4":"has-post-thumbnail","6":"product_brand-luxolar","7":"product_cat-lamps","8":"product_cat-hanging-lamps","9":"product_tag-bestseller-en","10":"pa_klasa-efektywnosci-a-en","11":"pa_kod-producenta-382-ez1-en","12":"pa_kolekcja-382-en","13":"pa_kolor-black","14":"pa_liczba-punktow-swiatla-1-2","15":"pa_marka-luxolar","16":"pa_material-dominujacy-metal-en","17":"pa_max-moc-pojed-zrodla-swiatla-60-2","18":"pa_pomieszczenie-bedroom","19":"pa_pomieszczenie-childrens-room","20":"pa_pomieszczenie-dining-room","21":"pa_pomieszczenie-hallway-stairs","22":"pa_pomieszczenie-kuchnia-2","23":"pa_pomieszczenie-living-room","24":"pa_pomieszczenie-office","25":"pa_rodzaj-gwintu-e27-2","26":"pa_rodzaj-lampy-ceiling-mounted-hanging","27":"pa_zasilanie-network","28":"pa_zawiera-baterie-no","29":"pa_zrodlo-swiatla-without-a-light-source","31":"first","32":"instock","33":"purchasable","34":"product-type-simple"},"acf":[],"aioseo_notices":[],"_links":{"self":[{"href":"https:\/\/portallamp.invette.dev\/en\/wp-json\/wp\/v2\/product\/47811","targetHints":{"allow":["GET"]}}],"collection":[{"href":"https:\/\/portallamp.invette.dev\/en\/wp-json\/wp\/v2\/product"}],"about":[{"href":"https:\/\/portallamp.invette.dev\/en\/wp-json\/wp\/v2\/types\/product"}],"replies":[{"embeddable":true,"href":"https:\/\/portallamp.invette.dev\/en\/wp-json\/wp\/v2\/comments?post=47811"}],"wp:featuredmedia":[{"embeddable":true,"href":"https:\/\/portallamp.invette.dev\/en\/wp-json\/wp\/v2\/media\/39660"}],"wp:attachment":[{"href":"https:\/\/portallamp.invette.dev\/en\/wp-json\/wp\/v2\/media?parent=47811"}],"wp:term":[{"taxonomy":"product_brand","embeddable":true,"href":"https:\/\/portallamp.invette.dev\/en\/wp-json\/wp\/v2\/product_brand?post=47811"},{"taxonomy":"product_cat","embeddable":true,"href":"https:\/\/portallamp.invette.dev\/en\/wp-json\/wp\/v2\/product_cat?post=47811"},{"taxonomy":"product_tag","embeddable":true,"href":"https:\/\/portallamp.invette.dev\/en\/wp-json\/wp\/v2\/product_tag?post=47811"}],"curies":[{"name":"wp","href":"https:\/\/api.w.org\/{rel}","templated":true}]}}