{"id":47814,"date":"2025-07-03T18:14:56","date_gmt":"2025-07-03T16:14:56","guid":{"rendered":"https:\/\/portallamp.invette.dev\/produkt\/kinkiet-scienny-nowoczesny-petla-z-wlacznikiem-led\/"},"modified":"2025-07-03T18:14:56","modified_gmt":"2025-07-03T16:14:56","slug":"kinkiet-scienny-nowoczesny-petla-z-wlacznikiem-led","status":"publish","type":"product","link":"https:\/\/portallamp.invette.dev\/en\/produkt\/kinkiet-scienny-nowoczesny-petla-z-wlacznikiem-led\/","title":{"rendered":"KINKIET \u015aCIENNY NOWOCZESNY P\u0118TLA z w\u0142\u0105cznikiem LED"},"content":{"rendered":"<p><img decoding=\"async\" src=\"https:\/\/a.allegroimg.com\/original\/033f26\/dac2e76b40f29ec95eee58e18139\" alt=\"Zdj\u0119cie produktu\" style=\"max-width:100%; height:auto; margin:10px 0;\"><\/p>\n<h1>Przedmiotem sprzeda\u017cy jest:<\/h1>\n<h2>Wysokiej jako\u015bci lampa \u015bcienna kinkiet &nbsp;w stylu minimalistycznym, skandynawskim.<\/h2>\n<p>nr kat: 811-KW1 LUXOLAR &#8211; wersja z wbudowanym w\u0142\u0105cznikiem \u0142a\u0144cuszkowym<\/p>\n<\/p>\n<p><b>Kinkiet w pe\u0142ni z\u0142o\u017cony &#8211; nie jest to zestaw do samodzielnego monta\u017cu<\/b><\/p>\n<\/p>\n<p><img decoding=\"async\" src=\"https:\/\/a.allegroimg.com\/original\/031e12\/400d2ca0498f91020b7d73de21ff\" alt=\"Zdj\u0119cie produktu\" style=\"max-width:100%; height:auto; margin:10px 0;\"><\/p>\n<p><b>Dost\u0119pna w trzech kolorach:<\/b><\/p>\n<p><b>&#8211; Czarnym<\/b><\/p>\n<p><b>&#8211; Szarym<\/b><\/p>\n<p><b>&#8211; Bia\u0142ym<\/b><\/p>\n<\/p>\n<p><img decoding=\"async\" src=\"https:\/\/a.allegroimg.com\/original\/03dfa1\/e6fdc6b849528b25499d85368a9a\" alt=\"Zdj\u0119cie produktu\" style=\"max-width:100%; height:auto; margin:10px 0;\"><br \/>\n<img decoding=\"async\" src=\"https:\/\/a.allegroimg.com\/original\/030f08\/28a9bf724702aecb22107e59be38\" alt=\"Zdj\u0119cie produktu\" style=\"max-width:100%; height:auto; margin:10px 0;\"><\/p>\n<p><b><\/b><\/p>\n<p><b>G\u0141\u00d3WNE CECHY KINKIETU:<\/b><\/p>\n<p><b><\/b><\/p>\n<ul>\n<li>Kolor: Czarny matowy, Szary, Bia\u0142y<\/li>\n<\/ul>\n<ul>\n<li>Przeznaczony jako o\u015bwietlenie uzupe\u0142niaj\u0105ce, dekoracyjne do pomieszcze\u0144 wewn\u0105trz domu z wy\u0142\u0105czeniem \u0142azienki lub miejsc o zwi\u0119kszonej wilgotno\u015bci.<\/li>\n<\/ul>\n<ul>\n<li>Wersja z w\u0142\u0105cznikiem \u0142a\u0144cuszkowym<\/li>\n<\/ul>\n<ul>\n<li>Nowoczesny Styl &#8211; &nbsp;\u0142atwo wkomponuje si\u0119 w uk\u0142ad mieszkania<\/li>\n<\/ul>\n<ul>\n<li>Solidna metalowa konstrukcja malowana proszkowo<\/li>\n<\/ul>\n<ul>\n<li>Lampa obs\u0142uguje wszystkie \u017car\u00f3wki z gwintem typu E27 do max 60 wat\u00f3w.<\/li>\n<\/ul>\n<ul>\n<li>Lampa z polskiej dystrybucji, wyprodukowana w Polsce &#8211; gwarantowany szybki dost\u0119p do serwisu i cz\u0119\u015bci zapasowych<\/li>\n<\/ul>\n<ul>\n<li>Wersja w pe\u0142ni z\u0142o\u017cona &#8211; nie jest to zestaw do samodzielnego monta\u017cu<\/li>\n<\/ul>\n<ul>\n<li>Kinkiet jest cz\u0119\u015bci\u0105 wi\u0119kszej serii lamp &#8211; bez problemu dokupisz \u017cyrandol czy lampk\u0119 nocn\u0105<\/li>\n<\/ul>\n<h1>Dane techniczne:<\/h1>\n<\/p>\n<ul>\n<li><b>Materia\u0142 konstrukcji:<\/b> metal malowany proszkowo<\/li>\n<li><b>Wymiary:<\/b> Wysoko\u015b\u0107 ca\u0142kowita 25 cm <b>,<\/b> puszka: 8 cm, g\u0142\u0119boko\u015b\u0107 od \u015bciany: 22 cm<\/li>\n<li><b>Zasilanie:<\/b> ~230 [V] \/ bezpo\u015brednie z sieci &#8211; wersja z w\u0142\u0105cznikiem \u0142a\u0144cuszkowym<\/li>\n<li><b>\u0179r\u00f3d\u0142o \u015bwiat\u0142a:<\/b>&nbsp;E-27 &#8211; zalecane LED lub \u015bwietl\u00f3wki kompaktowe<\/li>\n<li><b>Spos\u00f3b monta\u017cu:<\/b>&nbsp;dwa ko\u0142ki rozporowe<\/li>\n<li><b>IP 20, Klasa I<\/b><\/li>\n<li><b>Zestaw nie zawiera \u017car\u00f3wki oraz ko\u0142k\u00f3w rozporowych do monta\u017cu<\/b><\/li>\n<li><b>Producent:&nbsp;<\/b>LUXOLAR Polska<\/li>\n<\/ul>\n<p><img decoding=\"async\" src=\"https:\/\/a.allegroimg.com\/original\/0363b6\/bc7467284491aecc8f6556ee5970\" alt=\"Zdj\u0119cie produktu\" style=\"max-width:100%; height:auto; margin:10px 0;\"><\/p>\n<h1>Lampa jest fabrycznie z\u0142o\u017cona i przetestowana odpowiednim miernikiem.<\/h1>\n<\/p>\n<p><img decoding=\"async\" src=\"https:\/\/a.allegroimg.com\/original\/03b872\/2d9a60b2454eb1e5bbd7441db951\" alt=\"Zdj\u0119cie produktu\" style=\"max-width:100%; height:auto; margin:10px 0;\"><\/p>\n<h2>ETAPY REALIZACJI ZAM\u00d3WIENIA:<\/h2>\n<ol>\n<li><b>Wybierz kolor&nbsp;konstrukcji:&nbsp;<\/b>Czarny, Szary, Bia\u0142y.<\/li>\n<li><b>Wpisz wybrany kolor&nbsp;<\/b>&#8211; w formularzu zam\u00f3wienia.<\/li>\n<\/ol>\n<p><b>Poprawne przes\u0142anie powy\u017cszych informacji znacznie przyspieszy realizacj\u0119 zam\u00f3wienia.<\/b><\/p>\n<p><img decoding=\"async\" src=\"https:\/\/a.allegroimg.com\/original\/03dfa1\/e6fdc6b849528b25499d85368a9a\" alt=\"Zdj\u0119cie produktu\" style=\"max-width:100%; height:auto; margin:10px 0;\"><br \/>\n<img decoding=\"async\" src=\"https:\/\/a.allegroimg.com\/original\/031e12\/400d2ca0498f91020b7d73de21ff\" alt=\"Zdj\u0119cie produktu\" style=\"max-width:100%; height:auto; margin:10px 0;\"><br \/>\n<img decoding=\"async\" src=\"https:\/\/a.allegroimg.com\/original\/033f26\/dac2e76b40f29ec95eee58e18139\" alt=\"Zdj\u0119cie produktu\" style=\"max-width:100%; height:auto; margin:10px 0;\"><\/p>\n","protected":false},"excerpt":{"rendered":"<p>Przedmiotem sprzeda\u017cy jest: Wysokiej jako\u015bci lampa \u015bcienna kinkiet &nbsp;w stylu minimalistycznym, skandynawskim. nr kat: 811-KW1 LUXOLAR &#8211; wersja z wbudowanym w\u0142\u0105cznikiem \u0142a\u0144cuszkowym Kinkiet w pe\u0142ni z\u0142o\u017cony &#8211; nie jest to zestaw do samodzielnego monta\u017cu Dost\u0119pna w trzech kolorach: &#8211; Czarnym &#8211; Szarym &#8211; Bia\u0142ym G\u0141\u00d3WNE CECHY KINKIETU: Kolor: Czarny matowy, Szary, Bia\u0142y Przeznaczony jako o\u015bwietlenie [&hellip;]<\/p>\n","protected":false},"featured_media":39543,"comment_status":"closed","ping_status":"open","template":"","meta":{"_acf_changed":false},"product_brand":[162],"product_cat":[2590,2826],"product_tag":[],"class_list":{"0":"post-47814","1":"product","2":"type-product","3":"status-publish","4":"has-post-thumbnail","6":"product_brand-luxolar","7":"product_cat-lamps","8":"product_cat-wall-lamps-en","9":"pa_kod-producenta-kinkiet-z-wlacznikiem-811-kw1-en","10":"pa_kolekcja-811-en","11":"pa_kolor-bialy-2","12":"pa_kolor-black","13":"pa_liczba-punktow-swiatla-1-2","14":"pa_marka-luxolar","15":"pa_material-dominujacy-metal-en","16":"pa_max-moc-pojed-zrodla-swiatla-60-2","17":"pa_rodzaj-gwintu-e27-2","18":"pa_zawiera-baterie-no","19":"pa_zrodlo-swiatla-without-a-light-source","21":"first","22":"instock","23":"purchasable","24":"product-type-simple"},"acf":[],"aioseo_notices":[],"_links":{"self":[{"href":"https:\/\/portallamp.invette.dev\/en\/wp-json\/wp\/v2\/product\/47814","targetHints":{"allow":["GET"]}}],"collection":[{"href":"https:\/\/portallamp.invette.dev\/en\/wp-json\/wp\/v2\/product"}],"about":[{"href":"https:\/\/portallamp.invette.dev\/en\/wp-json\/wp\/v2\/types\/product"}],"replies":[{"embeddable":true,"href":"https:\/\/portallamp.invette.dev\/en\/wp-json\/wp\/v2\/comments?post=47814"}],"wp:featuredmedia":[{"embeddable":true,"href":"https:\/\/portallamp.invette.dev\/en\/wp-json\/wp\/v2\/media\/39543"}],"wp:attachment":[{"href":"https:\/\/portallamp.invette.dev\/en\/wp-json\/wp\/v2\/media?parent=47814"}],"wp:term":[{"taxonomy":"product_brand","embeddable":true,"href":"https:\/\/portallamp.invette.dev\/en\/wp-json\/wp\/v2\/product_brand?post=47814"},{"taxonomy":"product_cat","embeddable":true,"href":"https:\/\/portallamp.invette.dev\/en\/wp-json\/wp\/v2\/product_cat?post=47814"},{"taxonomy":"product_tag","embeddable":true,"href":"https:\/\/portallamp.invette.dev\/en\/wp-json\/wp\/v2\/product_tag?post=47814"}],"curies":[{"name":"wp","href":"https:\/\/api.w.org\/{rel}","templated":true}]}}