{"id":47820,"date":"2025-07-03T18:14:56","date_gmt":"2025-07-03T16:14:56","guid":{"rendered":"https:\/\/portallamp.invette.dev\/produkt\/lampa-wiszaca-sufitowa-zyrandol-brylant-led-5\/"},"modified":"2025-07-03T18:14:56","modified_gmt":"2025-07-03T16:14:56","slug":"lampa-wiszaca-sufitowa-zyrandol-brylant-led-5","status":"publish","type":"product","link":"https:\/\/portallamp.invette.dev\/en\/produkt\/lampa-wiszaca-sufitowa-zyrandol-brylant-led-5\/","title":{"rendered":"LAMPA WISZ\u0104CA SUFITOWA \u017bYRANDOL BRYLANT LED"},"content":{"rendered":"<h1>Przedmiotem sprzeda\u017cy jest:<\/h1>\n<h2>Designerska lampa sufitowa wisz\u0105ca zaprojektowana w nowoczesnym stylu.&nbsp; Nr kat: 724-B3 LUXOLAR<\/h2>\n<\/p>\n<p><b>Wersja w pe\u0142ni z\u0142o\u017cona &#8211; nie jest to zestaw do samodzielnego monta\u017cu<\/b><\/p>\n<\/p>\n<p><img decoding=\"async\" src=\"https:\/\/e.allegroimg.com\/original\/037411\/cdb23ce444baae13d015a004912e\" alt=\"Zdj\u0119cie produktu\" style=\"max-width:100%; height:auto; margin:10px 0;\"><\/p>\n<p><b>Nowa lampa wisz\u0105ca z serii Brylant z drucianymi os\u0142onami \u017car\u00f3wek<\/b><\/p>\n<ul>\n<li><b>Kolor Lampy: Czarny matowy<\/b><\/li>\n<\/ul>\n<ul>\n<li>Nowoczesny Styl &#8211; &nbsp;\u0142atwo wkomponuje si\u0119 w uk\u0142ad mieszkania<\/li>\n<\/ul>\n<ul>\n<li>Solidna metalowa konstrukcja malowana proszkowo<\/li>\n<\/ul>\n<ul>\n<li>Przeznaczona jako o\u015bwietlenie g\u0142\u00f3wne w pomieszczeniach o powierzchni 9-16m2<\/li>\n<\/ul>\n<ul>\n<li>Wysoko\u015b\u0107 regulowana w zakresie od 25 do 60cm<\/li>\n<\/ul>\n<ul>\n<li>Lampa obs\u0142uguje wszystkie \u017car\u00f3wki z gwintem typu E27 do max 60 wat\u00f3w.<\/li>\n<\/ul>\n<ul>\n<li>Dodatkowym atutem s\u0105 dwa niezale\u017cne obwody elektryczne, dzi\u0119ki kt\u00f3rym w zale\u017cno\u015bci od potrzeb, mo\u017cemy sterowa\u0107 ilo\u015bci\u0105 w\u0142\u0105czonych \u017car\u00f3wek.<\/li>\n<\/ul>\n<h1>Dane techniczne:<\/h1>\n<ul>\n<li><b>materia\u0142 konstrukcji:<\/b>&nbsp;metal malowany proszkowo<\/li>\n<li><b>wymiary:<\/b>&nbsp;Wysoko\u015b\u0107 ca\u0142kowita max 60 cm&nbsp;<b>,<\/b>&nbsp;rozpi\u0119to\u015b\u0107 belki: 50 cm,<\/li>\n<li><b>zasilanie:<\/b>&nbsp;~230 [V] \/ bezpo\u015brednie z sieci, dwa niezale\u017cne obwody elektryczne, w\u0142\u0105czanie 2+1<\/li>\n<li><b>\u017ar\u00f3d\u0142o \u015bwiat\u0142a:<\/b>&nbsp;E-27, \u015brednica \u017car\u00f3wki G95 lub mniejsza<\/li>\n<li><b>spos\u00f3b monta\u017cu:<\/b> Ko\u0142ki rozporowe<\/li>\n<li><b>IP 20, Klasa I<\/b><\/li>\n<li><b>zestaw nie zawiera \u017car\u00f3wek oraz ko\u0142k\u00f3w rozporowych do monta\u017cu<\/b><\/li>\n<li><b>producent: <\/b>LUXOLAR<\/li>\n<\/ul>\n<h1>WYMIARY:<\/h1>\n<p><img decoding=\"async\" src=\"https:\/\/3.allegroimg.com\/original\/03b581\/6b0ae85f4695848888ac02cf3db3\" alt=\"Zdj\u0119cie produktu\" style=\"max-width:100%; height:auto; margin:10px 0;\"><br \/>\n<img decoding=\"async\" src=\"https:\/\/a.allegroimg.com\/original\/03f95c\/594ee2f647469c7698432ef6ccaa\" alt=\"Zdj\u0119cie produktu\" style=\"max-width:100%; height:auto; margin:10px 0;\"><br \/>\n<img decoding=\"async\" src=\"https:\/\/8.allegroimg.com\/original\/030142\/6380656a410f92f73cbb953b09b8\" alt=\"Zdj\u0119cie produktu\" style=\"max-width:100%; height:auto; margin:10px 0;\"><\/p>\n<h1>Do zdj\u0119\u0107 u\u017cyto \u017bAR\u00d3WEK EDISON z w\u0142\u00f3knem LED<\/h1>\n<h2>W\u0142\u00f3kna LED cechuje wysoka wydajno\u015b\u0107 oraz estetyka po\u0142\u0105czona z niskim zu\u017cyciem energii.<\/h2>\n<h2>\u017bar\u00f3wka to nie tylko \u017ar\u00f3d\u0142o \u015bwiata, ale tak\u017ce wa\u017cny wizualny szczeg\u00f3\u0142 w ka\u017cdej lampie.<\/h2>\n<p><img decoding=\"async\" src=\"https:\/\/a.allegroimg.com\/original\/03ed28\/cb4d193a432695a8c19a0614465a\" alt=\"Zdj\u0119cie produktu\" style=\"max-width:100%; height:auto; margin:10px 0;\"><br \/>\n<img decoding=\"async\" src=\"https:\/\/1.allegroimg.com\/original\/03ed04\/5756afe843e589671f3f1742b421\" alt=\"Zdj\u0119cie produktu\" style=\"max-width:100%; height:auto; margin:10px 0;\"><br \/>\n<img decoding=\"async\" src=\"https:\/\/b.allegroimg.com\/original\/035504\/e6aeba8245478fb1f789c2cb60eb\" alt=\"Zdj\u0119cie produktu\" style=\"max-width:100%; height:auto; margin:10px 0;\"><\/p>\n","protected":false},"excerpt":{"rendered":"<p>Przedmiotem sprzeda\u017cy jest: Designerska lampa sufitowa wisz\u0105ca zaprojektowana w nowoczesnym stylu.&nbsp; Nr kat: 724-B3 LUXOLAR Wersja w pe\u0142ni z\u0142o\u017cona &#8211; nie jest to zestaw do samodzielnego monta\u017cu Nowa lampa wisz\u0105ca z serii Brylant z drucianymi os\u0142onami \u017car\u00f3wek Kolor Lampy: Czarny matowy Nowoczesny Styl &#8211; &nbsp;\u0142atwo wkomponuje si\u0119 w uk\u0142ad mieszkania Solidna metalowa konstrukcja malowana proszkowo [&hellip;]<\/p>\n","protected":false},"featured_media":36975,"comment_status":"closed","ping_status":"open","template":"","meta":{"_acf_changed":false},"product_brand":[162],"product_cat":[2590,2671],"product_tag":[],"class_list":{"0":"post-47820","1":"product","2":"type-product","3":"status-publish","4":"has-post-thumbnail","6":"product_brand-luxolar","7":"product_cat-lamps","8":"product_cat-hanging-lamps","9":"pa_kod-producenta-lampa-wiszaca-724-b3-en","10":"pa_kolekcja-724-en","11":"pa_kolor-black","12":"pa_liczba-punktow-swiatla-3-2","13":"pa_marka-luxolar","14":"pa_material-dominujacy-metal-en","15":"pa_max-moc-pojed-zrodla-swiatla-60-2","16":"pa_pomieszczenie-bedroom","17":"pa_pomieszczenie-dining-room","18":"pa_pomieszczenie-hallway-stairs","19":"pa_pomieszczenie-kuchnia-2","20":"pa_pomieszczenie-living-room","21":"pa_pomieszczenie-office","22":"pa_rodzaj-gwintu-e27-2","23":"pa_rodzaj-lampy-ceiling-mounted-hanging","24":"pa_zasilanie-network","25":"pa_zawiera-baterie-no","26":"pa_zrodlo-swiatla-without-a-light-source","28":"first","29":"instock","30":"purchasable","31":"product-type-simple"},"acf":[],"aioseo_notices":[],"_links":{"self":[{"href":"https:\/\/portallamp.invette.dev\/en\/wp-json\/wp\/v2\/product\/47820","targetHints":{"allow":["GET"]}}],"collection":[{"href":"https:\/\/portallamp.invette.dev\/en\/wp-json\/wp\/v2\/product"}],"about":[{"href":"https:\/\/portallamp.invette.dev\/en\/wp-json\/wp\/v2\/types\/product"}],"replies":[{"embeddable":true,"href":"https:\/\/portallamp.invette.dev\/en\/wp-json\/wp\/v2\/comments?post=47820"}],"wp:featuredmedia":[{"embeddable":true,"href":"https:\/\/portallamp.invette.dev\/en\/wp-json\/wp\/v2\/media\/36975"}],"wp:attachment":[{"href":"https:\/\/portallamp.invette.dev\/en\/wp-json\/wp\/v2\/media?parent=47820"}],"wp:term":[{"taxonomy":"product_brand","embeddable":true,"href":"https:\/\/portallamp.invette.dev\/en\/wp-json\/wp\/v2\/product_brand?post=47820"},{"taxonomy":"product_cat","embeddable":true,"href":"https:\/\/portallamp.invette.dev\/en\/wp-json\/wp\/v2\/product_cat?post=47820"},{"taxonomy":"product_tag","embeddable":true,"href":"https:\/\/portallamp.invette.dev\/en\/wp-json\/wp\/v2\/product_tag?post=47820"}],"curies":[{"name":"wp","href":"https:\/\/api.w.org\/{rel}","templated":true}]}}