{"id":47823,"date":"2025-07-03T18:14:56","date_gmt":"2025-07-03T16:14:56","guid":{"rendered":"https:\/\/portallamp.invette.dev\/produkt\/lampa-wiszaca-sufitowa-zyrandol-plafon-led\/"},"modified":"2025-07-03T18:14:56","modified_gmt":"2025-07-03T16:14:56","slug":"lampa-wiszaca-sufitowa-zyrandol-plafon-led","status":"publish","type":"product","link":"https:\/\/portallamp.invette.dev\/en\/produkt\/lampa-wiszaca-sufitowa-zyrandol-plafon-led\/","title":{"rendered":"LAMPA WISZ\u0104CA SUFITOWA \u017bYRANDOL PLAFON LED"},"content":{"rendered":"<p><img decoding=\"async\" src=\"https:\/\/a.allegroimg.com\/original\/03e34e\/21b41f484890b3be365af3ff6660\" alt=\"Zdj\u0119cie produktu\" style=\"max-width:100%; height:auto; margin:10px 0;\"><\/p>\n<h1>Przedmiotem sprzeda\u017cy jest:<\/h1>\n<h2>Designerska lampa sufitowa plafon zaprojektowana w nowoczesnym stylu.<\/h2>\n<p>Nr kat: 810-Z1 LUXOLAR<\/p>\n<\/p>\n<p><b>Lampa w pe\u0142ni z\u0142o\u017cona &#8211; nie jest to zestaw do samodzielnego monta\u017cu<\/b><\/p>\n<\/p>\n<p><img decoding=\"async\" src=\"https:\/\/a.allegroimg.com\/original\/039314\/752822064f799dce027f80df8b7c\" alt=\"Zdj\u0119cie produktu\" style=\"max-width:100%; height:auto; margin:10px 0;\"><\/p>\n<p><b>Wersja z regulacj\u0105 wysoko\u015bci klosza &#8211; spe\u0142nia rol\u0119 lampy wisz\u0105cej jak r\u00f3wnie\u017c plafonu<\/b><\/p>\n<\/p>\n<p><img decoding=\"async\" src=\"https:\/\/a.allegroimg.com\/original\/03ab80\/e5e83bcd4ca49b067f92f7bc0c3e\" alt=\"Zdj\u0119cie produktu\" style=\"max-width:100%; height:auto; margin:10px 0;\"><br \/>\n<img decoding=\"async\" src=\"https:\/\/a.allegroimg.com\/original\/0313ef\/f3e52aa54073b706fedfe0719bfa\" alt=\"Zdj\u0119cie produktu\" style=\"max-width:100%; height:auto; margin:10px 0;\"><\/p>\n<p><b><\/b><\/p>\n<p><b>G\u0142\u00f3wne cechy lampy:<\/b><\/p>\n<p><b><\/b><\/p>\n<ul>\n<li><b>Kolor konstrukcji: Czarny matowy<\/b><\/li>\n<\/ul>\n<ul>\n<li><b>Regulacja wysoko\u015bci<\/b><\/li>\n<\/ul>\n<ul>\n<li>Sprawdzi si\u0119 jako lampa wisz\u0105ca nad st\u00f3\u0142 jak i plafon do przedpokoju.<\/li>\n<\/ul>\n<ul>\n<li>Nowoczesny Styl &#8211; &nbsp;\u0142atwo wkomponuje si\u0119 w uk\u0142ad mieszkania<\/li>\n<\/ul>\n<ul>\n<li>Solidna metalowa konstrukcja malowana proszkowo<\/li>\n<\/ul>\n<ul>\n<li>Lampa obs\u0142uguje wszystkie \u017car\u00f3wki z gwintem typu E27 do max 60 wat\u00f3w.<\/li>\n<\/ul>\n<ul>\n<li>Lampa z polskiej dystrybucji, wyprodukowana w Polsce &#8211; gwarantowany szybki dost\u0119p do serwisu i cz\u0119\u015bci zapasowych<\/li>\n<\/ul>\n<ul>\n<li>Wersja w pe\u0142ni z\u0142o\u017cona &#8211; nie jest to zestaw do samodzielnego monta\u017cu<\/li>\n<\/ul>\n<h1>Dane techniczne:<\/h1>\n<\/p>\n<ul>\n<li><b>Materia\u0142 konstrukcji:<\/b> Metal malowany proszkowo w kolorze czarnym , Plastikowa podsufitka<\/li>\n<li><b>Wymiary:<\/b> Wysoko\u015b\u0107 ca\u0142kowita max 70 cm <b>,<\/b> Podsufitka: 10&nbsp; cm, \u015arednica klosza: 30 cm<\/li>\n<li><b>Zasilanie:<\/b> ~230 [V] \/ bezpo\u015brednie z sieci,<\/li>\n<li><b>\u0179r\u00f3d\u0142o \u015bwiat\u0142a:<\/b> E-27 &#8211; zalecane LED lub \u015bwietl\u00f3wki kompaktowe<\/li>\n<li><b>Spos\u00f3b monta\u017cu:<\/b> Wieszana na haku<\/li>\n<li><b>IP 20, Klasa I<\/b><\/li>\n<li><b>Producent: <\/b>LUXOLAR Polska<\/li>\n<li><b>Lampa w pe\u0142ni z\u0142o\u017cona &#8211; nie jest to zestaw do samodzielnego monta\u017cu.<\/b><\/li>\n<\/ul>\n<p><b>Zestaw nie zawiera \u017car\u00f3wki oraz ko\u0142k\u00f3w monta\u017cowych<\/b><\/p>\n<h1>WYMIARY:<\/h1>\n<p><img decoding=\"async\" src=\"https:\/\/a.allegroimg.com\/original\/03add0\/16541fff49b697d65e5290f924cd\" alt=\"Zdj\u0119cie produktu\" style=\"max-width:100%; height:auto; margin:10px 0;\"><br \/>\n<img decoding=\"async\" src=\"https:\/\/a.allegroimg.com\/original\/031dc5\/22e3595a45c6b0770adc6192cf1f\" alt=\"Zdj\u0119cie produktu\" style=\"max-width:100%; height:auto; margin:10px 0;\"><br \/>\n<img decoding=\"async\" src=\"https:\/\/a.allegroimg.com\/original\/036de3\/d6697f8c42d7be571726b89ebf27\" alt=\"Zdj\u0119cie produktu\" style=\"max-width:100%; height:auto; margin:10px 0;\"><\/p>\n<h1>ZALECANE \u0179R\u00d3D\u0141A \u015aWIAT\u0141A:<\/h1>\n<\/p>\n<ul>\n<li>\u017bar\u00f3wki LED z diodami SMD lub filament<\/li>\n<li>Strumie\u0144 \u015bwietlny: 900 -1300 lm<\/li>\n<li><b>Gwint E27<\/b><\/li>\n<li>Moc pobierana z sieci: 6 -12 W<\/li>\n<li>Barwa: ciep\u0142a lub bia\u0142a<\/li>\n<\/ul>\n<h2>Tradycyjny kszta\u0142t w po\u0142\u0105czeniu z nowoczesnymi diodami SMD lub Filament<\/h2>\n<p><img decoding=\"async\" src=\"https:\/\/a.allegroimg.com\/original\/03bcee\/d9967c22482c8db35910f7e9d13a\" alt=\"Zdj\u0119cie produktu\" style=\"max-width:100%; height:auto; margin:10px 0;\"><\/p>\n<h1>ARAN\u017bACJE:<\/h1>\n<\/p>\n<p><img decoding=\"async\" src=\"https:\/\/a.allegroimg.com\/original\/03cffb\/9e376ace49cea950201c238352c8\" alt=\"Zdj\u0119cie produktu\" style=\"max-width:100%; height:auto; margin:10px 0;\"><br \/>\n<img decoding=\"async\" src=\"https:\/\/a.allegroimg.com\/original\/039314\/752822064f799dce027f80df8b7c\" alt=\"Zdj\u0119cie produktu\" style=\"max-width:100%; height:auto; margin:10px 0;\"><br \/>\n<img decoding=\"async\" src=\"https:\/\/a.allegroimg.com\/original\/03e34e\/21b41f484890b3be365af3ff6660\" alt=\"Zdj\u0119cie produktu\" style=\"max-width:100%; height:auto; margin:10px 0;\"><\/p>\n","protected":false},"excerpt":{"rendered":"<p>Przedmiotem sprzeda\u017cy jest: Designerska lampa sufitowa plafon zaprojektowana w nowoczesnym stylu. Nr kat: 810-Z1 LUXOLAR Lampa w pe\u0142ni z\u0142o\u017cona &#8211; nie jest to zestaw do samodzielnego monta\u017cu Wersja z regulacj\u0105 wysoko\u015bci klosza &#8211; spe\u0142nia rol\u0119 lampy wisz\u0105cej jak r\u00f3wnie\u017c plafonu G\u0142\u00f3wne cechy lampy: Kolor konstrukcji: Czarny matowy Regulacja wysoko\u015bci Sprawdzi si\u0119 jako lampa wisz\u0105ca nad [&hellip;]<\/p>\n","protected":false},"featured_media":39981,"comment_status":"closed","ping_status":"open","template":"","meta":{"_acf_changed":false},"product_brand":[162],"product_cat":[2590,2671],"product_tag":[],"class_list":{"0":"post-47823","1":"product","2":"type-product","3":"status-publish","4":"has-post-thumbnail","6":"product_brand-luxolar","7":"product_cat-lamps","8":"product_cat-hanging-lamps","9":"pa_kod-producenta-lampa-wiszaca-810-z1-en","10":"pa_kolekcja-810-en","11":"pa_kolor-black","12":"pa_liczba-punktow-swiatla-1-2","13":"pa_marka-luxolar","14":"pa_material-dominujacy-metal-en","15":"pa_max-moc-pojed-zrodla-swiatla-60-2","16":"pa_pomieszczenie-bedroom","17":"pa_pomieszczenie-childrens-room","18":"pa_pomieszczenie-dining-room","19":"pa_pomieszczenie-hallway-stairs","20":"pa_pomieszczenie-kuchnia-2","21":"pa_pomieszczenie-living-room","22":"pa_pomieszczenie-office","23":"pa_pomieszczenie-universal","24":"pa_rodzaj-gwintu-e27-2","25":"pa_rodzaj-lampy-ceiling-mounted-hanging","26":"pa_zasilanie-network","27":"pa_zawiera-baterie-no","28":"pa_zrodlo-swiatla-without-a-light-source","30":"first","31":"instock","32":"purchasable","33":"product-type-simple"},"acf":[],"aioseo_notices":[],"_links":{"self":[{"href":"https:\/\/portallamp.invette.dev\/en\/wp-json\/wp\/v2\/product\/47823","targetHints":{"allow":["GET"]}}],"collection":[{"href":"https:\/\/portallamp.invette.dev\/en\/wp-json\/wp\/v2\/product"}],"about":[{"href":"https:\/\/portallamp.invette.dev\/en\/wp-json\/wp\/v2\/types\/product"}],"replies":[{"embeddable":true,"href":"https:\/\/portallamp.invette.dev\/en\/wp-json\/wp\/v2\/comments?post=47823"}],"wp:featuredmedia":[{"embeddable":true,"href":"https:\/\/portallamp.invette.dev\/en\/wp-json\/wp\/v2\/media\/39981"}],"wp:attachment":[{"href":"https:\/\/portallamp.invette.dev\/en\/wp-json\/wp\/v2\/media?parent=47823"}],"wp:term":[{"taxonomy":"product_brand","embeddable":true,"href":"https:\/\/portallamp.invette.dev\/en\/wp-json\/wp\/v2\/product_brand?post=47823"},{"taxonomy":"product_cat","embeddable":true,"href":"https:\/\/portallamp.invette.dev\/en\/wp-json\/wp\/v2\/product_cat?post=47823"},{"taxonomy":"product_tag","embeddable":true,"href":"https:\/\/portallamp.invette.dev\/en\/wp-json\/wp\/v2\/product_tag?post=47823"}],"curies":[{"name":"wp","href":"https:\/\/api.w.org\/{rel}","templated":true}]}}