{"id":47880,"date":"2025-07-03T18:12:48","date_gmt":"2025-07-03T16:12:48","guid":{"rendered":"https:\/\/portallamp.invette.dev\/produkt\/lampa-sufitowa-plafon-zyrandol-loft-edison-led-6\/"},"modified":"2025-07-03T18:12:48","modified_gmt":"2025-07-03T16:12:48","slug":"lampa-sufitowa-plafon-zyrandol-loft-edison-led-6","status":"publish","type":"product","link":"https:\/\/portallamp.invette.dev\/en\/produkt\/lampa-sufitowa-plafon-zyrandol-loft-edison-led-6\/","title":{"rendered":"LAMPA SUFITOWA PLAFON \u017bYRANDOL LOFT EDISON LED"},"content":{"rendered":"<p><img decoding=\"async\" src=\"https:\/\/a.allegroimg.com\/original\/03458b\/a7ce796348d8996bb3efdf83be99\" alt=\"Zdj\u0119cie produktu\" style=\"max-width:100%; height:auto; margin:10px 0;\"><\/p>\n<h1>Przedmiotem sprzeda\u017cy jest:<\/h1>\n<h2>Designerska lampa sufitowa wisz\u0105ca zaprojektowana w nowoczesnym stylu.&nbsp; Tylko teraz w bardzo atrakcyjnej cenie.<\/h2>\n<p>Nr kat: 800-ZD LUXOLAR<\/p>\n<\/p>\n<p><b>Wersja w pe\u0142ni z\u0142o\u017cona &#8211; nie jest to zestaw do samodzielnego monta\u017cu.<\/b><\/p>\n<\/p>\n<p><img decoding=\"async\" src=\"https:\/\/a.allegroimg.com\/original\/0306b4\/c5a440af446db7d834a9aacf1e73\" alt=\"Zdj\u0119cie produktu\" style=\"max-width:100%; height:auto; margin:10px 0;\"><\/p>\n<h1>Na tej aukcji kupujesz bezpo\u015brednio od polskiego producenta &#8211; produkt Polski oryginalny.<\/h1>\n<p><img decoding=\"async\" src=\"https:\/\/a.allegroimg.com\/original\/033612\/6795bc8547cfad146fef90661c2f\" alt=\"Zdj\u0119cie produktu\" style=\"max-width:100%; height:auto; margin:10px 0;\"><br \/>\n<img decoding=\"async\" src=\"https:\/\/a.allegroimg.com\/original\/030e76\/7b94c789422582b29be196206d14\" alt=\"Zdj\u0119cie produktu\" style=\"max-width:100%; height:auto; margin:10px 0;\"><\/p>\n<p><b><\/b><\/p>\n<h1>G\u0141\u00d3WNE CECHY LAMPY:<\/h1>\n<p><b><\/b><\/p>\n<ul>\n<li><b>Kolor Lampy: Czarny matowy<\/b><\/li>\n<\/ul>\n<ul>\n<li>Nowoczesny Styl &#8211; &nbsp;\u0142atwo wkomponuje si\u0119 w uk\u0142ad mieszkania<\/li>\n<\/ul>\n<ul>\n<li>Regulowana wysoko\u015b\u0107 w zakresie 30 &#8211; 70 cm max<\/li>\n<\/ul>\n<ul>\n<li>Klosz wykonany z metalu &#8211; kieruje \u015bwiat\u0142o w d\u00f3\u0142<\/li>\n<\/ul>\n<ul>\n<li>Sprawdzi si\u0119 jako lampa wisz\u0105ca nad st\u00f3\u0142 jak i plafon do przedpokoju.<\/li>\n<\/ul>\n<ul>\n<li>Lampa obs\u0142uguje wszystkie \u017car\u00f3wki z gwintem typu E27 do max 60 wat\u00f3w.<\/li>\n<\/ul>\n<ul>\n<li>Dodatkowym atutem jest spos\u00f3b monta\u017cu. Lampa jest wieszana na haku, wystarczy tylko jeden otw\u00f3r w suficie.<\/li>\n<li>Dobry stosunek ceny do jako\u015bci.<\/li>\n<\/ul>\n<ul>\n<li>Wersja w pe\u0142ni z\u0142o\u017cona &#8211; nie jest to zestaw do samodzielnego monta\u017cu<\/li>\n<\/ul>\n<h1>Dane techniczne:<\/h1>\n<\/p>\n<ul>\n<li><b>Materia\u0142 klosza:<\/b> Metal<\/li>\n<li><b>Materia\u0142 podsufitki:<\/b> Tworzywo sztuczne PCV<\/li>\n<li><b>Wymiary:<\/b> Wysoko\u015b\u0107 ca\u0142kowita max 70 cm&nbsp;<b>,<\/b>&nbsp;\u015brednica podsufitki: 7 cm,<\/li>\n<li><b>Zasilanie:<\/b>&nbsp;~230 [V] \/ bezpo\u015brednie z sieci<\/li>\n<li><b>\u0179r\u00f3d\u0142o \u015bwiat\u0142a:<\/b>&nbsp;E-27 max 60W, Zalecane LED<\/li>\n<li><b>Spos\u00f3b monta\u017cu:<\/b>&nbsp;Wieszana na haku<\/li>\n<li><b>IP 20, Klasa II<\/b><\/li>\n<li><b>Zestaw nie zawiera \u017car\u00f3wki<\/b><\/li>\n<li><b>Producent: <\/b>LUXOLAR Polska<\/li>\n<\/ul>\n<p><img decoding=\"async\" src=\"https:\/\/a.allegroimg.com\/original\/031509\/acc3f1a54bbaacb5e7669802d7d9\" alt=\"Zdj\u0119cie produktu\" style=\"max-width:100%; height:auto; margin:10px 0;\"><\/p>\n<h1>WYMIARY:<\/h1>\n<\/p>\n<p><img decoding=\"async\" src=\"https:\/\/a.allegroimg.com\/original\/03b243\/3eadc1724f1bae97b930b3ed4bff\" alt=\"Zdj\u0119cie produktu\" style=\"max-width:100%; height:auto; margin:10px 0;\"><\/p>\n<h1>Zestaw zawiera:<\/h1>\n<ul>\n<li><b>Kompletn\u0105, z\u0142o\u017con\u0105 lamp\u0119 (nie jest to chi\u0144skiej produkcji zestaw do samodzielnego monta\u017cu jakich wiele na allegro)<\/b><\/li>\n<li><b>Kostk\u0119 przy\u0142\u0105czeniow\u0105<\/b><\/li>\n<li><b>Instrukcj\u0119 obs\u0142ugi<\/b><\/li>\n<li><b>Kart\u0119 energetyczn\u0105<\/b><\/li>\n<li><b>Dokument zakupu<\/b><\/li>\n<\/ul>\n<p><b>Zestaw nie zawiera \u017ar\u00f3d\u0142a \u015bwiat\u0142a.<\/b><\/p>\n<h1>Lampa jest fabrycznie z\u0142o\u017cona i przetestowana odpowiednim miernikiem.<\/h1>\n<\/p>\n<p><img decoding=\"async\" src=\"https:\/\/a.allegroimg.com\/original\/03c64d\/41ad732547e7890917444feba978\" alt=\"Zdj\u0119cie produktu\" style=\"max-width:100%; height:auto; margin:10px 0;\"><\/p>\n<h1>Kupuj\u0105c lamp\u0119 z\u0142o\u017con\u0105 &#8211; Zyskujesz !<\/h1>\n<\/p>\n<ul>\n<li>Pewno\u015b\u0107, \u017ce lamp\u0119 wyprodukowa\u0142y osoby do tego uprawnione i posiadaj\u0105c\u0105 niezb\u0119dn\u0105 wiedz\u0119 w zakresie elektryki i elektroniki,<\/li>\n<li>Pewno\u015b\u0107, \u017ce lampa zosta\u0142a sprawdzona pod k\u0105tem przebicia elektrycznego &#8211; likwiduje ryzyko pora\u017cenia pr\u0105dem,<\/li>\n<li>Zyskujesz pe\u0142n\u0105 gwarancj\u0119 na ca\u0142\u0105 lamp\u0119 a nie tylko na jej cz\u0119\u015bci &#8211; sprzedawca nie podwa\u017cy jej z powodu b\u0142\u0119dnego z\u0142o\u017cenia,<\/li>\n<li>Pewno\u015b\u0107, \u017ce w zestawie nie brakuje cz\u0119\u015bci bez kt\u00f3rej nie z\u0142o\u017cysz lampy,<\/li>\n<li>Oszcz\u0119dzasz sw\u00f3j cenny czas<\/li>\n<\/ul>\n<h1>ZALECANE \u0179R\u00d3D\u0141A \u015aWIAT\u0141A:<\/h1>\n<\/p>\n<h1>\u017bar\u00f3wka LED o barwie ciep\u0142ej lub bia\u0142ej<\/h1>\n<ul>\n<li>\u017bar\u00f3wki LED z diodami SMD lub filament<\/li>\n<li>Strumie\u0144 \u015bwietlny: 900 -1300 lm<\/li>\n<li><b>Gwint E27<\/b><\/li>\n<li>Moc pobierana z sieci: 6 -12 W<\/li>\n<li>Temperatura barwy: 2700-4000K<\/li>\n<\/ul>\n<h2>Tradycyjny kszta\u0142t w po\u0142\u0105czeniu z nowoczesnymi diodami SMD lub Filament<\/h2>\n<p><img decoding=\"async\" src=\"https:\/\/a.allegroimg.com\/original\/033098\/5b267d4d467fa7e67d75048a8588\" alt=\"Zdj\u0119cie produktu\" style=\"max-width:100%; height:auto; margin:10px 0;\"><\/p>\n<h1>ARAN\u017bACJE:<\/h1>\n<p><img decoding=\"async\" src=\"https:\/\/a.allegroimg.com\/original\/034997\/0403b36e43d6af462f54e128c14c\" alt=\"Zdj\u0119cie produktu\" style=\"max-width:100%; height:auto; margin:10px 0;\"><br \/>\n<img decoding=\"async\" src=\"https:\/\/a.allegroimg.com\/original\/039352\/69d7dca94f7db43334238ceca03d\" alt=\"Zdj\u0119cie produktu\" style=\"max-width:100%; height:auto; margin:10px 0;\"><br \/>\n<img decoding=\"async\" src=\"https:\/\/a.allegroimg.com\/original\/033612\/6795bc8547cfad146fef90661c2f\" alt=\"Zdj\u0119cie produktu\" style=\"max-width:100%; height:auto; margin:10px 0;\"><br \/>\n<img decoding=\"async\" src=\"https:\/\/a.allegroimg.com\/original\/03458b\/a7ce796348d8996bb3efdf83be99\" alt=\"Zdj\u0119cie produktu\" style=\"max-width:100%; height:auto; margin:10px 0;\"><\/p>\n","protected":false},"excerpt":{"rendered":"<p>Przedmiotem sprzeda\u017cy jest: Designerska lampa sufitowa wisz\u0105ca zaprojektowana w nowoczesnym stylu.&nbsp; Tylko teraz w bardzo atrakcyjnej cenie. Nr kat: 800-ZD LUXOLAR Wersja w pe\u0142ni z\u0142o\u017cona &#8211; nie jest to zestaw do samodzielnego monta\u017cu. Na tej aukcji kupujesz bezpo\u015brednio od polskiego producenta &#8211; produkt Polski oryginalny. G\u0141\u00d3WNE CECHY LAMPY: Kolor Lampy: Czarny matowy Nowoczesny Styl &#8211; [&hellip;]<\/p>\n","protected":false},"featured_media":38716,"comment_status":"closed","ping_status":"open","template":"","meta":{"_acf_changed":false},"product_brand":[162],"product_cat":[2590,2671],"product_tag":[],"class_list":{"0":"post-47880","1":"product","2":"type-product","3":"status-publish","4":"has-post-thumbnail","6":"product_brand-luxolar","7":"product_cat-lamps","8":"product_cat-hanging-lamps","9":"pa_kod-producenta-lampa-sufitowa-802-z1-en","10":"pa_kolekcja-802-en","11":"pa_kolor-bialy-2","12":"pa_kolor-black","13":"pa_liczba-punktow-swiatla-1-2","14":"pa_marka-luxolar","15":"pa_material-dominujacy-metal-en","16":"pa_max-moc-pojed-zrodla-swiatla-60-2","17":"pa_pomieszczenie-bedroom","18":"pa_pomieszczenie-dining-room","19":"pa_pomieszczenie-hallway-stairs","20":"pa_pomieszczenie-kuchnia-2","21":"pa_pomieszczenie-living-room","22":"pa_pomieszczenie-office","23":"pa_rodzaj-gwintu-e27-2","24":"pa_rodzaj-lampy-ceiling-mounted-hanging","25":"pa_zasilanie-network","26":"pa_zawiera-baterie-no","27":"pa_zrodlo-swiatla-without-a-light-source","29":"first","30":"instock","31":"purchasable","32":"product-type-simple"},"acf":[],"aioseo_notices":[],"_links":{"self":[{"href":"https:\/\/portallamp.invette.dev\/en\/wp-json\/wp\/v2\/product\/47880","targetHints":{"allow":["GET"]}}],"collection":[{"href":"https:\/\/portallamp.invette.dev\/en\/wp-json\/wp\/v2\/product"}],"about":[{"href":"https:\/\/portallamp.invette.dev\/en\/wp-json\/wp\/v2\/types\/product"}],"replies":[{"embeddable":true,"href":"https:\/\/portallamp.invette.dev\/en\/wp-json\/wp\/v2\/comments?post=47880"}],"wp:featuredmedia":[{"embeddable":true,"href":"https:\/\/portallamp.invette.dev\/en\/wp-json\/wp\/v2\/media\/38716"}],"wp:attachment":[{"href":"https:\/\/portallamp.invette.dev\/en\/wp-json\/wp\/v2\/media?parent=47880"}],"wp:term":[{"taxonomy":"product_brand","embeddable":true,"href":"https:\/\/portallamp.invette.dev\/en\/wp-json\/wp\/v2\/product_brand?post=47880"},{"taxonomy":"product_cat","embeddable":true,"href":"https:\/\/portallamp.invette.dev\/en\/wp-json\/wp\/v2\/product_cat?post=47880"},{"taxonomy":"product_tag","embeddable":true,"href":"https:\/\/portallamp.invette.dev\/en\/wp-json\/wp\/v2\/product_tag?post=47880"}],"curies":[{"name":"wp","href":"https:\/\/api.w.org\/{rel}","templated":true}]}}