{"id":47970,"date":"2025-07-03T18:10:49","date_gmt":"2025-07-03T16:10:49","guid":{"rendered":"https:\/\/portallamp.invette.dev\/produkt\/lampa-zyrandol-plafon-sufitowa-led-vigo-chrom-e27\/"},"modified":"2025-07-03T18:10:49","modified_gmt":"2025-07-03T16:10:49","slug":"lampa-zyrandol-plafon-sufitowa-led-vigo-chrom-e27","status":"publish","type":"product","link":"https:\/\/portallamp.invette.dev\/en\/produkt\/lampa-zyrandol-plafon-sufitowa-led-vigo-chrom-e27\/","title":{"rendered":"Lampa \u017byrandol Plafon Sufitowa LED VIGO Chrom E27"},"content":{"rendered":"<p><img decoding=\"async\" src=\"https:\/\/a.allegroimg.com\/original\/03e34e\/21b41f484890b3be365af3ff6660\" alt=\"Zdj\u0119cie produktu\" style=\"max-width:100%; height:auto; margin:10px 0;\"><\/p>\n<h1>Przedmiotem sprzeda\u017cy jest:<\/h1>\n<h2>Designerska lampa sufitowa plafon zaprojektowana w nowoczesnym stylu.<\/h2>\n<h2>Nr kat: 752-BG3 VIGO LUXOLAR<\/h2>\n<p><img decoding=\"async\" src=\"https:\/\/a.allegroimg.com\/original\/030422\/4648c9874225b6b1e8139ff6d89a\" alt=\"Zdj\u0119cie produktu\" style=\"max-width:100%; height:auto; margin:10px 0;\"><\/p>\n<h1>Lampa dost\u0119pna w kolorach:<\/h1>\n<ul>\n<li>Czarny<\/li>\n<li>Szary<\/li>\n<li>Bia\u0142y<\/li>\n<\/ul>\n<p><img decoding=\"async\" src=\"https:\/\/a.allegroimg.com\/original\/033a2a\/90e3e84a4117b2de2e4d1d8817d7\" alt=\"Zdj\u0119cie produktu\" style=\"max-width:100%; height:auto; margin:10px 0;\"><\/p>\n<p><b>Nowoczesna lampa wisz\u0105ca b\u0119d\u0105ca elementem wi\u0119kszej serii lamp o nazwie VIGO.<\/b><\/p>\n<p><b>Zaprojektowana i wyprodukowana przez firm\u0119 LUXOLAR Polska.<\/b><\/p>\n<p><img decoding=\"async\" src=\"https:\/\/a.allegroimg.com\/original\/03a63a\/45df279a4c569c2284830d3411c7\" alt=\"Zdj\u0119cie produktu\" style=\"max-width:100%; height:auto; margin:10px 0;\"><\/p>\n<p><b><\/b><\/p>\n<p><b>G\u0142\u00f3wne cechy lampy:<\/b><\/p>\n<p><b><\/b><\/p>\n<ul>\n<li>Kolor&nbsp; do wyboru: <b>Czarna \/ Szara \/ Bia\u0142a<\/b><\/li>\n<\/ul>\n<ul>\n<li><b>Ruchome, obrotowe klosze<\/b><\/li>\n<\/ul>\n<ul>\n<li>Wysokiej jako\u015bci chromowane dodatki<\/li>\n<\/ul>\n<ul>\n<li>Nowoczesny Styl &#8211; &nbsp;\u0142atwo wkomponuje si\u0119 w uk\u0142ad mieszkania<\/li>\n<\/ul>\n<ul>\n<li>Solidna metalowa konstrukcja malowana proszkowo<\/li>\n<\/ul>\n<ul>\n<li>Przeznaczona jako o\u015bwietlenie g\u0142\u00f3wne w pomieszczeniach o powierzchni 9-16 m2<\/li>\n<\/ul>\n<ul>\n<li>Lampa obs\u0142uguje wszystkie \u017car\u00f3wki z gwintem typu E27 do max 60 wat\u00f3w.<\/li>\n<\/ul>\n<ul>\n<li>Dodatkowym atutem s\u0105 dwa niezale\u017cne obwody elektryczne, dzi\u0119ki kt\u00f3rym w zale\u017cno\u015bci od potrzeb, mo\u017cemy sterowa\u0107 ilo\u015bci\u0105 w\u0142\u0105czonych \u017car\u00f3wek.<\/li>\n<\/ul>\n<ul>\n<li>Lampa z polskiej dystrybucji, wyprodukowana w Polsce &#8211; gwarantowany szybki dost\u0119p do serwisu i cz\u0119\u015bci zapasowych<\/li>\n<\/ul>\n<ul>\n<li>Lampa pochodzi z szerokiej gamy lamp serii VIGO &#8211; bez problemu dokupisz do kompletu kinkiet czy lampk\u0119 nocn\u0105<\/li>\n<\/ul>\n<h1>Dane techniczne:<\/h1>\n<\/p>\n<ul>\n<li><b>Materia\u0142 konstrukcji:<\/b> metal malowany proszkowo z chromowanymi elementami<\/li>\n<li><b>Wymiary:<\/b> Wysoko\u015b\u0107 ca\u0142kowita max 21 cm <b>,<\/b> Podsufitka: 50 cm x 5 cm x h 3 cm<\/li>\n<li><b>Zasilanie:<\/b> ~230 [V] \/ bezpo\u015brednie z sieci, dwa niezale\u017cne obwody elektryczne, w\u0142\u0105czanie 1+2 lub wszystkie jednocze\u015bnie<\/li>\n<li><b>\u0179r\u00f3d\u0142o \u015bwiat\u0142a:<\/b> E-27 &#8211; zalecane LED lub \u015bwietl\u00f3wki kompaktowe<\/li>\n<li><b>Spos\u00f3b monta\u017cu:<\/b> Dwa ko\u0142ki rozporowe<\/li>\n<li><b>IP 20, Klasa I<\/b><\/li>\n<li><b>Zestaw nie zawiera \u017car\u00f3wek oraz ko\u0142k\u00f3w rozporowych do monta\u017cu<\/b><\/li>\n<li><b>Producent: <\/b>LUXOLAR Polska<\/li>\n<\/ul>\n<h1>WYMIARY:<\/h1>\n<p><img decoding=\"async\" src=\"https:\/\/a.allegroimg.com\/original\/032966\/bcefde8b483b8c684fc8504209f3\" alt=\"Zdj\u0119cie produktu\" style=\"max-width:100%; height:auto; margin:10px 0;\"><br \/>\n<img decoding=\"async\" src=\"https:\/\/a.allegroimg.com\/original\/03d074\/513c8b994c0a86c7d7699066d68c\" alt=\"Zdj\u0119cie produktu\" style=\"max-width:100%; height:auto; margin:10px 0;\"><\/p>\n<h1>Os\u0142ona zosta\u0142a zaprojektowana z my\u015bl\u0105 o zwi\u0119kszeniu wydajno\u015bci oraz \u017cywotno\u015bci \u017car\u00f3wki.<\/h1>\n<p>Otwarta przestrze\u0144 woko\u0142o \u017car\u00f3wki wspomaga odprowadzenie wytwarzanego przez ni\u0105 ciep\u0142a, tym samym ro\u015bnie wydajno\u015b\u0107 \u017car\u00f3wki oraz jej \u017cywotno\u015b\u0107.<\/p>\n<p><img decoding=\"async\" src=\"https:\/\/a.allegroimg.com\/original\/0326e0\/2458b64d49d88b495a858c9c7728\" alt=\"Zdj\u0119cie produktu\" style=\"max-width:100%; height:auto; margin:10px 0;\"><br \/>\n<img decoding=\"async\" src=\"https:\/\/a.allegroimg.com\/original\/03a99a\/d0573b3745d4a3f93b0161b93016\" alt=\"Zdj\u0119cie produktu\" style=\"max-width:100%; height:auto; margin:10px 0;\"><br \/>\n<img decoding=\"async\" src=\"https:\/\/a.allegroimg.com\/original\/03e961\/83de57834df7b99d78fc2f1a0c95\" alt=\"Zdj\u0119cie produktu\" style=\"max-width:100%; height:auto; margin:10px 0;\"><\/p>\n<h1>WYB\u00d3R KOLORU:<\/h1>\n<\/p>\n<p><img decoding=\"async\" src=\"https:\/\/a.allegroimg.com\/original\/033a2a\/90e3e84a4117b2de2e4d1d8817d7\" alt=\"Zdj\u0119cie produktu\" style=\"max-width:100%; height:auto; margin:10px 0;\"><\/p>\n<h2>ETAPY REALIZACJI ZAM\u00d3WIENIA:<\/h2>\n<ol>\n<li><b>Wybierz kolor&nbsp;konstrukcji:&nbsp;<\/b>Czarny, Szary lub Bia\u0142y<\/li>\n<li><b>Wpisz wybrany kolor <\/b>&#8211; w formularzu zam\u00f3wienia.<\/li>\n<\/ol>\n<p><b>Poprawne przes\u0142anie powy\u017cszych informacji znacznie przyspieszy realizacj\u0119 zam\u00f3wienia.<\/b><\/p>\n<h1>Do zdj\u0119\u0107 u\u017cyto \u017bAR\u00d3WEK EDISON z w\u0142\u00f3knem LED<\/h1>\n<h2>W\u0142\u00f3kna LED cechuje wysoka wydajno\u015b\u0107 oraz estetyka po\u0142\u0105czona z niskim zu\u017cyciem energii.<\/h2>\n<h2>\u017bar\u00f3wka to nie tylko \u017ar\u00f3d\u0142o \u015bwiata, ale tak\u017ce wa\u017cny wizualny szczeg\u00f3\u0142 lampy.<\/h2>\n<p><img decoding=\"async\" src=\"https:\/\/a.allegroimg.com\/original\/03bcee\/d9967c22482c8db35910f7e9d13a\" alt=\"Zdj\u0119cie produktu\" style=\"max-width:100%; height:auto; margin:10px 0;\"><\/p>\n<h2>Je\u015bli po wkr\u0119ceniu \u017car\u00f3wek, oka\u017ce si\u0119, \u017ce \u015bwiat\u0142o jest zbyt mocne, to jest mo\u017cliwo\u015b\u0107 zastosowania specjalnych os\u0142on montowanych wewn\u0105trz klosza.<\/h2>\n<p><b>Zalety os\u0142ony:<\/b><\/p>\n<p>&#8211; Koryguje nat\u0119\u017cenie \u015bwiat\u0142a<\/p>\n<p>&#8211; Zas\u0142ania mocno wyeksponowan\u0105 \u017car\u00f3w\u0119<\/p>\n<p>&#8211; Wprowadza bardzo ciekaw\u0105 zmian\u0119 w&nbsp; og\u00f3lnym designie lampy<\/p>\n<p><img decoding=\"async\" src=\"https:\/\/a.allegroimg.com\/original\/03e45c\/05431a07421b8b1c8fd1fe7a4e42\" alt=\"Zdj\u0119cie produktu\" style=\"max-width:100%; height:auto; margin:10px 0;\"><\/p>\n<p><b>Os\u0142ony nie wchodz\u0105 w sk\u0142ad zestawu. Mo\u017cna je kupi\u0107 na innych naszych aukcjach pod nazw\u0105: Os\u0142ona do lamp VIGO<\/b><\/p>\n<h1>ARAN\u017bACJE:<\/h1>\n<\/p>\n<p><img decoding=\"async\" src=\"https:\/\/a.allegroimg.com\/original\/03c296\/605b7eeb439f90deeec6c52ddd47\" alt=\"Zdj\u0119cie produktu\" style=\"max-width:100%; height:auto; margin:10px 0;\"><br \/>\n<img decoding=\"async\" src=\"https:\/\/a.allegroimg.com\/original\/03e3e4\/79a86aaa4055baaaa217f7dfa022\" alt=\"Zdj\u0119cie produktu\" style=\"max-width:100%; height:auto; margin:10px 0;\"><br \/>\n<img decoding=\"async\" src=\"https:\/\/a.allegroimg.com\/original\/037e47\/ab1aa43f44fe9fc6ce206ba186a4\" alt=\"Zdj\u0119cie produktu\" style=\"max-width:100%; height:auto; margin:10px 0;\"><br \/>\n<img decoding=\"async\" src=\"https:\/\/a.allegroimg.com\/original\/03e34e\/21b41f484890b3be365af3ff6660\" alt=\"Zdj\u0119cie produktu\" style=\"max-width:100%; height:auto; margin:10px 0;\"><\/p>\n","protected":false},"excerpt":{"rendered":"<p>Przedmiotem sprzeda\u017cy jest: Designerska lampa sufitowa plafon zaprojektowana w nowoczesnym stylu. Nr kat: 752-BG3 VIGO LUXOLAR Lampa dost\u0119pna w kolorach: Czarny Szary Bia\u0142y Nowoczesna lampa wisz\u0105ca b\u0119d\u0105ca elementem wi\u0119kszej serii lamp o nazwie VIGO. Zaprojektowana i wyprodukowana przez firm\u0119 LUXOLAR Polska. G\u0142\u00f3wne cechy lampy: Kolor&nbsp; do wyboru: Czarna \/ Szara \/ Bia\u0142a Ruchome, obrotowe klosze [&hellip;]<\/p>\n","protected":false},"featured_media":38095,"comment_status":"closed","ping_status":"open","template":"","meta":{"_acf_changed":false},"product_brand":[162],"product_cat":[2590,3500],"product_tag":[],"class_list":{"0":"post-47970","1":"product","2":"type-product","3":"status-publish","4":"has-post-thumbnail","6":"product_brand-luxolar","7":"product_cat-lamps","8":"product_cat-semi-ceiling-lights-and-ceiling-lights","9":"pa_kod-producenta-752-bg3-en","10":"pa_kolor-bialy-2","11":"pa_kolor-black","12":"pa_kolor-gray","13":"pa_liczba-punktow-swiatla-3-2","14":"pa_marka-luxolar","15":"pa_material-dominujacy-metal-en","16":"pa_max-moc-pojed-zrodla-swiatla-60-2","17":"pa_rodzaj-ceiling","18":"pa_rodzaj-gwintu-e27-2","19":"pa_zasilanie-network","20":"pa_zawiera-baterie-no","21":"pa_zrodlo-swiatla-without-a-light-source","23":"first","24":"instock","25":"purchasable","26":"product-type-simple"},"acf":[],"aioseo_notices":[],"_links":{"self":[{"href":"https:\/\/portallamp.invette.dev\/en\/wp-json\/wp\/v2\/product\/47970","targetHints":{"allow":["GET"]}}],"collection":[{"href":"https:\/\/portallamp.invette.dev\/en\/wp-json\/wp\/v2\/product"}],"about":[{"href":"https:\/\/portallamp.invette.dev\/en\/wp-json\/wp\/v2\/types\/product"}],"replies":[{"embeddable":true,"href":"https:\/\/portallamp.invette.dev\/en\/wp-json\/wp\/v2\/comments?post=47970"}],"wp:featuredmedia":[{"embeddable":true,"href":"https:\/\/portallamp.invette.dev\/en\/wp-json\/wp\/v2\/media\/38095"}],"wp:attachment":[{"href":"https:\/\/portallamp.invette.dev\/en\/wp-json\/wp\/v2\/media?parent=47970"}],"wp:term":[{"taxonomy":"product_brand","embeddable":true,"href":"https:\/\/portallamp.invette.dev\/en\/wp-json\/wp\/v2\/product_brand?post=47970"},{"taxonomy":"product_cat","embeddable":true,"href":"https:\/\/portallamp.invette.dev\/en\/wp-json\/wp\/v2\/product_cat?post=47970"},{"taxonomy":"product_tag","embeddable":true,"href":"https:\/\/portallamp.invette.dev\/en\/wp-json\/wp\/v2\/product_tag?post=47970"}],"curies":[{"name":"wp","href":"https:\/\/api.w.org\/{rel}","templated":true}]}}