{"id":47997,"date":"2025-07-03T18:10:49","date_gmt":"2025-07-03T16:10:49","guid":{"rendered":"https:\/\/portallamp.invette.dev\/produkt\/oslona-do-lamp-kinkietow-z-serii-vigo-luxolar\/"},"modified":"2025-07-03T18:10:49","modified_gmt":"2025-07-03T16:10:49","slug":"oslona-do-lamp-kinkietow-z-serii-vigo-luxolar","status":"publish","type":"product","link":"https:\/\/portallamp.invette.dev\/en\/produkt\/oslona-do-lamp-kinkietow-z-serii-vigo-luxolar\/","title":{"rendered":"Os\u0142ona do Lamp Kinkiet\u00f3w z serii VIGO LUXOLAR"},"content":{"rendered":"<p><img decoding=\"async\" src=\"https:\/\/a.allegroimg.com\/original\/03b7f8\/db5de50a4caa923e3e9e3899e81b\" alt=\"Zdj\u0119cie produktu\" style=\"max-width:100%; height:auto; margin:10px 0;\"><\/p>\n<h1>Przedmiotem sprzeda\u017cy jest:<\/h1>\n<h1>Os\u0142ona \u017car\u00f3wki w kolorze bia\u0142ym stosowana w lampach z serii VIGO firmy LUXOLAR<\/h1>\n<h2>Je\u015bli po zakupie \u017car\u00f3wki, oka\u017ce si\u0119, \u017ce \u015bwiat\u0142o jest zbyt mocne, to jest mo\u017cliwo\u015b\u0107 zastosowania specjalnej os\u0142ony montowanej wewn\u0105trz klosza.<\/h2>\n<p><b>Zalety os\u0142ony:<\/b><\/p>\n<p>&#8211; Koryguje nat\u0119\u017cenie \u015bwiat\u0142a<\/p>\n<p>&#8211; Zas\u0142ania&nbsp; wyeksponowan\u0105 \u017car\u00f3w\u0119<\/p>\n<p>&#8211; Wprowadza bardzo ciekaw\u0105 zmian\u0119 w&nbsp; og\u00f3lnym designie lampy<\/p>\n<p><img decoding=\"async\" src=\"https:\/\/a.allegroimg.com\/original\/03e12f\/f3e27ea94dfd87b25a7765fcb883\" alt=\"Zdj\u0119cie produktu\" style=\"max-width:100%; height:auto; margin:10px 0;\"><br \/>\n<img decoding=\"async\" src=\"https:\/\/a.allegroimg.com\/original\/0377f7\/5a17b4d74b81ba0a81052140e9e7\" alt=\"Zdj\u0119cie produktu\" style=\"max-width:100%; height:auto; margin:10px 0;\"><br \/>\n<img decoding=\"async\" src=\"https:\/\/a.allegroimg.com\/original\/03cf48\/749d93a74dd6ba3c8dc19f77f334\" alt=\"Zdj\u0119cie produktu\" style=\"max-width:100%; height:auto; margin:10px 0;\"><\/p>\n<h1>Uwaga: Os\u0142ony pasuj\u0105 tylko do lamp z serii VIGO producenta lamp LUXOLAR<\/h1>\n<p><img decoding=\"async\" src=\"https:\/\/a.allegroimg.com\/original\/03b7f8\/db5de50a4caa923e3e9e3899e81b\" alt=\"Zdj\u0119cie produktu\" style=\"max-width:100%; height:auto; margin:10px 0;\"><\/p>\n","protected":false},"excerpt":{"rendered":"<p>Przedmiotem sprzeda\u017cy jest: Os\u0142ona \u017car\u00f3wki w kolorze bia\u0142ym stosowana w lampach z serii VIGO firmy LUXOLAR Je\u015bli po zakupie \u017car\u00f3wki, oka\u017ce si\u0119, \u017ce \u015bwiat\u0142o jest zbyt mocne, to jest mo\u017cliwo\u015b\u0107 zastosowania specjalnej os\u0142ony montowanej wewn\u0105trz klosza. Zalety os\u0142ony: &#8211; Koryguje nat\u0119\u017cenie \u015bwiat\u0142a &#8211; Zas\u0142ania&nbsp; wyeksponowan\u0105 \u017car\u00f3w\u0119 &#8211; Wprowadza bardzo ciekaw\u0105 zmian\u0119 w&nbsp; og\u00f3lnym designie lampy [&hellip;]<\/p>\n","protected":false},"featured_media":38368,"comment_status":"closed","ping_status":"open","template":"","meta":{"_acf_changed":false},"product_brand":[162],"product_cat":[3119],"product_tag":[],"class_list":{"0":"post-47997","1":"product","2":"type-product","3":"status-publish","4":"has-post-thumbnail","6":"product_brand-luxolar","7":"product_cat-lampshades-and-lamp-covers","8":"pa_gwint-e27-en","9":"pa_kod-producenta-oslona-vigo-en","10":"pa_kolor-bialy-2","11":"pa_marka-luxolar","12":"pa_material-wykonania-plastic","13":"pa_mocowanie-for-a-hanging-lamp","14":"pa_rodzaj-lampshade","16":"first","17":"instock","18":"purchasable","19":"product-type-simple"},"acf":[],"aioseo_notices":[],"_links":{"self":[{"href":"https:\/\/portallamp.invette.dev\/en\/wp-json\/wp\/v2\/product\/47997","targetHints":{"allow":["GET"]}}],"collection":[{"href":"https:\/\/portallamp.invette.dev\/en\/wp-json\/wp\/v2\/product"}],"about":[{"href":"https:\/\/portallamp.invette.dev\/en\/wp-json\/wp\/v2\/types\/product"}],"replies":[{"embeddable":true,"href":"https:\/\/portallamp.invette.dev\/en\/wp-json\/wp\/v2\/comments?post=47997"}],"wp:featuredmedia":[{"embeddable":true,"href":"https:\/\/portallamp.invette.dev\/en\/wp-json\/wp\/v2\/media\/38368"}],"wp:attachment":[{"href":"https:\/\/portallamp.invette.dev\/en\/wp-json\/wp\/v2\/media?parent=47997"}],"wp:term":[{"taxonomy":"product_brand","embeddable":true,"href":"https:\/\/portallamp.invette.dev\/en\/wp-json\/wp\/v2\/product_brand?post=47997"},{"taxonomy":"product_cat","embeddable":true,"href":"https:\/\/portallamp.invette.dev\/en\/wp-json\/wp\/v2\/product_cat?post=47997"},{"taxonomy":"product_tag","embeddable":true,"href":"https:\/\/portallamp.invette.dev\/en\/wp-json\/wp\/v2\/product_tag?post=47997"}],"curies":[{"name":"wp","href":"https:\/\/api.w.org\/{rel}","templated":true}]}}