{"id":48054,"date":"2025-07-03T18:03:18","date_gmt":"2025-07-03T16:03:18","guid":{"rendered":"https:\/\/portallamp.invette.dev\/produkt\/zyrandol-lampa-nowoczesna-261-5-5pl-loft-black\/"},"modified":"2025-07-03T18:03:18","modified_gmt":"2025-07-03T16:03:18","slug":"zyrandol-lampa-nowoczesna-261-5-5pl-loft-black","status":"publish","type":"product","link":"https:\/\/portallamp.invette.dev\/en\/produkt\/zyrandol-lampa-nowoczesna-261-5-5pl-loft-black\/","title":{"rendered":"\u017bYRANDOL LAMPA NOWOCZESNA 261-5 5P\u0141 LOFT BLACK"},"content":{"rendered":"<h1>Przedmiotem sprzeda\u017cy jest:<\/h1>\n<h1>Wysokiej jako\u015bci lampa plafon &#8211; w nowoczesnym minimalistycznym stylu edison.<\/h1>\n<\/p>\n<p><b>Nr kat: 261-5 LUXOLAR<\/b><\/p>\n<\/p>\n<p><img decoding=\"async\" src=\"https:\/\/7.allegroimg.com\/original\/03c8c7\/496253ef4f04ae98effbdc4f55e7\" alt=\"Zdj\u0119cie produktu\" style=\"max-width:100%; height:auto; margin:10px 0;\"><\/p>\n<h2>Idealnie pasuje do surowych, szaro-bia\u0142ych wn\u0119trz.<\/h2>\n<p>\u015awietnie sprawdzi si\u0119 jako o\u015bwietlenie&nbsp; w pomieszczeniach&nbsp;&nbsp;12-20 m2.<\/p>\n<p><b>Dost\u0119pna w kolorach:<\/b><\/p>\n<ul>\n<li>Czarny matowy<\/li>\n<li>Bia\u0142y g\u0142adki<\/li>\n<li>Szary<\/li>\n<\/ul>\n<h2>Obs\u0142uguje wszystkie \u017car\u00f3wki z gwintem typu E27 do max 60 wat\u00f3w.<\/h2>\n<h1>Dane techniczne:<\/h1>\n<ul>\n<li><b>materia\u0142 konstrukcji:<\/b>&nbsp;metal malowany proszkowo<\/li>\n<li><b>wymiary:<\/b>&nbsp;wysoko\u015b\u0107 ca\u0142kowita lampy 35 cm, rozpi\u0119to\u015b\u0107: 57 cm<\/li>\n<li><b>zasilanie:<\/b>&nbsp;~230 [V] \/ bezpo\u015brednie z sieci<\/li>\n<li><b>\u017ar\u00f3d\u0142o \u015bwiat\u0142a:<\/b>&nbsp;E-27<\/li>\n<li><b>IP 20, Klasa I<\/b><\/li>\n<li><b>monta\u017c: dwa ko\u0142ki rozporowe &#8211;<\/b>&nbsp;rodzaj ko\u0142k\u00f3w zale\u017cy od pod\u0142o\u017ca, nale\u017cy dobra\u0107 we w\u0142asnym zakresie<\/li>\n<li><b>zestaw nie zawiera \u017car\u00f3wek oraz ko\u0142k\u00f3w rozporowych do monta\u017cu<\/b><\/li>\n<li><b>producent: <\/b>LUXOLAR<\/li>\n<\/ul>\n<p><img decoding=\"async\" src=\"https:\/\/a.allegroimg.com\/original\/0345e4\/f1df82524f0694089b3fbcd553aa\" alt=\"Zdj\u0119cie produktu\" style=\"max-width:100%; height:auto; margin:10px 0;\"><\/p>\n<h1>KOLORY DO WYBORU:<\/h1>\n<p><img decoding=\"async\" src=\"https:\/\/4.allegroimg.com\/original\/03eb01\/4463d2e64d8ea2cb2ba48252a984\" alt=\"Zdj\u0119cie produktu\" style=\"max-width:100%; height:auto; margin:10px 0;\"><\/p>\n<h2>ETAPY REALIZACJI ZAM\u00d3WIENIA:<\/h2>\n<ol>\n<li><b>Wybierz kolor&nbsp;konstrukcji<\/b>: Czarny matowy, Szary lub Bia\u0142y g\u0142adki<\/li>\n<li><b>Prze\u015blij wybran\u0105 konfiguracj\u0119<\/b>&nbsp;&#8211; w formularzu zam\u00f3wienia.<\/li>\n<\/ol>\n<p><b>Poprawne przes\u0142anie powy\u017cszych informacji znacznie przyspieszy realizacj\u0119 zam\u00f3wienia.<\/b><\/p>\n<p><img decoding=\"async\" src=\"https:\/\/e.allegroimg.com\/original\/0311c6\/d92430264ffe87388a5672ff798e\" alt=\"Zdj\u0119cie produktu\" style=\"max-width:100%; height:auto; margin:10px 0;\"><br \/>\n<img decoding=\"async\" src=\"https:\/\/1.allegroimg.com\/original\/0355cc\/21385c4b43b587874897316da781\" alt=\"Zdj\u0119cie produktu\" style=\"max-width:100%; height:auto; margin:10px 0;\"><\/p>\n<h1>ZALECANE \u0179R\u00d3D\u0141A \u015aWIAT\u0141A:<\/h1>\n<p><img decoding=\"async\" src=\"https:\/\/5.allegroimg.com\/original\/0310f8\/d11668c749e7a0a210de723ccb85\" alt=\"Zdj\u0119cie produktu\" style=\"max-width:100%; height:auto; margin:10px 0;\"><\/p>\n<h1>\u017bar\u00f3wka LED o barwie ciep\u0142ej.<\/h1>\n<h1>Gwint E27<\/h1>\n<h2>Tradycyjny kszta\u0142t w po\u0142\u0105czeniu z nowoczesnymi diodami SMD<\/h2>\n<p><img decoding=\"async\" src=\"https:\/\/7.allegroimg.com\/original\/03c8c7\/496253ef4f04ae98effbdc4f55e7\" alt=\"Zdj\u0119cie produktu\" style=\"max-width:100%; height:auto; margin:10px 0;\"><\/p>\n","protected":false},"excerpt":{"rendered":"<p>Przedmiotem sprzeda\u017cy jest: Wysokiej jako\u015bci lampa plafon &#8211; w nowoczesnym minimalistycznym stylu edison. Nr kat: 261-5 LUXOLAR Idealnie pasuje do surowych, szaro-bia\u0142ych wn\u0119trz. \u015awietnie sprawdzi si\u0119 jako o\u015bwietlenie&nbsp; w pomieszczeniach&nbsp;&nbsp;12-20 m2. Dost\u0119pna w kolorach: Czarny matowy Bia\u0142y g\u0142adki Szary Obs\u0142uguje wszystkie \u017car\u00f3wki z gwintem typu E27 do max 60 wat\u00f3w. Dane techniczne: materia\u0142 konstrukcji:&nbsp;metal malowany [&hellip;]<\/p>\n","protected":false},"featured_media":35962,"comment_status":"closed","ping_status":"open","template":"","meta":{"_acf_changed":false},"product_brand":[162],"product_cat":[2590,3500],"product_tag":[],"class_list":{"0":"post-48054","1":"product","2":"type-product","3":"status-publish","4":"has-post-thumbnail","6":"product_brand-luxolar","7":"product_cat-lamps","8":"product_cat-semi-ceiling-lights-and-ceiling-lights","9":"pa_kod-producenta-261-5-en","10":"pa_kolor-bialy-2","11":"pa_kolor-black","12":"pa_kolor-gray","13":"pa_liczba-punktow-swiatla-5-en","14":"pa_marka-luxolar","15":"pa_material-dominujacy-metal-en","16":"pa_max-moc-pojed-zrodla-swiatla-60-2","17":"pa_rodzaj-ceiling","18":"pa_rodzaj-gwintu-e27-2","19":"pa_zasilanie-network","20":"pa_zawiera-baterie-no","21":"pa_zrodlo-swiatla-without-a-light-source","23":"first","24":"instock","25":"purchasable","26":"product-type-simple"},"acf":[],"aioseo_notices":[],"_links":{"self":[{"href":"https:\/\/portallamp.invette.dev\/en\/wp-json\/wp\/v2\/product\/48054","targetHints":{"allow":["GET"]}}],"collection":[{"href":"https:\/\/portallamp.invette.dev\/en\/wp-json\/wp\/v2\/product"}],"about":[{"href":"https:\/\/portallamp.invette.dev\/en\/wp-json\/wp\/v2\/types\/product"}],"replies":[{"embeddable":true,"href":"https:\/\/portallamp.invette.dev\/en\/wp-json\/wp\/v2\/comments?post=48054"}],"wp:featuredmedia":[{"embeddable":true,"href":"https:\/\/portallamp.invette.dev\/en\/wp-json\/wp\/v2\/media\/35962"}],"wp:attachment":[{"href":"https:\/\/portallamp.invette.dev\/en\/wp-json\/wp\/v2\/media?parent=48054"}],"wp:term":[{"taxonomy":"product_brand","embeddable":true,"href":"https:\/\/portallamp.invette.dev\/en\/wp-json\/wp\/v2\/product_brand?post=48054"},{"taxonomy":"product_cat","embeddable":true,"href":"https:\/\/portallamp.invette.dev\/en\/wp-json\/wp\/v2\/product_cat?post=48054"},{"taxonomy":"product_tag","embeddable":true,"href":"https:\/\/portallamp.invette.dev\/en\/wp-json\/wp\/v2\/product_tag?post=48054"}],"curies":[{"name":"wp","href":"https:\/\/api.w.org\/{rel}","templated":true}]}}