{"id":48057,"date":"2025-07-03T18:03:18","date_gmt":"2025-07-03T16:03:18","guid":{"rendered":"https:\/\/portallamp.invette.dev\/produkt\/lampa-plafon-zyrandol-abazur-diament-kolory-299-a4\/"},"modified":"2025-07-03T18:03:18","modified_gmt":"2025-07-03T16:03:18","slug":"lampa-plafon-zyrandol-abazur-diament-kolory-299-a4","status":"publish","type":"product","link":"https:\/\/portallamp.invette.dev\/en\/produkt\/lampa-plafon-zyrandol-abazur-diament-kolory-299-a4\/","title":{"rendered":"Lampa Plafon \u017byrandol Aba\u017cur Diament Kolory 299-A4"},"content":{"rendered":"<h1>Przedmiotem sprzeda\u017cy jest:<\/h1>\n<h2>Nowa Lampa Plafon z serii Diament nr kat: 299-A4 LED bezpo\u015brednio od producenta LUXOLAR<\/h2>\n<p><b>Nr kat: 299-A4 LUXOLAR<\/b><\/p>\n<h1><\/h1>\n<p><img decoding=\"async\" src=\"https:\/\/8.allegroimg.com\/original\/03ac6a\/3a7d9f7e4851abdbcf8cd82984f8\" alt=\"Zdj\u0119cie produktu\" style=\"max-width:100%; height:auto; margin:10px 0;\"><\/p>\n<h2>Idealnie pasuje do surowych czarno bia\u0142ych wn\u0119trz.<\/h2>\n<ul>\n<li><b>Kolor konstrukcji lampy: Do wyboru &#8211; 5 kolor\u00f3w<\/b><\/li>\n<li><b>Kolor aba\u017cur\u00f3w: Do wyboru &#8211; 9 kolor\u00f3w<\/b><\/li>\n<\/ul>\n<p>Przeznaczona jako o\u015bwietlenie g\u0142\u00f3wne w pomieszczeniach 16-25 m2.<\/p>\n<p>Solida konstrukcja i \u0142atwy monta\u017c &#8211; gwarantuje szybk\u0105 i bezpieczn\u0105 instalacj\u0119 lampy.<\/p>\n<p>Trwa\u0142e aba\u017cury odporne na zabrudzenia sprawiaj\u0105, \u017ce lampa b\u0119dzie jak nowa nawet po kliku latach.<\/p>\n<p>Dodatkowym atutem s\u0105 dwa niezale\u017cne obwody elektryczne, dzi\u0119ki kt\u00f3rym w zale\u017cno\u015bci od potrzeb, mo\u017cemy sterowa\u0107 ilo\u015bci\u0105 w\u0142\u0105czonych \u017car\u00f3wek.<\/p>\n<h1>Dane techniczne:<\/h1>\n<ul>\n<li><b>materia\u0142 konstrukcji:<\/b>&nbsp;metal malowany proszkowo<\/li>\n<li><b>materia\u0142 aba\u017cur\u00f3w:&nbsp;<\/b>Tkanina w wybranym kolorze na zewn\u0105trz, bia\u0142e pcv od wewn\u0105trz<\/li>\n<li><b>wymiary:<\/b>&nbsp;wysoko\u015b\u0107 ca\u0142kowita lampy 45 cm &#8211;&nbsp;<b>konstrukcja sztywna &#8211; brak regulacji wysoko\u015bci,<\/b>&nbsp;rozpi\u0119to\u015b\u0107 podsufitki: 30 x 30 cm<\/li>\n<li><b>zasilanie:<\/b>&nbsp;~230 [V] \/ nie wymaga transformatora, dwa niezale\u017cne obwody elektryczne<\/li>\n<li><b>\u017ar\u00f3d\u0142o \u015bwiat\u0142a:<\/b>&nbsp;E-27<\/li>\n<li><b>IP 20, Klasa I<\/b><\/li>\n<li><b>zestaw nie zawiera \u017car\u00f3wek oraz ko\u0142k\u00f3w rozporowych do monta\u017cu<\/b><\/li>\n<li><b>producent: <\/b>LUXOLAR<\/li>\n<\/ul>\n<p><img decoding=\"async\" src=\"https:\/\/8.allegroimg.com\/original\/034d93\/0316042d4616b20b7458d270fa98\" alt=\"Zdj\u0119cie produktu\" style=\"max-width:100%; height:auto; margin:10px 0;\"><br \/>\n<img decoding=\"async\" src=\"https:\/\/6.allegroimg.com\/original\/0392dd\/601a34884d7ab279e3727b79e316\" alt=\"Zdj\u0119cie produktu\" style=\"max-width:100%; height:auto; margin:10px 0;\"><br \/>\n<img decoding=\"async\" src=\"https:\/\/7.allegroimg.com\/original\/03f03a\/a4274ded4fc5b1fef8d5916f5c07\" alt=\"Zdj\u0119cie produktu\" style=\"max-width:100%; height:auto; margin:10px 0;\"><\/p>\n<h1>KOLORY ABA\u017bUR\u00d3W DO WYBORU:<\/h1>\n<p><img decoding=\"async\" src=\"https:\/\/8.allegroimg.com\/original\/03dc13\/f2d168f342379b07911eaeb19dd8\" alt=\"Zdj\u0119cie produktu\" style=\"max-width:100%; height:auto; margin:10px 0;\"><\/p>\n<h1>WYB\u00d3R KOLORU KONSTRUKCJI:<\/h1>\n<p><img decoding=\"async\" src=\"https:\/\/2.allegroimg.com\/original\/037894\/81583d6c4eceb59d5c35358db332\" alt=\"Zdj\u0119cie produktu\" style=\"max-width:100%; height:auto; margin:10px 0;\"><\/p>\n<h1>Mo\u017cliwo\u015b\u0107 tworzenia MIKS\u00d3W &#8211; wybierania R\u00d3\u017bNYCH KOLOR\u00d3W.<\/h1>\n<h2>ETAPY REALIZACJI ZAM\u00d3WIENIA:<\/h2>\n<ol>\n<li><b>Wybierz kolor&nbsp;konstrukcji:&nbsp;<\/b>Czarny, Grafit, Bia\u0142y, Szary lub Czerwony<\/li>\n<li><b>Wybierz kolor&nbsp;aba\u017cura<\/b>: Bia\u0142y, Czarny, Szary, Czerwony, Niebieski, Granatowy, Jasny zielony lub Jasny pomara\u0144cz.<\/li>\n<li><b>Prze\u015blij wybran\u0105 konfiguracj\u0119<\/b>&nbsp;&#8211; w formularzu zam\u00f3wienia.<\/li>\n<\/ol>\n<p><b>Poprawne przes\u0142anie powy\u017cszych informacji znacznie przyspieszy realizacj\u0119 zam\u00f3wienia.<\/b><\/p>\n<p><img decoding=\"async\" src=\"https:\/\/0.allegroimg.com\/original\/03e35f\/df0c5d204f11aa7837833e3538a0\" alt=\"Zdj\u0119cie produktu\" style=\"max-width:100%; height:auto; margin:10px 0;\"><br \/>\n<img decoding=\"async\" src=\"https:\/\/a.allegroimg.com\/original\/0310d2\/254abcfe40d6ad41eb787fdcad6a\" alt=\"Zdj\u0119cie produktu\" style=\"max-width:100%; height:auto; margin:10px 0;\"><br \/>\n<img decoding=\"async\" src=\"https:\/\/c.allegroimg.com\/original\/039b9d\/de320618484dae54d578ab4d5a1c\" alt=\"Zdj\u0119cie produktu\" style=\"max-width:100%; height:auto; margin:10px 0;\"><\/p>\n","protected":false},"excerpt":{"rendered":"<p>Przedmiotem sprzeda\u017cy jest: Nowa Lampa Plafon z serii Diament nr kat: 299-A4 LED bezpo\u015brednio od producenta LUXOLAR Nr kat: 299-A4 LUXOLAR Idealnie pasuje do surowych czarno bia\u0142ych wn\u0119trz. Kolor konstrukcji lampy: Do wyboru &#8211; 5 kolor\u00f3w Kolor aba\u017cur\u00f3w: Do wyboru &#8211; 9 kolor\u00f3w Przeznaczona jako o\u015bwietlenie g\u0142\u00f3wne w pomieszczeniach 16-25 m2. Solida konstrukcja i \u0142atwy [&hellip;]<\/p>\n","protected":false},"featured_media":35989,"comment_status":"closed","ping_status":"open","template":"","meta":{"_acf_changed":false},"product_brand":[162],"product_cat":[2590,3500],"product_tag":[],"class_list":{"0":"post-48057","1":"product","2":"type-product","3":"status-publish","4":"has-post-thumbnail","6":"product_brand-luxolar","7":"product_cat-lamps","8":"product_cat-semi-ceiling-lights-and-ceiling-lights","9":"pa_kod-producenta-299-a4-en","10":"pa_kolor-bialy-2","11":"pa_kolor-black","12":"pa_kolor-blue","13":"pa_kolor-gray","14":"pa_kolor-green","15":"pa_kolor-orange","16":"pa_kolor-pink","17":"pa_kolor-red","18":"pa_liczba-punktow-swiatla-4-2","19":"pa_marka-luxolar","20":"pa_material-dominujacy-metal-en","21":"pa_rodzaj-ceiling","22":"pa_rodzaj-gwintu-e27-2","23":"pa_zasilanie-network","24":"pa_zawiera-baterie-no","25":"pa_zrodlo-swiatla-without-a-light-source","27":"first","28":"instock","29":"purchasable","30":"product-type-simple"},"acf":[],"aioseo_notices":[],"_links":{"self":[{"href":"https:\/\/portallamp.invette.dev\/en\/wp-json\/wp\/v2\/product\/48057","targetHints":{"allow":["GET"]}}],"collection":[{"href":"https:\/\/portallamp.invette.dev\/en\/wp-json\/wp\/v2\/product"}],"about":[{"href":"https:\/\/portallamp.invette.dev\/en\/wp-json\/wp\/v2\/types\/product"}],"replies":[{"embeddable":true,"href":"https:\/\/portallamp.invette.dev\/en\/wp-json\/wp\/v2\/comments?post=48057"}],"wp:featuredmedia":[{"embeddable":true,"href":"https:\/\/portallamp.invette.dev\/en\/wp-json\/wp\/v2\/media\/35989"}],"wp:attachment":[{"href":"https:\/\/portallamp.invette.dev\/en\/wp-json\/wp\/v2\/media?parent=48057"}],"wp:term":[{"taxonomy":"product_brand","embeddable":true,"href":"https:\/\/portallamp.invette.dev\/en\/wp-json\/wp\/v2\/product_brand?post=48057"},{"taxonomy":"product_cat","embeddable":true,"href":"https:\/\/portallamp.invette.dev\/en\/wp-json\/wp\/v2\/product_cat?post=48057"},{"taxonomy":"product_tag","embeddable":true,"href":"https:\/\/portallamp.invette.dev\/en\/wp-json\/wp\/v2\/product_tag?post=48057"}],"curies":[{"name":"wp","href":"https:\/\/api.w.org\/{rel}","templated":true}]}}