{"id":48129,"date":"2025-07-03T18:01:37","date_gmt":"2025-07-03T16:01:37","guid":{"rendered":"https:\/\/portallamp.invette.dev\/produkt\/lampa-sufitowa-zyrandol-plafon-bezowa-gray-beige-gu10-led-856-eg3-regulowan\/"},"modified":"2025-07-03T18:01:37","modified_gmt":"2025-07-03T16:01:37","slug":"lampa-sufitowa-zyrandol-plafon-bezowa-gray-beige-gu10-led-856-eg3-regulowan","status":"publish","type":"product","link":"https:\/\/portallamp.invette.dev\/en\/produkt\/lampa-sufitowa-zyrandol-plafon-bezowa-gray-beige-gu10-led-856-eg3-regulowan\/","title":{"rendered":"Lampa Sufitowa \u017byrandol Plafon Be\u017cowa Gray Beige GU10 LED 856-EG3 Regulowan"},"content":{"rendered":"<h1>Lampa Sufitowa \u017byrandol Plafon Be\u017cowa Gray Beige GU10 LED 856-EG3<\/h1>\n<p><img decoding=\"async\" src=\"https:\/\/a.allegroimg.com\/original\/11caba\/9b22cebe44089517572a1766f8a5\" alt=\"Zdj\u0119cie produktu\" style=\"max-width:100%; height:auto; margin:10px 0;\"><\/p>\n<h2>Lampa idealnie wpisuje si\u0119 w:<\/h2>\n<ul>\n<li><b>Styl nowoczesny<\/b> \u2013 dzi\u0119ki czystym liniom i minimalistycznej formie<\/li>\n<li><b>Styl skandynawski<\/b> \u2013 jasne barwy i naturalne wyko\u0144czenia<\/li>\n<li><b>Styl japandi lub soft loft<\/b> \u2013 ciep\u0142a kolorystyka i harmonijny kszta\u0142t<\/li>\n<\/ul>\n<h2>Zalecane pomieszczenia:<\/h2>\n<ul>\n<li>Jadalnia (nad sto\u0142em)<\/li>\n<li>Salon (jako o\u015bwietlenie centralne)<\/li>\n<li>Przedpok\u00f3j lub hol<\/li>\n<li>Sypialnia (jako lampa sufitowa lub w zestawie z kinkietami z tej samej serii)<\/li>\n<\/ul>\n<h2>Zalety lampy:<\/h2>\n<ul>\n<li><b>Wymienne \u017ar\u00f3d\u0142a \u015bwiat\u0142a GU10<\/b> \u2013 Szeroki zakres dost\u0119pnych mocy.<\/li>\n<li><b>Estetyczny i wygodny system monta\u017cu &#8211;<\/b> nie s\u0105 widoczne \u017cadne \u015bruby<\/li>\n<li><b>Regulowane tuby<\/b> \u2013 ustaw \u017car\u00f3wki w wybranym kierunku &#8211; stw\u00f3rz w\u0142asn\u0105 kompozycj\u0119 o\u015bwietlenia<\/li>\n<li><b>Stonowana, ponadczasowa kolorystyka<\/b> \u2013 dopasowuje si\u0119 do wi\u0119kszo\u015bci aran\u017cacji<\/li>\n<li><b>Produkt zaprojektowany i wykonany w Europie<\/b> \u2013 gwarancja jako\u015bci i trwa\u0142o\u015bci<\/li>\n<\/ul>\n<p><img decoding=\"async\" src=\"https:\/\/a.allegroimg.com\/original\/11d343\/c7dc1380478898b2b62aae630768\" alt=\"Zdj\u0119cie produktu\" style=\"max-width:100%; height:auto; margin:10px 0;\"><\/p>\n<h2>Dane techniczne:<\/h2>\n<ul>\n<li>Napi\u0119cie zasilania: ~230 V,&nbsp; 50 HZ<\/li>\n<\/ul>\n<ul>\n<li>IP20 &#8211; nie do u\u017cytku w miejscach o podwy\u017cszonej wilgotno\u015bci (Strefy: 0,1 oraz 2),<\/li>\n<\/ul>\n<ul>\n<li>Kod koloru w palecie RAL: 1019\n<p><b>Be\u017c szarawy (ang. Grey beige)<\/b><\/p>\n<p>To stonowany, elegancki odcie\u0144 be\u017cu z domieszk\u0105 szaro\u015bci \u2013 cz\u0119sto wykorzystywany w nowoczesnych i minimalistycznych aran\u017cacjach wn\u0119trz, a tak\u017ce w designie przemys\u0142owym i meblarstwie.<\/p>\n<\/li>\n<\/ul>\n<ul>\n<li>Wyprodukowana w pierwszej klasie ochronno\u015bci przed pora\u017ceniem elektrycznym,<\/li>\n<\/ul>\n<ul>\n<li>Elementy malowane metod\u0105 proszkow\u0105, trwa\u0142e &#8211; nierdzewiej\u0105ce,<\/li>\n<\/ul>\n<ul>\n<li>Z\u0142ote dodatki wykonane metod\u0105 galwanizacji &#8211; nierdzewiej\u0105ce,<\/li>\n<\/ul>\n<ul>\n<li>Monta\u017c natynkowy, lampa montowana w systemie centralnego docisku. Lampa dobrze przylega do sufitu, nie pozostawia szczeliny,<\/li>\n<\/ul>\n<ul>\n<li>\u0179r\u00f3d\u0142o \u015bwiat\u0142a: GU10 do max 15W&nbsp; &#8211; wy\u0142\u0105cznie LED<\/li>\n<\/ul>\n<ul>\n<li>Waga lampy bez \u017car\u00f3wek: 0,7 kg<\/li>\n<\/ul>\n<ul>\n<li>Certyfikaty i deklaracje: CE ; ROHS ; WEEE<\/li>\n<\/ul>\n<ul>\n<li>Producent i Podmiot odpowiedzialny na terenie UE: LUXOLAR<\/li>\n<\/ul>\n<h2>Wymiary:<\/h2>\n<p><img decoding=\"async\" src=\"https:\/\/a.allegroimg.com\/original\/117ea1\/068a92d84a1cade9f6dd6f1c56e1\" alt=\"Zdj\u0119cie produktu\" style=\"max-width:100%; height:auto; margin:10px 0;\"><\/p>\n<h2>Oznakowanie produktu:<\/h2>\n<p><img decoding=\"async\" src=\"https:\/\/a.allegroimg.com\/original\/110ed9\/6ad2d13a463884e0d79a75dae864\" alt=\"Zdj\u0119cie produktu\" style=\"max-width:100%; height:auto; margin:10px 0;\"><\/p>\n<h2>Skr\u00f3cona instrukcja monta\u017cu:<\/h2>\n<p><img decoding=\"async\" src=\"https:\/\/a.allegroimg.com\/original\/1125f8\/3e0d43fa48899618abe69e0a5d29\" alt=\"Zdj\u0119cie produktu\" style=\"max-width:100%; height:auto; margin:10px 0;\"><\/p>\n<h2>Zestaw zawiera:<\/h2>\n<ul>\n<li><b>Kompletn\u0105, z\u0142o\u017con\u0105 lamp\u0119, gotow\u0105 do monta\u017cu (klosze spakowane oddzielnie)<\/b><\/li>\n<\/ul>\n<ul>\n<li><b>Z\u0142\u0105cze elektryczne do instalacji 2-obwodowej<\/b><\/li>\n<\/ul>\n<ul>\n<li><b>Wygodny uchwyt u\u0142atwiaj\u0105cy zainstalowanie \u017car\u00f3wek<\/b><\/li>\n<\/ul>\n<ul>\n<li><b>Klient otrzyma instrukcj\u0119 obs\u0142ugi w j\u0119zyku odpowiednim dla kraju zakupu.<\/b><\/li>\n<\/ul>\n<ul>\n<li><b>Dokument zakupu<\/b><\/li>\n<\/ul>\n<ul>\n<li><b>Zestaw nie zawiera \u017car\u00f3wek oraz ko\u0142k\u00f3w monta\u017cowych &#8211; dost\u0119pne na naszych aukcjach<\/b><\/li>\n<\/ul>\n<p><img decoding=\"async\" src=\"https:\/\/a.allegroimg.com\/original\/1194b4\/fef48ac2456991af5e14131fb7ca\" alt=\"Zdj\u0119cie produktu\" style=\"max-width:100%; height:auto; margin:10px 0;\"><\/p>\n<h2>ZALECANE \u0179R\u00d3D\u0141A \u015aWIAT\u0141A:<\/h2>\n<\/p>\n<ul>\n<li>Wy\u0142\u0105cznie \u017car\u00f3wki w technologii LED<\/li>\n<li>Gwint: GU10<\/li>\n<li>Strumie\u0144 \u015bwietlny: 900 -1300 lm<\/li>\n<li>Moc pobierana z sieci: 8 -15 W<\/li>\n<li>Barwa: Neutralna (4000K)<\/li>\n<\/ul>\n<p><img decoding=\"async\" src=\"https:\/\/a.allegroimg.com\/original\/1170f8\/7c3bb91249deaece088353680775\" alt=\"Zdj\u0119cie produktu\" style=\"max-width:100%; height:auto; margin:10px 0;\"><\/p>\n<h2>Szukasz do kompletu innej podobnej lampy ?&nbsp; &#8230;<\/h2>\n<h2>Znajdziesz j\u0105 w naszych ofertach wpisuj\u0105c symbol &#8220;856&#8221; lub s\u0142owo: BOHO<\/h2>\n<p><img decoding=\"async\" src=\"https:\/\/a.allegroimg.com\/original\/1188d0\/c0545e7b4aa2a1574a723fe83f6d\" alt=\"Zdj\u0119cie produktu\" style=\"max-width:100%; height:auto; margin:10px 0;\"><br \/>\n<img decoding=\"async\" src=\"https:\/\/a.allegroimg.com\/original\/11caba\/9b22cebe44089517572a1766f8a5\" alt=\"Zdj\u0119cie produktu\" style=\"max-width:100%; height:auto; margin:10px 0;\"><br \/>\n<img decoding=\"async\" src=\"https:\/\/a.allegroimg.com\/original\/11a77d\/626a007d4d8890a4ed625682d37f\" alt=\"Zdj\u0119cie produktu\" style=\"max-width:100%; height:auto; margin:10px 0;\"><\/p>\n","protected":false},"excerpt":{"rendered":"<p>Lampa Sufitowa \u017byrandol Plafon Be\u017cowa Gray Beige GU10 LED 856-EG3 Lampa idealnie wpisuje si\u0119 w: Styl nowoczesny \u2013 dzi\u0119ki czystym liniom i minimalistycznej formie Styl skandynawski \u2013 jasne barwy i naturalne wyko\u0144czenia Styl japandi lub soft loft \u2013 ciep\u0142a kolorystyka i harmonijny kszta\u0142t Zalecane pomieszczenia: Jadalnia (nad sto\u0142em) Salon (jako o\u015bwietlenie centralne) Przedpok\u00f3j lub hol [&hellip;]<\/p>\n","protected":false},"featured_media":35038,"comment_status":"closed","ping_status":"open","template":"","meta":{"_acf_changed":false},"product_brand":[162],"product_cat":[2590,2671],"product_tag":[],"class_list":{"0":"post-48129","1":"product","2":"type-product","3":"status-publish","4":"has-post-thumbnail","6":"product_brand-luxolar","7":"product_cat-lamps","8":"product_cat-hanging-lamps","9":"pa_kat-wiercenia-360-en","10":"pa_klasa-efektywnosci-none","11":"pa_kod-producenta-856-eg3-en","12":"pa_kolekcja-856-en","13":"pa_kolor-beige","14":"pa_kolor-gold","15":"pa_liczba-punktow-swiatla-3-2","16":"pa_marka-luxolar","17":"pa_material-dominujacy-metal-en","18":"pa_max-moc-pojed-zrodla-swiatla-15-en","19":"pa_pomieszczenie-bedroom","20":"pa_pomieszczenie-dining-room","21":"pa_pomieszczenie-hallway-stairs","22":"pa_pomieszczenie-kuchnia-2","23":"pa_pomieszczenie-living-room","24":"pa_pomieszczenie-office","25":"pa_pomieszczenie-universal","26":"pa_rodzaj-gwintu-g9-en","27":"pa_rodzaj-lampy-ceiling-mounted-hanging","28":"pa_stan-original","29":"pa_zasilanie-network","30":"pa_zawiera-baterie-no","31":"pa_zrodlo-swiatla-without-a-light-source","33":"first","34":"instock","35":"purchasable","36":"product-type-simple"},"acf":[],"aioseo_notices":[],"_links":{"self":[{"href":"https:\/\/portallamp.invette.dev\/en\/wp-json\/wp\/v2\/product\/48129","targetHints":{"allow":["GET"]}}],"collection":[{"href":"https:\/\/portallamp.invette.dev\/en\/wp-json\/wp\/v2\/product"}],"about":[{"href":"https:\/\/portallamp.invette.dev\/en\/wp-json\/wp\/v2\/types\/product"}],"replies":[{"embeddable":true,"href":"https:\/\/portallamp.invette.dev\/en\/wp-json\/wp\/v2\/comments?post=48129"}],"wp:featuredmedia":[{"embeddable":true,"href":"https:\/\/portallamp.invette.dev\/en\/wp-json\/wp\/v2\/media\/35038"}],"wp:attachment":[{"href":"https:\/\/portallamp.invette.dev\/en\/wp-json\/wp\/v2\/media?parent=48129"}],"wp:term":[{"taxonomy":"product_brand","embeddable":true,"href":"https:\/\/portallamp.invette.dev\/en\/wp-json\/wp\/v2\/product_brand?post=48129"},{"taxonomy":"product_cat","embeddable":true,"href":"https:\/\/portallamp.invette.dev\/en\/wp-json\/wp\/v2\/product_cat?post=48129"},{"taxonomy":"product_tag","embeddable":true,"href":"https:\/\/portallamp.invette.dev\/en\/wp-json\/wp\/v2\/product_tag?post=48129"}],"curies":[{"name":"wp","href":"https:\/\/api.w.org\/{rel}","templated":true}]}}