{"id":48147,"date":"2025-07-03T18:01:37","date_gmt":"2025-07-03T16:01:37","guid":{"rendered":"https:\/\/portallamp.invette.dev\/produkt\/lampa-scienna-kinkiet-bezowa-ecru-zloto-1xg9-led-564-kp1-gray-beige-kula\/"},"modified":"2025-07-03T18:01:37","modified_gmt":"2025-07-03T16:01:37","slug":"lampa-scienna-kinkiet-bezowa-ecru-zloto-1xg9-led-564-kp1-gray-beige-kula","status":"publish","type":"product","link":"https:\/\/portallamp.invette.dev\/en\/produkt\/lampa-scienna-kinkiet-bezowa-ecru-zloto-1xg9-led-564-kp1-gray-beige-kula\/","title":{"rendered":"Lampa \u015acienna Kinkiet Be\u017cowa ECRU Z\u0142oto 1xG9 LED 564-KP1 Gray Beige Kula"},"content":{"rendered":"<h1>Lampa \u015acienna Kinkiet Be\u017cowa ECRU Z\u0142oto 1xG9 LED 564-KP1<\/h1>\n<p>&#8211; Wersja bez wbudowanego w\u0142\u0105cznika<\/p>\n<p><b>Kinkiet \u015bcienny z mlecznym kloszem i z\u0142otym akcentem<\/b><\/p>\n<p>Stylowy i subtelny kinkiet, kt\u00f3ry idealnie \u0142\u0105czy elegancj\u0119 z funkcjonalno\u015bci\u0105. Nowoczesna forma, inspirowana stylem mid-century modern, sprawia, \u017ce oprawa doskonale odnajdzie si\u0119 zar\u00f3wno w klasycznych, jak i wsp\u00f3\u0142czesnych aran\u017cacjach. Matowa, be\u017cowa konstrukcja w po\u0142\u0105czeniu z mlecznym, szklanym kloszem i z\u0142otym wyko\u0144czeniem tworzy harmonijn\u0105 kompozycj\u0119, kt\u00f3ra podkre\u015bli charakter ka\u017cdego wn\u0119trza.<\/p>\n<p>Lampa doskonale sprawdzi si\u0119 jako o\u015bwietlenie pomocnicze w salonie, sypialni, korytarzu czy \u0142azience \u2013 na przyk\u0142ad przy lustrze.<\/p>\n<p><img decoding=\"async\" src=\"https:\/\/a.allegroimg.com\/original\/111a5b\/5f607ea34ff6a2b99c3b291f1ae4\" alt=\"Zdj\u0119cie produktu\" style=\"max-width:100%; height:auto; margin:10px 0;\"><br \/>\n<img decoding=\"async\" src=\"https:\/\/a.allegroimg.com\/original\/11fb2f\/0157f50e4c03ad5ee535f704d1a7\" alt=\"Zdj\u0119cie produktu\" style=\"max-width:100%; height:auto; margin:10px 0;\"><\/p>\n<p>Dzi\u0119ki swojej neutralnej kolorystyce i nowoczesnej, ale ciep\u0142ej stylistyce, kinkiet doskonale wpisuje si\u0119 we wn\u0119trza w stylu:<\/p>\n<ul>\n<li><b>skandynawskim,<\/b><\/li>\n<li><b>modern&nbsp;<\/b><b>classic,<\/b><\/li>\n<li><b>japandi<\/b><\/li>\n<li><b>soft&nbsp;<\/b><b>loft<\/b>.<\/li>\n<\/ul>\n<p><img decoding=\"async\" src=\"https:\/\/a.allegroimg.com\/original\/11bded\/a36ffe23426b8aaae7c4b9f1e874\" alt=\"Zdj\u0119cie produktu\" style=\"max-width:100%; height:auto; margin:10px 0;\"><\/p>\n<p><b>Uniwersalna forma, podw\u00f3jna funkcja<\/b> \u2013 lampa zosta\u0142a zaprojektowana tak, by doskonale prezentowa\u0107 si\u0119 zar\u00f3wno jako elegancki kinkiet, jak i plafon sufitowy. Jedna oprawa \u2013 wiele mo\u017cliwo\u015bci aran\u017cacyjnych!<\/p>\n<p><img decoding=\"async\" src=\"https:\/\/a.allegroimg.com\/original\/112324\/66b38ed94ea39d4fb6a97a978828\" alt=\"Zdj\u0119cie produktu\" style=\"max-width:100%; height:auto; margin:10px 0;\"><\/p>\n<h2>Dane techniczne:<\/h2>\n<ul>\n<li>Napi\u0119cie zasilania: ~230 V,&nbsp; 50 Hz, wersja bez wbudowanego w\u0142\u0105cznika<\/li>\n<\/ul>\n<ul>\n<li>IP20 &#8211; nie do u\u017cytku w miejscach o podwy\u017cszonej wilgotno\u015bci (Strefy: 0,1 oraz 2),<\/li>\n<\/ul>\n<ul>\n<li>Kod koloru w palecie RAL: 1019\n<p><b>Be\u017c szarawy (ang. Grey beige)<\/b><\/p>\n<p>To stonowany, elegancki odcie\u0144 be\u017cu z domieszk\u0105 szaro\u015bci \u2013 cz\u0119sto wykorzystywany w nowoczesnych i minimalistycznych aran\u017cacjach wn\u0119trz, a tak\u017ce w designie przemys\u0142owym i meblarstwie.<\/p>\n<\/li>\n<\/ul>\n<ul>\n<li>Wyprodukowana w pierwszej klasie ochronno\u015bci przed pora\u017ceniem elektrycznym,<\/li>\n<\/ul>\n<ul>\n<li>Rozeta wykonana z metalu, dobrze przylega do \u015bciany, nie pozostawia szczeliny<\/li>\n<\/ul>\n<ul>\n<li>Z\u0142ote dodatki wykonane metod\u0105 galwanizacji &#8211; nierdzewiej\u0105ce,<\/li>\n<\/ul>\n<ul>\n<li>Elementy malowane metod\u0105 proszkow\u0105, trwa\u0142e &#8211; nierdzewiej\u0105ce,<\/li>\n<\/ul>\n<ul>\n<li>Monta\u017c natynkowy &#8211; dwa ko\u0142ki rozporowe (brak w zestawie, nale\u017cy dobra\u0107 w\u0142a\u015bciwe do rodzaju pod\u0142o\u017ca)<\/li>\n<\/ul>\n<ul>\n<li>Waga lampy bez \u017car\u00f3wki: 0,4 kg<\/li>\n<\/ul>\n<ul>\n<li>CE ROHS WEEE<\/li>\n<\/ul>\n<ul>\n<li>Producent i Podmiot odpowiedzialny na terenie UE: LUXOLAR<\/li>\n<\/ul>\n<h2>Wymiary:<\/h2>\n<p><img decoding=\"async\" src=\"https:\/\/a.allegroimg.com\/original\/119362\/4a1a213d4cb2b2fca78cd65c9fcb\" alt=\"Zdj\u0119cie produktu\" style=\"max-width:100%; height:auto; margin:10px 0;\"><\/p>\n<h2>Oznakowanie produktu:<\/h2>\n<p><img decoding=\"async\" src=\"https:\/\/a.allegroimg.com\/original\/11c46d\/0bb19055407d864eb8fbee2034c5\" alt=\"Zdj\u0119cie produktu\" style=\"max-width:100%; height:auto; margin:10px 0;\"><\/p>\n<h2>Skr\u00f3cona instrukcja monta\u017cu:<\/h2>\n<p><img decoding=\"async\" src=\"https:\/\/a.allegroimg.com\/original\/11d3b6\/f3f4686a4ac29d9f2ee0793f4f65\" alt=\"Zdj\u0119cie produktu\" style=\"max-width:100%; height:auto; margin:10px 0;\"><br \/>\n<img decoding=\"async\" src=\"https:\/\/a.allegroimg.com\/original\/117341\/9077f1fb470f9cfc93e7fda5e365\" alt=\"Zdj\u0119cie produktu\" style=\"max-width:100%; height:auto; margin:10px 0;\"><br \/>\n<img decoding=\"async\" src=\"https:\/\/a.allegroimg.com\/original\/11cefd\/20bb26af4cf8b3245b7121350207\" alt=\"Zdj\u0119cie produktu\" style=\"max-width:100%; height:auto; margin:10px 0;\"><\/p>\n<h2>Zestaw zawiera:<\/h2>\n<ul>\n<li><b>Kompletn\u0105, z\u0142o\u017con\u0105 lamp\u0119, gotow\u0105 do monta\u017cu (klosz spakowany oddzielnie)<\/b><\/li>\n<li><b>Z\u0142\u0105cze elektryczne<\/b><\/li>\n<li><b>Instrukcj\u0119 obs\u0142ugi<\/b><\/li>\n<li><b>Dokument zakupu<\/b><\/li>\n<li><b>Zestaw nie zawiera \u017car\u00f3wki oraz ko\u0142k\u00f3w monta\u017cowych &#8211; dost\u0119pne na naszych aukcjach<\/b><\/li>\n<\/ul>\n<p><img decoding=\"async\" src=\"https:\/\/a.allegroimg.com\/original\/110d25\/2ddcc0d44af494f482a905e4d9f9\" alt=\"Zdj\u0119cie produktu\" style=\"max-width:100%; height:auto; margin:10px 0;\"><\/p>\n<h2>Szukasz do kompletu innej podobnej lampy ?&nbsp; &#8230;<\/h2>\n<h2>Znajdziesz j\u0105 w naszych ofertach wpisuj\u0105c symbol &#8220;564&#8221; lub s\u0142owo: Be\u017cowa<\/h2>\n<p><img decoding=\"async\" src=\"https:\/\/a.allegroimg.com\/original\/119a82\/be24f99f4c63b6ad283a16dfe898\" alt=\"Zdj\u0119cie produktu\" style=\"max-width:100%; height:auto; margin:10px 0;\"><br \/>\n<img decoding=\"async\" src=\"https:\/\/a.allegroimg.com\/original\/11698c\/7ba8259f4aee8b085a3175998e0d\" alt=\"Zdj\u0119cie produktu\" style=\"max-width:100%; height:auto; margin:10px 0;\"><br \/>\n<img decoding=\"async\" src=\"https:\/\/a.allegroimg.com\/original\/11a77d\/626a007d4d8890a4ed625682d37f\" alt=\"Zdj\u0119cie produktu\" style=\"max-width:100%; height:auto; margin:10px 0;\"><\/p>\n","protected":false},"excerpt":{"rendered":"<p>Lampa \u015acienna Kinkiet Be\u017cowa ECRU Z\u0142oto 1xG9 LED 564-KP1 &#8211; Wersja bez wbudowanego w\u0142\u0105cznika Kinkiet \u015bcienny z mlecznym kloszem i z\u0142otym akcentem Stylowy i subtelny kinkiet, kt\u00f3ry idealnie \u0142\u0105czy elegancj\u0119 z funkcjonalno\u015bci\u0105. Nowoczesna forma, inspirowana stylem mid-century modern, sprawia, \u017ce oprawa doskonale odnajdzie si\u0119 zar\u00f3wno w klasycznych, jak i wsp\u00f3\u0142czesnych aran\u017cacjach. Matowa, be\u017cowa konstrukcja w [&hellip;]<\/p>\n","protected":false},"featured_media":35209,"comment_status":"closed","ping_status":"open","template":"","meta":{"_acf_changed":false},"product_brand":[162],"product_cat":[2590,2826],"product_tag":[],"class_list":{"0":"post-48147","1":"product","2":"type-product","3":"status-publish","4":"has-post-thumbnail","6":"product_brand-luxolar","7":"product_cat-lamps","8":"product_cat-wall-lamps-en","9":"pa_kod-producenta-564-kp1-en","10":"pa_kolekcja-564-en","11":"pa_kolor-beige","12":"pa_kolor-gold","13":"pa_liczba-punktow-swiatla-1-2","14":"pa_marka-luxolar","15":"pa_material-dominujacy-glass","16":"pa_max-moc-pojed-zrodla-swiatla-15-en","17":"pa_rodzaj-gwintu-g9-en","18":"pa_stan-original","19":"pa_zawiera-baterie-no","20":"pa_zrodlo-swiatla-without-a-light-source","22":"first","23":"instock","24":"purchasable","25":"product-type-simple"},"acf":[],"aioseo_notices":[],"_links":{"self":[{"href":"https:\/\/portallamp.invette.dev\/en\/wp-json\/wp\/v2\/product\/48147","targetHints":{"allow":["GET"]}}],"collection":[{"href":"https:\/\/portallamp.invette.dev\/en\/wp-json\/wp\/v2\/product"}],"about":[{"href":"https:\/\/portallamp.invette.dev\/en\/wp-json\/wp\/v2\/types\/product"}],"replies":[{"embeddable":true,"href":"https:\/\/portallamp.invette.dev\/en\/wp-json\/wp\/v2\/comments?post=48147"}],"wp:featuredmedia":[{"embeddable":true,"href":"https:\/\/portallamp.invette.dev\/en\/wp-json\/wp\/v2\/media\/35209"}],"wp:attachment":[{"href":"https:\/\/portallamp.invette.dev\/en\/wp-json\/wp\/v2\/media?parent=48147"}],"wp:term":[{"taxonomy":"product_brand","embeddable":true,"href":"https:\/\/portallamp.invette.dev\/en\/wp-json\/wp\/v2\/product_brand?post=48147"},{"taxonomy":"product_cat","embeddable":true,"href":"https:\/\/portallamp.invette.dev\/en\/wp-json\/wp\/v2\/product_cat?post=48147"},{"taxonomy":"product_tag","embeddable":true,"href":"https:\/\/portallamp.invette.dev\/en\/wp-json\/wp\/v2\/product_tag?post=48147"}],"curies":[{"name":"wp","href":"https:\/\/api.w.org\/{rel}","templated":true}]}}