{"id":48255,"date":"2025-07-03T17:57:13","date_gmt":"2025-07-03T15:57:13","guid":{"rendered":"https:\/\/portallamp.invette.dev\/produkt\/lampa-sufitowa-wiszaca-zyrandol-gold-globe-488-bz4-led-4xe27-led-regulowane\/"},"modified":"2025-07-03T17:57:13","modified_gmt":"2025-07-03T15:57:13","slug":"lampa-sufitowa-wiszaca-zyrandol-gold-globe-488-bz4-led-4xe27-led-regulowane","status":"publish","type":"product","link":"https:\/\/portallamp.invette.dev\/en\/produkt\/lampa-sufitowa-wiszaca-zyrandol-gold-globe-488-bz4-led-4xe27-led-regulowane\/","title":{"rendered":"Lampa Sufitowa Wisz\u0105ca \u017byrandol Gold Globe 488-BZ4 LED 4xE27 LED Regulowane"},"content":{"rendered":"<h1>Lampa Sufitowa Wisz\u0105ca \u017byrandol Gold Globe 488-BZ4 LED 4xE27 LED Bia\u0142o-Z\u0142ota<\/h1>\n<p>Oprawa natynkowa, metalowa maj\u0105ca zastosowanie jako o\u015bwietlenie wewn\u0119trzne, z wy\u0142\u0105czeniem miejsc o podwy\u017cszonej wilgotno\u015bci.<\/p>\n<p><img decoding=\"async\" src=\"https:\/\/a.allegroimg.com\/original\/119676\/3432f2204e409cb59da66f4a6b79\" alt=\"Zdj\u0119cie produktu\" style=\"max-width:100%; height:auto; margin:10px 0;\"><br \/>\n<img decoding=\"async\" src=\"https:\/\/a.allegroimg.com\/original\/1170dd\/86145f3249818640b6b17d4e4be4\" alt=\"Zdj\u0119cie produktu\" style=\"max-width:100%; height:auto; margin:10px 0;\"><\/p>\n<h2>Idealna do:<\/h2>\n<p>\u2705 Niedu\u017cego pokoju do 12m2, a tak\u017ce o\u015bwietli :<\/p>\n<p>\u2705 Kuchnie<\/p>\n<p>\u2705 Sypialnie<\/p>\n<p>\u2705 Pokoje dzieci\u0119ce i m\u0142odzie\u017cowe<\/p>\n<p>\u2705 Kuchenne Wyspy<\/p>\n<p>\u2705 Sto\u0142y<\/p>\n<p>\u2705 Sprawdzi si\u0119 r\u00f3wnie\u017c jako o\u015bwietlenie dekoracyjne<\/p>\n<h2>G\u0142\u00f3wne cechy produktu:<\/h2>\n<p><b>\u2705&nbsp;<\/b>Nowoczesny, minimalistyczny&nbsp; design<\/p>\n<p><b>\u2705&nbsp;<\/b>Nieskomplikowany monta\u017c<\/p>\n<p><b>\u2705&nbsp;<\/b>Elementy z\u0142ote wykonane w technologii polerowania i galwanizowania. Trwa\u0142e, nie\u0142uszcz\u0105ce.<\/p>\n<p><b>\u2705&nbsp;<\/b>Wygodna w u\u017cyciu i praktyczna w zastosowaniu &#8211; regulacja kierunku \u015bwiecenia,<\/p>\n<p><b>\u2705&nbsp;<\/b>Wykorzystuje najbardziej popularne \u017ar\u00f3d\u0142a \u015bwiat\u0142a &#8211; nie wpadniesz w pu\u0142apk\u0119 drogich \u017car\u00f3wek,<\/p>\n<p><b>\u2705&nbsp;<\/b>Wsp\u00f3\u0142pracuje z w\u0142\u0105cznikiem jedno lub dwu przyciskowym, wymaga wymiany z\u0142\u0105cza na 4-torowe.<\/p>\n<p><b>\u2705&nbsp;<\/b>Wysoka jako\u015b\u0107 oraz trwa\u0142o\u015b\u0107 &#8211; zredukowano plastik do absolutnego minimum<\/p>\n<p><img decoding=\"async\" src=\"https:\/\/a.allegroimg.com\/original\/11abd9\/6cef6e4443ce86642d9579e5f1be\" alt=\"Zdj\u0119cie produktu\" style=\"max-width:100%; height:auto; margin:10px 0;\"><\/p>\n<h2>Dane techniczne:<\/h2>\n<ul>\n<li>Napi\u0119cie zasilania: ~230 V,&nbsp; 50 HZ<\/li>\n<\/ul>\n<ul>\n<li>IP20 &#8211; nie do u\u017cytku w miejscach o podwy\u017cszonej wilgotno\u015bci (Strefy: 0,1 oraz 2),<\/li>\n<\/ul>\n<ul>\n<li>Wyprodukowana w pierwszej klasie ochronno\u015bci przed pora\u017ceniem elektrycznym,<\/li>\n<\/ul>\n<ul>\n<li>Wykonana g\u0142\u00f3wnie z metalu,<\/li>\n<\/ul>\n<ul>\n<li>Regulowana wysoko\u015b\u0107 kloszy do max 80 cm<\/li>\n<\/ul>\n<ul>\n<li>Monta\u017c natynkowy &#8211; dwa ko\u0142ki rozporowe (brak w zestawie, nale\u017cy dobra\u0107 w\u0142a\u015bciwe do rodzaju pod\u0142o\u017ca)<\/li>\n<\/ul>\n<ul>\n<li>\u0179r\u00f3d\u0142o \u015bwiat\u0142a: 4 x E27 LED do max 60W<\/li>\n<\/ul>\n<ul>\n<li>Waga lampy bez \u017car\u00f3wek: 1,2 kg<\/li>\n<\/ul>\n<ul>\n<li>Dwa obwody elektryczne, wsp\u00f3\u0142pracuje r\u00f3wnie\u017c z w\u0142\u0105cznikiem podw\u00f3jnym.<\/li>\n<\/ul>\n<ul>\n<li>CE ROHS WEEE<\/li>\n<\/ul>\n<ul>\n<li>Producent i Podmiot odpowiedzialny na terenie UE: LUXOLAR<\/li>\n<\/ul>\n<h2>Wymiary:<\/h2>\n<p><img decoding=\"async\" src=\"https:\/\/a.allegroimg.com\/original\/117b33\/ae6c39fa48439eb668fd26609841\" alt=\"Zdj\u0119cie produktu\" style=\"max-width:100%; height:auto; margin:10px 0;\"><br \/>\n<img decoding=\"async\" src=\"https:\/\/a.allegroimg.com\/original\/11c1e6\/45831b5948509d83e5938130a554\" alt=\"Zdj\u0119cie produktu\" style=\"max-width:100%; height:auto; margin:10px 0;\"><\/p>\n<h2>Oznakowanie produktu:<\/h2>\n<p><img decoding=\"async\" src=\"https:\/\/a.allegroimg.com\/original\/1118f6\/72c50f1842f48d1b2aa893fd3d87\" alt=\"Zdj\u0119cie produktu\" style=\"max-width:100%; height:auto; margin:10px 0;\"><\/p>\n<h2>Skr\u00f3cona instrukcja monta\u017cu:<\/h2>\n<p><img decoding=\"async\" src=\"https:\/\/a.allegroimg.com\/original\/11205c\/220d32d44d878cc1ac19110fd5b7\" alt=\"Zdj\u0119cie produktu\" style=\"max-width:100%; height:auto; margin:10px 0;\"><br \/>\n<img decoding=\"async\" src=\"https:\/\/a.allegroimg.com\/original\/1114be\/b70774b441feb6c6e9a91e827e38\" alt=\"Zdj\u0119cie produktu\" style=\"max-width:100%; height:auto; margin:10px 0;\"><br \/>\n<img decoding=\"async\" src=\"https:\/\/a.allegroimg.com\/original\/11abd9\/6cef6e4443ce86642d9579e5f1be\" alt=\"Zdj\u0119cie produktu\" style=\"max-width:100%; height:auto; margin:10px 0;\"><br \/>\n<img decoding=\"async\" src=\"https:\/\/a.allegroimg.com\/original\/112404\/8bb423974abba8422fec1ff01cb2\" alt=\"Zdj\u0119cie produktu\" style=\"max-width:100%; height:auto; margin:10px 0;\"><\/p>\n<h2>Zestaw zawiera:<\/h2>\n<ul>\n<li><b>Kompletn\u0105, z\u0142o\u017con\u0105 lamp\u0119, gotow\u0105 do monta\u017cu (klosze spakowane oddzielnie)<\/b><\/li>\n<li><b>Z\u0142\u0105cze 4 torowe do instalacji 2-obwodowej<\/b><\/li>\n<li><b>Instrukcj\u0119 obs\u0142ugi<\/b><\/li>\n<li><b>Dokument zakupu<\/b><\/li>\n<li><b>Zestaw nie zawiera \u017car\u00f3wek oraz ko\u0142k\u00f3w monta\u017cowych &#8211; dost\u0119pne na naszych aukcjach<\/b><\/li>\n<\/ul>\n<p><img decoding=\"async\" src=\"https:\/\/a.allegroimg.com\/original\/1140a2\/0d2aa83d4f4fb1dd434501e5b135\" alt=\"Zdj\u0119cie produktu\" style=\"max-width:100%; height:auto; margin:10px 0;\"><br \/>\n<img decoding=\"async\" src=\"https:\/\/a.allegroimg.com\/original\/11c36e\/09ea202a4f09876033f9cf8ccb0d\" alt=\"Zdj\u0119cie produktu\" style=\"max-width:100%; height:auto; margin:10px 0;\"><\/p>\n<h2>Je\u015bli szukasz do kompletu kinkietu, lub innej podobnej lampy, to&#8230;<\/h2>\n<h2>Znajdziesz j\u0105 w naszych ofertach wpisuj\u0105c symbol: 488<\/h2>\n<h2>ZALECANE \u0179R\u00d3D\u0141A \u015aWIAT\u0141A:<\/h2>\n<\/p>\n<ul>\n<li>\u017bar\u00f3wki w technologii LED typu E27 Filament<\/li>\n<li>Strumie\u0144 \u015bwietlny: 700 -1300 lm<\/li>\n<li>Zalecana moc pobierana z sieci: 8 -15 W (max 25W)<\/li>\n<li>Barwa: ciep\u0142a (3000K), Neutralna (4000K) lub zimna (6000K)<\/li>\n<\/ul>\n<p><img decoding=\"async\" src=\"https:\/\/a.allegroimg.com\/original\/1142e5\/736a2d36461bb8fea41203d3335f\" alt=\"Zdj\u0119cie produktu\" style=\"max-width:100%; height:auto; margin:10px 0;\"><br \/>\n<img decoding=\"async\" src=\"https:\/\/a.allegroimg.com\/original\/119676\/3432f2204e409cb59da66f4a6b79\" alt=\"Zdj\u0119cie produktu\" style=\"max-width:100%; height:auto; margin:10px 0;\"><br \/>\n<img decoding=\"async\" src=\"https:\/\/a.allegroimg.com\/original\/112b1a\/18c4ada344dd9e95d03f64987e15\" alt=\"Zdj\u0119cie produktu\" style=\"max-width:100%; height:auto; margin:10px 0;\"><\/p>\n","protected":false},"excerpt":{"rendered":"<p>Lampa Sufitowa Wisz\u0105ca \u017byrandol Gold Globe 488-BZ4 LED 4xE27 LED Bia\u0142o-Z\u0142ota Oprawa natynkowa, metalowa maj\u0105ca zastosowanie jako o\u015bwietlenie wewn\u0119trzne, z wy\u0142\u0105czeniem miejsc o podwy\u017cszonej wilgotno\u015bci. Idealna do: \u2705 Niedu\u017cego pokoju do 12m2, a tak\u017ce o\u015bwietli : \u2705 Kuchnie \u2705 Sypialnie \u2705 Pokoje dzieci\u0119ce i m\u0142odzie\u017cowe \u2705 Kuchenne Wyspy \u2705 Sto\u0142y \u2705 Sprawdzi si\u0119 r\u00f3wnie\u017c jako [&hellip;]<\/p>\n","protected":false},"featured_media":33359,"comment_status":"closed","ping_status":"open","template":"","meta":{"_acf_changed":false},"product_brand":[162],"product_cat":[2590,2671],"product_tag":[],"class_list":{"0":"post-48255","1":"product","2":"type-product","3":"status-publish","4":"has-post-thumbnail","6":"product_brand-luxolar","7":"product_cat-lamps","8":"product_cat-hanging-lamps","9":"pa_kat-wiercenia-350-en","10":"pa_klasa-efektywnosci-a-en","11":"pa_kod-producenta-488-bz4-en","12":"pa_kolekcja-488-en","13":"pa_kolor-bialy-2","14":"pa_liczba-punktow-swiatla-4-2","15":"pa_marka-luxolar","16":"pa_material-dominujacy-metal-en","17":"pa_max-moc-pojed-zrodla-swiatla-60-2","18":"pa_pomieszczenie-bedroom","19":"pa_pomieszczenie-childrens-room","20":"pa_pomieszczenie-dining-room","21":"pa_pomieszczenie-hallway-stairs","22":"pa_pomieszczenie-kuchnia-2","23":"pa_pomieszczenie-living-room","24":"pa_pomieszczenie-office","25":"pa_pomieszczenie-universal","26":"pa_rodzaj-gwintu-e27-2","27":"pa_rodzaj-lampy-ceiling-mounted-hanging","28":"pa_stan-original","29":"pa_zasilanie-network","30":"pa_zawiera-baterie-no","31":"pa_zrodlo-swiatla-without-a-light-source","33":"first","34":"instock","35":"purchasable","36":"product-type-simple"},"acf":[],"aioseo_notices":[],"_links":{"self":[{"href":"https:\/\/portallamp.invette.dev\/en\/wp-json\/wp\/v2\/product\/48255","targetHints":{"allow":["GET"]}}],"collection":[{"href":"https:\/\/portallamp.invette.dev\/en\/wp-json\/wp\/v2\/product"}],"about":[{"href":"https:\/\/portallamp.invette.dev\/en\/wp-json\/wp\/v2\/types\/product"}],"replies":[{"embeddable":true,"href":"https:\/\/portallamp.invette.dev\/en\/wp-json\/wp\/v2\/comments?post=48255"}],"wp:featuredmedia":[{"embeddable":true,"href":"https:\/\/portallamp.invette.dev\/en\/wp-json\/wp\/v2\/media\/33359"}],"wp:attachment":[{"href":"https:\/\/portallamp.invette.dev\/en\/wp-json\/wp\/v2\/media?parent=48255"}],"wp:term":[{"taxonomy":"product_brand","embeddable":true,"href":"https:\/\/portallamp.invette.dev\/en\/wp-json\/wp\/v2\/product_brand?post=48255"},{"taxonomy":"product_cat","embeddable":true,"href":"https:\/\/portallamp.invette.dev\/en\/wp-json\/wp\/v2\/product_cat?post=48255"},{"taxonomy":"product_tag","embeddable":true,"href":"https:\/\/portallamp.invette.dev\/en\/wp-json\/wp\/v2\/product_tag?post=48255"}],"curies":[{"name":"wp","href":"https:\/\/api.w.org\/{rel}","templated":true}]}}