{"id":48267,"date":"2025-07-03T17:57:13","date_gmt":"2025-07-03T15:57:13","guid":{"rendered":"https:\/\/portallamp.invette.dev\/produkt\/lampa-nocna-stolowa-z-wlacznikiem-na-stolik-488-l1-led-e27-styl-glamour\/"},"modified":"2025-07-03T17:57:13","modified_gmt":"2025-07-03T15:57:13","slug":"lampa-nocna-stolowa-z-wlacznikiem-na-stolik-488-l1-led-e27-styl-glamour","status":"publish","type":"product","link":"https:\/\/portallamp.invette.dev\/en\/produkt\/lampa-nocna-stolowa-z-wlacznikiem-na-stolik-488-l1-led-e27-styl-glamour\/","title":{"rendered":"Lampa Nocna Sto\u0142owa z w\u0142\u0105cznikiem na Stolik 488-L1 LED E27 Styl GLAMOUR"},"content":{"rendered":"<h1>Lampa Nocna Sto\u0142owa z w\u0142\u0105cznikiem na Stolik 488-L1 LED E27 Styl GLAMOUR<\/h1>\n<p><img decoding=\"async\" src=\"https:\/\/a.allegroimg.com\/original\/118861\/c0b348fc4f8faad89875d95ebe0b\" alt=\"Zdj\u0119cie produktu\" style=\"max-width:100%; height:auto; margin:10px 0;\"><br \/>\n<img decoding=\"async\" src=\"https:\/\/a.allegroimg.com\/original\/113e08\/49e52b4243b3a4bd1fff37195fec\" alt=\"Zdj\u0119cie produktu\" style=\"max-width:100%; height:auto; margin:10px 0;\"><\/p>\n<h2>G\u0142\u00f3wne cechy produktu:<\/h2>\n<p><b>\u2705<\/b> Idealna do pomieszcze\u0144 w stylu <b>GLAMOUR<\/b><\/p>\n<p><b>\u2705&nbsp;<\/b>Lekka, \u0142atwo przeno\u015bna, nie zajmuje du\u017co miejsca<\/p>\n<p><b>\u2705 W\u0142\u0105cznik wbudowany w przew\u00f3d zasilaj\u0105cy.<\/b><\/p>\n<p><b>\u2705&nbsp;<\/b>Lamp\u0119 charakteryzuje wysoka jako\u015b\u0107 oraz trwa\u0142o\u015b\u0107<\/p>\n<p><b>\u2705<\/b>&nbsp;Szybki i prosty demonta\u017c klosza&nbsp; &#8211; istotne przy jego czyszczeniu lub wymianie \u017car\u00f3wki<\/p>\n<p><b>\u2705&nbsp;<\/b>Wykorzystuje najbardziej popularne \u017ar\u00f3d\u0142a \u015bwiat\u0142a &#8211; nie wpadniesz w pu\u0142apk\u0119 drogich \u017car\u00f3wek,<\/p>\n<p><b>\u2705&nbsp;<\/b>Elementy z\u0142ote wykonane w technologii polerowania i galwanizowania. Trwa\u0142e, nie\u0142uszcz\u0105ce.<\/p>\n<p><b>\u2705&nbsp;<\/b>Produkt Polski, CE Producent: LUXOLAR<\/p>\n<h2>Wymiary:<\/h2>\n<p><img decoding=\"async\" src=\"https:\/\/a.allegroimg.com\/original\/110445\/126cf715423194a11d08c2007a6e\" alt=\"Zdj\u0119cie produktu\" style=\"max-width:100%; height:auto; margin:10px 0;\"><\/p>\n<h2>Dane techniczne:<\/h2>\n<ul>\n<li>Napi\u0119cie zasilania: ~230 V,&nbsp; 50 HZ<\/li>\n<\/ul>\n<ul>\n<li>IP20 &#8211; nie do u\u017cytku w miejscach o podwy\u017cszonej wilgotno\u015bci (Strefy: 0,1 oraz 2),<\/li>\n<\/ul>\n<ul>\n<li>Wyprodukowana w drugiej klasie ochronno\u015bci przed pora\u017ceniem elektrycznym,<\/li>\n<\/ul>\n<ul>\n<li>Wykonana g\u0142\u00f3wnie z metalu,<\/li>\n<\/ul>\n<ul>\n<li>\u0179r\u00f3d\u0142o \u015bwiat\u0142a: Typ E27 LED do max 60W<\/li>\n<\/ul>\n<ul>\n<li>Waga lampy bez \u017car\u00f3wek: 0,54 kg<\/li>\n<\/ul>\n<ul>\n<li>CE ROHS WEEE<\/li>\n<\/ul>\n<ul>\n<li>Producent i Podmiot odpowiedzialny na terenie UE: LUXOLAR<\/li>\n<\/ul>\n<p><img decoding=\"async\" src=\"https:\/\/a.allegroimg.com\/original\/116472\/f9d62d414b9a9bf8affaf4ed8c8d\" alt=\"Zdj\u0119cie produktu\" style=\"max-width:100%; height:auto; margin:10px 0;\"><\/p>\n<h2>Oznakowanie produktu:<\/h2>\n<p><img decoding=\"async\" src=\"https:\/\/a.allegroimg.com\/original\/11005d\/5126b5194d35ae9d1e798e15e827\" alt=\"Zdj\u0119cie produktu\" style=\"max-width:100%; height:auto; margin:10px 0;\"><\/p>\n<h2>Skr\u00f3cona instrukcja monta\u017cu:<\/h2>\n<p><img decoding=\"async\" src=\"https:\/\/a.allegroimg.com\/original\/115714\/094132114ef0b6f84a255dbd0df2\" alt=\"Zdj\u0119cie produktu\" style=\"max-width:100%; height:auto; margin:10px 0;\"><br \/>\n<img decoding=\"async\" src=\"https:\/\/a.allegroimg.com\/original\/11397d\/b2b1d2a24fe4ac09b31b23ec3252\" alt=\"Zdj\u0119cie produktu\" style=\"max-width:100%; height:auto; margin:10px 0;\"><\/p>\n<h2>Zestaw zawiera:<\/h2>\n<ul>\n<li><b>Kompletn\u0105 z\u0142o\u017con\u0105 lamp\u0119, gotow\u0105 do u\u017cytku (klosz spakowany oddzielnie)<\/b><\/li>\n<\/ul>\n<ul>\n<li><b>Instrukcj\u0119 obs\u0142ugi obowi\u0105zuj\u0105c\u0105 w kraju zakupu<\/b><\/li>\n<\/ul>\n<ul>\n<li><b>Dokument zakupu w j\u0119zyku polskim lub angielskim<\/b><\/li>\n<\/ul>\n<ul>\n<li><b>Nie zawiera \u017car\u00f3wki &#8211; zach\u0119camy do zakupu w zestawie.<\/b><\/li>\n<\/ul>\n<p><img decoding=\"async\" src=\"https:\/\/a.allegroimg.com\/original\/11c36e\/09ea202a4f09876033f9cf8ccb0d\" alt=\"Zdj\u0119cie produktu\" style=\"max-width:100%; height:auto; margin:10px 0;\"><\/p>\n<h2>Je\u015bli szukasz do kompletu kinkietu, lub innej podobnej lampy, to&#8230;<\/h2>\n<h2>Znajdziesz j\u0105 w naszych ofertach wpisuj\u0105c symbol: 488<\/h2>\n<h2>ZALECANE \u0179R\u00d3D\u0141A \u015aWIAT\u0141A:<\/h2>\n<\/p>\n<ul>\n<li>\u017bar\u00f3wki w technologii LED typu E27 Filament<\/li>\n<li>Strumie\u0144 \u015bwietlny: 700 -1300 lm<\/li>\n<li>Zalecana moc pobierana z sieci: 8 -15 W (max 25W)<\/li>\n<li>Barwa: ciep\u0142a (3000K), Neutralna (4000K) lub zimna (6000K)<\/li>\n<\/ul>\n<p><img decoding=\"async\" src=\"https:\/\/a.allegroimg.com\/original\/1142e5\/736a2d36461bb8fea41203d3335f\" alt=\"Zdj\u0119cie produktu\" style=\"max-width:100%; height:auto; margin:10px 0;\"><br \/>\n<img decoding=\"async\" src=\"https:\/\/a.allegroimg.com\/original\/118861\/c0b348fc4f8faad89875d95ebe0b\" alt=\"Zdj\u0119cie produktu\" style=\"max-width:100%; height:auto; margin:10px 0;\"><br \/>\n<img decoding=\"async\" src=\"https:\/\/a.allegroimg.com\/original\/112b1a\/18c4ada344dd9e95d03f64987e15\" alt=\"Zdj\u0119cie produktu\" style=\"max-width:100%; height:auto; margin:10px 0;\"><\/p>\n","protected":false},"excerpt":{"rendered":"<p>Lampa Nocna Sto\u0142owa z w\u0142\u0105cznikiem na Stolik 488-L1 LED E27 Styl GLAMOUR G\u0142\u00f3wne cechy produktu: \u2705 Idealna do pomieszcze\u0144 w stylu GLAMOUR \u2705&nbsp;Lekka, \u0142atwo przeno\u015bna, nie zajmuje du\u017co miejsca \u2705 W\u0142\u0105cznik wbudowany w przew\u00f3d zasilaj\u0105cy. \u2705&nbsp;Lamp\u0119 charakteryzuje wysoka jako\u015b\u0107 oraz trwa\u0142o\u015b\u0107 \u2705&nbsp;Szybki i prosty demonta\u017c klosza&nbsp; &#8211; istotne przy jego czyszczeniu lub wymianie \u017car\u00f3wki \u2705&nbsp;Wykorzystuje [&hellip;]<\/p>\n","protected":false},"featured_media":33559,"comment_status":"closed","ping_status":"open","template":"","meta":{"_acf_changed":false},"product_brand":[162],"product_cat":[2590,2769],"product_tag":[],"class_list":{"0":"post-48267","1":"product","2":"type-product","3":"status-publish","4":"has-post-thumbnail","6":"product_brand-luxolar","7":"product_cat-lamps","8":"product_cat-table-lamps","9":"pa_kat-wiercenia-360-en","10":"pa_klasa-efektywnosci-a-en","11":"pa_kod-producenta-488-l1-en","12":"pa_kolekcja-488-en","13":"pa_kolor-bialy-2","14":"pa_kolor-yellow","15":"pa_liczba-punktow-swiatla-1-2","16":"pa_marka-luxolar","17":"pa_max-moc-pojed-zrodla-swiatla-60-2","18":"pa_rodzaj-gwintu-e27-2","19":"pa_stan-original","20":"pa_zasilanie-network","21":"pa_zawiera-baterie-no","22":"pa_zrodlo-swiatla-without-a-light-source","24":"first","25":"instock","26":"purchasable","27":"product-type-simple"},"acf":[],"aioseo_notices":[],"_links":{"self":[{"href":"https:\/\/portallamp.invette.dev\/en\/wp-json\/wp\/v2\/product\/48267","targetHints":{"allow":["GET"]}}],"collection":[{"href":"https:\/\/portallamp.invette.dev\/en\/wp-json\/wp\/v2\/product"}],"about":[{"href":"https:\/\/portallamp.invette.dev\/en\/wp-json\/wp\/v2\/types\/product"}],"replies":[{"embeddable":true,"href":"https:\/\/portallamp.invette.dev\/en\/wp-json\/wp\/v2\/comments?post=48267"}],"wp:featuredmedia":[{"embeddable":true,"href":"https:\/\/portallamp.invette.dev\/en\/wp-json\/wp\/v2\/media\/33559"}],"wp:attachment":[{"href":"https:\/\/portallamp.invette.dev\/en\/wp-json\/wp\/v2\/media?parent=48267"}],"wp:term":[{"taxonomy":"product_brand","embeddable":true,"href":"https:\/\/portallamp.invette.dev\/en\/wp-json\/wp\/v2\/product_brand?post=48267"},{"taxonomy":"product_cat","embeddable":true,"href":"https:\/\/portallamp.invette.dev\/en\/wp-json\/wp\/v2\/product_cat?post=48267"},{"taxonomy":"product_tag","embeddable":true,"href":"https:\/\/portallamp.invette.dev\/en\/wp-json\/wp\/v2\/product_tag?post=48267"}],"curies":[{"name":"wp","href":"https:\/\/api.w.org\/{rel}","templated":true}]}}