{"id":48507,"date":"2025-07-03T17:44:16","date_gmt":"2025-07-03T15:44:16","guid":{"rendered":"https:\/\/portallamp.invette.dev\/produkt\/kinkiet-lampa-scienna-classic-spot-czarna-zlota-482-k1-led-e27\/"},"modified":"2025-07-03T17:44:16","modified_gmt":"2025-07-03T15:44:16","slug":"kinkiet-lampa-scienna-classic-spot-czarna-zlota-482-k1-led-e27","status":"publish","type":"product","link":"https:\/\/portallamp.invette.dev\/en\/produkt\/kinkiet-lampa-scienna-classic-spot-czarna-zlota-482-k1-led-e27\/","title":{"rendered":"Kinkiet Lampa \u015bcienna Classic Spot Czarna Z\u0142ota 482-K1 LED E27"},"content":{"rendered":"<h1>Kinkiet &#8211; Lampa \u015bcienna Classic Spot &#8211; z serii nowoczesnych lamp i kinkiet\u00f3w.<\/h1>\n<p>Oprawa natynkowa, metalowa maj\u0105ca zastosowanie jako o\u015bwietlenie wewn\u0119trzne, z wy\u0142\u0105czeniem miejsc o podwy\u017cszonej wilgotno\u015bci.<\/p>\n<p><img decoding=\"async\" src=\"https:\/\/a.allegroimg.com\/original\/11d960\/191dec974f46b0d95c465f1e381b\" alt=\"Zdj\u0119cie produktu\" style=\"max-width:100%; height:auto; margin:10px 0;\"><br \/>\n<img decoding=\"async\" src=\"https:\/\/a.allegroimg.com\/original\/115b38\/8d2a162d46efa196933ea68a5431\" alt=\"Zdj\u0119cie produktu\" style=\"max-width:100%; height:auto; margin:10px 0;\"><\/p>\n<h2>Lampa w nowoczesnym kszta\u0142cie w po\u0142\u0105czeniu z klasycznymi \u017car\u00f3wkami.<\/h2>\n<p><img decoding=\"async\" src=\"https:\/\/a.allegroimg.com\/original\/11c50b\/c0ea899348c28d0d16df17cba2a0\" alt=\"Zdj\u0119cie produktu\" style=\"max-width:100%; height:auto; margin:10px 0;\"><br \/>\n<img decoding=\"async\" src=\"https:\/\/a.allegroimg.com\/original\/11d773\/f423f49e4eaaaef8c6860c502c02\" alt=\"Zdj\u0119cie produktu\" style=\"max-width:100%; height:auto; margin:10px 0;\"><\/p>\n<h2>Idealna do:<\/h2>\n<p>\u2705 O\u015bwietlenia Lustra \/ obrazu &#8211; montowany po jego obu stronach<\/p>\n<p>\u2705 Loftowych wn\u0119trz &#8211; dobrze komponuje si\u0119 z drewnem i metalem<\/p>\n<p>\u2705 Sypialni jako typowy kinkiet montowany w pobli\u017cu \u0142\u00f3\u017cka<\/p>\n<p>\u2705 Mo\u017ce s\u0142u\u017cy\u0107 jako plafon<\/p>\n<h2>G\u0142\u00f3wne cechy produktu:<\/h2>\n<p><b>\u2705&nbsp;<\/b>Najnowszy design &#8211; produkt z katalogu na rok 2024<\/p>\n<p><b>\u2705&nbsp;<\/b>Wygodna w u\u017cyciu i praktyczna w zastosowaniu &#8211; ustaw klosz w dowolnym kierunku.<\/p>\n<p><b>\u2705&nbsp;<\/b>Polerowane z\u0142oto na tle czarnej konstrukcji daje ciekawy efekt wizualny<\/p>\n<p><b>\u2705&nbsp;<\/b>Wersja bez wbudowanego w\u0142\u0105cznika<\/p>\n<p><b>\u2705&nbsp;<\/b>Lamp\u0119 charakteryzuje wysoka jako\u015b\u0107 oraz trwa\u0142o\u015b\u0107 &#8211; zbudowana w 95% z metalu.<\/p>\n<p><b>\u2705<\/b>&nbsp;Szybki i prosty demonta\u017c kloszy co jest bardzo istotne przy czyszczeniu lampy lub wymianie \u017car\u00f3wki<\/p>\n<p><b>\u2705&nbsp;<\/b>Produkt Polski, CE Producent: LUXOLAR<\/p>\n<p><b><\/b><\/p>\n<p><b>Parametry techniczne:<\/b><\/p>\n<p><b><\/b><\/p>\n<ul>\n<li>Dominuj\u0105cy materia\u0142 konstrukcji: Metal<\/li>\n<\/ul>\n<ul>\n<li>Kolor konstrukcji: Czarny matowy \u0142\u0105czony ze z\u0142otymi, polerowanymi dodatkami<\/li>\n<\/ul>\n<ul>\n<li>\u015arednica klosza: 12 cm<\/li>\n<\/ul>\n<ul>\n<li>IP 20, Klasa I<\/li>\n<\/ul>\n<ul>\n<li><b>\u0179r\u00f3d\u0142o \u015bwiat\u0142a:<\/b> \u017bar\u00f3wki energooszcz\u0119dne z gwintem E27 do Max 60W<\/li>\n<\/ul>\n<ul>\n<li><b>Zasilanie:<\/b> ~230 [V] \/ bezpo\u015brednie z sieci, &#8211; brak wbudowanego w\u0142\u0105cznika<\/li>\n<\/ul>\n<ul>\n<li>Lampa z polskiej dystrybucji, wyprodukowana w Polsce &#8211; gwarantowany szybki dost\u0119p do serwisu i cz\u0119\u015bci zapasowych<\/li>\n<\/ul>\n<ul>\n<li><b>Wersja w pe\u0142ni z\u0142o\u017cona &#8211; nie jest to chi\u0144ski zestaw do samodzielnego monta\u017cu<\/b><\/li>\n<\/ul>\n<p><img decoding=\"async\" src=\"https:\/\/a.allegroimg.com\/original\/118c9b\/a0b730b94dfeac6dd4878973c270\" alt=\"Zdj\u0119cie produktu\" style=\"max-width:100%; height:auto; margin:10px 0;\"><br \/>\n<img decoding=\"async\" src=\"https:\/\/a.allegroimg.com\/original\/11aa51\/1ba38ea24193bd76fbf8076108b4\" alt=\"Zdj\u0119cie produktu\" style=\"max-width:100%; height:auto; margin:10px 0;\"><\/p>\n<h2>Zestaw zawiera:<\/h2>\n<ul>\n<li><b>Kompletn\u0105, z\u0142o\u017con\u0105 lamp\u0119 &#8211; wystarczy zamontowa\u0107 klosz<\/b><\/li>\n<li><b>Kostk\u0119 przy\u0142\u0105czeniow\u0105,<\/b><\/li>\n<li><b>Instrukcj\u0119 obs\u0142ugi,<\/b><\/li>\n<li><b>Dokument zakupu,<\/b><\/li>\n<\/ul>\n<p><b>Zestaw nie zawiera \u017car\u00f3wki, a tak\u017ce ko\u0142k\u00f3w rozporowych&nbsp; (nale\u017cy dobra\u0107 odpowiednie do sufitu).<\/b><\/p>\n<p><img decoding=\"async\" src=\"https:\/\/a.allegroimg.com\/original\/1180cb\/d6b9de424dbd9b62eb9ae585b6a7\" alt=\"Zdj\u0119cie produktu\" style=\"max-width:100%; height:auto; margin:10px 0;\"><\/p>\n<h2>ZALECANE \u0179R\u00d3D\u0141A \u015aWIAT\u0141A:<\/h2>\n<\/p>\n<ul>\n<li>\u017bar\u00f3wki LED typ E27<\/li>\n<li>Strumie\u0144 \u015bwietlny: 500 -1300 lm<\/li>\n<li>Moc pobierana z sieci: 4 -15 W<\/li>\n<li>Barwa: ciep\u0142a (3000K), Neutralna (4000K)&nbsp; lub zimna (6000K)<\/li>\n<\/ul>\n<p><b>\u017bar\u00f3wka nie wchodzi w sk\u0142ad zestawu<\/b><\/p>\n<p><img decoding=\"async\" src=\"https:\/\/a.allegroimg.com\/original\/11c051\/dc7751e647f3848211eb9cb01c1f\" alt=\"Zdj\u0119cie produktu\" style=\"max-width:100%; height:auto; margin:10px 0;\"><br \/>\n<img decoding=\"async\" src=\"https:\/\/a.allegroimg.com\/original\/11a77d\/626a007d4d8890a4ed625682d37f\" alt=\"Zdj\u0119cie produktu\" style=\"max-width:100%; height:auto; margin:10px 0;\"><\/p>\n","protected":false},"excerpt":{"rendered":"<p>Kinkiet &#8211; Lampa \u015bcienna Classic Spot &#8211; z serii nowoczesnych lamp i kinkiet\u00f3w. Oprawa natynkowa, metalowa maj\u0105ca zastosowanie jako o\u015bwietlenie wewn\u0119trzne, z wy\u0142\u0105czeniem miejsc o podwy\u017cszonej wilgotno\u015bci. Lampa w nowoczesnym kszta\u0142cie w po\u0142\u0105czeniu z klasycznymi \u017car\u00f3wkami. Idealna do: \u2705 O\u015bwietlenia Lustra \/ obrazu &#8211; montowany po jego obu stronach \u2705 Loftowych wn\u0119trz &#8211; dobrze komponuje [&hellip;]<\/p>\n","protected":false},"featured_media":29476,"comment_status":"closed","ping_status":"open","template":"","meta":{"_acf_changed":false},"product_brand":[162],"product_cat":[2590,7362],"product_tag":[],"class_list":{"0":"post-48507","1":"product","2":"type-product","3":"status-publish","4":"has-post-thumbnail","6":"product_brand-luxolar","7":"product_cat-lamps","8":"product_cat-wall-lamps","9":"pa_kod-producenta-482-k1-en","10":"pa_kolekcja-482-en","11":"pa_kolor-black","12":"pa_kolor-yellow","13":"pa_liczba-punktow-swiatla-1-2","14":"pa_marka-luxolar","15":"pa_material-dominujacy-metal-en","16":"pa_max-moc-pojed-zrodla-swiatla-60-2","17":"pa_rodzaj-gwintu-e27-2","18":"pa_zawiera-baterie-no","19":"pa_zrodlo-swiatla-without-a-light-source","21":"first","22":"instock","23":"purchasable","24":"product-type-simple"},"acf":[],"aioseo_notices":[],"_links":{"self":[{"href":"https:\/\/portallamp.invette.dev\/en\/wp-json\/wp\/v2\/product\/48507","targetHints":{"allow":["GET"]}}],"collection":[{"href":"https:\/\/portallamp.invette.dev\/en\/wp-json\/wp\/v2\/product"}],"about":[{"href":"https:\/\/portallamp.invette.dev\/en\/wp-json\/wp\/v2\/types\/product"}],"replies":[{"embeddable":true,"href":"https:\/\/portallamp.invette.dev\/en\/wp-json\/wp\/v2\/comments?post=48507"}],"wp:featuredmedia":[{"embeddable":true,"href":"https:\/\/portallamp.invette.dev\/en\/wp-json\/wp\/v2\/media\/29476"}],"wp:attachment":[{"href":"https:\/\/portallamp.invette.dev\/en\/wp-json\/wp\/v2\/media?parent=48507"}],"wp:term":[{"taxonomy":"product_brand","embeddable":true,"href":"https:\/\/portallamp.invette.dev\/en\/wp-json\/wp\/v2\/product_brand?post=48507"},{"taxonomy":"product_cat","embeddable":true,"href":"https:\/\/portallamp.invette.dev\/en\/wp-json\/wp\/v2\/product_cat?post=48507"},{"taxonomy":"product_tag","embeddable":true,"href":"https:\/\/portallamp.invette.dev\/en\/wp-json\/wp\/v2\/product_tag?post=48507"}],"curies":[{"name":"wp","href":"https:\/\/api.w.org\/{rel}","templated":true}]}}