{"id":48633,"date":"2025-07-03T17:36:03","date_gmt":"2025-07-03T15:36:03","guid":{"rendered":"https:\/\/portallamp.invette.dev\/produkt\/zarowka-ozdobna-led-e27-4w-filament-edison-4000k\/"},"modified":"2025-07-03T17:36:03","modified_gmt":"2025-07-03T15:36:03","slug":"zarowka-ozdobna-led-e27-4w-filament-edison-4000k","status":"publish","type":"product","link":"https:\/\/portallamp.invette.dev\/en\/produkt\/zarowka-ozdobna-led-e27-4w-filament-edison-4000k\/","title":{"rendered":"\u017bAR\u00d3WKA OZDOBNA LED E27 4W FILAMENT Edison 4000K"},"content":{"rendered":"<h1>\u017bAR\u00d3WKA OZDOBNA LED E27 4W FILAMENT Edison 4000K Bia\u0142y Neutralny<\/h1>\n<p><img decoding=\"async\" src=\"https:\/\/a.allegroimg.com\/original\/11d12a\/40eafafb4d1986a6b186bf340849\" alt=\"Zdj\u0119cie produktu\" style=\"max-width:100%; height:auto; margin:10px 0;\"><\/p>\n<h1>Parametry techniczne:<\/h1>\n<ul>\n<li>model: <b>Filament&nbsp;<\/b><b>E27 4 W<\/b><\/li>\n<li>rodzaj trzonka: <b>E27<\/b><\/li>\n<li>barwa \u015bwiat\u0142a:&nbsp;<b> Neutralna Bia\u0142a 4000K<\/b><\/li>\n<li>napi\u0119cie zasilania: <b>230V AC<\/b><\/li>\n<li>moc: 4<b>&nbsp;<\/b><b>W<\/b><\/li>\n<li>strumie\u0144 \u015bwietlny: <b>480lm<\/b><\/li>\n<li>k\u0105t \u015bwiecenia: <b>270\u00b0<\/b><\/li>\n<li>\u015brednica: <b>60mm<\/b><\/li>\n<li>wysoko\u015b\u0107: <b>105mm<\/b><\/li>\n<li>Wsp\u00f3\u0142czynnik oddawania barw CRI: <b>Ra &gt; 80<\/b><\/li>\n<li>Wsp\u00f3\u0142czynnik mocy: <b>&gt;0.5<\/b><\/li>\n<li>Nominalny okres trwa\u0142o\u015bci: <b>30<\/b><b>&nbsp;000h<\/b><\/li>\n<li><b>Producent: LUXOLAR<\/b><\/li>\n<\/ul>\n<p><b>Zgodnie z dyrektyw\u0105 UE 2019 \/ 2015 od 1 wrze\u015bnia nast\u0119puje zmiana oznacze\u0144 klas energetycznych stosowanych w \u017ar\u00f3d\u0142ach \u015bwiat\u0142a.<\/b><\/p>\n<p><b>W zwi\u0105zku z tym dotychczasowe klasy A++ A+ A zosta\u0142y zast\u0105pione klasami E, F, G<\/b><\/p>\n<p><b>Oferowana \u017car\u00f3wka posiada etykiet\u0119 energetyczn\u0105 dostosowan\u0105 do nowej dyrektywy.<\/b><\/p>\n<h1>\u0179r\u00f3d\u0142o \u015bwiat\u0142a typu LED FILAMENT:<\/h1>\n<p>\u017bar\u00f3wki LED z w\u0142\u00f3knem typu FILAMENT &#8211;&nbsp; cechuje wysoka wydajno\u015b\u0107 oraz estetyka po\u0142\u0105czona z niskim zu\u017cyciem energii.<\/p>\n<p>\u017bar\u00f3wka to nie tylko \u017ar\u00f3d\u0142o \u015bwiata, ale tak\u017ce wa\u017cny wizualny szczeg\u00f3\u0142 w lampie.<\/p>\n<p><img decoding=\"async\" src=\"https:\/\/6.allegroimg.com\/original\/03ef9f\/afb7949049a491e9a24e9a8b71c6\" alt=\"Zdj\u0119cie produktu\" style=\"max-width:100%; height:auto; margin:10px 0;\"><\/p>\n","protected":false},"excerpt":{"rendered":"<p>\u017bAR\u00d3WKA OZDOBNA LED E27 4W FILAMENT Edison 4000K Bia\u0142y Neutralny Parametry techniczne: model: Filament&nbsp;E27 4 W rodzaj trzonka: E27 barwa \u015bwiat\u0142a:&nbsp; Neutralna Bia\u0142a 4000K napi\u0119cie zasilania: 230V AC moc: 4&nbsp;W strumie\u0144 \u015bwietlny: 480lm k\u0105t \u015bwiecenia: 270\u00b0 \u015brednica: 60mm wysoko\u015b\u0107: 105mm Wsp\u00f3\u0142czynnik oddawania barw CRI: Ra &gt; 80 Wsp\u00f3\u0142czynnik mocy: &gt;0.5 Nominalny okres trwa\u0142o\u015bci: 30&nbsp;000h Producent: [&hellip;]<\/p>\n","protected":false},"featured_media":26650,"comment_status":"closed","ping_status":"open","template":"","meta":{"_acf_changed":false},"product_brand":[162],"product_cat":[3728],"product_tag":[],"class_list":{"0":"post-48633","1":"product","2":"type-product","3":"status-publish","4":"has-post-thumbnail","6":"product_brand-luxolar","7":"product_cat-light-sources","8":"pa_barwa-neutral-white","9":"pa_jasnosc-480-en","10":"pa_kat-wiercenia-270-en","11":"pa_klasa-efektywnosci-e-en","12":"pa_kod-producenta-1659278-en","13":"pa_kolor-szkla-transparent","14":"pa_ksztalt-spherical","15":"pa_ksztalt-traditional-light-bulb","16":"pa_marka-luxolar","17":"pa_min-liczba-cykli-wlaczen-25000-en","18":"pa_moc-4-en","19":"pa_napiecie-230v-en","20":"pa_rodzaj-led-en","21":"pa_rodzaj-gwintu-e27-2","22":"pa_stan-original","23":"pa_temperatura-barwowa-4000-en","24":"pa_trwalosc-30000-en","25":"pa_wskaznik-barw-81-en","26":"pa_zawiera-baterie-no","28":"first","29":"instock","30":"purchasable","31":"product-type-simple"},"acf":[],"aioseo_notices":[],"_links":{"self":[{"href":"https:\/\/portallamp.invette.dev\/en\/wp-json\/wp\/v2\/product\/48633","targetHints":{"allow":["GET"]}}],"collection":[{"href":"https:\/\/portallamp.invette.dev\/en\/wp-json\/wp\/v2\/product"}],"about":[{"href":"https:\/\/portallamp.invette.dev\/en\/wp-json\/wp\/v2\/types\/product"}],"replies":[{"embeddable":true,"href":"https:\/\/portallamp.invette.dev\/en\/wp-json\/wp\/v2\/comments?post=48633"}],"wp:featuredmedia":[{"embeddable":true,"href":"https:\/\/portallamp.invette.dev\/en\/wp-json\/wp\/v2\/media\/26650"}],"wp:attachment":[{"href":"https:\/\/portallamp.invette.dev\/en\/wp-json\/wp\/v2\/media?parent=48633"}],"wp:term":[{"taxonomy":"product_brand","embeddable":true,"href":"https:\/\/portallamp.invette.dev\/en\/wp-json\/wp\/v2\/product_brand?post=48633"},{"taxonomy":"product_cat","embeddable":true,"href":"https:\/\/portallamp.invette.dev\/en\/wp-json\/wp\/v2\/product_cat?post=48633"},{"taxonomy":"product_tag","embeddable":true,"href":"https:\/\/portallamp.invette.dev\/en\/wp-json\/wp\/v2\/product_tag?post=48633"}],"curies":[{"name":"wp","href":"https:\/\/api.w.org\/{rel}","templated":true}]}}