{"id":48636,"date":"2025-07-03T17:36:03","date_gmt":"2025-07-03T15:36:03","guid":{"rendered":"https:\/\/portallamp.invette.dev\/produkt\/zarowka-led-smd-gu10-9w-3000k-biala-ciepla\/"},"modified":"2025-07-03T17:36:03","modified_gmt":"2025-07-03T15:36:03","slug":"zarowka-led-smd-gu10-9w-3000k-biala-ciepla","status":"publish","type":"product","link":"https:\/\/portallamp.invette.dev\/en\/produkt\/zarowka-led-smd-gu10-9w-3000k-biala-ciepla\/","title":{"rendered":"\u017bAR\u00d3WKA LED SMD GU10 9W 3000K Bia\u0142a Ciep\u0142a"},"content":{"rendered":"<h1>\u017bAR\u00d3WKA LED SMD GU10 9W 3000K Bia\u0142a Ciep\u0142a<\/h1>\n<p><img decoding=\"async\" src=\"https:\/\/a.allegroimg.com\/original\/11aace\/8457a8d54a97903d30f034c55b40\" alt=\"Zdj\u0119cie produktu\" style=\"max-width:100%; height:auto; margin:10px 0;\"><\/p>\n<h2>Parametry techniczne:<\/h2>\n<ul>\n<li>rodzaj trzonka: <b>GU10<\/b><\/li>\n<li>barwa \u015bwiat\u0142a:&nbsp;<b> bia\u0142a ciep\u0142a 3000K<\/b><\/li>\n<li>napi\u0119cie zasilania: <b>230V AC<\/b><\/li>\n<li>moc: <b>9W<\/b><\/li>\n<li>strumie\u0144 \u015bwietlny: <b>760 lm<\/b><\/li>\n<li>efektywno\u015b\u0107 energetyczna: <b>F<\/b><\/li>\n<li>\u015brednica: <b>50mm<\/b><\/li>\n<li>wysoko\u015b\u0107: <b>57mm<\/b><\/li>\n<li>Wsp\u00f3\u0142czynnik oddawania barw CRI: <b>Ra &gt; 80<\/b><\/li>\n<li>Wsp\u00f3\u0142czynnik mocy: <b>&gt;0.5<\/b><\/li>\n<li>Skuteczno\u015b\u0107 \u015bwietlna:&nbsp;<b>81,25 lm\/W<\/b><\/li>\n<li>Nominalny okres trwa\u0142o\u015bci:<b> 17 000<\/b><b>h<\/b><\/li>\n<li>Ilo\u015b\u0107 cykli w\u0142\u0105cz\/wy\u0142\u0105cz: <b>15 000<\/b><\/li>\n<\/ul>\n<p><img decoding=\"async\" src=\"https:\/\/a.allegroimg.com\/original\/11f596\/99c5bc224ea98e121bb5312bcc48\" alt=\"Zdj\u0119cie produktu\" style=\"max-width:100%; height:auto; margin:10px 0;\"><\/p>\n","protected":false},"excerpt":{"rendered":"<p>\u017bAR\u00d3WKA LED SMD GU10 9W 3000K Bia\u0142a Ciep\u0142a Parametry techniczne: rodzaj trzonka: GU10 barwa \u015bwiat\u0142a:&nbsp; bia\u0142a ciep\u0142a 3000K napi\u0119cie zasilania: 230V AC moc: 9W strumie\u0144 \u015bwietlny: 760 lm efektywno\u015b\u0107 energetyczna: F \u015brednica: 50mm wysoko\u015b\u0107: 57mm Wsp\u00f3\u0142czynnik oddawania barw CRI: Ra &gt; 80 Wsp\u00f3\u0142czynnik mocy: &gt;0.5 Skuteczno\u015b\u0107 \u015bwietlna:&nbsp;81,25 lm\/W Nominalny okres trwa\u0142o\u015bci: 17 000h Ilo\u015b\u0107 cykli [&hellip;]<\/p>\n","protected":false},"featured_media":26653,"comment_status":"closed","ping_status":"open","template":"","meta":{"_acf_changed":false},"product_brand":[162],"product_cat":[3728],"product_tag":[],"class_list":{"0":"post-48636","1":"product","2":"type-product","3":"status-publish","4":"has-post-thumbnail","6":"product_brand-luxolar","7":"product_cat-light-sources","8":"pa_barwa-warm-white","9":"pa_jasnosc-760-en","10":"pa_klasa-efektywnosci-f-en","11":"pa_kod-producenta-1659287-en","12":"pa_kolor-szkla-milk","13":"pa_ksztalt-other","14":"pa_ksztalt-reflector","15":"pa_ksztalt-round","16":"pa_marka-luxolar","17":"pa_moc-9-en","18":"pa_napiecie-230v-en","19":"pa_rodzaj-led-en","20":"pa_rodzaj-gwintu-gu10-en","21":"pa_temperatura-barwowa-3000-en","22":"pa_trwalosc-17000-en","23":"pa_zawiera-baterie-no","25":"first","26":"instock","27":"purchasable","28":"product-type-simple"},"acf":[],"aioseo_notices":[],"_links":{"self":[{"href":"https:\/\/portallamp.invette.dev\/en\/wp-json\/wp\/v2\/product\/48636","targetHints":{"allow":["GET"]}}],"collection":[{"href":"https:\/\/portallamp.invette.dev\/en\/wp-json\/wp\/v2\/product"}],"about":[{"href":"https:\/\/portallamp.invette.dev\/en\/wp-json\/wp\/v2\/types\/product"}],"replies":[{"embeddable":true,"href":"https:\/\/portallamp.invette.dev\/en\/wp-json\/wp\/v2\/comments?post=48636"}],"wp:featuredmedia":[{"embeddable":true,"href":"https:\/\/portallamp.invette.dev\/en\/wp-json\/wp\/v2\/media\/26653"}],"wp:attachment":[{"href":"https:\/\/portallamp.invette.dev\/en\/wp-json\/wp\/v2\/media?parent=48636"}],"wp:term":[{"taxonomy":"product_brand","embeddable":true,"href":"https:\/\/portallamp.invette.dev\/en\/wp-json\/wp\/v2\/product_brand?post=48636"},{"taxonomy":"product_cat","embeddable":true,"href":"https:\/\/portallamp.invette.dev\/en\/wp-json\/wp\/v2\/product_cat?post=48636"},{"taxonomy":"product_tag","embeddable":true,"href":"https:\/\/portallamp.invette.dev\/en\/wp-json\/wp\/v2\/product_tag?post=48636"}],"curies":[{"name":"wp","href":"https:\/\/api.w.org\/{rel}","templated":true}]}}