{"id":48849,"date":"2025-07-03T17:32:45","date_gmt":"2025-07-03T15:32:45","guid":{"rendered":"https:\/\/portallamp.invette.dev\/produkt\/lampa-sufitowa-zyrandol-biala-zlota-roller-bz3-led\/"},"modified":"2025-07-03T17:32:45","modified_gmt":"2025-07-03T15:32:45","slug":"lampa-sufitowa-zyrandol-biala-zlota-roller-bz3-led","status":"publish","type":"product","link":"https:\/\/portallamp.invette.dev\/en\/produkt\/lampa-sufitowa-zyrandol-biala-zlota-roller-bz3-led\/","title":{"rendered":"Lampa Sufitowa \u017byrandol Bia\u0142a Z\u0142ota Roller BZ3 LED"},"content":{"rendered":"<h1>Elegancka lampa wisz\u0105ca sufitowa ROLLER-BZ3 Luxolar<\/h1>\n<p>Oprawa sufitowa natynkowa, metalowa maj\u0105ca zastosowanie jako o\u015bwietlenie wewn\u0119trzne.<\/p>\n<p><img decoding=\"async\" src=\"https:\/\/a.allegroimg.com\/original\/110650\/844c31dd43f79e88ce69fe82fb5e\" alt=\"Zdj\u0119cie produktu\" style=\"max-width:100%; height:auto; margin:10px 0;\"><br \/>\n<img decoding=\"async\" src=\"https:\/\/a.allegroimg.com\/original\/117f4d\/e454b381433f9f28295ca2abbc47\" alt=\"Zdj\u0119cie produktu\" style=\"max-width:100%; height:auto; margin:10px 0;\"><br \/>\n<img decoding=\"async\" src=\"https:\/\/a.allegroimg.com\/original\/11b425\/8ee79451483e8d382d06e1f4ec8c\" alt=\"Zdj\u0119cie produktu\" style=\"max-width:100%; height:auto; margin:10px 0;\"><\/p>\n<h2>Idealna do:<\/h2>\n<p>\u2705 Niedu\u017cego pokoju (do 18m2)<\/p>\n<p>\u2705 Kuchni<\/p>\n<p>\u2705 Sypialni<\/p>\n<p>\u2705 Przedpokoju<\/p>\n<p>\u2705 Korytarzu<\/p>\n<h2>G\u0142\u00f3wne cechy produktu:<\/h2>\n<p><b>\u2705&nbsp;<\/b>Lampa wyposa\u017cona w bardzo modne oraz praktyczne metalowe klosze w kszta\u0142cie walca<\/p>\n<p><b>\u2705 <\/b>Modna kolorystyka: Biel \u0142\u0105czona ze z\u0142otem wpisuj\u0105 si\u0119 w jeden z g\u0142\u00f3wnych trend\u00f3w w o\u015bwietleniu.<\/p>\n<p>\u2705 Z\u0142ote elementy wykonane w technologii pr\u00f3\u017cniowej.<\/p>\n<p><b>\u2705&nbsp;<\/b>Lamp\u0119 charakteryzuje wysoka jako\u015b\u0107 oraz trwa\u0142o\u015b\u0107.<\/p>\n<p><b>\u2705&nbsp;<\/b>\u0141atwy monta\u017c oraz dost\u0119p do cz\u0119\u015bci zamiennych &#8211; kupujesz u Polskiego producenta.<\/p>\n<h2>Konstrukcja lampy umo\u017cliwia regulacj\u0119 wysoko\u015bci kloszy (przed monta\u017cem).<\/h2>\n<p>Regulacja wysoko\u015bci znacz\u0105co poprawia funkcjonalno\u015b\u0107 lampy, a tak\u017ce poszerza jej praktyczne u\u017cycie. Sam zdecyduj, czy lampa b\u0119dzie s\u0142u\u017cy\u0142a Ci jako plafon czy te\u017c lampa wisz\u0105ca.<\/p>\n<p><img decoding=\"async\" src=\"https:\/\/a.allegroimg.com\/original\/11698f\/8a012bfb4c32b813d35e8b1bdba4\" alt=\"Zdj\u0119cie produktu\" style=\"max-width:100%; height:auto; margin:10px 0;\"><\/p>\n<p><b><\/b><\/p>\n<p><b>Parametry techniczne:<\/b><\/p>\n<p><b><\/b><\/p>\n<ul>\n<li>Dominuj\u0105cy materia\u0142 konstrukcji: Metal<\/li>\n<\/ul>\n<ul>\n<li>Kolor konstrukcji: Bia\u0142y g\u0142adki \u0142\u0105czony z galwanizowanym z\u0142otym.<\/li>\n<\/ul>\n<ul>\n<li>\u015arednica kloszy: 12 cm<\/li>\n<\/ul>\n<ul>\n<li>Lampa obs\u0142uguje wszystkie \u017car\u00f3wki z gwintem typu&nbsp;<b>E27 do max 60 wat\u00f3w.<\/b><\/li>\n<\/ul>\n<ul>\n<li>IP 20, Klasa I<\/li>\n<\/ul>\n<ul>\n<li><b>\u0179r\u00f3d\u0142o \u015bwiat\u0142a:<\/b> E-27 &#8211; zalecane LED<\/li>\n<\/ul>\n<ul>\n<li><b>Zasilanie:<\/b> ~230 [V] \/ bezpo\u015brednie z sieci, dwa niezale\u017cne obwody elektryczne, w\u0142\u0105czanie 2 + 1&nbsp; lub trzy \u017car\u00f3wki jednocze\u015bnie<\/li>\n<\/ul>\n<ul>\n<li>Lampa z polskiej dystrybucji, wyprodukowana w Polsce &#8211; gwarantowany szybki dost\u0119p do serwisu i cz\u0119\u015bci zapasowych<\/li>\n<\/ul>\n<ul>\n<li>Szukasz kinkietu lub lampki nocnej pasuj\u0105cej do tej lampy? Znajdziesz je w naszych ofertach<\/li>\n<\/ul>\n<ul>\n<li><b>Wersja w pe\u0142ni z\u0142o\u017cona &#8211; nie jest to chi\u0144ski zestaw do samodzielnego monta\u017cu<\/b><\/li>\n<\/ul>\n<h2>Wymiary:<\/h2>\n<p><img decoding=\"async\" src=\"https:\/\/a.allegroimg.com\/original\/119f36\/f8bde4de487484985b297307438f\" alt=\"Zdj\u0119cie produktu\" style=\"max-width:100%; height:auto; margin:10px 0;\"><br \/>\n<img decoding=\"async\" src=\"https:\/\/a.allegroimg.com\/original\/114fa5\/954d7404488792fbc7f84bb02018\" alt=\"Zdj\u0119cie produktu\" style=\"max-width:100%; height:auto; margin:10px 0;\"><\/p>\n<h2>Zestaw zawiera:<\/h2>\n<ul>\n<li><b>Kompletn\u0105, z\u0142o\u017con\u0105 lamp\u0119 &#8211; wystarczy tylko zamontowa\u0107&nbsp; klosze wg powy\u017cszego schematu<\/b><\/li>\n<li><b>Kostk\u0119 przy\u0142\u0105czeniow\u0105<\/b><\/li>\n<li><b>Instrukcj\u0119 obs\u0142ugi<\/b><\/li>\n<li><b>Dokument zakupu<\/b><\/li>\n<\/ul>\n<p><b>Zestaw nie zawiera \u017car\u00f3wek ani ko\u0142k\u00f3w rozporowych&nbsp; (nale\u017cy dobra\u0107 odpowiednie do sufitu)<\/b><\/p>\n<p><img decoding=\"async\" src=\"https:\/\/a.allegroimg.com\/original\/1171ee\/3f86a96d41c0a3027e05c69e8ce2\" alt=\"Zdj\u0119cie produktu\" style=\"max-width:100%; height:auto; margin:10px 0;\"><br \/>\n<img decoding=\"async\" src=\"https:\/\/a.allegroimg.com\/original\/112e92\/bb23feec45fca7f5e2b92c80d006\" alt=\"Zdj\u0119cie produktu\" style=\"max-width:100%; height:auto; margin:10px 0;\"><br \/>\n<img decoding=\"async\" src=\"https:\/\/a.allegroimg.com\/original\/11ffb4\/241922194d40a7d5b59c88456657\" alt=\"Zdj\u0119cie produktu\" style=\"max-width:100%; height:auto; margin:10px 0;\"><br \/>\n<img decoding=\"async\" src=\"https:\/\/a.allegroimg.com\/original\/11a77d\/626a007d4d8890a4ed625682d37f\" alt=\"Zdj\u0119cie produktu\" style=\"max-width:100%; height:auto; margin:10px 0;\"><\/p>\n","protected":false},"excerpt":{"rendered":"<p>Elegancka lampa wisz\u0105ca sufitowa ROLLER-BZ3 Luxolar Oprawa sufitowa natynkowa, metalowa maj\u0105ca zastosowanie jako o\u015bwietlenie wewn\u0119trzne. Idealna do: \u2705 Niedu\u017cego pokoju (do 18m2) \u2705 Kuchni \u2705 Sypialni \u2705 Przedpokoju \u2705 Korytarzu G\u0142\u00f3wne cechy produktu: \u2705&nbsp;Lampa wyposa\u017cona w bardzo modne oraz praktyczne metalowe klosze w kszta\u0142cie walca \u2705 Modna kolorystyka: Biel \u0142\u0105czona ze z\u0142otem wpisuj\u0105 si\u0119 w [&hellip;]<\/p>\n","protected":false},"featured_media":25596,"comment_status":"closed","ping_status":"open","template":"","meta":{"_acf_changed":false},"product_brand":[162],"product_cat":[2590,2671],"product_tag":[],"class_list":{"0":"post-48849","1":"product","2":"type-product","3":"status-publish","4":"has-post-thumbnail","6":"product_brand-luxolar","7":"product_cat-lamps","8":"product_cat-hanging-lamps","9":"pa_kod-producenta-lampa-sufitowa-370-bz3-en","10":"pa_kolekcja-370-en","11":"pa_kolor-bialy-2","12":"pa_kolor-yellow","13":"pa_liczba-punktow-swiatla-3-2","14":"pa_marka-luxolar","15":"pa_material-dominujacy-metal-en","16":"pa_max-moc-pojed-zrodla-swiatla-60-2","17":"pa_pomieszczenie-bedroom","18":"pa_pomieszczenie-childrens-room","19":"pa_pomieszczenie-dining-room","20":"pa_pomieszczenie-hallway-stairs","21":"pa_pomieszczenie-kuchnia-2","22":"pa_pomieszczenie-living-room","23":"pa_pomieszczenie-office","24":"pa_pomieszczenie-universal","25":"pa_rodzaj-gwintu-e27-2","26":"pa_rodzaj-lampy-ceiling-mounted-hanging","27":"pa_zasilanie-network","28":"pa_zawiera-baterie-no","29":"pa_zrodlo-swiatla-without-a-light-source","31":"first","32":"instock","33":"purchasable","34":"product-type-simple"},"acf":[],"aioseo_notices":[],"_links":{"self":[{"href":"https:\/\/portallamp.invette.dev\/en\/wp-json\/wp\/v2\/product\/48849","targetHints":{"allow":["GET"]}}],"collection":[{"href":"https:\/\/portallamp.invette.dev\/en\/wp-json\/wp\/v2\/product"}],"about":[{"href":"https:\/\/portallamp.invette.dev\/en\/wp-json\/wp\/v2\/types\/product"}],"replies":[{"embeddable":true,"href":"https:\/\/portallamp.invette.dev\/en\/wp-json\/wp\/v2\/comments?post=48849"}],"wp:featuredmedia":[{"embeddable":true,"href":"https:\/\/portallamp.invette.dev\/en\/wp-json\/wp\/v2\/media\/25596"}],"wp:attachment":[{"href":"https:\/\/portallamp.invette.dev\/en\/wp-json\/wp\/v2\/media?parent=48849"}],"wp:term":[{"taxonomy":"product_brand","embeddable":true,"href":"https:\/\/portallamp.invette.dev\/en\/wp-json\/wp\/v2\/product_brand?post=48849"},{"taxonomy":"product_cat","embeddable":true,"href":"https:\/\/portallamp.invette.dev\/en\/wp-json\/wp\/v2\/product_cat?post=48849"},{"taxonomy":"product_tag","embeddable":true,"href":"https:\/\/portallamp.invette.dev\/en\/wp-json\/wp\/v2\/product_tag?post=48849"}],"curies":[{"name":"wp","href":"https:\/\/api.w.org\/{rel}","templated":true}]}}