{"id":48945,"date":"2025-07-03T17:24:19","date_gmt":"2025-07-03T15:24:19","guid":{"rendered":"https:\/\/portallamp.invette.dev\/produkt\/lampa-wiszaca-sufitowa-zyrandol-czarna-zlota-kule-2\/"},"modified":"2025-07-03T17:24:19","modified_gmt":"2025-07-03T15:24:19","slug":"lampa-wiszaca-sufitowa-zyrandol-czarna-zlota-kule-2","status":"publish","type":"product","link":"https:\/\/portallamp.invette.dev\/en\/produkt\/lampa-wiszaca-sufitowa-zyrandol-czarna-zlota-kule-2\/","title":{"rendered":"LAMPA WISZ\u0104CA SUFITOWA \u017bYRANDOL Czarna Z\u0141OTA KULE"},"content":{"rendered":"<h1>Designerska lampa wisz\u0105ca \u017cyrandol w kolorze czarno-z\u0142otym z bia\u0142ymi kloszami w kszta\u0142cie kuli.<\/h1>\n<h2>Idealna do:<\/h2>\n<p>\u2705 Pokoju o powierzchni do 10 m2<\/p>\n<p>\u2705 Nad st\u00f3\u0142,<\/p>\n<p>\u2705 Kuchni<\/p>\n<p>\u2705 Jadalni<\/p>\n<p>\u2705 Tak\u017ce jako o\u015bwietlenie dekoracyjne, akcentowe<\/p>\n<p><img decoding=\"async\" src=\"https:\/\/a.allegroimg.com\/original\/11f881\/b7a60fcd4bd18e7e5dae56a186d1\" alt=\"Zdj\u0119cie produktu\" style=\"max-width:100%; height:auto; margin:10px 0;\"><br \/>\n<img decoding=\"async\" src=\"https:\/\/a.allegroimg.com\/original\/11c3ee\/fc7e3b5d4ebf8a0a789ef65c06f6\" alt=\"Zdj\u0119cie produktu\" style=\"max-width:100%; height:auto; margin:10px 0;\"><\/p>\n<h2>Uniwersalny styl lampy sprawia, \u017ce pasuje ona do wn\u0119trz urz\u0105dzonych w r\u00f3\u017cnym stylu.<\/h2>\n<p>Szczeg\u00f3lnie dobrze prezentuje si\u0119 w pomieszczeniach o charakterze minimalistycznym oraz skandynawskim.<\/p>\n<p><b><\/b><\/p>\n<p><b>G\u0141\u00d3WNE CECHY LAMPY:<\/b><\/p>\n<p><b><\/b><\/p>\n<ul>\n<li>Materia\u0142 konstrukcji: Metal<\/li>\n<\/ul>\n<ul>\n<li>Kolor konstrukcji: Czarny \u0142\u0105czony ze z\u0142otymi dodatkami<\/li>\n<\/ul>\n<ul>\n<li>Materia\u0142 kloszy: Szk\u0142o<\/li>\n<\/ul>\n<ul>\n<li>Kolor kloszy: Bia\u0142y matowy<\/li>\n<\/ul>\n<ul>\n<li>Uniwersalny styl &#8211; &nbsp;\u0142atwo wkomponuje si\u0119 w uk\u0142ad mieszkania o charakterze skandynawskim lub minimalistycznym<\/li>\n<\/ul>\n<ul>\n<li>Szerokie zastosowanie: <b>pokoje do 12m2, kuchnie, wyspy, sto\u0142y w jadalni&#8230;<\/b><\/li>\n<\/ul>\n<ul>\n<li>Lampa z polskiej dystrybucji, wyprodukowana w Polsce &#8211; gwarantowany szybki dost\u0119p do serwisu i cz\u0119\u015bci zapasowych<\/li>\n<\/ul>\n<ul>\n<li>\u017byrandol pochodzi z szerszej rodziny lamp &#8211; bez problemu dokupisz do kompletu kinkiet czy lampk\u0119 nocn\u0105<\/li>\n<\/ul>\n<h2>Wymiary:<\/h2>\n<p><img decoding=\"async\" src=\"https:\/\/a.allegroimg.com\/original\/11552f\/699341a648f48c52db2f00be3d32\" alt=\"Zdj\u0119cie produktu\" style=\"max-width:100%; height:auto; margin:10px 0;\"><\/p>\n<h2>Dane techniczne:<\/h2>\n<\/p>\n<ul>\n<li><b>Zasilanie:<\/b> ~230 [V] \/ bezpo\u015brednie z sieci<\/li>\n<li><b>\u0179r\u00f3d\u0142o \u015bwiat\u0142a:<\/b> \u017bar\u00f3wki typu LED z trzonkiem G9 o mocy do max 15W. Zalecane 10W 1000lm<\/li>\n<li><b>Spos\u00f3b monta\u017cu:<\/b>&nbsp;Dwa ko\u0142ki rozporowe<\/li>\n<li><b>IP 20, Klasa I<\/b><\/li>\n<li><b>Zestaw nie zawiera \u017car\u00f3wek oraz ko\u0142k\u00f3w rozporowych do monta\u017cu<\/b><\/li>\n<li><b>Producent:&nbsp;<\/b>LUXOLAR Polska<\/li>\n<\/ul>\n<p><img decoding=\"async\" src=\"https:\/\/a.allegroimg.com\/original\/11ce05\/d89de3194407942de81fefcad1c8\" alt=\"Zdj\u0119cie produktu\" style=\"max-width:100%; height:auto; margin:10px 0;\"><\/p>\n<h2>Zestaw zawiera:<\/h2>\n<ul>\n<li><b>Kompletn\u0105, z\u0142o\u017con\u0105 lamp\u0119<\/b><\/li>\n<li><b>Kostk\u0119 elektryczn\u0105, przy\u0142\u0105czeniow\u0105<\/b><\/li>\n<li><b>Instrukcj\u0119 obs\u0142ugi<\/b><\/li>\n<li><b>Dokument zakupu<\/b><\/li>\n<\/ul>\n<p><b>Zestaw nie zawiera \u017car\u00f3wek ani ko\u0142k\u00f3w rozporowych (nale\u017cy dobra\u0107 odpowiednie do rodzaju pod\u0142o\u017ca sufitu: ceg\u0142a, p\u0142yta G-K&#8230;)<\/b><\/p>\n<h2>ZALECANE \u0179R\u00d3D\u0141A \u015aWIAT\u0141A:<\/h2>\n<\/p>\n<ul>\n<li>\u017bar\u00f3wki LED z trzonkiem G-9<\/li>\n<li>Strumie\u0144 \u015bwietlny: 700 -1300 lm<\/li>\n<li>Moc pobierana z sieci: 8 -12 W<\/li>\n<li>Barwa: ciep\u0142a (3000K), Neutralna (4000K)&nbsp; lub zimna (6000K)<\/li>\n<\/ul>\n<p><b>\u017bar\u00f3wki nie wchodz\u0105 w sk\u0142ad zestawu<\/b><\/p>\n<p><img decoding=\"async\" src=\"https:\/\/a.allegroimg.com\/original\/113245\/52cc7a1f4713a959558b8ffb1c04\" alt=\"Zdj\u0119cie produktu\" style=\"max-width:100%; height:auto; margin:10px 0;\"><\/p>\n<p>Aran\u017cacje:<\/p>\n<p><img decoding=\"async\" src=\"https:\/\/a.allegroimg.com\/original\/118043\/35ea5d2149aa96a4ab1adea0a502\" alt=\"Zdj\u0119cie produktu\" style=\"max-width:100%; height:auto; margin:10px 0;\"><br \/>\n<img decoding=\"async\" src=\"https:\/\/a.allegroimg.com\/original\/119841\/c08b153d4152b1f2d4eac32a0a47\" alt=\"Zdj\u0119cie produktu\" style=\"max-width:100%; height:auto; margin:10px 0;\"><br \/>\n<img decoding=\"async\" src=\"https:\/\/a.allegroimg.com\/original\/11a77d\/626a007d4d8890a4ed625682d37f\" alt=\"Zdj\u0119cie produktu\" style=\"max-width:100%; height:auto; margin:10px 0;\"><\/p>\n","protected":false},"excerpt":{"rendered":"<p>Designerska lampa wisz\u0105ca \u017cyrandol w kolorze czarno-z\u0142otym z bia\u0142ymi kloszami w kszta\u0142cie kuli. Idealna do: \u2705 Pokoju o powierzchni do 10 m2 \u2705 Nad st\u00f3\u0142, \u2705 Kuchni \u2705 Jadalni \u2705 Tak\u017ce jako o\u015bwietlenie dekoracyjne, akcentowe Uniwersalny styl lampy sprawia, \u017ce pasuje ona do wn\u0119trz urz\u0105dzonych w r\u00f3\u017cnym stylu. Szczeg\u00f3lnie dobrze prezentuje si\u0119 w pomieszczeniach o [&hellip;]<\/p>\n","protected":false},"featured_media":23265,"comment_status":"closed","ping_status":"open","template":"","meta":{"_acf_changed":false},"product_brand":[162],"product_cat":[2590,2671],"product_tag":[],"class_list":{"0":"post-48945","1":"product","2":"type-product","3":"status-publish","4":"has-post-thumbnail","6":"product_brand-luxolar","7":"product_cat-lamps","8":"product_cat-hanging-lamps","9":"pa_kod-producenta-962-ap2-czarna-zlote-kule-en","10":"pa_kolekcja-962-en","11":"pa_kolor-black","12":"pa_kolor-yellow","13":"pa_liczba-punktow-swiatla-2-2","14":"pa_marka-luxolar","15":"pa_material-dominujacy-metal-en","16":"pa_max-moc-pojed-zrodla-swiatla-15-en","17":"pa_pomieszczenie-bedroom","18":"pa_pomieszczenie-childrens-room","19":"pa_pomieszczenie-dining-room","20":"pa_pomieszczenie-hallway-stairs","21":"pa_pomieszczenie-kuchnia-2","22":"pa_pomieszczenie-living-room","23":"pa_pomieszczenie-office","24":"pa_pomieszczenie-universal","25":"pa_rodzaj-gwintu-g9-en","26":"pa_rodzaj-lampy-ceiling-mounted-hanging","27":"pa_zasilanie-network","28":"pa_zawiera-baterie-no","29":"pa_zrodlo-swiatla-without-a-light-source","31":"first","32":"instock","33":"purchasable","34":"product-type-simple"},"acf":[],"aioseo_notices":[],"_links":{"self":[{"href":"https:\/\/portallamp.invette.dev\/en\/wp-json\/wp\/v2\/product\/48945","targetHints":{"allow":["GET"]}}],"collection":[{"href":"https:\/\/portallamp.invette.dev\/en\/wp-json\/wp\/v2\/product"}],"about":[{"href":"https:\/\/portallamp.invette.dev\/en\/wp-json\/wp\/v2\/types\/product"}],"replies":[{"embeddable":true,"href":"https:\/\/portallamp.invette.dev\/en\/wp-json\/wp\/v2\/comments?post=48945"}],"wp:featuredmedia":[{"embeddable":true,"href":"https:\/\/portallamp.invette.dev\/en\/wp-json\/wp\/v2\/media\/23265"}],"wp:attachment":[{"href":"https:\/\/portallamp.invette.dev\/en\/wp-json\/wp\/v2\/media?parent=48945"}],"wp:term":[{"taxonomy":"product_brand","embeddable":true,"href":"https:\/\/portallamp.invette.dev\/en\/wp-json\/wp\/v2\/product_brand?post=48945"},{"taxonomy":"product_cat","embeddable":true,"href":"https:\/\/portallamp.invette.dev\/en\/wp-json\/wp\/v2\/product_cat?post=48945"},{"taxonomy":"product_tag","embeddable":true,"href":"https:\/\/portallamp.invette.dev\/en\/wp-json\/wp\/v2\/product_tag?post=48945"}],"curies":[{"name":"wp","href":"https:\/\/api.w.org\/{rel}","templated":true}]}}