{"id":49008,"date":"2025-07-03T17:22:03","date_gmt":"2025-07-03T15:22:03","guid":{"rendered":"https:\/\/portallamp.invette.dev\/produkt\/oslonka-abazur-do-lamp-kinkietow-glamour-947-e27\/"},"modified":"2025-07-03T17:22:03","modified_gmt":"2025-07-03T15:22:03","slug":"oslonka-abazur-do-lamp-kinkietow-glamour-947-e27","status":"publish","type":"product","link":"https:\/\/portallamp.invette.dev\/en\/produkt\/oslonka-abazur-do-lamp-kinkietow-glamour-947-e27\/","title":{"rendered":"Os\u0142onka Aba\u017cur do Lamp Kinkiet\u00f3w GLAMOUR 947 E27"},"content":{"rendered":"<h1>Przedmiot sprzeda\u017cy:<\/h1>\n<h1>Os\u0142onka \u017car\u00f3wki przeznaczona do lamp z serii 947 firmy LUXOLAR<\/h1>\n<p><img decoding=\"async\" src=\"https:\/\/a.allegroimg.com\/original\/11fb4c\/7385725044b89abe4eb6628beeb5\" alt=\"Zdj\u0119cie produktu\" style=\"max-width:100%; height:auto; margin:10px 0;\"><\/p>\n<h1>Os\u0142onka t\u0142umi intensywno\u015b\u0107 \u015bwiat\u0142a \u017car\u00f3wki tworz\u0105c ciep\u0142y i przytulny klimat oraz wprowadza bardzo ciekaw\u0105 zmian\u0119 w og\u00f3lnym designie lampy<\/h1>\n<p><img decoding=\"async\" src=\"https:\/\/a.allegroimg.com\/original\/11ab8e\/439450b743da9d25ef3cc5613977\" alt=\"Zdj\u0119cie produktu\" style=\"max-width:100%; height:auto; margin:10px 0;\"><\/p>\n<h1>Opis:<\/h1>\n<ul>\n<li><b>materia\u0142:&nbsp;<\/b>od \u015brodka PCV, na zewn\u0105trz materia\u0142<\/li>\n<li><b>kolor:&nbsp;<\/b>bia\u0142y<\/li>\n<li><b>obs\u0142ugiwane \u017car\u00f3wki:&nbsp;<\/b>E27 do max 60W<\/li>\n<li><b>\u015brednica otworu pod oprawk\u0119:<\/b>&nbsp;42 mm<\/li>\n<li><b>wymiary:<\/b> wysoko\u015b\u0107 9cm, szeroko\u015b\u0107 10cm<\/li>\n<li><b>waga:<\/b> 0,40g<\/li>\n<\/ul>\n<p><img decoding=\"async\" src=\"https:\/\/a.allegroimg.com\/original\/112123\/35772dd04aa7bd50705b7d58423c\" alt=\"Zdj\u0119cie produktu\" style=\"max-width:100%; height:auto; margin:10px 0;\"><br \/>\n<img decoding=\"async\" src=\"https:\/\/a.allegroimg.com\/original\/11ba9f\/372e9ac648219faaf3253e3dbb88\" alt=\"Zdj\u0119cie produktu\" style=\"max-width:100%; height:auto; margin:10px 0;\"><br \/>\n<img decoding=\"async\" src=\"https:\/\/a.allegroimg.com\/original\/11a77d\/626a007d4d8890a4ed625682d37f\" alt=\"Zdj\u0119cie produktu\" style=\"max-width:100%; height:auto; margin:10px 0;\"><\/p>\n","protected":false},"excerpt":{"rendered":"<p>Przedmiot sprzeda\u017cy: Os\u0142onka \u017car\u00f3wki przeznaczona do lamp z serii 947 firmy LUXOLAR Os\u0142onka t\u0142umi intensywno\u015b\u0107 \u015bwiat\u0142a \u017car\u00f3wki tworz\u0105c ciep\u0142y i przytulny klimat oraz wprowadza bardzo ciekaw\u0105 zmian\u0119 w og\u00f3lnym designie lampy Opis: materia\u0142:&nbsp;od \u015brodka PCV, na zewn\u0105trz materia\u0142 kolor:&nbsp;bia\u0142y obs\u0142ugiwane \u017car\u00f3wki:&nbsp;E27 do max 60W \u015brednica otworu pod oprawk\u0119:&nbsp;42 mm wymiary: wysoko\u015b\u0107 9cm, szeroko\u015b\u0107 10cm waga: [&hellip;]<\/p>\n","protected":false},"featured_media":22188,"comment_status":"closed","ping_status":"open","template":"","meta":{"_acf_changed":false},"product_brand":[162],"product_cat":[3119],"product_tag":[],"class_list":{"0":"post-49008","1":"product","2":"type-product","3":"status-publish","4":"has-post-thumbnail","6":"product_brand-luxolar","7":"product_cat-lampshades-and-lamp-covers","8":"pa_gwint-e27-en","9":"pa_kod-producenta-oslonka-947-en","10":"pa_kolor-bialy-2","11":"pa_marka-luxolar","12":"pa_material-wykonania-fabric","13":"pa_rodzaj-lampshade","15":"first","16":"instock","17":"purchasable","18":"product-type-simple"},"acf":[],"aioseo_notices":[],"_links":{"self":[{"href":"https:\/\/portallamp.invette.dev\/en\/wp-json\/wp\/v2\/product\/49008","targetHints":{"allow":["GET"]}}],"collection":[{"href":"https:\/\/portallamp.invette.dev\/en\/wp-json\/wp\/v2\/product"}],"about":[{"href":"https:\/\/portallamp.invette.dev\/en\/wp-json\/wp\/v2\/types\/product"}],"replies":[{"embeddable":true,"href":"https:\/\/portallamp.invette.dev\/en\/wp-json\/wp\/v2\/comments?post=49008"}],"wp:featuredmedia":[{"embeddable":true,"href":"https:\/\/portallamp.invette.dev\/en\/wp-json\/wp\/v2\/media\/22188"}],"wp:attachment":[{"href":"https:\/\/portallamp.invette.dev\/en\/wp-json\/wp\/v2\/media?parent=49008"}],"wp:term":[{"taxonomy":"product_brand","embeddable":true,"href":"https:\/\/portallamp.invette.dev\/en\/wp-json\/wp\/v2\/product_brand?post=49008"},{"taxonomy":"product_cat","embeddable":true,"href":"https:\/\/portallamp.invette.dev\/en\/wp-json\/wp\/v2\/product_cat?post=49008"},{"taxonomy":"product_tag","embeddable":true,"href":"https:\/\/portallamp.invette.dev\/en\/wp-json\/wp\/v2\/product_tag?post=49008"}],"curies":[{"name":"wp","href":"https:\/\/api.w.org\/{rel}","templated":true}]}}