{"id":49020,"date":"2025-07-03T17:22:03","date_gmt":"2025-07-03T15:22:03","guid":{"rendered":"https:\/\/portallamp.invette.dev\/produkt\/lampa-sufitowa-zyrandol-plafon-tuby-metal-led-gu10-2\/"},"modified":"2025-07-03T17:22:03","modified_gmt":"2025-07-03T15:22:03","slug":"lampa-sufitowa-zyrandol-plafon-tuby-metal-led-gu10-2","status":"publish","type":"product","link":"https:\/\/portallamp.invette.dev\/en\/produkt\/lampa-sufitowa-zyrandol-plafon-tuby-metal-led-gu10-2\/","title":{"rendered":"Lampa Sufitowa \u017byrandol Plafon Tuby Metal LED GU10"},"content":{"rendered":"<h1>Lampa Natynkowa Plafon SPOT GU-10 z regulacj\u0105 kierunku \u015bwiecenia \u017car\u00f3wki.<\/h1>\n<h2>Idealna do:<\/h2>\n<p>\u2705 salonu,<\/p>\n<p>\u2705 kuchni,<\/p>\n<p>\u2705 sypialni,<\/p>\n<p>\u2705 korytarzy i wielu innych miejsc wewn\u0105trz domu.<\/p>\n<p><img decoding=\"async\" src=\"https:\/\/a.allegroimg.com\/original\/119c1e\/470aa0d54617bb633dcb356c0943\" alt=\"Zdj\u0119cie produktu\" style=\"max-width:100%; height:auto; margin:10px 0;\"><\/p>\n<p><b><\/b><\/p>\n<p><b>G\u0141\u00d3WNE CECHY LAMPY:<\/b><\/p>\n<p><b><\/b><\/p>\n<ul>\n<li>Dominuj\u0105cy materia\u0142 konstrukcji: Metal<\/li>\n<\/ul>\n<ul>\n<li>Kolor konstrukcji: Czarny matowy<\/li>\n<\/ul>\n<ul>\n<li>Nowoczesny Styl &#8211; &nbsp;\u0142atwo wkomponuje si\u0119 w uk\u0142ad mieszkania<\/li>\n<\/ul>\n<ul>\n<li>Estetyczna, lekka, dobrze wykonana<\/li>\n<\/ul>\n<ul>\n<li>Prosty, natynkowy spos\u00f3b monta\u017cu (za pomoc\u0105 ko\u0142k\u00f3w rozporowych do\u0142\u0105czonych do zestawu),<\/li>\n<\/ul>\n<ul>\n<li>Regulacja k\u0105ta padania \u015bwiat\u0142a&nbsp; &#8211;&nbsp; skieruj strumie\u0144 \u015bwiat\u0142a w konkretne miejsce<\/li>\n<\/ul>\n<ul>\n<li>IP 20 (do stosowania wewn\u0105trz z wy\u0142\u0105czeniem miejsc o podwy\u017cszonej wilgotno\u015bci)<\/li>\n<\/ul>\n<ul>\n<li>Obs\u0142uguje wszystkie \u017car\u00f3wki GU10 w technologii LED do max 10W<\/li>\n<\/ul>\n<ul>\n<li>Szerokie zastosowanie:&nbsp;<b>sto\u0142y, wyspy, blaty, korytarze, kuchnie, sypialnie<\/b><\/li>\n<\/ul>\n<ul>\n<li>\u017byrandol pochodzi z szerszej rodziny lamp &#8211; bez problemu dokupisz do kompletu kinkiet<\/li>\n<\/ul>\n<h2>Wymiary:<\/h2>\n<p><img decoding=\"async\" src=\"https:\/\/a.allegroimg.com\/original\/110520\/ef5594374b25bf413b6f7e0ca753\" alt=\"Zdj\u0119cie produktu\" style=\"max-width:100%; height:auto; margin:10px 0;\"><\/p>\n<h2>Dane techniczne:<\/h2>\n<ul>\n<li>Napi\u0119cie zasilania: ~230 V,&nbsp; 50 HZ<\/li>\n<\/ul>\n<ul>\n<li>IP20 &#8211; nie do u\u017cytku w miejscach o podwy\u017cszonej wilgotno\u015bci (Strefy: 0,1 oraz 2),<\/li>\n<\/ul>\n<ul>\n<li>Wyprodukowana w pierwszej klasie ochronno\u015bci przed pora\u017ceniem elektrycznym,<\/li>\n<\/ul>\n<ul>\n<li>Wykonana g\u0142\u00f3wnie z metalu (aluminium),<\/li>\n<\/ul>\n<ul>\n<li>Ceramiczne oprawki typu GU10,<\/li>\n<\/ul>\n<ul>\n<li>Monta\u017c natynkowy &#8211; dwa ko\u0142ki rozporowe, do\u0142\u0105czone do zestawu,<\/li>\n<\/ul>\n<ul>\n<li>\u0179r\u00f3d\u0142o \u015bwiat\u0142a: 3 x GU10 LED max 25W<\/li>\n<\/ul>\n<ul>\n<li>Waga lampy bez \u017car\u00f3wek: 0,7 kg<\/li>\n<\/ul>\n<ul>\n<li>Wymiar rozety: 38 x 6 cm<\/li>\n<\/ul>\n<ul>\n<li>\u015arednica tuby: 5,5 cm<\/li>\n<\/ul>\n<ul>\n<li><b>Wysoko\u015b\u0107 tuby: 9 cm &#8211; \u017car\u00f3wka nie jest zbyt g\u0142\u0119boko osadzona. \u015awiat\u0142o nie jest punktowe.<\/b><\/li>\n<\/ul>\n<ul>\n<li>Maksymalna moc \u017ar\u00f3d\u0142a \u015bwiat\u0142a: 25W dotyczy \u017car\u00f3wek w technologii LED<\/li>\n<\/ul>\n<ul>\n<li>Fabryczne, kolorowe opakowanie tekturowe<\/li>\n<\/ul>\n<ul>\n<li>CE ROHS WEEE<\/li>\n<\/ul>\n<ul>\n<li>Producent i Podmiot odpowiedzialny na terenie UE: LUXOLAR Light Factory<\/li>\n<\/ul>\n<h2>Oznakowanie produktu:<\/h2>\n<p><img decoding=\"async\" src=\"https:\/\/a.allegroimg.com\/original\/11c70e\/b69b33554e97af7dc0c1fbd1d751\" alt=\"Zdj\u0119cie produktu\" style=\"max-width:100%; height:auto; margin:10px 0;\"><\/p>\n<h2>Skr\u00f3cona instrukcja monta\u017cu:<\/h2>\n<p><img decoding=\"async\" src=\"https:\/\/a.allegroimg.com\/original\/11c909\/f8d89e6a4536a59c6b2388b8a5c1\" alt=\"Zdj\u0119cie produktu\" style=\"max-width:100%; height:auto; margin:10px 0;\"><\/p>\n<h2>Rozdzia\u0142 obwod\u00f3w wymaga dokupienia z\u0142\u0105cza 4-torowego. Dost\u0119pne w naszej ofercie.<\/h2>\n<h2>Zestaw zawiera:<\/h2>\n<ul>\n<li><b>Kompletn\u0105, z\u0142o\u017con\u0105 lamp\u0119, gotow\u0105 do monta\u017cu<\/b><\/li>\n<li><b>Ko\u0142ki monta\u017cowe<\/b><\/li>\n<li><b>Z\u0142\u0105cze 3 torowe do instalacji 1-obwodowej<\/b><\/li>\n<li><b>Instrukcj\u0119 obs\u0142ugi<\/b><\/li>\n<li><b>Dokument zakupu<\/b><\/li>\n<li><b>Produkt zapakowany w oryginalny, kolorowy karton<\/b><\/li>\n<li><b>Zestaw nie zawiera \u017car\u00f3wek &#8211; dost\u0119pne na naszych aukcjach<\/b><\/li>\n<\/ul>\n<p><img decoding=\"async\" src=\"https:\/\/a.allegroimg.com\/original\/111f2a\/a7e3df7b4bec8eab63c2c7d4e4b7\" alt=\"Zdj\u0119cie produktu\" style=\"max-width:100%; height:auto; margin:10px 0;\"><br \/>\n<img decoding=\"async\" src=\"https:\/\/a.allegroimg.com\/original\/119c1e\/470aa0d54617bb633dcb356c0943\" alt=\"Zdj\u0119cie produktu\" style=\"max-width:100%; height:auto; margin:10px 0;\"><br \/>\n<img decoding=\"async\" src=\"https:\/\/a.allegroimg.com\/original\/11a77d\/626a007d4d8890a4ed625682d37f\" alt=\"Zdj\u0119cie produktu\" style=\"max-width:100%; height:auto; margin:10px 0;\"><\/p>\n","protected":false},"excerpt":{"rendered":"<p>Lampa Natynkowa Plafon SPOT GU-10 z regulacj\u0105 kierunku \u015bwiecenia \u017car\u00f3wki. Idealna do: \u2705 salonu, \u2705 kuchni, \u2705 sypialni, \u2705 korytarzy i wielu innych miejsc wewn\u0105trz domu. G\u0141\u00d3WNE CECHY LAMPY: Dominuj\u0105cy materia\u0142 konstrukcji: Metal Kolor konstrukcji: Czarny matowy Nowoczesny Styl &#8211; &nbsp;\u0142atwo wkomponuje si\u0119 w uk\u0142ad mieszkania Estetyczna, lekka, dobrze wykonana Prosty, natynkowy spos\u00f3b monta\u017cu (za [&hellip;]<\/p>\n","protected":false},"featured_media":22473,"comment_status":"closed","ping_status":"open","template":"","meta":{"_acf_changed":false},"product_brand":[162],"product_cat":[2590,2671],"product_tag":[],"class_list":{"0":"post-49020","1":"product","2":"type-product","3":"status-publish","4":"has-post-thumbnail","6":"product_brand-luxolar","7":"product_cat-lamps","8":"product_cat-hanging-lamps","9":"pa_kod-producenta-955-bg3-en","10":"pa_kolekcja-955-en","11":"pa_kolor-black","12":"pa_liczba-punktow-swiatla-3-2","13":"pa_marka-luxolar","14":"pa_material-dominujacy-metal-en","15":"pa_max-moc-pojed-zrodla-swiatla-20-en","16":"pa_pomieszczenie-bedroom","17":"pa_pomieszczenie-childrens-room","18":"pa_pomieszczenie-dining-room","19":"pa_pomieszczenie-hallway-stairs","20":"pa_pomieszczenie-kuchnia-2","21":"pa_pomieszczenie-living-room","22":"pa_pomieszczenie-office","23":"pa_pomieszczenie-universal","24":"pa_rodzaj-gwintu-gu10-en","25":"pa_rodzaj-lampy-ceiling-mounted-hanging","26":"pa_zasilanie-network","27":"pa_zawiera-baterie-no","28":"pa_zrodlo-swiatla-without-a-light-source","30":"first","31":"instock","32":"purchasable","33":"product-type-simple"},"acf":[],"aioseo_notices":[],"_links":{"self":[{"href":"https:\/\/portallamp.invette.dev\/en\/wp-json\/wp\/v2\/product\/49020","targetHints":{"allow":["GET"]}}],"collection":[{"href":"https:\/\/portallamp.invette.dev\/en\/wp-json\/wp\/v2\/product"}],"about":[{"href":"https:\/\/portallamp.invette.dev\/en\/wp-json\/wp\/v2\/types\/product"}],"replies":[{"embeddable":true,"href":"https:\/\/portallamp.invette.dev\/en\/wp-json\/wp\/v2\/comments?post=49020"}],"wp:featuredmedia":[{"embeddable":true,"href":"https:\/\/portallamp.invette.dev\/en\/wp-json\/wp\/v2\/media\/22473"}],"wp:attachment":[{"href":"https:\/\/portallamp.invette.dev\/en\/wp-json\/wp\/v2\/media?parent=49020"}],"wp:term":[{"taxonomy":"product_brand","embeddable":true,"href":"https:\/\/portallamp.invette.dev\/en\/wp-json\/wp\/v2\/product_brand?post=49020"},{"taxonomy":"product_cat","embeddable":true,"href":"https:\/\/portallamp.invette.dev\/en\/wp-json\/wp\/v2\/product_cat?post=49020"},{"taxonomy":"product_tag","embeddable":true,"href":"https:\/\/portallamp.invette.dev\/en\/wp-json\/wp\/v2\/product_tag?post=49020"}],"curies":[{"name":"wp","href":"https:\/\/api.w.org\/{rel}","templated":true}]}}