{"id":49110,"date":"2025-07-03T17:18:36","date_gmt":"2025-07-03T15:18:36","guid":{"rendered":"https:\/\/portallamp.invette.dev\/produkt\/lampa-plafon-zyrandol-glamour-zloty-chrom-miedz-7\/"},"modified":"2025-07-03T17:18:36","modified_gmt":"2025-07-03T15:18:36","slug":"lampa-plafon-zyrandol-glamour-zloty-chrom-miedz-7","status":"publish","type":"product","link":"https:\/\/portallamp.invette.dev\/en\/produkt\/lampa-plafon-zyrandol-glamour-zloty-chrom-miedz-7\/","title":{"rendered":"Lampa Plafon \u017byrandol GLAMOUR Z\u0142oty Chrom Mied\u017a"},"content":{"rendered":"<h1>Nowoczesna lampa plafon GLAMOUR wykonana z najwy\u017csz\u0105 dba\u0142o\u015bci\u0105 o szczeg\u00f3\u0142y i detale.<\/h1>\n<p><img decoding=\"async\" src=\"https:\/\/a.allegroimg.com\/original\/11ccf0\/15e71b3e4b0186ff1807f9f7f65d\" alt=\"Zdj\u0119cie produktu\" style=\"max-width:100%; height:auto; margin:10px 0;\"><\/p>\n<h2>\u015awietnie odnajdzie si\u0119 we wn\u0119trzach o charakterze nowoczesnym, minimalistycznym czy skandynawskim.<\/h2>\n<p><img decoding=\"async\" src=\"https:\/\/a.allegroimg.com\/original\/110a1c\/62f521fe4516b2ecff9b2f8978ad\" alt=\"Zdj\u0119cie produktu\" style=\"max-width:100%; height:auto; margin:10px 0;\"><\/p>\n<h2>Ustaw klosze w dowolnym kierunku &#8211; w tej lampie to mo\u017cliwe. Lampa zosta\u0142a wyposa\u017cona w specjalne przeguby.<\/h2>\n<p><img decoding=\"async\" src=\"https:\/\/a.allegroimg.com\/original\/11bde1\/f025bd2f430fa97887238325618f\" alt=\"Zdj\u0119cie produktu\" style=\"max-width:100%; height:auto; margin:10px 0;\"><\/p>\n<h2>Dost\u0119pna w trzech modnych kolorach do wyboru:<\/h2>\n<ul>\n<li>BIA\u0141Y+Z\u0141OTY<\/li>\n<li>BIA\u0141Y+MIED\u0179<\/li>\n<li>BIA\u0141Y+CHROM<\/li>\n<\/ul>\n<p><img decoding=\"async\" src=\"https:\/\/a.allegroimg.com\/original\/1150f0\/ca6a608f470baa09823a201f15d7\" alt=\"Zdj\u0119cie produktu\" style=\"max-width:100%; height:auto; margin:10px 0;\"><br \/>\n<img decoding=\"async\" src=\"https:\/\/a.allegroimg.com\/original\/1141f7\/96c1307545d1a77c61253e9f0249\" alt=\"Zdj\u0119cie produktu\" style=\"max-width:100%; height:auto; margin:10px 0;\"><\/p>\n<p><b><\/b><\/p>\n<p><b>G\u0141\u00d3WNE CECHY LAMPY:<\/b><\/p>\n<p><b><\/b><\/p>\n<ul>\n<li>Materia\u0142 konstrukcji: Metal<\/li>\n<\/ul>\n<ul>\n<li>Kolor konstrukcji: Bia\u0142y po\u0142ysk + z\u0142ote, miedziane lub srebrne elementy (do wyboru)<\/li>\n<\/ul>\n<ul>\n<li>\u015arednica klosza: 12cm<\/li>\n<\/ul>\n<ul>\n<li>Wysoko\u015b\u0107 klosza: 9cm<\/li>\n<\/ul>\n<ul>\n<li>Nowoczesny Styl &#8211; &nbsp;\u0142atwo wkomponuje si\u0119 w uk\u0142ad mieszkania<\/li>\n<\/ul>\n<ul>\n<li>Przeznaczona jako o\u015bwietlenie g\u0142\u00f3wne w pomieszczeniach o powierzchni:&nbsp;<b>6 &#8211; 9 m2<\/b><\/li>\n<\/ul>\n<ul>\n<li>Szerokie zastosowanie: <b>salon,<\/b>&nbsp;<b>korytarz, kuchnia, sypialnia<\/b><\/li>\n<\/ul>\n<ul>\n<li>Dodatkowym atutem s\u0105 dwa niezale\u017cne obwody elektryczne, dzi\u0119ki kt\u00f3rym w zale\u017cno\u015bci od potrzeb, mo\u017cemy sterowa\u0107 ilo\u015bci\u0105 w\u0142\u0105czonych \u017car\u00f3wek<\/li>\n<\/ul>\n<ul>\n<li>Lampa obs\u0142uguje wszystkie \u017car\u00f3wki z gwintem typu&nbsp;<b>E27 do max 60 wat\u00f3w.<\/b><\/li>\n<\/ul>\n<ul>\n<li>Lampa z polskiej dystrybucji, wyprodukowana w Polsce &#8211; gwarantowany szybki dost\u0119p do serwisu i cz\u0119\u015bci zapasowych<\/li>\n<\/ul>\n<ul>\n<li>\u017byrandol pochodzi z szerszej rodziny lamp &#8211; bez problemu dokupisz do kompletu kinkiet czy lampk\u0119 nocn\u0105<\/li>\n<\/ul>\n<h2>Wymiary:<\/h2>\n<p><img decoding=\"async\" src=\"https:\/\/a.allegroimg.com\/original\/114eb8\/fae3ba0b47158121762d54cb145f\" alt=\"Zdj\u0119cie produktu\" style=\"max-width:100%; height:auto; margin:10px 0;\"><br \/>\n<img decoding=\"async\" src=\"https:\/\/a.allegroimg.com\/original\/1123e5\/722fcd704600955546b4d6ab7b2c\" alt=\"Zdj\u0119cie produktu\" style=\"max-width:100%; height:auto; margin:10px 0;\"><\/p>\n<h2>Dane techniczne:<\/h2>\n<\/p>\n<ul>\n<li><b>Zasilanie:<\/b> ~230 [V] \/ bezpo\u015brednie z sieci, dwa niezale\u017cne obwody elektryczne, w\u0142\u0105czanie 1 + 1 lub wszystkie jednocze\u015bnie<\/li>\n<li><b>\u0179r\u00f3d\u0142o \u015bwiat\u0142a:<\/b> E-27 &#8211; zalecane LED lub \u015bwietl\u00f3wki kompaktowe<\/li>\n<li><b>Spos\u00f3b monta\u017cu:<\/b> Dwa ko\u0142ki rozporowe<\/li>\n<li><b>IP 20, Klasa I<\/b><\/li>\n<li><b>Zestaw nie zawiera \u017car\u00f3wek oraz ko\u0142k\u00f3w rozporowych do monta\u017cu<\/b><\/li>\n<li><b>Producent: <\/b>LUXOLAR Polska<\/li>\n<\/ul>\n<p><img decoding=\"async\" src=\"https:\/\/a.allegroimg.com\/original\/119a54\/2219acd74b3d91ab871adc882f53\" alt=\"Zdj\u0119cie produktu\" style=\"max-width:100%; height:auto; margin:10px 0;\"><br \/>\n<img decoding=\"async\" src=\"https:\/\/a.allegroimg.com\/original\/118a6b\/a84417884e4ab61ce8a02255efe2\" alt=\"Zdj\u0119cie produktu\" style=\"max-width:100%; height:auto; margin:10px 0;\"><\/p>\n<h2>Zestaw zawiera:<\/h2>\n<ul>\n<li><b>Kompletn\u0105 lamp\u0119<\/b><\/li>\n<li><b>Kostk\u0119 elektryczn\u0105, przy\u0142\u0105czeniow\u0105<\/b><\/li>\n<li><b>Instrukcj\u0119 obs\u0142ugi<\/b><\/li>\n<li><b>Dokument zakupu<\/b><\/li>\n<\/ul>\n<p><b>Zestaw nie zawiera \u017car\u00f3wek ani ko\u0142k\u00f3w rozporowych (nale\u017cy dobra\u0107 odpowiednie do sufitu)<\/b><\/p>\n<h2>ZALECANE \u0179R\u00d3D\u0141A \u015aWIAT\u0141A:<\/h2>\n<\/p>\n<ul>\n<li>\u017bar\u00f3wki LED&nbsp; z gwintem typu E27<\/li>\n<li>Strumie\u0144 \u015bwietlny: 700 -1300 lm<\/li>\n<li>Moc pobierana z sieci: 8 -12 W<\/li>\n<li>Barwa: ciep\u0142a (3000K), Neutralna (4000K)&nbsp; lub zimna (6000K)<\/li>\n<\/ul>\n<p><b>\u017bar\u00f3wki nie wchodz\u0105 w sk\u0142ad zestawu<\/b><\/p>\n<p><img decoding=\"async\" src=\"https:\/\/a.allegroimg.com\/original\/119b39\/fdad0ee24f9e8628a0fb96956133\" alt=\"Zdj\u0119cie produktu\" style=\"max-width:100%; height:auto; margin:10px 0;\"><\/p>\n<h2><\/h2>\n<h2>Pami\u0119taj:<\/h2>\n<ol>\n<li><b>Wybierz kolor:&nbsp;<\/b>BIA\u0141Y+Z\u0141OTY, BIA\u0141Y+MIED\u0179, BIA\u0141Y+CHROM<\/li>\n<li><b>Wpisz wybrany kolor&nbsp;<\/b>&#8211; w formularzu zam\u00f3wienia lub oddzielnym e-mailu.<\/li>\n<li><b>Je\u015bli nie wybierzesz koloru wy\u015blemy kolor ze zdj\u0119cia g\u0142\u00f3wnego: bia\u0142y + z\u0142oty.<\/b><\/li>\n<\/ol>\n<p><img decoding=\"async\" src=\"https:\/\/a.allegroimg.com\/original\/1141f7\/96c1307545d1a77c61253e9f0249\" alt=\"Zdj\u0119cie produktu\" style=\"max-width:100%; height:auto; margin:10px 0;\"><br \/>\n<img decoding=\"async\" src=\"https:\/\/a.allegroimg.com\/original\/112822\/705e7da346368fe40c5ab165144a\" alt=\"Zdj\u0119cie produktu\" style=\"max-width:100%; height:auto; margin:10px 0;\"><\/p>\n<p>Do lampy mo\u017cna dokupi\u0107 specjalne os\u0142onki, kt\u00f3re t\u0142umi\u0105 intensywno\u015b\u0107 \u015bwiat\u0142a \u017car\u00f3wki tworz\u0105c ciep\u0142y i przytulny klimat.<\/p>\n<p><b>Os\u0142onki nie wchodz\u0105 w sk\u0142ad zestawu jednak s\u0105 one dost\u0119pne w naszej ofercie na Allegro.<\/b><\/p>\n<p><img decoding=\"async\" src=\"https:\/\/a.allegroimg.com\/original\/118de9\/77bd48f346329368c7005bf5f95e\" alt=\"Zdj\u0119cie produktu\" style=\"max-width:100%; height:auto; margin:10px 0;\"><br \/>\n<img decoding=\"async\" src=\"https:\/\/a.allegroimg.com\/original\/11ccf0\/15e71b3e4b0186ff1807f9f7f65d\" alt=\"Zdj\u0119cie produktu\" style=\"max-width:100%; height:auto; margin:10px 0;\"><br \/>\n<img decoding=\"async\" src=\"https:\/\/a.allegroimg.com\/original\/11a77d\/626a007d4d8890a4ed625682d37f\" alt=\"Zdj\u0119cie produktu\" style=\"max-width:100%; height:auto; margin:10px 0;\"><\/p>\n","protected":false},"excerpt":{"rendered":"<p>Nowoczesna lampa plafon GLAMOUR wykonana z najwy\u017csz\u0105 dba\u0142o\u015bci\u0105 o szczeg\u00f3\u0142y i detale. \u015awietnie odnajdzie si\u0119 we wn\u0119trzach o charakterze nowoczesnym, minimalistycznym czy skandynawskim. Ustaw klosze w dowolnym kierunku &#8211; w tej lampie to mo\u017cliwe. Lampa zosta\u0142a wyposa\u017cona w specjalne przeguby. Dost\u0119pna w trzech modnych kolorach do wyboru: BIA\u0141Y+Z\u0141OTY BIA\u0141Y+MIED\u0179 BIA\u0141Y+CHROM G\u0141\u00d3WNE CECHY LAMPY: Materia\u0142 konstrukcji: [&hellip;]<\/p>\n","protected":false},"featured_media":21809,"comment_status":"closed","ping_status":"open","template":"","meta":{"_acf_changed":false},"product_brand":[162],"product_cat":[2590,2671],"product_tag":[],"class_list":{"0":"post-49110","1":"product","2":"type-product","3":"status-publish","4":"has-post-thumbnail","6":"product_brand-luxolar","7":"product_cat-lamps","8":"product_cat-hanging-lamps","9":"pa_klasa-efektywnosci-a-en","10":"pa_kod-producenta-lampa-plafon-947-ag2-en","11":"pa_kolekcja-926-en","12":"pa_kolor-bialy-2","13":"pa_kolor-gold","14":"pa_kolor-silver","15":"pa_kolor-yellow","16":"pa_liczba-punktow-swiatla-2-2","17":"pa_marka-luxolar","18":"pa_material-dominujacy-metal-en","19":"pa_max-moc-pojed-zrodla-swiatla-60-2","20":"pa_pomieszczenie-bedroom","21":"pa_pomieszczenie-childrens-room","22":"pa_pomieszczenie-dining-room","23":"pa_pomieszczenie-hallway-stairs","24":"pa_pomieszczenie-kuchnia-2","25":"pa_pomieszczenie-living-room","26":"pa_pomieszczenie-office","27":"pa_pomieszczenie-universal","28":"pa_rodzaj-gwintu-e27-2","29":"pa_rodzaj-lampy-ceiling-mounted-hanging","30":"pa_zasilanie-network","31":"pa_zawiera-baterie-no","32":"pa_zrodlo-swiatla-without-a-light-source","34":"first","35":"instock","36":"purchasable","37":"product-type-simple"},"acf":[],"aioseo_notices":[],"_links":{"self":[{"href":"https:\/\/portallamp.invette.dev\/en\/wp-json\/wp\/v2\/product\/49110","targetHints":{"allow":["GET"]}}],"collection":[{"href":"https:\/\/portallamp.invette.dev\/en\/wp-json\/wp\/v2\/product"}],"about":[{"href":"https:\/\/portallamp.invette.dev\/en\/wp-json\/wp\/v2\/types\/product"}],"replies":[{"embeddable":true,"href":"https:\/\/portallamp.invette.dev\/en\/wp-json\/wp\/v2\/comments?post=49110"}],"wp:featuredmedia":[{"embeddable":true,"href":"https:\/\/portallamp.invette.dev\/en\/wp-json\/wp\/v2\/media\/21809"}],"wp:attachment":[{"href":"https:\/\/portallamp.invette.dev\/en\/wp-json\/wp\/v2\/media?parent=49110"}],"wp:term":[{"taxonomy":"product_brand","embeddable":true,"href":"https:\/\/portallamp.invette.dev\/en\/wp-json\/wp\/v2\/product_brand?post=49110"},{"taxonomy":"product_cat","embeddable":true,"href":"https:\/\/portallamp.invette.dev\/en\/wp-json\/wp\/v2\/product_cat?post=49110"},{"taxonomy":"product_tag","embeddable":true,"href":"https:\/\/portallamp.invette.dev\/en\/wp-json\/wp\/v2\/product_tag?post=49110"}],"curies":[{"name":"wp","href":"https:\/\/api.w.org\/{rel}","templated":true}]}}