{"id":49203,"date":"2025-07-03T17:03:14","date_gmt":"2025-07-03T15:03:14","guid":{"rendered":"https:\/\/portallamp.invette.dev\/produkt\/lampa-wiszaca-zyrandol-abazur-tuba-rattan-led-e27\/"},"modified":"2025-07-03T17:03:14","modified_gmt":"2025-07-03T15:03:14","slug":"lampa-wiszaca-zyrandol-abazur-tuba-rattan-led-e27","status":"publish","type":"product","link":"https:\/\/portallamp.invette.dev\/en\/produkt\/lampa-wiszaca-zyrandol-abazur-tuba-rattan-led-e27\/","title":{"rendered":"Lampa Wisz\u0105ca \u017byrandol Aba\u017cur Tuba Rattan LED E27"},"content":{"rendered":"<h1>Designerska lampa wisz\u0105ca z aba\u017curem w kszta\u0142cie walca, tuby.<\/h1>\n<h2>\u015awietnie odnajdzie si\u0119 we wn\u0119trzach o charakterze nowoczesnym, minimalistycznym czy skandynawskim.<\/h2>\n<p><img decoding=\"async\" src=\"https:\/\/a.allegroimg.com\/original\/110b0b\/4e21eddd4b68bee7d27f641f90c4\" alt=\"Zdj\u0119cie produktu\" style=\"max-width:100%; height:auto; margin:10px 0;\"><\/p>\n<p>ZASTOSOWANIE:<\/p>\n<\/p>\n<p>O\u015bwietlenie sto\u0142u, blatu<\/p>\n<p>Do kuchni nad wysp\u0119<\/p>\n<p>W zespole kilku identycznych sztuk tworzy zbi\u00f3r lamp o\u015bwietlaj\u0105cy wi\u0119ksze pomieszczenia<\/p>\n<p>Stosowana pojedynczo do mniejszych pomieszcze\u0144 (przedpok\u00f3j, korytarz, schody)<\/p>\n<p><img decoding=\"async\" src=\"https:\/\/a.allegroimg.com\/original\/1161a4\/26e7016240e186d3fc7ab5062ea8\" alt=\"Zdj\u0119cie produktu\" style=\"max-width:100%; height:auto; margin:10px 0;\"><\/p>\n<h2>Konstrukcja lampy umo\u017cliwia korekt\u0119 wysoko\u015bci aba\u017cura (przed zamontowaniem).<\/h2>\n<p>Aba\u017cur mo\u017ce by\u0107 umieszczony tu\u017c pod sufitem jak r\u00f3wnie\u017c nieco ni\u017cej, np. blatem czy sto\u0142em.<\/p>\n<p><img decoding=\"async\" src=\"https:\/\/a.allegroimg.com\/original\/113a00\/0129a5984700a9809de10add2dbe\" alt=\"Zdj\u0119cie produktu\" style=\"max-width:100%; height:auto; margin:10px 0;\"><\/p>\n<p><b>Lampa w pe\u0142ni z\u0142o\u017cona &#8211; nie jest to zestaw do samodzielnego monta\u017cu &#8211; wyjmujesz z kartonu i wieszasz na suficie.<\/b><\/p>\n<p><b>Nie musisz traci\u0107 czasu na z\u0142o\u017cenie lampy od najmniejszej \u015brubki.<\/b><\/p>\n<p><b><\/b><\/p>\n<p><b>G\u0141\u00d3WNE CECHY LAMPY:<\/b><\/p>\n<p><b><\/b><\/p>\n<ul>\n<li>Materia\u0142 konstrukcji: Metal<\/li>\n<\/ul>\n<ul>\n<li>Kolor konstrukcji: Bia\u0142y po\u0142ysk<\/li>\n<\/ul>\n<ul>\n<li>Materia\u0142 aba\u017cura: PCV + naturalne w\u0142\u00f3kna drewniane<\/li>\n<\/ul>\n<ul>\n<li>\u015arednica aba\u017cura: 10 cm<\/li>\n<\/ul>\n<ul>\n<li>Wysoko\u015b\u0107 aba\u017cura: 24cm<\/li>\n<\/ul>\n<ul>\n<li>Nowoczesny Styl &#8211; &nbsp;\u0142atwo wkomponuje si\u0119 w uk\u0142ad mieszkania<\/li>\n<\/ul>\n<ul>\n<li>Korekta wysoko\u015bci (przed zamontowaniem)<\/li>\n<\/ul>\n<ul>\n<li>Szerokie zastosowanie:&nbsp;<b>sto\u0142y, wyspy, blaty, korytarze, kuchnie<\/b><\/li>\n<\/ul>\n<ul>\n<li>Lampa obs\u0142uguje wszystkie \u017car\u00f3wki z gwintem typu&nbsp;E27 do max 60 wat\u00f3w<b>, Zalecana \u017car\u00f3wka Typu R63<\/b><\/li>\n<\/ul>\n<ul>\n<li>Lampa z polskiej dystrybucji, wyprodukowana w Polsce &#8211; gwarantowany szybki dost\u0119p do serwisu i cz\u0119\u015bci zapasowych<\/li>\n<\/ul>\n<ul>\n<li>\u017byrandol pochodzi z szerszej rodziny lamp &#8211; bez problemu dokupisz do kompletu lampk\u0119 wisz\u0105c\u0105 czy nocn\u0105<\/li>\n<\/ul>\n<ul>\n<li><b>Wersja w pe\u0142ni z\u0142o\u017cona &#8211; nie jest to chi\u0144ski zestaw do samodzielnego monta\u017cu<\/b><\/li>\n<\/ul>\n<h2>Wymiary:<\/h2>\n<p><img decoding=\"async\" src=\"https:\/\/a.allegroimg.com\/original\/1120fa\/ecd373b2428bb92d2013b182bc38\" alt=\"Zdj\u0119cie produktu\" style=\"max-width:100%; height:auto; margin:10px 0;\"><\/p>\n<h2>Opis aba\u017cura:<\/h2>\n<ul>\n<li>Sztywny, solidnie wykonany aba\u017cur<\/li>\n<li>\u0141\u0105czenia zszywane (do produkcji aba\u017cur\u00f3w nie u\u017cywamy zawodnego kleju)<\/li>\n<li>Konstrukcja przelotowa &#8211; ods\u0142oni\u0119ta g\u00f3ra i d\u00f3\u0142 aba\u017cura<\/li>\n<li>Z zewn\u0105trz kolor naturalnego drewna, od wewn\u0105trz przezroczyste PCV<\/li>\n<li>\u017bar\u00f3wka osadzona tu\u017c za kraw\u0119dzi\u0105 aba\u017cura co znacz\u0105co zwi\u0119ksza jej wydajno\u015b\u0107, pomieszczenie jest lepiej o\u015bwietlone<\/li>\n<li>\u015arednica otworu pod oprawk\u0119: 42 mm<\/li>\n<li>Aba\u017cur po\u0142\u0105czony ze specjaln\u0105 rurk\u0105 pionizuj\u0105c\u0105, po zawieszeniu aba\u017cur nie wisi przekrzywiony<\/li>\n<li>Wymiary: wysoko\u015b\u0107 240 mm &#8211;&nbsp; \u015brednica: 100 mm<\/li>\n<\/ul>\n<p><img decoding=\"async\" src=\"https:\/\/a.allegroimg.com\/original\/114b0d\/454b60c74c7dba50e98ee93e66f4\" alt=\"Zdj\u0119cie produktu\" style=\"max-width:100%; height:auto; margin:10px 0;\"><\/p>\n<h2>Zestaw zawiera:<\/h2>\n<ul>\n<li><b>Kompletn\u0105, z\u0142o\u017con\u0105 lamp\u0119 wraz z aba\u017curem (nie jest to chi\u0144skiej produkcji zestaw do samodzielnego monta\u017cu)<\/b><\/li>\n<li><b>Kostk\u0119 przy\u0142\u0105czeniow\u0105<\/b><\/li>\n<li><b>Instrukcj\u0119 obs\u0142ugi<\/b><\/li>\n<li><b>Dokument zakupu<\/b><\/li>\n<\/ul>\n<p><b>Zestaw nie zawiera \u017car\u00f3wki ani ko\u0142k\u00f3w rozporowych&nbsp; (nale\u017cy dobra\u0107 odpowiednie do sufitu)<\/b><\/p>\n<p><img decoding=\"async\" src=\"https:\/\/a.allegroimg.com\/original\/11538c\/e2255ec54c73a57796d12958b60f\" alt=\"Zdj\u0119cie produktu\" style=\"max-width:100%; height:auto; margin:10px 0;\"><\/p>\n<h2>Dane techniczne:<\/h2>\n<\/p>\n<ul>\n<li><b>Zasilanie:<\/b> ~230 [V] \/ bezpo\u015brednie z sieci<\/li>\n<li><b>\u0179r\u00f3d\u0142o \u015bwiat\u0142a:<\/b>&nbsp;E-27 &#8211; zalecane LED lub \u015bwietl\u00f3wki kompaktowe<\/li>\n<li><b>Spos\u00f3b monta\u017cu:<\/b>&nbsp;Dwa ko\u0142ki rozporowe<\/li>\n<li><b>IP 20, Klasa I<\/b><\/li>\n<li><b>Zestaw nie zawiera \u017car\u00f3wki oraz ko\u0142k\u00f3w rozporowych do monta\u017cu<\/b><\/li>\n<li><b>Producent:&nbsp;<\/b>LUXOLAR Polska<\/li>\n<\/ul>\n<h2>Zalecane \u017ar\u00f3d\u0142a \u015bwiat\u0142a:<\/h2>\n<p><b><\/b><\/p>\n<p><b>W lampie nale\u017cy stosowa\u0107 \u017car\u00f3wki z gwintem E27, typ R63.<\/b><\/p>\n<p><b>\u017bar\u00f3wka R63 w kszta\u0142cie grzybka dobrze si\u0119 licuje z brzegiem aba\u017cura. \u017bar\u00f3wka nie wystaje poza aba\u017cur a zarazem dobrze o\u015bwietla pomieszczenie.<\/b><\/p>\n<p><img decoding=\"async\" src=\"https:\/\/a.allegroimg.com\/original\/11e638\/59019eb849c8b5b88c51fba5ff81\" alt=\"Zdj\u0119cie produktu\" style=\"max-width:100%; height:auto; margin:10px 0;\"><\/p>\n<h2>Aran\u017cacje:<\/h2>\n<p><img decoding=\"async\" src=\"https:\/\/a.allegroimg.com\/original\/117b89\/246acbc144c7b6e01202fb745c8e\" alt=\"Zdj\u0119cie produktu\" style=\"max-width:100%; height:auto; margin:10px 0;\"><br \/>\n<img decoding=\"async\" src=\"https:\/\/a.allegroimg.com\/original\/11dbb4\/e4837c324e708bf56ef8d766ee7d\" alt=\"Zdj\u0119cie produktu\" style=\"max-width:100%; height:auto; margin:10px 0;\"><br \/>\n<img decoding=\"async\" src=\"https:\/\/a.allegroimg.com\/original\/119874\/92648c96493abff32c7c3c2c8853\" alt=\"Zdj\u0119cie produktu\" style=\"max-width:100%; height:auto; margin:10px 0;\"><\/p>\n","protected":false},"excerpt":{"rendered":"<p>Designerska lampa wisz\u0105ca z aba\u017curem w kszta\u0142cie walca, tuby. \u015awietnie odnajdzie si\u0119 we wn\u0119trzach o charakterze nowoczesnym, minimalistycznym czy skandynawskim. ZASTOSOWANIE: O\u015bwietlenie sto\u0142u, blatu Do kuchni nad wysp\u0119 W zespole kilku identycznych sztuk tworzy zbi\u00f3r lamp o\u015bwietlaj\u0105cy wi\u0119ksze pomieszczenia Stosowana pojedynczo do mniejszych pomieszcze\u0144 (przedpok\u00f3j, korytarz, schody) Konstrukcja lampy umo\u017cliwia korekt\u0119 wysoko\u015bci aba\u017cura (przed zamontowaniem). [&hellip;]<\/p>\n","protected":false},"featured_media":18683,"comment_status":"closed","ping_status":"open","template":"","meta":{"_acf_changed":false},"product_brand":[162],"product_cat":[2590,2671],"product_tag":[],"class_list":{"0":"post-49203","1":"product","2":"type-product","3":"status-publish","4":"has-post-thumbnail","6":"product_brand-luxolar","7":"product_cat-lamps","8":"product_cat-hanging-lamps","9":"pa_kod-producenta-lampa-wiszaca-921-ez1-en","10":"pa_kolekcja-921-en","11":"pa_kolor-bialy-2","12":"pa_kolor-brown","13":"pa_kolor-yellow","14":"pa_liczba-punktow-swiatla-1-2","15":"pa_marka-luxolar","16":"pa_material-dominujacy-metal-en","17":"pa_max-moc-pojed-zrodla-swiatla-60-2","18":"pa_pomieszczenie-bedroom","19":"pa_pomieszczenie-childrens-room","20":"pa_pomieszczenie-dining-room","21":"pa_pomieszczenie-hallway-stairs","22":"pa_pomieszczenie-kuchnia-2","23":"pa_pomieszczenie-living-room","24":"pa_pomieszczenie-office","25":"pa_pomieszczenie-universal","26":"pa_rodzaj-gwintu-e27-2","27":"pa_rodzaj-lampy-ceiling-mounted-hanging","28":"pa_zasilanie-network","29":"pa_zawiera-baterie-no","30":"pa_zrodlo-swiatla-without-a-light-source","32":"first","33":"instock","34":"purchasable","35":"product-type-simple"},"acf":[],"aioseo_notices":[],"_links":{"self":[{"href":"https:\/\/portallamp.invette.dev\/en\/wp-json\/wp\/v2\/product\/49203","targetHints":{"allow":["GET"]}}],"collection":[{"href":"https:\/\/portallamp.invette.dev\/en\/wp-json\/wp\/v2\/product"}],"about":[{"href":"https:\/\/portallamp.invette.dev\/en\/wp-json\/wp\/v2\/types\/product"}],"replies":[{"embeddable":true,"href":"https:\/\/portallamp.invette.dev\/en\/wp-json\/wp\/v2\/comments?post=49203"}],"wp:featuredmedia":[{"embeddable":true,"href":"https:\/\/portallamp.invette.dev\/en\/wp-json\/wp\/v2\/media\/18683"}],"wp:attachment":[{"href":"https:\/\/portallamp.invette.dev\/en\/wp-json\/wp\/v2\/media?parent=49203"}],"wp:term":[{"taxonomy":"product_brand","embeddable":true,"href":"https:\/\/portallamp.invette.dev\/en\/wp-json\/wp\/v2\/product_brand?post=49203"},{"taxonomy":"product_cat","embeddable":true,"href":"https:\/\/portallamp.invette.dev\/en\/wp-json\/wp\/v2\/product_cat?post=49203"},{"taxonomy":"product_tag","embeddable":true,"href":"https:\/\/portallamp.invette.dev\/en\/wp-json\/wp\/v2\/product_tag?post=49203"}],"curies":[{"name":"wp","href":"https:\/\/api.w.org\/{rel}","templated":true}]}}