{"id":49344,"date":"2025-07-03T17:00:31","date_gmt":"2025-07-03T15:00:31","guid":{"rendered":"https:\/\/portallamp.invette.dev\/produkt\/lampa-scienna-kinkiet-druciany-diament-miedz-led\/"},"modified":"2025-07-03T17:00:31","modified_gmt":"2025-07-03T15:00:31","slug":"lampa-scienna-kinkiet-druciany-diament-miedz-led","status":"publish","type":"product","link":"https:\/\/portallamp.invette.dev\/en\/produkt\/lampa-scienna-kinkiet-druciany-diament-miedz-led\/","title":{"rendered":"Lampa \u015acienna Kinkiet Druciany Diament Mied\u017a LED"},"content":{"rendered":"<h1>Designerska lampa \u015bcienna kinkiet z drucian\u0105 os\u0142on\u0105 DIAMENT.<\/h1>\n<p>Wersja z wbudowanym w\u0142\u0105cznikiem \u0142a\u0144cuszkowym.<\/p>\n<h2>Czarna konstrukcja z elementem w kolorze miedzianym oraz modna i praktyczna os\u0142ona z drutu to \u015bwietne po\u0142\u0105czenie w nowoczesnych wn\u0119trzach.<\/h2>\n<p><img decoding=\"async\" src=\"https:\/\/a.allegroimg.com\/original\/1186a4\/97631c1548acbe3b445856823de8\" alt=\"Zdj\u0119cie produktu\" style=\"max-width:100%; height:auto; margin:10px 0;\"><\/p>\n<h1>\u015awietnie odnajdzie si\u0119 we wn\u0119trzach o charakterze nowoczesnym, loftowym, minimalistycznym czy skandynawskim.<\/h1>\n<p><img decoding=\"async\" src=\"https:\/\/a.allegroimg.com\/original\/111427\/982aabf544e6959531c8efafb801\" alt=\"Zdj\u0119cie produktu\" style=\"max-width:100%; height:auto; margin:10px 0;\"><\/p>\n<p><b>Kinkiet w pe\u0142ni z\u0142o\u017cony &#8211; nie jest to zestaw do samodzielnego monta\u017cu.<\/b><\/p>\n<p><b>Nie musisz traci\u0107 czasu na z\u0142o\u017cenie lampy od najmniejszej \u015brubki.<\/b><\/p>\n<p><b><\/b><\/p>\n<p><b>G\u0141\u00d3WNE CECHY LAMPY:<\/b><\/p>\n<p><b><\/b><\/p>\n<ul>\n<li>Materia\u0142 konstrukcji: Metal<\/li>\n<\/ul>\n<ul>\n<li>Kolor konstrukcji: Czarny z miedzi\u0105<\/li>\n<\/ul>\n<ul>\n<li>\u015arednica klosza: 20 cm<\/li>\n<\/ul>\n<ul>\n<li>Wysoko\u015b\u0107 klosza: 20 cm<\/li>\n<\/ul>\n<ul>\n<li>Nowoczesny Styl &#8211; &nbsp;\u0142atwo wkomponuje si\u0119 w uk\u0142ad mieszkania<\/li>\n<\/ul>\n<ul>\n<li>Atrakcyjna Cena<\/li>\n<\/ul>\n<ul>\n<li>Wersja z wbudowanym w\u0142\u0105cznikiem \u0142a\u0144cuszkowym.<\/li>\n<\/ul>\n<ul>\n<li>Przeznaczony jako o\u015bwietlenie uzupe\u0142niaj\u0105ce, dekoracyjne do pomieszcze\u0144 wewn\u0105trz domu z wy\u0142\u0105czeniem \u0142azienki lub miejsc o zwi\u0119kszonej wilgotno\u015bci.<\/li>\n<\/ul>\n<ul>\n<li>Lampa obs\u0142uguje wszystkie \u017car\u00f3wki z gwintem typu&nbsp;<b>E27 do max 60 wat\u00f3w.<\/b><\/li>\n<\/ul>\n<ul>\n<li>Lampa z polskiej dystrybucji, wyprodukowana w Polsce &#8211; gwarantowany szybki dost\u0119p do serwisu i cz\u0119\u015bci zapasowych<\/li>\n<\/ul>\n<ul>\n<li>Kinkiet pochodzi z szerszej rodziny lamp &#8211; bez problemu dokupisz do kompletu \u017cyrandol czy lampk\u0119 nocn\u0105<\/li>\n<\/ul>\n<ul>\n<li><b>Wersja w pe\u0142ni z\u0142o\u017cona &#8211; nie jest to chi\u0144ski zestaw do samodzielnego monta\u017cu<\/b><\/li>\n<\/ul>\n<h2>Dane techniczne:<\/h2>\n<\/p>\n<ul>\n<li><b>Zasilanie:<\/b> ~230 [V] \/ bezpo\u015brednie z sieci, Sterowanie wbudowanym w\u0142\u0105cznikiem \u0142a\u0144cuszkowym<\/li>\n<li><b>\u0179r\u00f3d\u0142o \u015bwiat\u0142a:<\/b>&nbsp;E-27 &#8211; zalecane LED lub \u015bwietl\u00f3wki kompaktowe<\/li>\n<li><b>Spos\u00f3b monta\u017cu:<\/b>&nbsp;Dwa ko\u0142ki rozporowe<\/li>\n<li><b>IP 20, Klasa I<\/b><\/li>\n<li><b>Zestaw nie zawiera \u017car\u00f3wki oraz ko\u0142k\u00f3w rozporowych do monta\u017cu<\/b><\/li>\n<li><b>Producent:&nbsp;<\/b>LUXOLAR Polska<\/li>\n<\/ul>\n<h2>Wymiary:<\/h2>\n<p><img decoding=\"async\" src=\"https:\/\/a.allegroimg.com\/original\/1105ac\/98ed118041448b09d0925101b318\" alt=\"Zdj\u0119cie produktu\" style=\"max-width:100%; height:auto; margin:10px 0;\"><br \/>\n<img decoding=\"async\" src=\"https:\/\/a.allegroimg.com\/original\/118e54\/d99c7f9b408ab514710f1672865b\" alt=\"Zdj\u0119cie produktu\" style=\"max-width:100%; height:auto; margin:10px 0;\"><br \/>\n<img decoding=\"async\" src=\"https:\/\/a.allegroimg.com\/original\/1147bd\/85009ca347bb897fe412fa55d69c\" alt=\"Zdj\u0119cie produktu\" style=\"max-width:100%; height:auto; margin:10px 0;\"><\/p>\n<h2>Zestaw zawiera:<\/h2>\n<ul>\n<li><b>Kompletny, z\u0142o\u017cony kinkiet z os\u0142on\u0105 drucian\u0105 (nie jest to chi\u0144skiej produkcji zestaw do samodzielnego monta\u017cu)<\/b><\/li>\n<li><b>Kostk\u0119 przy\u0142\u0105czeniow\u0105<\/b><\/li>\n<li><b>Instrukcj\u0119 obs\u0142ugi<\/b><\/li>\n<li><b>Dokument zakupu<\/b><\/li>\n<\/ul>\n<p><b>Zestaw nie zawiera \u017car\u00f3wki ani ko\u0142k\u00f3w rozporowych&nbsp; (nale\u017cy dobra\u0107 odpowiednie do \u015bciany)<\/b><\/p>\n<h2>Zalecane \u017ar\u00f3d\u0142a \u015bwiat\u0142a:<\/h2>\n<\/p>\n<ul>\n<li>\u017bar\u00f3wki LED z diodami SMD lub filament<\/li>\n<li>Strumie\u0144 \u015bwietlny: 900 -1300 lm<\/li>\n<li><b>Gwint E27<\/b><\/li>\n<li>Moc pobierana z sieci: 6 -12 W<\/li>\n<li>Barwa: ciep\u0142a lub bia\u0142a<\/li>\n<\/ul>\n<p><img decoding=\"async\" src=\"https:\/\/a.allegroimg.com\/original\/11f480\/e6db983e4934833830cf5fddd4a5\" alt=\"Zdj\u0119cie produktu\" style=\"max-width:100%; height:auto; margin:10px 0;\"><\/p>\n<p><b>\u017bar\u00f3wki nie wchodz\u0105 w sk\u0142ad zestawu. Zakupisz je na innych naszych aukcjach.<\/b><\/p>\n<p><img decoding=\"async\" src=\"https:\/\/a.allegroimg.com\/original\/11a77d\/626a007d4d8890a4ed625682d37f\" alt=\"Zdj\u0119cie produktu\" style=\"max-width:100%; height:auto; margin:10px 0;\"><\/p>\n","protected":false},"excerpt":{"rendered":"<p>Designerska lampa \u015bcienna kinkiet z drucian\u0105 os\u0142on\u0105 DIAMENT. Wersja z wbudowanym w\u0142\u0105cznikiem \u0142a\u0144cuszkowym. Czarna konstrukcja z elementem w kolorze miedzianym oraz modna i praktyczna os\u0142ona z drutu to \u015bwietne po\u0142\u0105czenie w nowoczesnych wn\u0119trzach. \u015awietnie odnajdzie si\u0119 we wn\u0119trzach o charakterze nowoczesnym, loftowym, minimalistycznym czy skandynawskim. Kinkiet w pe\u0142ni z\u0142o\u017cony &#8211; nie jest to zestaw do [&hellip;]<\/p>\n","protected":false},"featured_media":17726,"comment_status":"closed","ping_status":"open","template":"","meta":{"_acf_changed":false},"product_brand":[162],"product_cat":[2590,7362],"product_tag":[],"class_list":{"0":"post-49344","1":"product","2":"type-product","3":"status-publish","4":"has-post-thumbnail","6":"product_brand-luxolar","7":"product_cat-lamps","8":"product_cat-wall-lamps","9":"pa_kod-producenta-lampa-scienna-kinkiet-905-kw1-en","10":"pa_kolekcja-905-en","11":"pa_kolor-black","12":"pa_kolor-gold","13":"pa_kolor-orange","14":"pa_liczba-punktow-swiatla-1-2","15":"pa_marka-luxolar","16":"pa_material-dominujacy-metal-en","17":"pa_max-moc-pojed-zrodla-swiatla-60-2","18":"pa_rodzaj-gwintu-e27-2","19":"pa_zawiera-baterie-no","20":"pa_zrodlo-swiatla-without-a-light-source","22":"first","23":"instock","24":"purchasable","25":"product-type-simple"},"acf":[],"aioseo_notices":[],"_links":{"self":[{"href":"https:\/\/portallamp.invette.dev\/en\/wp-json\/wp\/v2\/product\/49344","targetHints":{"allow":["GET"]}}],"collection":[{"href":"https:\/\/portallamp.invette.dev\/en\/wp-json\/wp\/v2\/product"}],"about":[{"href":"https:\/\/portallamp.invette.dev\/en\/wp-json\/wp\/v2\/types\/product"}],"replies":[{"embeddable":true,"href":"https:\/\/portallamp.invette.dev\/en\/wp-json\/wp\/v2\/comments?post=49344"}],"wp:featuredmedia":[{"embeddable":true,"href":"https:\/\/portallamp.invette.dev\/en\/wp-json\/wp\/v2\/media\/17726"}],"wp:attachment":[{"href":"https:\/\/portallamp.invette.dev\/en\/wp-json\/wp\/v2\/media?parent=49344"}],"wp:term":[{"taxonomy":"product_brand","embeddable":true,"href":"https:\/\/portallamp.invette.dev\/en\/wp-json\/wp\/v2\/product_brand?post=49344"},{"taxonomy":"product_cat","embeddable":true,"href":"https:\/\/portallamp.invette.dev\/en\/wp-json\/wp\/v2\/product_cat?post=49344"},{"taxonomy":"product_tag","embeddable":true,"href":"https:\/\/portallamp.invette.dev\/en\/wp-json\/wp\/v2\/product_tag?post=49344"}],"curies":[{"name":"wp","href":"https:\/\/api.w.org\/{rel}","templated":true}]}}