{"id":49476,"date":"2025-07-03T16:56:35","date_gmt":"2025-07-03T14:56:35","guid":{"rendered":"https:\/\/portallamp.invette.dev\/produkt\/lampa-sufitowa-plafon-3-szklane-kule-transparent\/"},"modified":"2025-07-03T16:56:35","modified_gmt":"2025-07-03T14:56:35","slug":"lampa-sufitowa-plafon-3-szklane-kule-transparent","status":"publish","type":"product","link":"https:\/\/portallamp.invette.dev\/en\/produkt\/lampa-sufitowa-plafon-3-szklane-kule-transparent\/","title":{"rendered":"Lampa Sufitowa Plafon 3 Szklane Kule Transparent"},"content":{"rendered":"<h1>Lampa plafon \u017cyrandol wyposa\u017cona w trzy szklane klosze w kszta\u0142cie kuli w kolorze Transparentnym.<\/h1>\n<h2>\u015awietnie odnajdzie si\u0119 we wn\u0119trzach o charakterze nowoczesnym, minimalistycznym czy skandynawskim.<\/h2>\n<p><img decoding=\"async\" src=\"https:\/\/a.allegroimg.com\/original\/110a13\/ac3fa5bd4f2d925cf5149b5ff4a4\" alt=\"Zdj\u0119cie produktu\" style=\"max-width:100%; height:auto; margin:10px 0;\"><\/p>\n<h2>Czarna konstrukcja lampy po\u0142\u0105czona ze szklanymi kloszami w bardzo modnym kolorze to \u015bwietne po\u0142\u0105czenie w nowoczesnych wn\u0119trzach.<\/h2>\n<p><img decoding=\"async\" src=\"https:\/\/a.allegroimg.com\/original\/11ba8d\/3845a60b457594eede20a07ec791\" alt=\"Zdj\u0119cie produktu\" style=\"max-width:100%; height:auto; margin:10px 0;\"><br \/>\n<img decoding=\"async\" src=\"https:\/\/a.allegroimg.com\/original\/112e9f\/c8e10b23478e88ac3e7c82990238\" alt=\"Zdj\u0119cie produktu\" style=\"max-width:100%; height:auto; margin:10px 0;\"><\/p>\n<p><b>Lampa w pe\u0142ni z\u0142o\u017cona &#8211; nie jest to zestaw do samodzielnego monta\u017cu.<\/b><\/p>\n<p><b>Kupuj\u0105c u nas nie musisz sk\u0142ada\u0107 lampy w ca\u0142o\u015b\u0107 od najmniejszej \u015brubki. Otrzymasz gotowy do zamontowania produkt.<\/b><\/p>\n<p><b><\/b><\/p>\n<p><b>G\u0141\u00d3WNE CECHY LAMPY:<\/b><\/p>\n<p><b><\/b><\/p>\n<ul>\n<li>Kolor konstrukcji: Czarny matowy &#8211; drobna struktura<\/li>\n<\/ul>\n<ul>\n<li>Materia\u0142 konstrukcji: Metal<\/li>\n<\/ul>\n<ul>\n<li>Materia\u0142 kloszy: Szk\u0142o w kolorze Transparentnym<\/li>\n<\/ul>\n<ul>\n<li>\u015arednica klosza: 15 cm<\/li>\n<\/ul>\n<ul>\n<li>Nowoczesny Styl &#8211; &nbsp;\u0142atwo wkomponuje si\u0119 w uk\u0142ad mieszkania<\/li>\n<\/ul>\n<ul>\n<li>Lampa obs\u0142uguje wszystkie \u017car\u00f3wki z gwintem typu&nbsp;<b>E14 do max 40 wat\u00f3w.<\/b><\/li>\n<\/ul>\n<ul>\n<li>Przeznaczona jako o\u015bwietlenie g\u0142\u00f3wne w pomieszczeniach o powierzchni:&nbsp;<b>10 &#8211; 16 m2<\/b><\/li>\n<\/ul>\n<ul>\n<li>Lampa z polskiej dystrybucji, wyprodukowana w Polsce &#8211; gwarantowany szybki dost\u0119p do serwisu i cz\u0119\u015bci zapasowych<\/li>\n<\/ul>\n<ul>\n<li>Lampa pochodzi z szerszej rodziny lamp&nbsp; &#8211; bez problemu dokupisz do kompletu \u017cyrandol czy lampk\u0119 nocn\u0105<\/li>\n<\/ul>\n<ul>\n<li><b>Wersja w pe\u0142ni z\u0142o\u017cona &#8211; nie jest to chi\u0144ski zestaw do samodzielnego monta\u017cu<\/b><\/li>\n<\/ul>\n<h2>Wymiary:<\/h2>\n<p><img decoding=\"async\" src=\"https:\/\/a.allegroimg.com\/original\/118134\/4988a71d4fe786d495f589066821\" alt=\"Zdj\u0119cie produktu\" style=\"max-width:100%; height:auto; margin:10px 0;\"><\/p>\n<h2>Opis kloszy:<\/h2>\n<ul>\n<li><b>materia\u0142:&nbsp;<\/b>szk\u0142o o grubo\u015bci 1,8 mm<\/li>\n<li><b>wysoko\u015b\u0107:<\/b>&nbsp;13cm<\/li>\n<li><b>\u015brednica:<\/b>&nbsp;15cm<\/li>\n<li><b>odcie\u0144:<\/b> transparentny<\/li>\n<li><b>obs\u0142ugiwane \u017car\u00f3wki:&nbsp;<\/b>z gwintem E14&nbsp; &#8211; oprawka z pier\u015bcieniem dociskowym <b>(\u0142atwo zdejmiesz klosze do umycia)<\/b><\/li>\n<li><b>waga:<\/b>&nbsp;190g<\/li>\n<\/ul>\n<p><img decoding=\"async\" src=\"https:\/\/a.allegroimg.com\/original\/114727\/7c6297094d699eb1e56e76cdfbf4\" alt=\"Zdj\u0119cie produktu\" style=\"max-width:100%; height:auto; margin:10px 0;\"><\/p>\n<h2>Dane techniczne:<\/h2>\n<ul>\n<li><b>Zasilanie:<\/b> ~230 [V] \/ bezpo\u015brednie z sieci dwa niezale\u017cne obwody elektryczne<\/li>\n<li><b>\u0179r\u00f3d\u0142o \u015bwiat\u0142a:<\/b> E-14 &#8211; zalecane LED lub \u015bwietl\u00f3wki kompaktowe<\/li>\n<li><b>Spos\u00f3b monta\u017cu:<\/b>&nbsp;Dwa ko\u0142ki rozporowe<\/li>\n<li><b>IP 20, Klasa I<\/b><\/li>\n<li><b>Producent:&nbsp;<\/b>LUXOLAR Polska<\/li>\n<\/ul>\n<p><img decoding=\"async\" src=\"https:\/\/a.allegroimg.com\/original\/118b8d\/8f66daa045b29bc3b83b138b8cce\" alt=\"Zdj\u0119cie produktu\" style=\"max-width:100%; height:auto; margin:10px 0;\"><\/p>\n<h2>Zestaw zawiera:<\/h2>\n<ul>\n<li><b>Kompletn\u0105, z\u0142o\u017con\u0105 lamp\u0119<\/b><\/li>\n<li><b>Kostk\u0119 przy\u0142\u0105czeniow\u0105<\/b><\/li>\n<li><b>Instrukcj\u0119 obs\u0142ugi<\/b><\/li>\n<li><b>Dokument zakupu<\/b><\/li>\n<\/ul>\n<p><b>Zestaw nie zawiera \u017car\u00f3wki oraz ko\u0142k\u00f3w (nale\u017cy dobra\u0107 odpowiednie do sufitu)<\/b><\/p>\n<h2>Aran\u017cacje:<\/h2>\n<p><img decoding=\"async\" src=\"https:\/\/a.allegroimg.com\/original\/113e28\/e382ecc846dd9b5106c4f71a50bf\" alt=\"Zdj\u0119cie produktu\" style=\"max-width:100%; height:auto; margin:10px 0;\"><br \/>\n<img decoding=\"async\" src=\"https:\/\/a.allegroimg.com\/original\/112be1\/bf5503a44213b84358a9679a1a99\" alt=\"Zdj\u0119cie produktu\" style=\"max-width:100%; height:auto; margin:10px 0;\"><br \/>\n<img decoding=\"async\" src=\"https:\/\/a.allegroimg.com\/original\/1105f5\/4815c38a46fc8845ca2075d99e8b\" alt=\"Zdj\u0119cie produktu\" style=\"max-width:100%; height:auto; margin:10px 0;\"><br \/>\n<img decoding=\"async\" src=\"https:\/\/a.allegroimg.com\/original\/11a77d\/626a007d4d8890a4ed625682d37f\" alt=\"Zdj\u0119cie produktu\" style=\"max-width:100%; height:auto; margin:10px 0;\"><\/p>\n","protected":false},"excerpt":{"rendered":"<p>Lampa plafon \u017cyrandol wyposa\u017cona w trzy szklane klosze w kszta\u0142cie kuli w kolorze Transparentnym. \u015awietnie odnajdzie si\u0119 we wn\u0119trzach o charakterze nowoczesnym, minimalistycznym czy skandynawskim. Czarna konstrukcja lampy po\u0142\u0105czona ze szklanymi kloszami w bardzo modnym kolorze to \u015bwietne po\u0142\u0105czenie w nowoczesnych wn\u0119trzach. Lampa w pe\u0142ni z\u0142o\u017cona &#8211; nie jest to zestaw do samodzielnego monta\u017cu. Kupuj\u0105c [&hellip;]<\/p>\n","protected":false},"featured_media":16709,"comment_status":"closed","ping_status":"open","template":"","meta":{"_acf_changed":false},"product_brand":[162],"product_cat":[2590,2671],"product_tag":[],"class_list":{"0":"post-49476","1":"product","2":"type-product","3":"status-publish","4":"has-post-thumbnail","6":"product_brand-luxolar","7":"product_cat-lamps","8":"product_cat-hanging-lamps","9":"pa_kod-producenta-846-3t-en","10":"pa_kolekcja-846-en","11":"pa_kolor-black","12":"pa_kolor-colorless","13":"pa_liczba-punktow-swiatla-3-2","14":"pa_marka-luxolar","15":"pa_material-dominujacy-glass","16":"pa_max-moc-pojed-zrodla-swiatla-40-en","17":"pa_pomieszczenie-bedroom","18":"pa_pomieszczenie-childrens-room","19":"pa_pomieszczenie-dining-room","20":"pa_pomieszczenie-hallway-stairs","21":"pa_pomieszczenie-kuchnia-2","22":"pa_pomieszczenie-living-room","23":"pa_pomieszczenie-office","24":"pa_pomieszczenie-universal","25":"pa_rodzaj-gwintu-e14-en","26":"pa_rodzaj-lampy-ceiling-mounted-hanging","27":"pa_zasilanie-network","28":"pa_zawiera-baterie-no","29":"pa_zrodlo-swiatla-without-a-light-source","31":"first","32":"instock","33":"purchasable","34":"product-type-simple"},"acf":[],"aioseo_notices":[],"_links":{"self":[{"href":"https:\/\/portallamp.invette.dev\/en\/wp-json\/wp\/v2\/product\/49476","targetHints":{"allow":["GET"]}}],"collection":[{"href":"https:\/\/portallamp.invette.dev\/en\/wp-json\/wp\/v2\/product"}],"about":[{"href":"https:\/\/portallamp.invette.dev\/en\/wp-json\/wp\/v2\/types\/product"}],"replies":[{"embeddable":true,"href":"https:\/\/portallamp.invette.dev\/en\/wp-json\/wp\/v2\/comments?post=49476"}],"wp:featuredmedia":[{"embeddable":true,"href":"https:\/\/portallamp.invette.dev\/en\/wp-json\/wp\/v2\/media\/16709"}],"wp:attachment":[{"href":"https:\/\/portallamp.invette.dev\/en\/wp-json\/wp\/v2\/media?parent=49476"}],"wp:term":[{"taxonomy":"product_brand","embeddable":true,"href":"https:\/\/portallamp.invette.dev\/en\/wp-json\/wp\/v2\/product_brand?post=49476"},{"taxonomy":"product_cat","embeddable":true,"href":"https:\/\/portallamp.invette.dev\/en\/wp-json\/wp\/v2\/product_cat?post=49476"},{"taxonomy":"product_tag","embeddable":true,"href":"https:\/\/portallamp.invette.dev\/en\/wp-json\/wp\/v2\/product_tag?post=49476"}],"curies":[{"name":"wp","href":"https:\/\/api.w.org\/{rel}","templated":true}]}}