{"id":49530,"date":"2025-07-03T16:47:20","date_gmt":"2025-07-03T14:47:20","guid":{"rendered":"https:\/\/portallamp.invette.dev\/produkt\/zarowka-ozdobna-led-e27-8w-filament-edison\/"},"modified":"2025-07-03T16:47:20","modified_gmt":"2025-07-03T14:47:20","slug":"zarowka-ozdobna-led-e27-8w-filament-edison","status":"publish","type":"product","link":"https:\/\/portallamp.invette.dev\/en\/produkt\/zarowka-ozdobna-led-e27-8w-filament-edison\/","title":{"rendered":"\u017bAR\u00d3WKA OZDOBNA LED E27 8W FILAMENT Edison"},"content":{"rendered":"<h1>\u017bAR\u00d3WKA OZDOBNA LED E27 8W FILAMENT Edison &#8211; ST64<\/h1>\n<p><img decoding=\"async\" src=\"https:\/\/a.allegroimg.com\/original\/11a455\/61f57cad45dfa013552815b7fdd9\" alt=\"Zdj\u0119cie produktu\" style=\"max-width:100%; height:auto; margin:10px 0;\"><\/p>\n<h2>Parametry techniczne:<\/h2>\n<ul>\n<li>model: <b>Filament&nbsp;<\/b><b>E27 8W &#8211; ST64<\/b><\/li>\n<li>rodzaj trzonka: <b>E27<\/b><\/li>\n<li>barwa \u015bwiat\u0142a:&nbsp;<b> bia\u0142a ciep\u0142a 2700K<\/b><\/li>\n<li>napi\u0119cie zasilania: <b>230V AC<\/b><\/li>\n<li>moc: <b>8W<\/b><\/li>\n<li>strumie\u0144 \u015bwietlny: <b>800 lm<\/b><\/li>\n<li>odpowiednik tradycyjnej \u017car\u00f3wki: <b>65 W<\/b><\/li>\n<li>efektywno\u015b\u0107 energetyczna: <b>E<\/b><\/li>\n<li>k\u0105t \u015bwiecenia: <b>270\u00b0<\/b><\/li>\n<li>\u015brednica: <b>64mm<\/b><\/li>\n<li>wysoko\u015b\u0107: <b>142mm<\/b><\/li>\n<li>Wsp\u00f3\u0142czynnik oddawania barw CRI: <b>Ra &gt; 80<\/b><\/li>\n<li>Wsp\u00f3\u0142czynnik mocy: <b>&gt;0.5<\/b><\/li>\n<li>Skuteczno\u015b\u0107 \u015bwietlna:&nbsp;<b>100 lm\/W<\/b><\/li>\n<li>Nominalny okres trwa\u0142o\u015bci: <b>30&nbsp;000h<\/b><\/li>\n<li><b>Producent: LUXOLAR<\/b><\/li>\n<\/ul>\n","protected":false},"excerpt":{"rendered":"<p>\u017bAR\u00d3WKA OZDOBNA LED E27 8W FILAMENT Edison &#8211; ST64 Parametry techniczne: model: Filament&nbsp;E27 8W &#8211; ST64 rodzaj trzonka: E27 barwa \u015bwiat\u0142a:&nbsp; bia\u0142a ciep\u0142a 2700K napi\u0119cie zasilania: 230V AC moc: 8W strumie\u0144 \u015bwietlny: 800 lm odpowiednik tradycyjnej \u017car\u00f3wki: 65 W efektywno\u015b\u0107 energetyczna: E k\u0105t \u015bwiecenia: 270\u00b0 \u015brednica: 64mm wysoko\u015b\u0107: 142mm Wsp\u00f3\u0142czynnik oddawania barw CRI: Ra &gt; [&hellip;]<\/p>\n","protected":false},"featured_media":13943,"comment_status":"closed","ping_status":"open","template":"","meta":{"_acf_changed":false},"product_brand":[162],"product_cat":[3728],"product_tag":[],"class_list":{"0":"post-49530","1":"product","2":"type-product","3":"status-publish","4":"has-post-thumbnail","6":"product_brand-luxolar","7":"product_cat-light-sources","8":"pa_barwa-warm-white","9":"pa_jasnosc-800-en","10":"pa_kat-wiercenia-270-en","11":"pa_klasa-efektywnosci-e-en","12":"pa_kod-producenta-filament-8w-en","13":"pa_kolor-szkla-transparent","14":"pa_ksztalt-other","15":"pa_ksztalt-traditional-light-bulb","16":"pa_marka-luxolar","17":"pa_min-liczba-cykli-wlaczen-25000-en","18":"pa_moc-8-en","19":"pa_napiecie-230v-en","20":"pa_rodzaj-led-en","21":"pa_rodzaj-gwintu-e27-2","22":"pa_stan-original","23":"pa_temperatura-barwowa-2700-en","24":"pa_trwalosc-30000-en","25":"pa_zawiera-baterie-no","26":"pa_zuzycie-energii-8-en","28":"first","29":"instock","30":"purchasable","31":"product-type-simple"},"acf":[],"aioseo_notices":[],"_links":{"self":[{"href":"https:\/\/portallamp.invette.dev\/en\/wp-json\/wp\/v2\/product\/49530","targetHints":{"allow":["GET"]}}],"collection":[{"href":"https:\/\/portallamp.invette.dev\/en\/wp-json\/wp\/v2\/product"}],"about":[{"href":"https:\/\/portallamp.invette.dev\/en\/wp-json\/wp\/v2\/types\/product"}],"replies":[{"embeddable":true,"href":"https:\/\/portallamp.invette.dev\/en\/wp-json\/wp\/v2\/comments?post=49530"}],"wp:featuredmedia":[{"embeddable":true,"href":"https:\/\/portallamp.invette.dev\/en\/wp-json\/wp\/v2\/media\/13943"}],"wp:attachment":[{"href":"https:\/\/portallamp.invette.dev\/en\/wp-json\/wp\/v2\/media?parent=49530"}],"wp:term":[{"taxonomy":"product_brand","embeddable":true,"href":"https:\/\/portallamp.invette.dev\/en\/wp-json\/wp\/v2\/product_brand?post=49530"},{"taxonomy":"product_cat","embeddable":true,"href":"https:\/\/portallamp.invette.dev\/en\/wp-json\/wp\/v2\/product_cat?post=49530"},{"taxonomy":"product_tag","embeddable":true,"href":"https:\/\/portallamp.invette.dev\/en\/wp-json\/wp\/v2\/product_tag?post=49530"}],"curies":[{"name":"wp","href":"https:\/\/api.w.org\/{rel}","templated":true}]}}