{"id":49638,"date":"2025-07-03T18:10:49","date_gmt":"2025-07-03T16:10:49","guid":{"rendered":"https:\/\/portallamp.invette.dev\/produkt\/lampa-wiszaca-sufitowa-zyrandol-abazur-nowoczesna\/"},"modified":"2025-07-03T18:10:49","modified_gmt":"2025-07-03T16:10:49","slug":"lampa-wiszaca-sufitowa-zyrandol-abazur-nowoczesna","status":"publish","type":"product","link":"https:\/\/portallamp.invette.dev\/en\/produkt\/lampa-wiszaca-sufitowa-zyrandol-abazur-nowoczesna\/","title":{"rendered":"LAMPA WISZ\u0104CA SUFITOWA \u017bYRANDOL ABA\u017bUR NOWOCZESNA"},"content":{"rendered":"<h1>Designerska lampa sufitowa wisz\u0105ca zaprojektowana w nowoczesnym stylu. Dost\u0119pna w kilku kolorach do wyboru.<\/h1>\n<p><img decoding=\"async\" src=\"https:\/\/a.allegroimg.com\/original\/03c2bb\/8f28b0e74c3384aab804c2752d41\" alt=\"Zdj\u0119cie produktu\" style=\"max-width:100%; height:auto; margin:10px 0;\"><br \/>\n<img decoding=\"async\" src=\"https:\/\/a.allegroimg.com\/original\/033108\/2f8bf68746aab024e0c36696fc30\" alt=\"Zdj\u0119cie produktu\" style=\"max-width:100%; height:auto; margin:10px 0;\"><\/p>\n<p><b>Wersja w pe\u0142ni z\u0142o\u017cona &#8211; nie jest to zestaw do samodzielnego monta\u017cu<\/b><\/p>\n<\/p>\n<h2>Lampa dost\u0119pna w kolorach:<\/h2>\n<ul>\n<li>Czarny<\/li>\n<li>Szary<\/li>\n<li>Bia\u0142y<\/li>\n<li>Bia\u0142o &#8211; Czarny<\/li>\n<li>Szaro -Czarny<\/li>\n<\/ul>\n<p><img decoding=\"async\" src=\"https:\/\/a.allegroimg.com\/original\/03a5c5\/84490e284b588a43d88c9a465ec4\" alt=\"Zdj\u0119cie produktu\" style=\"max-width:100%; height:auto; margin:10px 0;\"><br \/>\n<img decoding=\"async\" src=\"https:\/\/a.allegroimg.com\/original\/033df3\/1f226b7c4f60a38157bad85a9eb3\" alt=\"Zdj\u0119cie produktu\" style=\"max-width:100%; height:auto; margin:10px 0;\"><\/p>\n<p><b><\/b><\/p>\n<p><b>G\u0141\u00d3WNE CECHY LAMPY:<\/b><\/p>\n<p><b><\/b><\/p>\n<ul>\n<li>Kolor konstrukcji: Czarny matowy &#8211; drobna struktura<\/li>\n<\/ul>\n<ul>\n<li>Kolor aba\u017cur\u00f3w: do wyboru<\/li>\n<\/ul>\n<ul>\n<li>Nowoczesny Styl &#8211; &nbsp;\u0142atwo wkomponuje si\u0119 w uk\u0142ad mieszkania<\/li>\n<\/ul>\n<ul>\n<li>Solidna metalowa konstrukcja malowana proszkowo<\/li>\n<\/ul>\n<ul>\n<li>Przeznaczona jako o\u015bwietlenie g\u0142\u00f3wne w pomieszczeniach o powierzchni 9-16 m2<\/li>\n<\/ul>\n<ul>\n<li>Wysoko\u015b\u0107 regulowana w zakresie od 40 do 70 cm<\/li>\n<\/ul>\n<ul>\n<li>Lampa obs\u0142uguje wszystkie \u017car\u00f3wki z gwintem typu E27 do max 60 wat\u00f3w.<\/li>\n<\/ul>\n<ul>\n<li>Dodatkowym atutem s\u0105 dwa niezale\u017cne obwody elektryczne, dzi\u0119ki kt\u00f3rym w zale\u017cno\u015bci od potrzeb, mo\u017cemy sterowa\u0107 ilo\u015bci\u0105 w\u0142\u0105czonych \u017car\u00f3wek.<\/li>\n<\/ul>\n<ul>\n<li>Lampa z polskiej dystrybucji, wyprodukowana w Polsce &#8211; gwarantowany szybki dost\u0119p do serwisu i cz\u0119\u015bci zapasowych<\/li>\n<\/ul>\n<ul>\n<li>Cena &#8211; za podobn\u0105 lamp\u0119 w popularnych marketach budowlanych zap\u0142acisz od 180 do 250 z\u0142<\/li>\n<\/ul>\n<ul>\n<li>Lampa pochodzi z szerokiej gamy lamp serii DUO &#8211; bez problemu dokupisz do kompletu kinkiet czy lampk\u0119 nocn\u0105<\/li>\n<\/ul>\n<h2>Dane techniczne:<\/h2>\n<\/p>\n<ul>\n<li><b>Materia\u0142 konstrukcji:<\/b> metal malowany proszkowo<\/li>\n<li><b>Materia\u0142 aba\u017cur\u00f3w:<\/b> PCV stosowane w bran\u017cy o\u015bwietleniowej<\/li>\n<li><b>Wymiary:<\/b>&nbsp;Wysoko\u015b\u0107 ca\u0142kowita max 70 cm&nbsp;<b>,<\/b>&nbsp;\u015brednica podsufitki: 30 cm,<\/li>\n<li><b>Zasilanie:<\/b> ~230 [V] \/ bezpo\u015brednie z sieci, dwa niezale\u017cne obwody elektryczne, w\u0142\u0105czanie 2+1 lub wszystkie jednocze\u015bnie<\/li>\n<li><b>\u0179r\u00f3d\u0142o \u015bwiat\u0142a:<\/b> E-27 &#8211; zalecane LED lub \u015bwietl\u00f3wki kompaktowe<\/li>\n<li><b>Spos\u00f3b monta\u017cu:<\/b> Dwa ko\u0142ki rozporowe,<b> po zamontowaniu lamp\u0119 mo\u017cna obr\u00f3ci\u0107 ustawiaj\u0105c np. kr\u00f3tszym przewodem do frontu<\/b><\/li>\n<li><b>IP 20, Klasa I<\/b><\/li>\n<li><b>Zestaw nie zawiera \u017car\u00f3wek oraz ko\u0142k\u00f3w rozporowych do monta\u017cu<\/b><\/li>\n<li><b>Producent: <\/b>LUXOLAR Polska<\/li>\n<\/ul>\n<h2>WYMIARY:<\/h2>\n<p><img decoding=\"async\" src=\"https:\/\/a.allegroimg.com\/original\/03d444\/65385e1e4863b789186a3ec6bde8\" alt=\"Zdj\u0119cie produktu\" style=\"max-width:100%; height:auto; margin:10px 0;\"><br \/>\n<img decoding=\"async\" src=\"https:\/\/a.allegroimg.com\/original\/0339c4\/ed08926a488eaf6334b480685549\" alt=\"Zdj\u0119cie produktu\" style=\"max-width:100%; height:auto; margin:10px 0;\"><br \/>\n<img decoding=\"async\" src=\"https:\/\/a.allegroimg.com\/original\/03fc3c\/11e7c5be45f89b2c01465133e2bb\" alt=\"Zdj\u0119cie produktu\" style=\"max-width:100%; height:auto; margin:10px 0;\"><\/p>\n<h2>Os\u0142ona zosta\u0142a zaprojektowana z my\u015bl\u0105 o zwi\u0119kszeniu wydajno\u015bci oraz \u017cywotno\u015bci \u017car\u00f3wki.<\/h2>\n<p>Otwarta przestrze\u0144 z g\u00f3ry i z do\u0142u aba\u017cura umo\u017cliwia sprawny odp\u0142yw wytwarzanego przez \u017car\u00f3wk\u0119 ciep\u0142a, tym samym ro\u015bnie jej wydajno\u015b\u0107 oraz \u017cywotno\u015b\u0107.<\/p>\n<p><img decoding=\"async\" src=\"https:\/\/a.allegroimg.com\/original\/03529c\/0296f50d4b3dbdfb4e9ba904fcc0\" alt=\"Zdj\u0119cie produktu\" style=\"max-width:100%; height:auto; margin:10px 0;\"><\/p>\n<h2>WYB\u00d3R KOLORU:<\/h2>\n<\/p>\n<p><img decoding=\"async\" src=\"https:\/\/a.allegroimg.com\/original\/03a5c5\/84490e284b588a43d88c9a465ec4\" alt=\"Zdj\u0119cie produktu\" style=\"max-width:100%; height:auto; margin:10px 0;\"><br \/>\n<img decoding=\"async\" src=\"https:\/\/a.allegroimg.com\/original\/034c88\/9abe48dc4f7faeef8dba4b088348\" alt=\"Zdj\u0119cie produktu\" style=\"max-width:100%; height:auto; margin:10px 0;\"><\/p>\n<h2>ETAPY REALIZACJI ZAM\u00d3WIENIA:<\/h2>\n<ol>\n<li><b>Wybierz kolor aba\u017cur\u00f3w: <\/b>Czarny, Szary, Bia\u0142y, Bia\u0142o &#8211; Czarny, Szaro &#8211; Czarny.<\/li>\n<li><b>Wpisz wybrany kolor <\/b>&#8211; w formularzu zam\u00f3wienia.<\/li>\n<\/ol>\n<p><b>Poprawne przes\u0142anie powy\u017cszych informacji znacznie przyspieszy realizacj\u0119 zam\u00f3wienia.<\/b><\/p>\n<h2>Mo\u017cliwo\u015b\u0107 tworzenia MIKS\u00d3W &#8211; wybierania R\u00d3\u017bNYCH KOLOR\u00d3W.<\/h2>\n<p><img decoding=\"async\" src=\"https:\/\/a.allegroimg.com\/original\/039f83\/2452ce7f4141a222188f2389699a\" alt=\"Zdj\u0119cie produktu\" style=\"max-width:100%; height:auto; margin:10px 0;\"><\/p>\n<h2>ZALECANE \u0179R\u00d3D\u0141A \u015aWIAT\u0141A:<\/h2>\n<ul>\n<li>\u017bar\u00f3wki LED o barwie ciep\u0142ej lub bia\u0142ej<\/li>\n<li>900 -1300 lm<\/li>\n<li>Gwint E27<\/li>\n<\/ul>\n<p><b>Tradycyjny kszta\u0142t w po\u0142\u0105czeniu z nowoczesnymi diodami SMD<\/b><\/p>\n<p><img decoding=\"async\" src=\"https:\/\/a.allegroimg.com\/original\/032a6a\/de83a24442b9a5d55dbc2610aa55\" alt=\"Zdj\u0119cie produktu\" style=\"max-width:100%; height:auto; margin:10px 0;\"><\/p>\n<h2>ARAN\u017bACJE:<\/h2>\n<\/p>\n<p><img decoding=\"async\" src=\"https:\/\/a.allegroimg.com\/original\/0322ab\/422c23754f688ce66f1447d3b739\" alt=\"Zdj\u0119cie produktu\" style=\"max-width:100%; height:auto; margin:10px 0;\"><br \/>\n<img decoding=\"async\" src=\"https:\/\/a.allegroimg.com\/original\/03494c\/9af2ebbb48f598dcf92356907371\" alt=\"Zdj\u0119cie produktu\" style=\"max-width:100%; height:auto; margin:10px 0;\"><br \/>\n<img decoding=\"async\" src=\"https:\/\/a.allegroimg.com\/original\/03b506\/3912ff484dd7bf18f0b0d0a2f8a2\" alt=\"Zdj\u0119cie produktu\" style=\"max-width:100%; height:auto; margin:10px 0;\"><br \/>\n<img decoding=\"async\" src=\"https:\/\/a.allegroimg.com\/original\/03d7c6\/ec3c20034a93bfb47e0d0f23393d\" alt=\"Zdj\u0119cie produktu\" style=\"max-width:100%; height:auto; margin:10px 0;\"><\/p>\n","protected":false},"excerpt":{"rendered":"<p>Designerska lampa sufitowa wisz\u0105ca zaprojektowana w nowoczesnym stylu. Dost\u0119pna w kilku kolorach do wyboru. Wersja w pe\u0142ni z\u0142o\u017cona &#8211; nie jest to zestaw do samodzielnego monta\u017cu Lampa dost\u0119pna w kolorach: Czarny Szary Bia\u0142y Bia\u0142o &#8211; Czarny Szaro -Czarny G\u0141\u00d3WNE CECHY LAMPY: Kolor konstrukcji: Czarny matowy &#8211; drobna struktura Kolor aba\u017cur\u00f3w: do wyboru Nowoczesny Styl &#8211; [&hellip;]<\/p>\n","protected":false},"featured_media":38380,"comment_status":"closed","ping_status":"open","template":"","meta":{"_acf_changed":false},"product_brand":[162],"product_cat":[2590,2671],"product_tag":[],"class_list":{"0":"post-49638","1":"product","2":"type-product","3":"status-publish","4":"has-post-thumbnail","6":"product_brand-luxolar","7":"product_cat-lamps","8":"product_cat-hanging-lamps","9":"pa_kod-producenta-755-ez3-en","10":"pa_kolekcja-duo-755-ez3-en","11":"pa_kolor-bialy-2","12":"pa_kolor-black","13":"pa_kolor-gray","14":"pa_liczba-punktow-swiatla-3-2","15":"pa_marka-luxolar","16":"pa_material-dominujacy-metal-en","17":"pa_max-moc-pojed-zrodla-swiatla-60-2","18":"pa_pomieszczenie-bedroom","19":"pa_pomieszczenie-dining-room","20":"pa_pomieszczenie-hallway-stairs","21":"pa_pomieszczenie-kuchnia-2","22":"pa_pomieszczenie-living-room","23":"pa_pomieszczenie-office","24":"pa_rodzaj-gwintu-e27-2","25":"pa_rodzaj-lampy-ceiling-mounted-hanging","26":"pa_zasilanie-network","27":"pa_zawiera-baterie-no","28":"pa_zrodlo-swiatla-without-a-light-source","30":"first","31":"instock","32":"purchasable","33":"product-type-simple"},"acf":[],"aioseo_notices":[],"_links":{"self":[{"href":"https:\/\/portallamp.invette.dev\/en\/wp-json\/wp\/v2\/product\/49638","targetHints":{"allow":["GET"]}}],"collection":[{"href":"https:\/\/portallamp.invette.dev\/en\/wp-json\/wp\/v2\/product"}],"about":[{"href":"https:\/\/portallamp.invette.dev\/en\/wp-json\/wp\/v2\/types\/product"}],"replies":[{"embeddable":true,"href":"https:\/\/portallamp.invette.dev\/en\/wp-json\/wp\/v2\/comments?post=49638"}],"wp:featuredmedia":[{"embeddable":true,"href":"https:\/\/portallamp.invette.dev\/en\/wp-json\/wp\/v2\/media\/38380"}],"wp:attachment":[{"href":"https:\/\/portallamp.invette.dev\/en\/wp-json\/wp\/v2\/media?parent=49638"}],"wp:term":[{"taxonomy":"product_brand","embeddable":true,"href":"https:\/\/portallamp.invette.dev\/en\/wp-json\/wp\/v2\/product_brand?post=49638"},{"taxonomy":"product_cat","embeddable":true,"href":"https:\/\/portallamp.invette.dev\/en\/wp-json\/wp\/v2\/product_cat?post=49638"},{"taxonomy":"product_tag","embeddable":true,"href":"https:\/\/portallamp.invette.dev\/en\/wp-json\/wp\/v2\/product_tag?post=49638"}],"curies":[{"name":"wp","href":"https:\/\/api.w.org\/{rel}","templated":true}]}}