{"id":49713,"date":"2025-07-03T18:08:13","date_gmt":"2025-07-03T16:08:13","guid":{"rendered":"https:\/\/portallamp.invette.dev\/produkt\/lampa-sufitowa-plafon-zyrandol-loft-edison-led-4\/"},"modified":"2025-07-03T18:08:13","modified_gmt":"2025-07-03T16:08:13","slug":"lampa-sufitowa-plafon-zyrandol-loft-edison-led-4","status":"publish","type":"product","link":"https:\/\/portallamp.invette.dev\/en\/produkt\/lampa-sufitowa-plafon-zyrandol-loft-edison-led-4\/","title":{"rendered":"LAMPA SUFITOWA PLAFON \u017bYRANDOL LOFT EDISON LED"},"content":{"rendered":"<h1>Przedmiotem sprzeda\u017cy jest:<\/h1>\n<h2>Lampa Plafon w stylu minimalistycznym z metalowymi aba\u017curami w kszta\u0142cie walc\u00f3w.<\/h2>\n<p>Nr kat: 382-E3 LUXOLAR<\/p>\n<h2>Dost\u0119pna w kolorach:<\/h2>\n<ul>\n<li>Czarny + mied\u017a<\/li>\n<li>Ca\u0142y Czarny<\/li>\n<li>Bia\u0142ym<\/li>\n<li>Szarym<\/li>\n<\/ul>\n<p><img decoding=\"async\" src=\"https:\/\/8.allegroimg.com\/original\/0386b3\/2f50cda548529efb5ae97e2ef748\" alt=\"Zdj\u0119cie produktu\" style=\"max-width:100%; height:auto; margin:10px 0;\"><br \/>\n<img decoding=\"async\" src=\"https:\/\/a.allegroimg.com\/original\/03c27c\/6860ef234feb8b5772b1a2f6e7de\" alt=\"Zdj\u0119cie produktu\" style=\"max-width:100%; height:auto; margin:10px 0;\"><br \/>\n<img decoding=\"async\" src=\"https:\/\/8.allegroimg.com\/original\/031b59\/c11afb8c497eb0dd5bf5750ffe98\" alt=\"Zdj\u0119cie produktu\" style=\"max-width:100%; height:auto; margin:10px 0;\"><\/p>\n<p><b>Lampa Plafon w stylu minimalistycznym z metalowymi aba\u017curami w kszta\u0142cie walca<\/b><\/p>\n<ul>\n<li>4 &#8211; kolory do wyboru<\/li>\n<\/ul>\n<ul>\n<li>Nowoczesny Styl &#8211; &nbsp;\u0142atwo wkomponuje si\u0119 w uk\u0142ad mieszkania<\/li>\n<\/ul>\n<ul>\n<li>Solidna metalowa konstrukcja malowana proszkowo<\/li>\n<\/ul>\n<ul>\n<li>Przeznaczona jako o\u015bwietlenie g\u0142\u00f3wne w pomieszczeniach o powierzchni 9-12 m2<\/li>\n<\/ul>\n<ul>\n<li>Lampa obs\u0142uguje wszystkie \u017car\u00f3wki z gwintem typu E27 do max 60 wat\u00f3w.<\/li>\n<\/ul>\n<ul>\n<li>Dodatkowym atutem s\u0105 dwa niezale\u017cne obwody elektryczne, dzi\u0119ki kt\u00f3rym w zale\u017cno\u015bci od potrzeb, mo\u017cemy sterowa\u0107 ilo\u015bci\u0105 w\u0142\u0105czonych \u017car\u00f3wek.<\/li>\n<\/ul>\n<h1>Dane techniczne:<\/h1>\n<ul>\n<li><b>materia\u0142 konstrukcji:<\/b>&nbsp;metal malowany proszkowo<\/li>\n<li><b>wymiary:<\/b>&nbsp;wysoko\u015b\u0107 ca\u0142kowita lampy 23 cm &#8211;&nbsp;szeroko\u015b\u0107 podstawy: 30 cm<\/li>\n<li><b>regulacja k\u0105ta \u015bwiat\u0142a:<\/b>&nbsp;nie<\/li>\n<li><b>zasilanie:<\/b>&nbsp;~230 [V] \/ bezpo\u015brednie z sieci, dwa niezale\u017cne obwody elektryczne<\/li>\n<li><b>\u017ar\u00f3d\u0142o \u015bwiat\u0142a:<\/b>&nbsp;E-27<\/li>\n<li><b>IP 20, Klasa I<\/b><\/li>\n<li><b>zestaw nie zawiera \u017car\u00f3wek oraz ko\u0142k\u00f3w rozporowych do monta\u017cu<\/b><\/li>\n<li><b>producent:<\/b>&nbsp;LUXOLAR<\/li>\n<\/ul>\n<p><img decoding=\"async\" src=\"https:\/\/1.allegroimg.com\/original\/032d77\/9b08ea9140d2ad88b0c40d325381\" alt=\"Zdj\u0119cie produktu\" style=\"max-width:100%; height:auto; margin:10px 0;\"><\/p>\n<h1>KOLORY LAMPY DO WYBORU:<\/h1>\n<p><img decoding=\"async\" src=\"https:\/\/3.allegroimg.com\/original\/032999\/39916e84458ebf12ace4db3bb5d3\" alt=\"Zdj\u0119cie produktu\" style=\"max-width:100%; height:auto; margin:10px 0;\"><\/p>\n<h1>Do zdj\u0119\u0107 u\u017cyto \u017bAR\u00d3WEK EDISON z w\u0142\u00f3knem LED<\/h1>\n<h2>W\u0142\u00f3kna LED cechuje wysoka wydajno\u015b\u0107 oraz estetyka po\u0142\u0105czona z niskim zu\u017cyciem energii.<\/h2>\n<h2>\u017bar\u00f3wka to nie tylko \u017ar\u00f3d\u0142o \u015bwiata, ale tak\u017ce wa\u017cny wizualny szczeg\u00f3\u0142 lampy.<\/h2>\n<h1>Parametry zalecanych \u017ar\u00f3de\u0142 \u015bwiat\u0142a:<\/h1>\n<ul>\n<li>Gwint: E27<\/li>\n<li>Rodzaj: Led CCD lub Filament<\/li>\n<li>Barwa: Ciep\u0142a bia\u0142a (2700-3000K)<\/li>\n<li>Strumie\u0144 \u015bwietlny : 800-1300 lm (odpowiednik 8 &#8211; 14 W)<\/li>\n<\/ul>\n<p><img decoding=\"async\" src=\"https:\/\/a.allegroimg.com\/original\/030d8b\/96e0b60648f08fc42d0dd2dd491d\" alt=\"Zdj\u0119cie produktu\" style=\"max-width:100%; height:auto; margin:10px 0;\"><br \/>\n<img decoding=\"async\" src=\"https:\/\/a.allegroimg.com\/original\/0319f4\/cf6e61314616adf381ae5386666a\" alt=\"Zdj\u0119cie produktu\" style=\"max-width:100%; height:auto; margin:10px 0;\"><\/p>\n<h1>ARAN\u017bACJE:<\/h1>\n<p><img decoding=\"async\" src=\"https:\/\/a.allegroimg.com\/original\/03c27c\/6860ef234feb8b5772b1a2f6e7de\" alt=\"Zdj\u0119cie produktu\" style=\"max-width:100%; height:auto; margin:10px 0;\"><br \/>\n<img decoding=\"async\" src=\"https:\/\/0.allegroimg.com\/original\/032181\/5933cba8472c850ddf01c5b87870\" alt=\"Zdj\u0119cie produktu\" style=\"max-width:100%; height:auto; margin:10px 0;\"><\/p>\n<h2>ETAPY REALIZACJI ZAM\u00d3WIENIA:<\/h2>\n<ol>\n<li><b>Wybierz kolor lampy<\/b>: Czarny + Mied\u017a, Ca\u0142y Czarny, Bia\u0142y lub Szary<\/li>\n<li><b>Prze\u015blij wybran\u0105 konfiguracj\u0119<\/b>&nbsp;&#8211; w formularzu zam\u00f3wienia.<\/li>\n<\/ol>\n","protected":false},"excerpt":{"rendered":"<p>Przedmiotem sprzeda\u017cy jest: Lampa Plafon w stylu minimalistycznym z metalowymi aba\u017curami w kszta\u0142cie walc\u00f3w. Nr kat: 382-E3 LUXOLAR Dost\u0119pna w kolorach: Czarny + mied\u017a Ca\u0142y Czarny Bia\u0142ym Szarym Lampa Plafon w stylu minimalistycznym z metalowymi aba\u017curami w kszta\u0142cie walca 4 &#8211; kolory do wyboru Nowoczesny Styl &#8211; &nbsp;\u0142atwo wkomponuje si\u0119 w uk\u0142ad mieszkania Solidna metalowa [&hellip;]<\/p>\n","protected":false},"featured_media":37645,"comment_status":"closed","ping_status":"open","template":"","meta":{"_acf_changed":false},"product_brand":[196],"product_cat":[2590,3500],"product_tag":[],"class_list":{"0":"post-49713","1":"product","2":"type-product","3":"status-publish","4":"has-post-thumbnail","6":"product_brand-fabryka-lamp-luxolar","7":"product_cat-lamps","8":"product_cat-semi-ceiling-lights-and-ceiling-lights","9":"pa_kod-producenta-lampa-sufitowa-382-e3-en","10":"pa_kolor-bialy-2","11":"pa_kolor-black","12":"pa_liczba-punktow-swiatla-3-2","13":"pa_marka-fabryka-lamp-luxolar","14":"pa_material-dominujacy-metal-en","15":"pa_max-moc-pojed-zrodla-swiatla-60-2","16":"pa_rodzaj-ceiling","17":"pa_rodzaj-gwintu-e27-2","18":"pa_zasilanie-network","19":"pa_zawiera-baterie-no","21":"first","22":"instock","23":"purchasable","24":"product-type-simple"},"acf":[],"aioseo_notices":[],"_links":{"self":[{"href":"https:\/\/portallamp.invette.dev\/en\/wp-json\/wp\/v2\/product\/49713","targetHints":{"allow":["GET"]}}],"collection":[{"href":"https:\/\/portallamp.invette.dev\/en\/wp-json\/wp\/v2\/product"}],"about":[{"href":"https:\/\/portallamp.invette.dev\/en\/wp-json\/wp\/v2\/types\/product"}],"replies":[{"embeddable":true,"href":"https:\/\/portallamp.invette.dev\/en\/wp-json\/wp\/v2\/comments?post=49713"}],"wp:featuredmedia":[{"embeddable":true,"href":"https:\/\/portallamp.invette.dev\/en\/wp-json\/wp\/v2\/media\/37645"}],"wp:attachment":[{"href":"https:\/\/portallamp.invette.dev\/en\/wp-json\/wp\/v2\/media?parent=49713"}],"wp:term":[{"taxonomy":"product_brand","embeddable":true,"href":"https:\/\/portallamp.invette.dev\/en\/wp-json\/wp\/v2\/product_brand?post=49713"},{"taxonomy":"product_cat","embeddable":true,"href":"https:\/\/portallamp.invette.dev\/en\/wp-json\/wp\/v2\/product_cat?post=49713"},{"taxonomy":"product_tag","embeddable":true,"href":"https:\/\/portallamp.invette.dev\/en\/wp-json\/wp\/v2\/product_tag?post=49713"}],"curies":[{"name":"wp","href":"https:\/\/api.w.org\/{rel}","templated":true}]}}