{"id":49731,"date":"2025-07-03T18:06:41","date_gmt":"2025-07-03T16:06:41","guid":{"rendered":"https:\/\/portallamp.invette.dev\/produkt\/nowoczesna-lampa-plafon-edison-biala-czarna-261-2\/"},"modified":"2025-07-03T18:06:41","modified_gmt":"2025-07-03T16:06:41","slug":"nowoczesna-lampa-plafon-edison-biala-czarna-261-2","status":"publish","type":"product","link":"https:\/\/portallamp.invette.dev\/en\/produkt\/nowoczesna-lampa-plafon-edison-biala-czarna-261-2\/","title":{"rendered":"Nowoczesna LAMPA Plafon Edison Bia\u0142a Czarna 261-2"},"content":{"rendered":"<h1>Przedmiotem sprzeda\u017cy jest:<\/h1>\n<h1>Wysokiej jako\u015bci lampa plafon &#8211; w nowoczesnym minimalistycznym stylu edison.<\/h1>\n<p><img decoding=\"async\" style=\"max-width: 100%; height: auto; margin: 10px 0;\" src=\"https:\/\/5.allegroimg.com\/original\/0349c8\/da2710284c628af87ab88920ae35\" alt=\"Zdj\u0119cie produktu\" \/><br \/>\n<img decoding=\"async\" style=\"max-width: 100%; height: auto; margin: 10px 0;\" src=\"https:\/\/6.allegroimg.com\/original\/035977\/c4ccffc04046b7402352f7b20566\" alt=\"Zdj\u0119cie produktu\" \/><\/p>\n<ul>\n<li>Nowoczesny Styl &#8211; \u00a0\u0142atwo wkomponuje si\u0119 w uk\u0142ad mieszkania<\/li>\n<\/ul>\n<ul>\n<li>Uniwersalna kolorystyka, oferowane kolory pasuj\u0105 zar\u00f3wno do bieli jak i odcieni szaro\u015bci<\/li>\n<\/ul>\n<ul>\n<li>Solida konstrukcja i \u0142atwy monta\u017c &#8211; gwarantuje szybk\u0105 i bezpieczn\u0105 instalacj\u0119 lampy<\/li>\n<\/ul>\n<ul>\n<li>Gwint<b>\u00a0E27<\/b>\u00a0umo\u017cliwia szeroki wyb\u00f3r \u017car\u00f3wek, zalecane LED<\/li>\n<\/ul>\n<ul>\n<li>Wieszana na ko\u0142kach rozporowych<\/li>\n<\/ul>\n<ul>\n<li><b>Lampa obj\u0119ta jest pe\u0142nym ubezpieczeniem na czas transportu.<\/b><\/li>\n<\/ul>\n<ul>\n<li>Produkt bezpo\u015brednio od polskiego producenta LUXOLAR<\/li>\n<\/ul>\n<ul>\n<li>Zestaw nie zawiera ko\u0142k\u00f3w rozporowych oraz \u017car\u00f3wek<\/li>\n<\/ul>\n<p><b>Dost\u0119pny w kolorach:<\/b><\/p>\n<ul>\n<li>Czarny matowy<\/li>\n<li>Bia\u0142y g\u0142adki<\/li>\n<li>Szary<\/li>\n<\/ul>\n<h1>Dane techniczne:<\/h1>\n<ul>\n<li><b>materia\u0142 konstrukcji:<\/b>\u00a0metal malowany proszkowo<\/li>\n<li><b>wymiary:<\/b>\u00a0wysoko\u015b\u0107 ca\u0142kowita lampy 35 cm, rozpi\u0119to\u015b\u0107: 62 cm<\/li>\n<li><b>zasilanie:<\/b>\u00a0~230 [V] \/ bezpo\u015brednie z sieci<\/li>\n<li><b>\u017ar\u00f3d\u0142o \u015bwiat\u0142a:<\/b>\u00a0E-27<\/li>\n<li><b>IP 20, Klasa I<\/b><\/li>\n<li><b>monta\u017c: dwa ko\u0142ki rozporowe &#8211;<\/b> rodzaj ko\u0142k\u00f3w zale\u017cy od pod\u0142o\u017ca, nale\u017cy dobra\u0107 we w\u0142asnym zakresie<\/li>\n<li><b>zestaw nie zawiera \u017car\u00f3wki oraz ko\u0142k\u00f3w rozporowych do monta\u017cu<\/b><\/li>\n<li><b>producent: <\/b>LUXOLAR<\/li>\n<\/ul>\n<p><img decoding=\"async\" style=\"max-width: 100%; height: auto; margin: 10px 0;\" src=\"https:\/\/7.allegroimg.com\/original\/03a59a\/8603e4184cce9323a4b1278f3a47\" alt=\"Zdj\u0119cie produktu\" \/><\/p>\n<h1>KOLORY DO WYBORU:<\/h1>\n<p><img decoding=\"async\" style=\"max-width: 100%; height: auto; margin: 10px 0;\" src=\"https:\/\/2.allegroimg.com\/original\/036515\/8f6895bb40379544a6ebf2eb91d2\" alt=\"Zdj\u0119cie produktu\" \/><\/p>\n<h2>ETAPY REALIZACJI ZAM\u00d3WIENIA:<\/h2>\n<ol>\n<li><b>Wybierz kolor\u00a0konstrukcji<\/b>: Czarny matowy, Szary lub Bia\u0142y g\u0142adki<\/li>\n<li><b>Prze\u015blij wybran\u0105 konfiguracj\u0119<\/b>\u00a0&#8211; w formularzu zam\u00f3wienia.<\/li>\n<\/ol>\n<p><b>Poprawne przes\u0142anie powy\u017cszych informacji znacznie przyspieszy realizacj\u0119 zam\u00f3wienia.<\/b><\/p>\n<h1>ZALECANE \u0179R\u00d3D\u0141A \u015aWIAT\u0141A:<\/h1>\n<p><img decoding=\"async\" style=\"max-width: 100%; height: auto; margin: 10px 0;\" src=\"https:\/\/d.allegroimg.com\/original\/0301fe\/2035c6594918b32873bffe4835cd\" alt=\"Zdj\u0119cie produktu\" \/><\/p>\n<h1>\u017bar\u00f3wka LED o barwie ciep\u0142ej.<\/h1>\n<h1>Gwint E27<\/h1>\n<h2>Tradycyjny kszta\u0142t w po\u0142\u0105czeniu z nowoczesnymi diodami SMD<\/h2>\n<h1>ARAN\u017bACJA:<\/h1>\n<p><img decoding=\"async\" style=\"max-width: 100%; height: auto; margin: 10px 0;\" src=\"https:\/\/7.allegroimg.com\/original\/03e5bb\/c8259e8c49bfba62b0004004fd97\" alt=\"Zdj\u0119cie produktu\" \/><\/p>\n","protected":false},"excerpt":{"rendered":"<p>Przedmiotem sprzeda\u017cy jest: Wysokiej jako\u015bci lampa plafon &#8211; w nowoczesnym minimalistycznym stylu edison. Nowoczesny Styl &#8211; \u00a0\u0142atwo wkomponuje si\u0119 w uk\u0142ad mieszkania Uniwersalna kolorystyka, oferowane kolory pasuj\u0105 zar\u00f3wno do bieli jak i odcieni szaro\u015bci Solida konstrukcja i \u0142atwy monta\u017c &#8211; gwarantuje szybk\u0105 i bezpieczn\u0105 instalacj\u0119 lampy Gwint\u00a0E27\u00a0umo\u017cliwia szeroki wyb\u00f3r \u017car\u00f3wek, zalecane LED Wieszana na ko\u0142kach [&hellip;]<\/p>\n","protected":false},"featured_media":36801,"comment_status":"closed","ping_status":"closed","template":"","meta":{"_acf_changed":false},"product_brand":[196],"product_cat":[2590,3500],"product_tag":[],"class_list":{"0":"post-49731","1":"product","2":"type-product","3":"status-publish","4":"has-post-thumbnail","6":"product_brand-fabryka-lamp-luxolar","7":"product_cat-lamps","8":"product_cat-semi-ceiling-lights-and-ceiling-lights","9":"pa_kod-producenta-261-2-en","10":"pa_kolor-bialy-2","11":"pa_kolor-black","12":"pa_kolor-gray","13":"pa_liczba-punktow-swiatla-2-2","14":"pa_marka-fabryka-lamp-luxolar","15":"pa_material-dominujacy-metal-en","16":"pa_rodzaj-ceiling","17":"pa_rodzaj-gwintu-e27-2","18":"pa_zasilanie-network","19":"pa_zawiera-baterie-no","21":"first","22":"instock","23":"sale","24":"purchasable","25":"product-type-simple"},"acf":[],"aioseo_notices":[],"_links":{"self":[{"href":"https:\/\/portallamp.invette.dev\/en\/wp-json\/wp\/v2\/product\/49731","targetHints":{"allow":["GET"]}}],"collection":[{"href":"https:\/\/portallamp.invette.dev\/en\/wp-json\/wp\/v2\/product"}],"about":[{"href":"https:\/\/portallamp.invette.dev\/en\/wp-json\/wp\/v2\/types\/product"}],"replies":[{"embeddable":true,"href":"https:\/\/portallamp.invette.dev\/en\/wp-json\/wp\/v2\/comments?post=49731"}],"wp:featuredmedia":[{"embeddable":true,"href":"https:\/\/portallamp.invette.dev\/en\/wp-json\/wp\/v2\/media\/36801"}],"wp:attachment":[{"href":"https:\/\/portallamp.invette.dev\/en\/wp-json\/wp\/v2\/media?parent=49731"}],"wp:term":[{"taxonomy":"product_brand","embeddable":true,"href":"https:\/\/portallamp.invette.dev\/en\/wp-json\/wp\/v2\/product_brand?post=49731"},{"taxonomy":"product_cat","embeddable":true,"href":"https:\/\/portallamp.invette.dev\/en\/wp-json\/wp\/v2\/product_cat?post=49731"},{"taxonomy":"product_tag","embeddable":true,"href":"https:\/\/portallamp.invette.dev\/en\/wp-json\/wp\/v2\/product_tag?post=49731"}],"curies":[{"name":"wp","href":"https:\/\/api.w.org\/{rel}","templated":true}]}}