{"id":49746,"date":"2025-07-03T18:06:41","date_gmt":"2025-07-03T16:06:41","guid":{"rendered":"https:\/\/portallamp.invette.dev\/produkt\/abazur-do-lamp-kinkietow-zyrandoli-dzieciecych-300\/"},"modified":"2025-07-03T18:06:41","modified_gmt":"2025-07-03T16:06:41","slug":"abazur-do-lamp-kinkietow-zyrandoli-dzieciecych-300","status":"publish","type":"product","link":"https:\/\/portallamp.invette.dev\/en\/produkt\/abazur-do-lamp-kinkietow-zyrandoli-dzieciecych-300\/","title":{"rendered":"Aba\u017cur do lamp kinkiet\u00f3w \u017cyrandoli dzieci\u0119cych 300"},"content":{"rendered":"<p><img decoding=\"async\" src=\"https:\/\/a.allegroimg.com\/original\/03a26c\/73d57fcb4462811ddd955aea4b01\" alt=\"Zdj\u0119cie produktu\" style=\"max-width:100%; height:auto; margin:10px 0;\"><\/p>\n<h1>Przedmiotem sprzeda\u017cy jest:<\/h1>\n<h1>Nowy aba\u017cur stosowany w dzieci\u0119cych lampach wisz\u0105cych, \u017cyrandolach, kinkietach.<\/h1>\n<p><b>Dost\u0119pny w kolorach:<\/b><\/p>\n<ul>\n<li>R\u00f3\u017cowym<\/li>\n<li>B\u0142\u0119kitnym<\/li>\n<li>\u017b\u00f3\u0142tym<\/li>\n<li>Bia\u0142ym<\/li>\n<li>Szarym<\/li>\n<\/ul>\n<p><img decoding=\"async\" src=\"https:\/\/a.allegroimg.com\/original\/034a23\/666b292040c1b1aa0d026b42a385\" alt=\"Zdj\u0119cie produktu\" style=\"max-width:100%; height:auto; margin:10px 0;\"><\/p>\n<h1>Najwa\u017cniejsze cechy produktu:<\/h1>\n<ul>\n<li>Montowany na oprawce \u017car\u00f3wki z pier\u015bcieniem dociskowym<\/li>\n<\/ul>\n<ul>\n<li>Otw\u00f3r monta\u017cowy umieszczony na w\u0119\u017cszej podstawie sto\u017cka<\/li>\n<\/ul>\n<ul>\n<li>Wykonany z PCV&nbsp; stosowanym w bran\u017cy o\u015bwietleniowej<\/li>\n<\/ul>\n<ul>\n<li>Wewn\u0119trzna strona w kolorze bia\u0142ym &#8211; aba\u017cur lepiej oddaje \u015bwiat\u0142o \u017car\u00f3wki<\/li>\n<\/ul>\n<ul>\n<li>Zewn\u0119trzna strona zadrukowana gwiazdami w stylu ameryka\u0144skim<\/li>\n<\/ul>\n<ul>\n<li>Zszywane \u0142\u0105czenia &#8211; gwarantuje trwa\u0142o\u015b\u0107<\/li>\n<\/ul>\n<ul>\n<li>\u0141atwy w czyszczeniu<\/li>\n<\/ul>\n<ul>\n<li>Oczko monta\u017cowe o \u015brednicy 41 mm dopasowane do \u017car\u00f3wek z gwintem E27<\/li>\n<\/ul>\n<p><img decoding=\"async\" src=\"https:\/\/e.allegroimg.com\/original\/03f8fb\/a0b861a247ea8b32c7b88cff024e\" alt=\"Zdj\u0119cie produktu\" style=\"max-width:100%; height:auto; margin:10px 0;\"><br \/>\n<img decoding=\"async\" src=\"https:\/\/a.allegroimg.com\/original\/034a23\/666b292040c1b1aa0d026b42a385\" alt=\"Zdj\u0119cie produktu\" style=\"max-width:100%; height:auto; margin:10px 0;\"><\/p>\n<h2>ETAPY REALIZACJI ZAM\u00d3WIENIA:<\/h2>\n<ol>\n<li><b>Wybierz kolor:&nbsp;&nbsp;<\/b>R\u00f3\u017cowy, Bia\u0142y, \u017b\u00f3\u0142ty, Niebieski, Szary.<\/li>\n<li><b>Prze\u015blij wybran\u0105 konfiguracj\u0119<\/b> &#8211; w formularzu zam\u00f3wienia<\/li>\n<\/ol>\n<p><b>Poprawne przes\u0142anie powy\u017cszych informacji znacznie przyspieszy realizacj\u0119 zam\u00f3wienia.<\/b><\/p>\n<h1>Przyk\u0142ad zastosowania:<\/h1>\n<p><img decoding=\"async\" src=\"https:\/\/2.allegroimg.com\/original\/038aac\/9b612a774315ac6daac07b8c7542\" alt=\"Zdj\u0119cie produktu\" style=\"max-width:100%; height:auto; margin:10px 0;\"><br \/>\n<img decoding=\"async\" src=\"https:\/\/a.allegroimg.com\/original\/030695\/e1b488b3445fa2887a2a2445a44b\" alt=\"Zdj\u0119cie produktu\" style=\"max-width:100%; height:auto; margin:10px 0;\"><br \/>\n<img decoding=\"async\" src=\"https:\/\/a.allegroimg.com\/original\/038c7e\/42816a334323bb6c98204a017e30\" alt=\"Zdj\u0119cie produktu\" style=\"max-width:100%; height:auto; margin:10px 0;\"><br \/>\n<img decoding=\"async\" src=\"https:\/\/a.allegroimg.com\/original\/0303d1\/06f7c58042568cecadf1b89e1d16\" alt=\"Zdj\u0119cie produktu\" style=\"max-width:100%; height:auto; margin:10px 0;\"><br \/>\n<img decoding=\"async\" src=\"https:\/\/a.allegroimg.com\/original\/03a26c\/73d57fcb4462811ddd955aea4b01\" alt=\"Zdj\u0119cie produktu\" style=\"max-width:100%; height:auto; margin:10px 0;\"><\/p>\n","protected":false},"excerpt":{"rendered":"<p>Przedmiotem sprzeda\u017cy jest: Nowy aba\u017cur stosowany w dzieci\u0119cych lampach wisz\u0105cych, \u017cyrandolach, kinkietach. Dost\u0119pny w kolorach: R\u00f3\u017cowym B\u0142\u0119kitnym \u017b\u00f3\u0142tym Bia\u0142ym Szarym Najwa\u017cniejsze cechy produktu: Montowany na oprawce \u017car\u00f3wki z pier\u015bcieniem dociskowym Otw\u00f3r monta\u017cowy umieszczony na w\u0119\u017cszej podstawie sto\u017cka Wykonany z PCV&nbsp; stosowanym w bran\u017cy o\u015bwietleniowej Wewn\u0119trzna strona w kolorze bia\u0142ym &#8211; aba\u017cur lepiej oddaje \u015bwiat\u0142o \u017car\u00f3wki [&hellip;]<\/p>\n","protected":false},"featured_media":36861,"comment_status":"closed","ping_status":"open","template":"","meta":{"_acf_changed":false},"product_brand":[196],"product_cat":[3119],"product_tag":[],"class_list":{"0":"post-49746","1":"product","2":"type-product","3":"status-publish","4":"has-post-thumbnail","6":"product_brand-fabryka-lamp-luxolar","7":"product_cat-lampshades-and-lamp-covers","8":"pa_gwint-e27-en","9":"pa_kod-producenta-abazur-300-en","10":"pa_kolor-bialy-2","11":"pa_kolor-yellow","12":"pa_marka-fabryka-lamp-luxolar","13":"pa_material-wykonania-plastic","14":"pa_mocowanie-for-a-hanging-lamp","15":"pa_rodzaj-lampshade","17":"first","18":"instock","19":"purchasable","20":"product-type-simple"},"acf":[],"aioseo_notices":[],"_links":{"self":[{"href":"https:\/\/portallamp.invette.dev\/en\/wp-json\/wp\/v2\/product\/49746","targetHints":{"allow":["GET"]}}],"collection":[{"href":"https:\/\/portallamp.invette.dev\/en\/wp-json\/wp\/v2\/product"}],"about":[{"href":"https:\/\/portallamp.invette.dev\/en\/wp-json\/wp\/v2\/types\/product"}],"replies":[{"embeddable":true,"href":"https:\/\/portallamp.invette.dev\/en\/wp-json\/wp\/v2\/comments?post=49746"}],"wp:featuredmedia":[{"embeddable":true,"href":"https:\/\/portallamp.invette.dev\/en\/wp-json\/wp\/v2\/media\/36861"}],"wp:attachment":[{"href":"https:\/\/portallamp.invette.dev\/en\/wp-json\/wp\/v2\/media?parent=49746"}],"wp:term":[{"taxonomy":"product_brand","embeddable":true,"href":"https:\/\/portallamp.invette.dev\/en\/wp-json\/wp\/v2\/product_brand?post=49746"},{"taxonomy":"product_cat","embeddable":true,"href":"https:\/\/portallamp.invette.dev\/en\/wp-json\/wp\/v2\/product_cat?post=49746"},{"taxonomy":"product_tag","embeddable":true,"href":"https:\/\/portallamp.invette.dev\/en\/wp-json\/wp\/v2\/product_tag?post=49746"}],"curies":[{"name":"wp","href":"https:\/\/api.w.org\/{rel}","templated":true}]}}