{"id":49749,"date":"2025-07-03T18:06:41","date_gmt":"2025-07-03T16:06:41","guid":{"rendered":"https:\/\/portallamp.invette.dev\/produkt\/kolki-rozporowe-60-x-35-mm-do-betonu-cegly-pz-2\/"},"modified":"2025-07-03T18:06:41","modified_gmt":"2025-07-03T16:06:41","slug":"kolki-rozporowe-60-x-35-mm-do-betonu-cegly-pz-2","status":"publish","type":"product","link":"https:\/\/portallamp.invette.dev\/en\/produkt\/kolki-rozporowe-60-x-35-mm-do-betonu-cegly-pz-2\/","title":{"rendered":"Ko\u0142ki Rozporowe 6,0 x 35 mm do betonu ceg\u0142y PZ-2"},"content":{"rendered":"<h1>Przedmiotem sprzeda\u017cy jest:<\/h1>\n<h1>KO\u0141EK ROZPOROWY KRX 6,0 x 35 mm &#8211; dwie sztuki<\/h1>\n<h1>Stosowany do monta\u017cu mniejszych lamp, plafon\u00f3w, kinkiet\u00f3w na pod\u0142o\u017cu pe\u0142nym: beton, ceg\u0142a.<\/h1>\n<p><img decoding=\"async\" src=\"https:\/\/a.allegroimg.com\/original\/117637\/66f3387a457e991c8769aaffbfee\" alt=\"Zdj\u0119cie produktu\" style=\"max-width:100%; height:auto; margin:10px 0;\"><\/p>\n<p><b>Dane techniczne:<\/b><\/p>\n<ul>\n<li>\u015arednica wiercenia &#8211;<b> 6 mm<\/b><\/li>\n<li>D\u0142ugo\u015b\u0107 korpusu &#8211; 35<b> mm<\/b><\/li>\n<li>\u0141eb na krzy\u017cak &#8211;<b> PZ2<\/b><\/li>\n<li>Materia\u0142 korpusu: polipropylen<\/li>\n<li>Materia\u0142 wkr\u0119ta: stal<\/li>\n<li>Producent &#8211; Wkr\u0119t-Met<\/li>\n<\/ul>\n<p><b>Pod\u0142o\u017ce:<\/b><\/p>\n<ul>\n<li>beton,<\/li>\n<li>ceg\u0142a ceramiczna pe\u0142na,<\/li>\n<li>beton kom\u00f3rkowy<\/li>\n<\/ul>\n<p><img decoding=\"async\" src=\"https:\/\/a.allegroimg.com\/original\/11b51a\/05b2e67343d39ef3914a2c0ad9f5\" alt=\"Zdj\u0119cie produktu\" style=\"max-width:100%; height:auto; margin:10px 0;\"><\/p>\n","protected":false},"excerpt":{"rendered":"<p>Przedmiotem sprzeda\u017cy jest: KO\u0141EK ROZPOROWY KRX 6,0 x 35 mm &#8211; dwie sztuki Stosowany do monta\u017cu mniejszych lamp, plafon\u00f3w, kinkiet\u00f3w na pod\u0142o\u017cu pe\u0142nym: beton, ceg\u0142a. Dane techniczne: \u015arednica wiercenia &#8211; 6 mm D\u0142ugo\u015b\u0107 korpusu &#8211; 35 mm \u0141eb na krzy\u017cak &#8211; PZ2 Materia\u0142 korpusu: polipropylen Materia\u0142 wkr\u0119ta: stal Producent &#8211; Wkr\u0119t-Met Pod\u0142o\u017ce: beton, ceg\u0142a ceramiczna [&hellip;]<\/p>\n","protected":false},"featured_media":36891,"comment_status":"closed","ping_status":"open","template":"","meta":{"_acf_changed":false},"product_brand":[162],"product_cat":[5669],"product_tag":[],"class_list":{"0":"post-49749","1":"product","2":"type-product","3":"status-publish","4":"has-post-thumbnail","6":"product_brand-luxolar","7":"product_cat-electrical-equipment-and-accessories","8":"pa_kod-producenta-kolki-60-x-35mm-pz-2-en","9":"pa_marka-luxolar","11":"first","12":"instock","13":"purchasable","14":"product-type-simple"},"acf":[],"aioseo_notices":[],"_links":{"self":[{"href":"https:\/\/portallamp.invette.dev\/en\/wp-json\/wp\/v2\/product\/49749","targetHints":{"allow":["GET"]}}],"collection":[{"href":"https:\/\/portallamp.invette.dev\/en\/wp-json\/wp\/v2\/product"}],"about":[{"href":"https:\/\/portallamp.invette.dev\/en\/wp-json\/wp\/v2\/types\/product"}],"replies":[{"embeddable":true,"href":"https:\/\/portallamp.invette.dev\/en\/wp-json\/wp\/v2\/comments?post=49749"}],"wp:featuredmedia":[{"embeddable":true,"href":"https:\/\/portallamp.invette.dev\/en\/wp-json\/wp\/v2\/media\/36891"}],"wp:attachment":[{"href":"https:\/\/portallamp.invette.dev\/en\/wp-json\/wp\/v2\/media?parent=49749"}],"wp:term":[{"taxonomy":"product_brand","embeddable":true,"href":"https:\/\/portallamp.invette.dev\/en\/wp-json\/wp\/v2\/product_brand?post=49749"},{"taxonomy":"product_cat","embeddable":true,"href":"https:\/\/portallamp.invette.dev\/en\/wp-json\/wp\/v2\/product_cat?post=49749"},{"taxonomy":"product_tag","embeddable":true,"href":"https:\/\/portallamp.invette.dev\/en\/wp-json\/wp\/v2\/product_tag?post=49749"}],"curies":[{"name":"wp","href":"https:\/\/api.w.org\/{rel}","templated":true}]}}