{"id":49755,"date":"2025-07-03T18:06:41","date_gmt":"2025-07-03T16:06:41","guid":{"rendered":"https:\/\/portallamp.invette.dev\/produkt\/zarowka-ozdobna-led-e27-8w-filament-edison-3\/"},"modified":"2025-07-03T18:06:41","modified_gmt":"2025-07-03T16:06:41","slug":"zarowka-ozdobna-led-e27-8w-filament-edison-3","status":"publish","type":"product","link":"https:\/\/portallamp.invette.dev\/en\/produkt\/zarowka-ozdobna-led-e27-8w-filament-edison-3\/","title":{"rendered":"\u017bAR\u00d3WKA OZDOBNA LED E27 8W FILAMENT Edison"},"content":{"rendered":"<h1>\u017bAR\u00d3WKA OZDOBNA LED E27 8W FILAMENT Edison, Barwa Ciep\u0142a &#8211; 3000K<\/h1>\n<p><img decoding=\"async\" src=\"https:\/\/a.allegroimg.com\/original\/116472\/11d539a84ebb94cdfc7eacfbcc74\" alt=\"Zdj\u0119cie produktu\" style=\"max-width:100%; height:auto; margin:10px 0;\"><\/p>\n<h1>Parametry techniczne:<\/h1>\n<ul>\n<li>model: <b>Filament&nbsp;<\/b><b>E27 8W<\/b><\/li>\n<li>rodzaj trzonka: <b>E27<\/b><\/li>\n<li>barwa \u015bwiat\u0142a:&nbsp;<b> bia\u0142a ciep\u0142a 3000K<\/b><\/li>\n<li>napi\u0119cie zasilania: <b>230V AC<\/b><\/li>\n<li>moc: <b>8W<\/b><\/li>\n<li>strumie\u0144 \u015bwietlny: <b>800lm<\/b><\/li>\n<li>odpowiednik tradycyjnej \u017car\u00f3wki: <b>60 W<\/b><\/li>\n<li>k\u0105t \u015bwiecenia: <b>360\u00b0<\/b><\/li>\n<li>\u015brednica: <b>60mm<\/b><\/li>\n<li>wysoko\u015b\u0107: <b>105mm<\/b><\/li>\n<li>Wsp\u00f3\u0142czynnik oddawania barw CRI: <b>Ra &gt; 80<\/b><\/li>\n<li>Wsp\u00f3\u0142czynnik mocy: <b>&gt;0.5<\/b><\/li>\n<li>Skuteczno\u015b\u0107 \u015bwietlna:&nbsp;<b>100 lm\/W<\/b><\/li>\n<li>Nominalny okres trwa\u0142o\u015bci: <b>30<\/b><b>&nbsp;000h<\/b><\/li>\n<li><b>Producent: LUXOLAR<\/b><\/li>\n<\/ul>\n<p><b>Zgodnie z dyrektyw\u0105 UE 2019 \/ 2015 od 1 wrze\u015bnia nast\u0119puje zmiana oznacze\u0144 klas energetycznych stosowanych w \u017ar\u00f3d\u0142ach \u015bwiat\u0142a.<\/b><\/p>\n<p><b>W zwi\u0105zku z tym dotychczasowe klasy A++ A+ A zosta\u0142y zast\u0105pione klasami E, F, G<\/b><\/p>\n<p><b>Oferowana \u017car\u00f3wka posiada etykiet\u0119 energetyczn\u0105 dostosowan\u0105 do nowej dyrektywy.<\/b><\/p>\n<h1>\u0179r\u00f3d\u0142o \u015bwiat\u0142a typu LED FILAMENT:<\/h1>\n<p>\u017bar\u00f3wki LED z w\u0142\u00f3knem typu FILAMENT &#8211;&nbsp; cechuje wysoka wydajno\u015b\u0107 oraz estetyka po\u0142\u0105czona z niskim zu\u017cyciem energii.<\/p>\n<p>\u017bar\u00f3wka to nie tylko \u017ar\u00f3d\u0142o \u015bwiata, ale tak\u017ce wa\u017cny wizualny szczeg\u00f3\u0142 w lampie.<\/p>\n<p><img decoding=\"async\" src=\"https:\/\/6.allegroimg.com\/original\/03ef9f\/afb7949049a491e9a24e9a8b71c6\" alt=\"Zdj\u0119cie produktu\" style=\"max-width:100%; height:auto; margin:10px 0;\"><\/p>\n","protected":false},"excerpt":{"rendered":"<p>\u017bAR\u00d3WKA OZDOBNA LED E27 8W FILAMENT Edison, Barwa Ciep\u0142a &#8211; 3000K Parametry techniczne: model: Filament&nbsp;E27 8W rodzaj trzonka: E27 barwa \u015bwiat\u0142a:&nbsp; bia\u0142a ciep\u0142a 3000K napi\u0119cie zasilania: 230V AC moc: 8W strumie\u0144 \u015bwietlny: 800lm odpowiednik tradycyjnej \u017car\u00f3wki: 60 W k\u0105t \u015bwiecenia: 360\u00b0 \u015brednica: 60mm wysoko\u015b\u0107: 105mm Wsp\u00f3\u0142czynnik oddawania barw CRI: Ra &gt; 80 Wsp\u00f3\u0142czynnik mocy: &gt;0.5 [&hellip;]<\/p>\n","protected":false},"featured_media":36897,"comment_status":"closed","ping_status":"open","template":"","meta":{"_acf_changed":false},"product_brand":[162],"product_cat":[3728],"product_tag":[],"class_list":{"0":"post-49755","1":"product","2":"type-product","3":"status-publish","4":"has-post-thumbnail","6":"product_brand-luxolar","7":"product_cat-light-sources","8":"pa_barwa-warm-white","9":"pa_jasnosc-800-en","10":"pa_klasa-efektywnosci-f-en","11":"pa_kod-producenta-filament-8w-en","12":"pa_kolor-szkla-transparent","13":"pa_ksztalt-traditional-light-bulb","14":"pa_marka-luxolar","15":"pa_moc-8-en","16":"pa_napiecie-230v-en","17":"pa_rodzaj-led-en","18":"pa_rodzaj-gwintu-e27-2","19":"pa_temperatura-barwowa-2700-en","20":"pa_trwalosc-25000-en","21":"pa_zawiera-baterie-no","23":"first","24":"instock","25":"purchasable","26":"product-type-simple"},"acf":[],"aioseo_notices":[],"_links":{"self":[{"href":"https:\/\/portallamp.invette.dev\/en\/wp-json\/wp\/v2\/product\/49755","targetHints":{"allow":["GET"]}}],"collection":[{"href":"https:\/\/portallamp.invette.dev\/en\/wp-json\/wp\/v2\/product"}],"about":[{"href":"https:\/\/portallamp.invette.dev\/en\/wp-json\/wp\/v2\/types\/product"}],"replies":[{"embeddable":true,"href":"https:\/\/portallamp.invette.dev\/en\/wp-json\/wp\/v2\/comments?post=49755"}],"wp:featuredmedia":[{"embeddable":true,"href":"https:\/\/portallamp.invette.dev\/en\/wp-json\/wp\/v2\/media\/36897"}],"wp:attachment":[{"href":"https:\/\/portallamp.invette.dev\/en\/wp-json\/wp\/v2\/media?parent=49755"}],"wp:term":[{"taxonomy":"product_brand","embeddable":true,"href":"https:\/\/portallamp.invette.dev\/en\/wp-json\/wp\/v2\/product_brand?post=49755"},{"taxonomy":"product_cat","embeddable":true,"href":"https:\/\/portallamp.invette.dev\/en\/wp-json\/wp\/v2\/product_cat?post=49755"},{"taxonomy":"product_tag","embeddable":true,"href":"https:\/\/portallamp.invette.dev\/en\/wp-json\/wp\/v2\/product_tag?post=49755"}],"curies":[{"name":"wp","href":"https:\/\/api.w.org\/{rel}","templated":true}]}}