{"id":49764,"date":"2025-07-03T18:06:41","date_gmt":"2025-07-03T16:06:41","guid":{"rendered":"https:\/\/portallamp.invette.dev\/produkt\/lampa-plafon-loft-edison-z-drutu-druciak-720-g3m\/"},"modified":"2025-07-03T18:06:41","modified_gmt":"2025-07-03T16:06:41","slug":"lampa-plafon-loft-edison-z-drutu-druciak-720-g3m","status":"publish","type":"product","link":"https:\/\/portallamp.invette.dev\/en\/produkt\/lampa-plafon-loft-edison-z-drutu-druciak-720-g3m\/","title":{"rendered":"Lampa Plafon Loft Edison z Drutu Druciak 720-G3M"},"content":{"rendered":"<h2>Nowa Lampa plafon w wersji LOFT EDISON z trzema geometrycznymi os\u0142onami.<\/h2>\n<p><img decoding=\"async\" src=\"https:\/\/7.allegroimg.com\/original\/03b1af\/06d000ab4b0aa65106fa25d38697\" alt=\"Zdj\u0119cie produktu\" style=\"max-width:100%; height:auto; margin:10px 0;\"><br \/>\n<img decoding=\"async\" src=\"https:\/\/2.allegroimg.com\/original\/03b6a2\/38a8b08a452aa8820a17589d9672\" alt=\"Zdj\u0119cie produktu\" style=\"max-width:100%; height:auto; margin:10px 0;\"><\/p>\n<p><b>Nowy pomys\u0142 na o\u015bwietlenie pokoju &#8211; Lampy Druciane Edison<\/b><\/p>\n<p><b>Ko\u0142a, kwadraty, tr\u00f3jk\u0105ty &#8211; matematyczny design<\/b><\/p>\n<p>O\u015bwietlenie pokoju nie musi by\u0107 nudne.<\/p>\n<p>Oryginalne rozwi\u0105zanie, kt\u00f3re na pewno przykuje wzrok Twoich go\u015bci.<\/p>\n<p>Plafon cechuje \u015bwietny wygl\u0105d, zar\u00f3wno przy w\u0142\u0105czonym, jak i wy\u0142\u0105czonym \u015bwietle &#8211; spe\u0142nia rol\u0119 o\u015bwietlenia oraz dekoracji.<\/p>\n<p>Zaprojektowana i wyprodukowana przez polsk\u0105 firm\u0119 LUXOLAR.<\/p>\n<h1>Najwa\u017cniejsze cechy produktu:<\/h1>\n<ul>\n<li>Oryginalny wygl\u0105d &#8211; trzy geometryczne kszta\u0142ty<\/li>\n<li>Solidna konstrukcja i \u0142atwy monta\u017c<\/li>\n<li>Regulacja kierunku \u017car\u00f3wek &#8211; chromowane przeguby<\/li>\n<li>Zasilanie: ~230[V] &#8211; bezpo\u015brednie z sieci<\/li>\n<li>Dwa niezale\u017cne obwody elektryczne &#8211; w\u0142\u0105czanie \u017car\u00f3wek 2+1,<\/li>\n<li>Gwint<b> E27<\/b> umo\u017cliwia szeroki wyb\u00f3r \u017car\u00f3wek, \u015arednica \u017car\u00f3wki G95 lub mniejsza<\/li>\n<li>Wieszana na ko\u0142kach rozporowych.<\/li>\n<li>Produkt Polski bezpo\u015brednio od producenta LUXOLAR<\/li>\n<\/ul>\n<p><b>Zestaw nie zawiera widocznych na zdj\u0119ciu \u017car\u00f3wek oraz ko\u0142k\u00f3w monta\u017cowych.<\/b><\/p>\n<p><img decoding=\"async\" src=\"https:\/\/4.allegroimg.com\/original\/0361ec\/5faa42a844cfb0d2d3a816473104\" alt=\"Zdj\u0119cie produktu\" style=\"max-width:100%; height:auto; margin:10px 0;\"><br \/>\n<img decoding=\"async\" src=\"https:\/\/8.allegroimg.com\/original\/032882\/bb031a45416ea7293f3ac5ab9168\" alt=\"Zdj\u0119cie produktu\" style=\"max-width:100%; height:auto; margin:10px 0;\"><br \/>\n<img decoding=\"async\" src=\"https:\/\/4.allegroimg.com\/original\/03b0c2\/56a24e474da0bcac6cc7e8dc7604\" alt=\"Zdj\u0119cie produktu\" style=\"max-width:100%; height:auto; margin:10px 0;\"><\/p>\n<h2>Do zdj\u0119\u0107 u\u017cyto \u017bAR\u00d3WEK EDISON z w\u0142\u00f3knem LED<\/h2>\n<p>W\u0142\u00f3kna LED cechuje wysoka wydajno\u015b\u0107 oraz estetyka po\u0142\u0105czona z niskim zu\u017cyciem energii.<\/p>\n<p>\u017bar\u00f3wka to nie tylko \u017ar\u00f3d\u0142o \u015bwiata, ale tak\u017ce wa\u017cny wizualny szczeg\u00f3\u0142 w ka\u017cdej lampie.<\/p>\n<p><img decoding=\"async\" src=\"https:\/\/9.allegroimg.com\/original\/034b22\/16afa61c414d8dfdfbe1a49c2e79\" alt=\"Zdj\u0119cie produktu\" style=\"max-width:100%; height:auto; margin:10px 0;\"><\/p>\n<p>\u017bar\u00f3wki nie wchodz\u0105 w sk\u0142ad zestawu. Nie s\u0105 zawarte w cenie lampy. S\u0105 dost\u0119pne na naszych aukcjach.<\/p>\n<p><img decoding=\"async\" src=\"https:\/\/7.allegroimg.com\/original\/03b1af\/06d000ab4b0aa65106fa25d38697\" alt=\"Zdj\u0119cie produktu\" style=\"max-width:100%; height:auto; margin:10px 0;\"><br \/>\n<img decoding=\"async\" src=\"https:\/\/9.allegroimg.com\/original\/034b87\/7844f048420b915c74a2aca58869\" alt=\"Zdj\u0119cie produktu\" style=\"max-width:100%; height:auto; margin:10px 0;\"><\/p>\n","protected":false},"excerpt":{"rendered":"<p>Nowa Lampa plafon w wersji LOFT EDISON z trzema geometrycznymi os\u0142onami. Nowy pomys\u0142 na o\u015bwietlenie pokoju &#8211; Lampy Druciane Edison Ko\u0142a, kwadraty, tr\u00f3jk\u0105ty &#8211; matematyczny design O\u015bwietlenie pokoju nie musi by\u0107 nudne. Oryginalne rozwi\u0105zanie, kt\u00f3re na pewno przykuje wzrok Twoich go\u015bci. Plafon cechuje \u015bwietny wygl\u0105d, zar\u00f3wno przy w\u0142\u0105czonym, jak i wy\u0142\u0105czonym \u015bwietle &#8211; spe\u0142nia rol\u0119 [&hellip;]<\/p>\n","protected":false},"featured_media":36996,"comment_status":"closed","ping_status":"open","template":"","meta":{"_acf_changed":false},"product_brand":[162],"product_cat":[2590,3500],"product_tag":[],"class_list":{"0":"post-49764","1":"product","2":"type-product","3":"status-publish","4":"has-post-thumbnail","6":"product_brand-luxolar","7":"product_cat-lamps","8":"product_cat-semi-ceiling-lights-and-ceiling-lights","9":"pa_kod-producenta-720-g3-en","10":"pa_kolor-black","11":"pa_ksztalt-round","12":"pa_liczba-punktow-swiatla-3-2","13":"pa_marka-luxolar","14":"pa_material-dominujacy-metal-en","15":"pa_max-moc-pojed-zrodla-swiatla-60-2","16":"pa_rodzaj-ceiling","17":"pa_rodzaj-gwintu-e27-2","18":"pa_zasilanie-network","19":"pa_zawiera-baterie-no","20":"pa_zrodlo-swiatla-without-a-light-source","22":"first","23":"instock","24":"purchasable","25":"product-type-simple"},"acf":[],"aioseo_notices":[],"_links":{"self":[{"href":"https:\/\/portallamp.invette.dev\/en\/wp-json\/wp\/v2\/product\/49764","targetHints":{"allow":["GET"]}}],"collection":[{"href":"https:\/\/portallamp.invette.dev\/en\/wp-json\/wp\/v2\/product"}],"about":[{"href":"https:\/\/portallamp.invette.dev\/en\/wp-json\/wp\/v2\/types\/product"}],"replies":[{"embeddable":true,"href":"https:\/\/portallamp.invette.dev\/en\/wp-json\/wp\/v2\/comments?post=49764"}],"wp:featuredmedia":[{"embeddable":true,"href":"https:\/\/portallamp.invette.dev\/en\/wp-json\/wp\/v2\/media\/36996"}],"wp:attachment":[{"href":"https:\/\/portallamp.invette.dev\/en\/wp-json\/wp\/v2\/media?parent=49764"}],"wp:term":[{"taxonomy":"product_brand","embeddable":true,"href":"https:\/\/portallamp.invette.dev\/en\/wp-json\/wp\/v2\/product_brand?post=49764"},{"taxonomy":"product_cat","embeddable":true,"href":"https:\/\/portallamp.invette.dev\/en\/wp-json\/wp\/v2\/product_cat?post=49764"},{"taxonomy":"product_tag","embeddable":true,"href":"https:\/\/portallamp.invette.dev\/en\/wp-json\/wp\/v2\/product_tag?post=49764"}],"curies":[{"name":"wp","href":"https:\/\/api.w.org\/{rel}","templated":true}]}}