{"id":49779,"date":"2025-07-03T18:06:41","date_gmt":"2025-07-03T16:06:41","guid":{"rendered":"https:\/\/portallamp.invette.dev\/produkt\/lampa-scienna-kinkiet-loft-edison-led-e27-382-kw1\/"},"modified":"2025-07-03T18:06:41","modified_gmt":"2025-07-03T16:06:41","slug":"lampa-scienna-kinkiet-loft-edison-led-e27-382-kw1","status":"publish","type":"product","link":"https:\/\/portallamp.invette.dev\/en\/produkt\/lampa-scienna-kinkiet-loft-edison-led-e27-382-kw1\/","title":{"rendered":"LAMPA \u015aCIENNA KINKIET LOFT EDISON LED E27 382-KW1"},"content":{"rendered":"<h1>Przedmiotem sprzeda\u017cy jest:<\/h1>\n<h1>Wysokiej jako\u015bci lampa \u015bcienna kinkiet w stylu minimalistycznym, skandynawskim. <\/h1>\n<h2>Dost\u0119pna w kolorach:<\/h2>\n<ul>\n<li>Czarny z miedzi\u0105<\/li>\n<li>Ca\u0142y Czarny<\/li>\n<li>Bia\u0142y z Czarnym<\/li>\n<\/ul>\n<p><img decoding=\"async\" src=\"https:\/\/7.allegroimg.com\/original\/030de8\/7e5a54164e3a960ce78a4fddc0d7\" alt=\"Zdj\u0119cie produktu\" style=\"max-width:100%; height:auto; margin:10px 0;\"><\/p>\n<p><b>Nr kat: 382-KW1 LUXOLAR<\/b><\/p>\n<p><img decoding=\"async\" src=\"https:\/\/c.allegroimg.com\/original\/03b11f\/28d029b54d15a0d2487a7200f86c\" alt=\"Zdj\u0119cie produktu\" style=\"max-width:100%; height:auto; margin:10px 0;\"><\/p>\n<h2>Kinkiet w stylu minimalistycznym skandynawskim,<\/h2>\n<ul>\n<li>Idealnie pasuje do surowych szaro-bia\u0142ych wn\u0119trz.<\/li>\n<\/ul>\n<ul>\n<li>Przeznaczony jako o\u015bwietlenie uzupe\u0142niaj\u0105ce, dekoracyjne do pomieszcze\u0144 wewn\u0105trz domu z wy\u0142\u0105czeniem \u0142azienki lub miejsc o zwi\u0119kszonej wilgotno\u015bci.<\/li>\n<\/ul>\n<ul>\n<li>G\u0142\u00f3wnym atutem lampy jest jej korzystny stosunek ceny do jako\u015bci.<\/li>\n<\/ul>\n<ul>\n<li>Bywa stosowana w&nbsp; zespole kilku-kilkunastu lamp do o\u015bwietlenia wi\u0119kszych pomieszcze\u0144 takich jak restauracje, bary.<\/li>\n<\/ul>\n<ul>\n<li>Lampa obs\u0142uguje wszystkie \u017car\u00f3wki z gwintem typu E27 do max 60 wat\u00f3w.<\/li>\n<\/ul>\n<ul>\n<li>Wersja wyposa\u017cona w w\u0142\u0105cznik \u0142a\u0144cuszkowy.<\/li>\n<\/ul>\n<h1>G\u0142\u00f3wne cechy produktu:<\/h1>\n<ul>\n<li>Symbol katalogowy: 382-KW1<\/li>\n<li>Solidna metalowa konstrukcja malowana proszkowo<\/li>\n<li>Zasilanie: ~230V &#8211; bezpo\u015brednie z sieci<\/li>\n<li>Gwint E27 umo\u017cliwia szeroki wyb\u00f3r \u017car\u00f3wek, zalecane LED lub EDISON FILAMENT<\/li>\n<li>IP20, Klasa I<\/li>\n<li>Wieszana na ko\u0142kach rozporowych<\/li>\n<li>Wersja z czarnym w\u0142\u0105cznikiem \u0142a\u0144cuszkowym<\/li>\n<li>Producent: LUXOLAR<\/li>\n<\/ul>\n<p>Zestaw zawiera: Kompletn\u0105 lamp\u0119 &nbsp;w wybranym kolorze oraz kloszem, dokument zakupu, instrukcj\u0119 obs\u0142ugi w j\u0119zyku polskim. Brak \u017car\u00f3wki i ko\u0142k\u00f3w monta\u017cowych w zestawie.<\/p>\n<p><img decoding=\"async\" src=\"https:\/\/9.allegroimg.com\/original\/03c4e6\/8103a3654085b37d3c97b4c40c79\" alt=\"Zdj\u0119cie produktu\" style=\"max-width:100%; height:auto; margin:10px 0;\"><\/p>\n<h1>KOLORY KONSTRUKCJI DO WYBORU:<\/h1>\n<p><img decoding=\"async\" src=\"https:\/\/0.allegroimg.com\/original\/039079\/2371f5df41a5b54d422c125828c0\" alt=\"Zdj\u0119cie produktu\" style=\"max-width:100%; height:auto; margin:10px 0;\"><\/p>\n<h2>ETAPY REALIZACJI ZAM\u00d3WIENIA:<\/h2>\n<ol>\n<li><b>Wybierz kolor lampy<\/b>: Czarny + mied\u017a, Ca\u0142y Czarny , lub Bia\u0142y<\/li>\n<li><b>Prze\u015blij wybran\u0105 konfiguracj\u0119<\/b>&nbsp;&#8211; w formularzu zam\u00f3wienia.<\/li>\n<\/ol>\n<p><img decoding=\"async\" src=\"https:\/\/0.allegroimg.com\/original\/03de9a\/32ad9efb44439f73d9163b427650\" alt=\"Zdj\u0119cie produktu\" style=\"max-width:100%; height:auto; margin:10px 0;\"><br \/>\n<img decoding=\"async\" src=\"https:\/\/4.allegroimg.com\/original\/031646\/119549084798bb1e481fc8f0cd24\" alt=\"Zdj\u0119cie produktu\" style=\"max-width:100%; height:auto; margin:10px 0;\"><\/p>\n<h1>Przyk\u0142ad aran\u017cacji (zdj\u0119cie realne, niemodyfikowane komputerowo)<\/h1>\n<p><img decoding=\"async\" src=\"https:\/\/a.allegroimg.com\/original\/03f634\/1012edfd4325b8d442a39983ba36\" alt=\"Zdj\u0119cie produktu\" style=\"max-width:100%; height:auto; margin:10px 0;\"><br \/>\n<img decoding=\"async\" src=\"https:\/\/c.allegroimg.com\/original\/03670c\/b584fd094d299386e2b093d86f8c\" alt=\"Zdj\u0119cie produktu\" style=\"max-width:100%; height:auto; margin:10px 0;\"><br \/>\n<img decoding=\"async\" src=\"https:\/\/b.allegroimg.com\/original\/03df63\/234d93584262ab128f37722665ab\" alt=\"Zdj\u0119cie produktu\" style=\"max-width:100%; height:auto; margin:10px 0;\"><br \/>\n<img decoding=\"async\" src=\"https:\/\/7.allegroimg.com\/original\/030de8\/7e5a54164e3a960ce78a4fddc0d7\" alt=\"Zdj\u0119cie produktu\" style=\"max-width:100%; height:auto; margin:10px 0;\"><\/p>\n","protected":false},"excerpt":{"rendered":"<p>Przedmiotem sprzeda\u017cy jest: Wysokiej jako\u015bci lampa \u015bcienna kinkiet w stylu minimalistycznym, skandynawskim. Dost\u0119pna w kolorach: Czarny z miedzi\u0105 Ca\u0142y Czarny Bia\u0142y z Czarnym Nr kat: 382-KW1 LUXOLAR Kinkiet w stylu minimalistycznym skandynawskim, Idealnie pasuje do surowych szaro-bia\u0142ych wn\u0119trz. Przeznaczony jako o\u015bwietlenie uzupe\u0142niaj\u0105ce, dekoracyjne do pomieszcze\u0144 wewn\u0105trz domu z wy\u0142\u0105czeniem \u0142azienki lub miejsc o zwi\u0119kszonej wilgotno\u015bci. [&hellip;]<\/p>\n","protected":false},"featured_media":37128,"comment_status":"closed","ping_status":"open","template":"","meta":{"_acf_changed":false},"product_brand":[162],"product_cat":[2590,2826],"product_tag":[],"class_list":{"0":"post-49779","1":"product","2":"type-product","3":"status-publish","4":"has-post-thumbnail","6":"product_brand-luxolar","7":"product_cat-lamps","8":"product_cat-wall-lamps-en","9":"pa_kod-producenta-382-kw1-en","10":"pa_kolekcja-382-en","11":"pa_kolor-bialy-2","12":"pa_kolor-black","13":"pa_kolor-orange","14":"pa_liczba-punktow-swiatla-1-2","15":"pa_marka-luxolar","16":"pa_material-dominujacy-metal-en","17":"pa_rodzaj-gwintu-e27-2","18":"pa_zawiera-baterie-no","19":"pa_zrodlo-swiatla-without-a-light-source","21":"first","22":"instock","23":"purchasable","24":"product-type-simple"},"acf":[],"aioseo_notices":[],"_links":{"self":[{"href":"https:\/\/portallamp.invette.dev\/en\/wp-json\/wp\/v2\/product\/49779","targetHints":{"allow":["GET"]}}],"collection":[{"href":"https:\/\/portallamp.invette.dev\/en\/wp-json\/wp\/v2\/product"}],"about":[{"href":"https:\/\/portallamp.invette.dev\/en\/wp-json\/wp\/v2\/types\/product"}],"replies":[{"embeddable":true,"href":"https:\/\/portallamp.invette.dev\/en\/wp-json\/wp\/v2\/comments?post=49779"}],"wp:featuredmedia":[{"embeddable":true,"href":"https:\/\/portallamp.invette.dev\/en\/wp-json\/wp\/v2\/media\/37128"}],"wp:attachment":[{"href":"https:\/\/portallamp.invette.dev\/en\/wp-json\/wp\/v2\/media?parent=49779"}],"wp:term":[{"taxonomy":"product_brand","embeddable":true,"href":"https:\/\/portallamp.invette.dev\/en\/wp-json\/wp\/v2\/product_brand?post=49779"},{"taxonomy":"product_cat","embeddable":true,"href":"https:\/\/portallamp.invette.dev\/en\/wp-json\/wp\/v2\/product_cat?post=49779"},{"taxonomy":"product_tag","embeddable":true,"href":"https:\/\/portallamp.invette.dev\/en\/wp-json\/wp\/v2\/product_tag?post=49779"}],"curies":[{"name":"wp","href":"https:\/\/api.w.org\/{rel}","templated":true}]}}