{"id":49788,"date":"2025-07-03T18:06:41","date_gmt":"2025-07-03T16:06:41","guid":{"rendered":"https:\/\/portallamp.invette.dev\/produkt\/lampa-wiszaca-sufitowa-zyrandol-brylant-led-724-e2\/"},"modified":"2025-07-03T18:06:41","modified_gmt":"2025-07-03T16:06:41","slug":"lampa-wiszaca-sufitowa-zyrandol-brylant-led-724-e2","status":"publish","type":"product","link":"https:\/\/portallamp.invette.dev\/en\/produkt\/lampa-wiszaca-sufitowa-zyrandol-brylant-led-724-e2\/","title":{"rendered":"LAMPA WISZ\u0104CA SUFITOWA \u017bYRANDOL BRYLANT LED 724-E2"},"content":{"rendered":"<h1>Designerska lampa sufitowa wisz\u0105ca zaprojektowana w nowoczesnym stylu.<\/h1>\n<p><img decoding=\"async\" src=\"https:\/\/e.allegroimg.com\/original\/03fdc3\/b72b7b3e4353a221d4f2b3879a4e\" alt=\"Zdj\u0119cie produktu\" style=\"max-width:100%; height:auto; margin:10px 0;\"><br \/>\n<img decoding=\"async\" src=\"https:\/\/0.allegroimg.com\/original\/036eaf\/e41e07624958878a52e1ad985410\" alt=\"Zdj\u0119cie produktu\" style=\"max-width:100%; height:auto; margin:10px 0;\"><\/p>\n<p><b>Wersja w pe\u0142ni z\u0142o\u017cona &#8211; nie jest to zestaw do samodzielnego monta\u017cu<\/b><\/p>\n<\/p>\n<h2>Lampa dost\u0119pna w czterech kolorach:<\/h2>\n<ul>\n<li>Czarny<\/li>\n<li>Szary<\/li>\n<li>Bia\u0142y<\/li>\n<li>Miedziany<\/li>\n<\/ul>\n<p><img decoding=\"async\" src=\"https:\/\/c.allegroimg.com\/original\/036696\/ae43629b4c1792b993392aacef9c\" alt=\"Zdj\u0119cie produktu\" style=\"max-width:100%; height:auto; margin:10px 0;\"><br \/>\n<img decoding=\"async\" src=\"https:\/\/0.allegroimg.com\/original\/036eaf\/e41e07624958878a52e1ad985410\" alt=\"Zdj\u0119cie produktu\" style=\"max-width:100%; height:auto; margin:10px 0;\"><\/p>\n<p><b>Nowa lampa wisz\u0105ca z serii Brylant z drucianymi os\u0142onami \u017car\u00f3wek<\/b><\/p>\n<ul>\n<li><b>Kolor Lampy do wyboru: Czarna \/ Szara \/ Bia\u0142a \/Miedziana<\/b><\/li>\n<\/ul>\n<ul>\n<li>Nowoczesny Styl &#8211; &nbsp;\u0142atwo wkomponuje si\u0119 w uk\u0142ad mieszkania<\/li>\n<\/ul>\n<ul>\n<li>Solidna metalowa konstrukcja malowana proszkowo<\/li>\n<\/ul>\n<ul>\n<li>Przeznaczona jako o\u015bwietlenie g\u0142\u00f3wne w pomieszczeniach o powierzchni 6-9 m2<\/li>\n<\/ul>\n<ul>\n<li>Wysoko\u015b\u0107 regulowana w zakresie od 40 do 60 cm<\/li>\n<\/ul>\n<ul>\n<li>Lampa obs\u0142uguje wszystkie \u017car\u00f3wki z gwintem typu E27 do max 60 wat\u00f3w.<\/li>\n<\/ul>\n<ul>\n<li>Dodatkowym atutem s\u0105 dwa niezale\u017cne obwody elektryczne, dzi\u0119ki kt\u00f3rym w zale\u017cno\u015bci od potrzeb, mo\u017cemy sterowa\u0107 ilo\u015bci\u0105 w\u0142\u0105czonych \u017car\u00f3wek.<\/li>\n<\/ul>\n<h2>Dane techniczne:<\/h2>\n<ul>\n<li><b>materia\u0142 konstrukcji:<\/b>&nbsp;metal malowany proszkowo<\/li>\n<li><b>wymiary:<\/b>&nbsp;Wysoko\u015b\u0107 ca\u0142kowita max 60 cm&nbsp;<b>,<\/b>&nbsp;\u015brednica podsufitki: 15 cm,<\/li>\n<li><b>zasilanie:<\/b>&nbsp;~230 [V] \/ bezpo\u015brednie z sieci, dwa niezale\u017cne obwody elektryczne, w\u0142\u0105czanie 1+1<\/li>\n<li><b>\u017ar\u00f3d\u0142o \u015bwiat\u0142a:<\/b>&nbsp;E-27, \u015brednica \u017car\u00f3wki G95 lub mniejsza<\/li>\n<li><b>spos\u00f3b monta\u017cu:<\/b> <b>Ko\u0142ki rozporowe, po zamontowaniu lamp\u0119 mo\u017cna obr\u00f3ci\u0107 ustawiaj\u0105c np kr\u00f3tszym przewodem do frontu<\/b><\/li>\n<li><b>IP 20, Klasa I<\/b><\/li>\n<li><b>zestaw nie zawiera \u017car\u00f3wek oraz ko\u0142k\u00f3w rozporowych do monta\u017cu<\/b><\/li>\n<li><b>producent: <\/b>LUXOLAR<\/li>\n<\/ul>\n<h2>WYMIARY:<\/h2>\n<p><img decoding=\"async\" src=\"https:\/\/0.allegroimg.com\/original\/039baa\/3a74dec148fbbe4beeb7f19f01c0\" alt=\"Zdj\u0119cie produktu\" style=\"max-width:100%; height:auto; margin:10px 0;\"><br \/>\n<img decoding=\"async\" src=\"https:\/\/b.allegroimg.com\/original\/0360fd\/d82830ae438084bb144f4b6a40db\" alt=\"Zdj\u0119cie produktu\" style=\"max-width:100%; height:auto; margin:10px 0;\"><\/p>\n<h2>Do zdj\u0119\u0107 u\u017cyto \u017bAR\u00d3WEK EDISON z w\u0142\u00f3knem LED<\/h2>\n<p>W\u0142\u00f3kna LED cechuje wysoka wydajno\u015b\u0107 oraz estetyka po\u0142\u0105czona z niskim zu\u017cyciem energii.<\/p>\n<p>\u017bar\u00f3wka to nie tylko \u017ar\u00f3d\u0142o \u015bwiata, ale tak\u017ce wa\u017cny wizualny szczeg\u00f3\u0142 lampy.<\/p>\n<p><img decoding=\"async\" src=\"https:\/\/a.allegroimg.com\/original\/03ed28\/cb4d193a432695a8c19a0614465a\" alt=\"Zdj\u0119cie produktu\" style=\"max-width:100%; height:auto; margin:10px 0;\"><br \/>\n<img decoding=\"async\" src=\"https:\/\/9.allegroimg.com\/original\/03e03f\/00b355a643f89834cc44b4070d59\" alt=\"Zdj\u0119cie produktu\" style=\"max-width:100%; height:auto; margin:10px 0;\"><br \/>\n<img decoding=\"async\" src=\"https:\/\/9.allegroimg.com\/original\/035dec\/10437bbf4be5b07bbbcd9c4e4249\" alt=\"Zdj\u0119cie produktu\" style=\"max-width:100%; height:auto; margin:10px 0;\"><\/p>\n<h2>KOLORY DO WYBORU:<\/h2>\n<p><img decoding=\"async\" src=\"https:\/\/8.allegroimg.com\/original\/037eac\/e7d72ae845c8a8485bc110114e68\" alt=\"Zdj\u0119cie produktu\" style=\"max-width:100%; height:auto; margin:10px 0;\"><br \/>\n<img decoding=\"async\" src=\"https:\/\/c.allegroimg.com\/original\/035bc6\/e8c1029f405e869d6330d1c5cf8c\" alt=\"Zdj\u0119cie produktu\" style=\"max-width:100%; height:auto; margin:10px 0;\"><br \/>\n<img decoding=\"async\" src=\"https:\/\/5.allegroimg.com\/original\/03f680\/9799c77e463386aeaa98b867e425\" alt=\"Zdj\u0119cie produktu\" style=\"max-width:100%; height:auto; margin:10px 0;\"><br \/>\n<img decoding=\"async\" src=\"https:\/\/2.allegroimg.com\/original\/0364b7\/c165cccd4c1db1df6e5a149c7692\" alt=\"Zdj\u0119cie produktu\" style=\"max-width:100%; height:auto; margin:10px 0;\"><\/p>\n<h2>ARAN\u017bACJE:<\/h2>\n<p><img decoding=\"async\" src=\"https:\/\/8.allegroimg.com\/original\/03172c\/8583b8f346d285ccf0d7db01bc98\" alt=\"Zdj\u0119cie produktu\" style=\"max-width:100%; height:auto; margin:10px 0;\"><br \/>\n<img decoding=\"async\" src=\"https:\/\/f.allegroimg.com\/original\/03e6f5\/d2bca1b94c6291d816c69c15deff\" alt=\"Zdj\u0119cie produktu\" style=\"max-width:100%; height:auto; margin:10px 0;\"><br \/>\n<img decoding=\"async\" src=\"https:\/\/0.allegroimg.com\/original\/039ef6\/9b52e6e44f2eaf26664b905de600\" alt=\"Zdj\u0119cie produktu\" style=\"max-width:100%; height:auto; margin:10px 0;\"><\/p>\n<h2>ETAPY REALIZACJI ZAM\u00d3WIENIA:<\/h2>\n<ol>\n<li><b>Wybierz kolor&nbsp;konstrukcji:&nbsp;<\/b>Czarny, Szary, Bia\u0142y, Miedziany<\/li>\n<li><b>Wpisz wybrany kolor <\/b>&#8211; w formularzu zam\u00f3wienia.<\/li>\n<\/ol>\n<p><b>Poprawne przes\u0142anie powy\u017cszych informacji znacznie przyspieszy realizacj\u0119 zam\u00f3wienia.<\/b><\/p>\n<p><img decoding=\"async\" src=\"https:\/\/c.allegroimg.com\/original\/036696\/ae43629b4c1792b993392aacef9c\" alt=\"Zdj\u0119cie produktu\" style=\"max-width:100%; height:auto; margin:10px 0;\"><\/p>\n","protected":false},"excerpt":{"rendered":"<p>Designerska lampa sufitowa wisz\u0105ca zaprojektowana w nowoczesnym stylu. Wersja w pe\u0142ni z\u0142o\u017cona &#8211; nie jest to zestaw do samodzielnego monta\u017cu Lampa dost\u0119pna w czterech kolorach: Czarny Szary Bia\u0142y Miedziany Nowa lampa wisz\u0105ca z serii Brylant z drucianymi os\u0142onami \u017car\u00f3wek Kolor Lampy do wyboru: Czarna \/ Szara \/ Bia\u0142a \/Miedziana Nowoczesny Styl &#8211; &nbsp;\u0142atwo wkomponuje si\u0119 [&hellip;]<\/p>\n","protected":false},"featured_media":37215,"comment_status":"closed","ping_status":"open","template":"","meta":{"_acf_changed":false},"product_brand":[162],"product_cat":[2590,2671],"product_tag":[],"class_list":{"0":"post-49788","1":"product","2":"type-product","3":"status-publish","4":"has-post-thumbnail","6":"product_brand-luxolar","7":"product_cat-lamps","8":"product_cat-hanging-lamps","9":"pa_klasa-efektywnosci-a-en","10":"pa_kod-producenta-724-e2-en","11":"pa_kolekcja-724-en","12":"pa_kolor-bialy-2","13":"pa_kolor-black","14":"pa_kolor-gold","15":"pa_kolor-gray","16":"pa_liczba-punktow-swiatla-2-2","17":"pa_marka-luxolar","18":"pa_material-dominujacy-metal-en","19":"pa_max-moc-pojed-zrodla-swiatla-60-2","20":"pa_pomieszczenie-bedroom","21":"pa_pomieszczenie-dining-room","22":"pa_pomieszczenie-hallway-stairs","23":"pa_pomieszczenie-kuchnia-2","24":"pa_pomieszczenie-living-room","25":"pa_pomieszczenie-office","26":"pa_rodzaj-gwintu-e27-2","27":"pa_rodzaj-lampy-ceiling-mounted-hanging","28":"pa_zasilanie-network","29":"pa_zawiera-baterie-no","30":"pa_zrodlo-swiatla-without-a-light-source","32":"first","33":"instock","34":"purchasable","35":"product-type-simple"},"acf":[],"aioseo_notices":[],"_links":{"self":[{"href":"https:\/\/portallamp.invette.dev\/en\/wp-json\/wp\/v2\/product\/49788","targetHints":{"allow":["GET"]}}],"collection":[{"href":"https:\/\/portallamp.invette.dev\/en\/wp-json\/wp\/v2\/product"}],"about":[{"href":"https:\/\/portallamp.invette.dev\/en\/wp-json\/wp\/v2\/types\/product"}],"replies":[{"embeddable":true,"href":"https:\/\/portallamp.invette.dev\/en\/wp-json\/wp\/v2\/comments?post=49788"}],"wp:featuredmedia":[{"embeddable":true,"href":"https:\/\/portallamp.invette.dev\/en\/wp-json\/wp\/v2\/media\/37215"}],"wp:attachment":[{"href":"https:\/\/portallamp.invette.dev\/en\/wp-json\/wp\/v2\/media?parent=49788"}],"wp:term":[{"taxonomy":"product_brand","embeddable":true,"href":"https:\/\/portallamp.invette.dev\/en\/wp-json\/wp\/v2\/product_brand?post=49788"},{"taxonomy":"product_cat","embeddable":true,"href":"https:\/\/portallamp.invette.dev\/en\/wp-json\/wp\/v2\/product_cat?post=49788"},{"taxonomy":"product_tag","embeddable":true,"href":"https:\/\/portallamp.invette.dev\/en\/wp-json\/wp\/v2\/product_tag?post=49788"}],"curies":[{"name":"wp","href":"https:\/\/api.w.org\/{rel}","templated":true}]}}