{"id":49797,"date":"2025-07-03T18:05:18","date_gmt":"2025-07-03T16:05:18","guid":{"rendered":"https:\/\/portallamp.invette.dev\/produkt\/kinkiet-z-wlacznikiem-loft-druciany-edison-720-kw1\/"},"modified":"2025-07-03T18:05:18","modified_gmt":"2025-07-03T16:05:18","slug":"kinkiet-z-wlacznikiem-loft-druciany-edison-720-kw1","status":"publish","type":"product","link":"https:\/\/portallamp.invette.dev\/en\/produkt\/kinkiet-z-wlacznikiem-loft-druciany-edison-720-kw1\/","title":{"rendered":"Kinkiet z w\u0142\u0105cznikiem Loft Druciany Edison 720-KW1"},"content":{"rendered":"<h1>Przedmiotem sprzeda\u017cy jest:<\/h1>\n<h2>Wysokiej jako\u015bci lampa \u015bcienna &#8211; kinkiet loft w stylu minimalistycznym, skandynawskim wyposa\u017cony w w\u0142\u0105cznik \u0142a\u0144cuszkowy.<\/h2>\n<h2>Nr kat: 720-KW1 LUXOLAR<\/h2>\n<p><img decoding=\"async\" src=\"https:\/\/e.allegroimg.com\/original\/033722\/d451ab4948cbb46d29f4a6e2da8e\" alt=\"Zdj\u0119cie produktu\" style=\"max-width:100%; height:auto; margin:10px 0;\"><\/p>\n<p><b>Wysokiej jako\u015bci lampa \u015bcienna &#8211; kinkiet&nbsp; w stylu minimalistycznym, skandynawskim wykonana ze staranno\u015bci\u0105 oraz zadbaniem o ka\u017cdy szczeg\u00f3\u0142.<\/b><\/p>\n<p>Idealnie pasuje do surowych, szaro-bia\u0142ych wn\u0119trz.<\/p>\n<p>Lampa obs\u0142uguje wszystkie \u017car\u00f3wki z gwintem typu E27 do max 60 wat\u00f3w.<\/p>\n<p>\u015awietnie sprawdzi si\u0119 jako o\u015bwietlenie dodatkowe w pomieszczeniach&nbsp;&nbsp;9-25 m2. <b>Kinkiet wyposa\u017cony w w\u0142\u0105cznik \u0142a\u0144cuszkowy.<\/b><\/p>\n<p>Przeznaczony jako o\u015bwietlenie uzupe\u0142niaj\u0105ce, dekoracyjne do pomieszcze\u0144 wewn\u0105trz domu z wy\u0142\u0105czeniem \u0142azienki lub miejsc o zwi\u0119kszonej wilgotno\u015bci.<\/p>\n<h1>Dane techniczne:<\/h1>\n<ul>\n<li><b>materia\u0142 konstrukcji:<\/b>&nbsp;metal malowany proszkowo<\/li>\n<li><b>wymiary:<\/b>&nbsp;wysoko\u015b\u0107 ca\u0142kowita kinkietu 26 cm&nbsp;<b>,<\/b>&nbsp;Wymiar puszki: 10 cm, G\u0142\u0119boko\u015b\u0107 mierzona od \u015bciany: 25cm<\/li>\n<li><b>zasilanie:<\/b>&nbsp;~230 [V] \/ nie wymaga transformatora<\/li>\n<li><b>\u017ar\u00f3d\u0142o \u015bwiat\u0142a:<\/b>&nbsp;E-27<\/li>\n<li><b>IP 20, Klasa I<\/b><\/li>\n<li><b>zestaw nie zawiera \u017car\u00f3wki oraz ko\u0142k\u00f3w rozporowych do monta\u017cu<\/b><\/li>\n<\/ul>\n<p><img decoding=\"async\" src=\"https:\/\/f.allegroimg.com\/original\/038514\/7b175d804eeea69ef8a597c3f53f\" alt=\"Zdj\u0119cie produktu\" style=\"max-width:100%; height:auto; margin:10px 0;\"><br \/>\n<img decoding=\"async\" src=\"https:\/\/6.allegroimg.com\/original\/03cc4a\/c396d60f4aab8994e2a298d43766\" alt=\"Zdj\u0119cie produktu\" style=\"max-width:100%; height:auto; margin:10px 0;\"><\/p>\n","protected":false},"excerpt":{"rendered":"<p>Przedmiotem sprzeda\u017cy jest: Wysokiej jako\u015bci lampa \u015bcienna &#8211; kinkiet loft w stylu minimalistycznym, skandynawskim wyposa\u017cony w w\u0142\u0105cznik \u0142a\u0144cuszkowy. Nr kat: 720-KW1 LUXOLAR Wysokiej jako\u015bci lampa \u015bcienna &#8211; kinkiet&nbsp; w stylu minimalistycznym, skandynawskim wykonana ze staranno\u015bci\u0105 oraz zadbaniem o ka\u017cdy szczeg\u00f3\u0142. Idealnie pasuje do surowych, szaro-bia\u0142ych wn\u0119trz. Lampa obs\u0142uguje wszystkie \u017car\u00f3wki z gwintem typu E27 do [&hellip;]<\/p>\n","protected":false},"featured_media":36672,"comment_status":"closed","ping_status":"open","template":"","meta":{"_acf_changed":false},"product_brand":[162],"product_cat":[2590,2826],"product_tag":[],"class_list":{"0":"post-49797","1":"product","2":"type-product","3":"status-publish","4":"has-post-thumbnail","6":"product_brand-luxolar","7":"product_cat-lamps","8":"product_cat-wall-lamps-en","9":"pa_kod-producenta-720-kw1-en","10":"pa_kolekcja-720-en","11":"pa_kolor-black","12":"pa_kolor-gold","13":"pa_liczba-punktow-swiatla-1-2","14":"pa_marka-luxolar","15":"pa_material-dominujacy-metal-en","16":"pa_max-moc-pojed-zrodla-swiatla-60-2","17":"pa_rodzaj-gwintu-e27-2","18":"pa_zawiera-baterie-no","19":"pa_zrodlo-swiatla-without-a-light-source","21":"first","22":"instock","23":"purchasable","24":"product-type-simple"},"acf":[],"aioseo_notices":[],"_links":{"self":[{"href":"https:\/\/portallamp.invette.dev\/en\/wp-json\/wp\/v2\/product\/49797","targetHints":{"allow":["GET"]}}],"collection":[{"href":"https:\/\/portallamp.invette.dev\/en\/wp-json\/wp\/v2\/product"}],"about":[{"href":"https:\/\/portallamp.invette.dev\/en\/wp-json\/wp\/v2\/types\/product"}],"replies":[{"embeddable":true,"href":"https:\/\/portallamp.invette.dev\/en\/wp-json\/wp\/v2\/comments?post=49797"}],"wp:featuredmedia":[{"embeddable":true,"href":"https:\/\/portallamp.invette.dev\/en\/wp-json\/wp\/v2\/media\/36672"}],"wp:attachment":[{"href":"https:\/\/portallamp.invette.dev\/en\/wp-json\/wp\/v2\/media?parent=49797"}],"wp:term":[{"taxonomy":"product_brand","embeddable":true,"href":"https:\/\/portallamp.invette.dev\/en\/wp-json\/wp\/v2\/product_brand?post=49797"},{"taxonomy":"product_cat","embeddable":true,"href":"https:\/\/portallamp.invette.dev\/en\/wp-json\/wp\/v2\/product_cat?post=49797"},{"taxonomy":"product_tag","embeddable":true,"href":"https:\/\/portallamp.invette.dev\/en\/wp-json\/wp\/v2\/product_tag?post=49797"}],"curies":[{"name":"wp","href":"https:\/\/api.w.org\/{rel}","templated":true}]}}