{"id":49806,"date":"2025-07-03T18:05:18","date_gmt":"2025-07-03T16:05:18","guid":{"rendered":"https:\/\/portallamp.invette.dev\/produkt\/abazur-diament-do-lamp-kinkietu-zyrandoli-plafonow\/"},"modified":"2025-07-03T18:05:18","modified_gmt":"2025-07-03T16:05:18","slug":"abazur-diament-do-lamp-kinkietu-zyrandoli-plafonow","status":"publish","type":"product","link":"https:\/\/portallamp.invette.dev\/en\/produkt\/abazur-diament-do-lamp-kinkietu-zyrandoli-plafonow\/","title":{"rendered":"Aba\u017cur Diament do lamp kinkietu \u017cyrandoli plafon\u00f3w"},"content":{"rendered":"<h1>Przedmiotem sprzeda\u017cy jest:<\/h1>\n<h1>Nowy aba\u017cur pasuj\u0105cy do lamp serii DIAMENT dost\u0119pny w kilku kolorach do wyboru.<\/h1>\n<p><img decoding=\"async\" src=\"https:\/\/c.allegroimg.com\/original\/03e6eb\/7ca5163348358723d2ce075e91cc\" alt=\"Zdj\u0119cie produktu\" style=\"max-width:100%; height:auto; margin:10px 0;\"><\/p>\n<h1>Najwa\u017cniejsze cechy produktu:<\/h1>\n<ul>\n<li>Aba\u017cur dwu-warstwowy, od wewn\u0105trz PCV w kolorze bia\u0142ym, od zewn\u0105trz materia\u0142 w wybranym kolorze<\/li>\n<li>Zszywane \u0141\u0105czenie &#8211; gwarantuje trwa\u0142o\u015b\u0107<\/li>\n<li>\u0141atwy w czyszczeniu<\/li>\n<li>Oczko monta\u017cowe o \u015brednicy 41 mm dopasowane do \u017car\u00f3wek z gwintem E27<\/li>\n<li>Ka\u017cdy aba\u017cur zapakowany w oddzielny dedykowany karton<\/li>\n<li>Wysoko\u015b\u0107: 16 cm, D\u0142ugo\u015b\u0107 boku: 16 cm, Przek\u0105tna podstawy: 22 cm<\/li>\n<li><b>Produkt bezpo\u015brednio od polskiego producenta<\/b><\/li>\n<\/ul>\n<p><img decoding=\"async\" src=\"https:\/\/f.allegroimg.com\/original\/03ce25\/420f8f324016ba82515ca66077df\" alt=\"Zdj\u0119cie produktu\" style=\"max-width:100%; height:auto; margin:10px 0;\"><br \/>\n<img decoding=\"async\" src=\"https:\/\/9.allegroimg.com\/original\/037d25\/2748318e4549a6aaea7ccbda18c9\" alt=\"Zdj\u0119cie produktu\" style=\"max-width:100%; height:auto; margin:10px 0;\"><\/p>\n<h1>DOST\u0118PNE KOLORY DO WYBORU:<\/h1>\n<p><img decoding=\"async\" src=\"https:\/\/9.allegroimg.com\/original\/03bba9\/e2b646424e03bccdcf8893a26049\" alt=\"Zdj\u0119cie produktu\" style=\"max-width:100%; height:auto; margin:10px 0;\"><\/p>\n<h2>ETAPY REALIZACJI ZAM\u00d3WIENIA:<\/h2>\n<ol>\n<li><b>Wybierz kolor:&nbsp;&nbsp;<\/b>Czarny, Czerwony, Szary, Bia\u0142y , Niebieski, Granatowy, Jasny zielony, Jasny pomara\u0144cz lub Pudrowy R\u00f3\u017c.<\/li>\n<li><b>Prze\u015blij wybran\u0105 konfiguracj\u0119<\/b> &#8211; w formularzu zam\u00f3wienia<\/li>\n<\/ol>\n<p><b>Poprawne przes\u0142anie powy\u017cszych informacji znacznie przyspieszy realizacj\u0119 zam\u00f3wienia.<\/b><\/p>\n<h1>Przyk\u0142ad zastosowania:<\/h1>\n<p><img decoding=\"async\" src=\"https:\/\/8.allegroimg.com\/original\/03e6f2\/29540e9f4980a25850350b826fe8\" alt=\"Zdj\u0119cie produktu\" style=\"max-width:100%; height:auto; margin:10px 0;\"><br \/>\n<img decoding=\"async\" src=\"https:\/\/9.allegroimg.com\/original\/03a8c4\/1d5c0ccc45b48ca33f7075df5d59\" alt=\"Zdj\u0119cie produktu\" style=\"max-width:100%; height:auto; margin:10px 0;\"><\/p>\n","protected":false},"excerpt":{"rendered":"<p>Przedmiotem sprzeda\u017cy jest: Nowy aba\u017cur pasuj\u0105cy do lamp serii DIAMENT dost\u0119pny w kilku kolorach do wyboru. Najwa\u017cniejsze cechy produktu: Aba\u017cur dwu-warstwowy, od wewn\u0105trz PCV w kolorze bia\u0142ym, od zewn\u0105trz materia\u0142 w wybranym kolorze Zszywane \u0141\u0105czenie &#8211; gwarantuje trwa\u0142o\u015b\u0107 \u0141atwy w czyszczeniu Oczko monta\u017cowe o \u015brednicy 41 mm dopasowane do \u017car\u00f3wek z gwintem E27 Ka\u017cdy aba\u017cur [&hellip;]<\/p>\n","protected":false},"featured_media":36699,"comment_status":"closed","ping_status":"open","template":"","meta":{"_acf_changed":false},"product_brand":[196],"product_cat":[3119],"product_tag":[],"class_list":{"0":"post-49806","1":"product","2":"type-product","3":"status-publish","4":"has-post-thumbnail","6":"product_brand-fabryka-lamp-luxolar","7":"product_cat-lampshades-and-lamp-covers","8":"pa_gwint-e27-en","9":"pa_kod-producenta-abazur-diament-en","10":"pa_kolor-bialy-2","11":"pa_kolor-black","12":"pa_kolor-blue","13":"pa_kolor-gray","14":"pa_kolor-green","15":"pa_kolor-orange","16":"pa_kolor-pink","17":"pa_kolor-red","18":"pa_marka-fabryka-lamp-luxolar","19":"pa_material-wykonania-plastic","20":"pa_mocowanie-for-a-hanging-lamp","21":"pa_rodzaj-lampshade","23":"first","24":"instock","25":"purchasable","26":"product-type-simple"},"acf":[],"aioseo_notices":[],"_links":{"self":[{"href":"https:\/\/portallamp.invette.dev\/en\/wp-json\/wp\/v2\/product\/49806","targetHints":{"allow":["GET"]}}],"collection":[{"href":"https:\/\/portallamp.invette.dev\/en\/wp-json\/wp\/v2\/product"}],"about":[{"href":"https:\/\/portallamp.invette.dev\/en\/wp-json\/wp\/v2\/types\/product"}],"replies":[{"embeddable":true,"href":"https:\/\/portallamp.invette.dev\/en\/wp-json\/wp\/v2\/comments?post=49806"}],"wp:featuredmedia":[{"embeddable":true,"href":"https:\/\/portallamp.invette.dev\/en\/wp-json\/wp\/v2\/media\/36699"}],"wp:attachment":[{"href":"https:\/\/portallamp.invette.dev\/en\/wp-json\/wp\/v2\/media?parent=49806"}],"wp:term":[{"taxonomy":"product_brand","embeddable":true,"href":"https:\/\/portallamp.invette.dev\/en\/wp-json\/wp\/v2\/product_brand?post=49806"},{"taxonomy":"product_cat","embeddable":true,"href":"https:\/\/portallamp.invette.dev\/en\/wp-json\/wp\/v2\/product_cat?post=49806"},{"taxonomy":"product_tag","embeddable":true,"href":"https:\/\/portallamp.invette.dev\/en\/wp-json\/wp\/v2\/product_tag?post=49806"}],"curies":[{"name":"wp","href":"https:\/\/api.w.org\/{rel}","templated":true}]}}