{"id":49827,"date":"2025-07-03T18:05:18","date_gmt":"2025-07-03T16:05:18","guid":{"rendered":"https:\/\/portallamp.invette.dev\/produkt\/lampa-plafon-zyrandol-sufitowa-diament-299-b1\/"},"modified":"2025-07-03T18:05:18","modified_gmt":"2025-07-03T16:05:18","slug":"lampa-plafon-zyrandol-sufitowa-diament-299-b1","status":"publish","type":"product","link":"https:\/\/portallamp.invette.dev\/en\/produkt\/lampa-plafon-zyrandol-sufitowa-diament-299-b1\/","title":{"rendered":"Lampa Plafon \u017byrandol Sufitowa Diament 299-B1"},"content":{"rendered":"<h1>Przedmiotem sprzeda\u017cy jest:<\/h1>\n<h2>Lampa Plafon w stylu minimalistycznym z aba\u017curami na kszta\u0142t diamentu.<\/h2>\n<h1><\/h1>\n<p><b>Nr kat: 299-B1 LUXOLAR<\/b><\/p>\n<h1><\/h1>\n<p><img decoding=\"async\" src=\"https:\/\/f.allegroimg.com\/original\/03269f\/0fc5012b44238e958bce1e1fabff\" alt=\"Zdj\u0119cie produktu\" style=\"max-width:100%; height:auto; margin:10px 0;\"><\/p>\n<p><b>Lampa Plafon w stylu minimalistycznym z aba\u017curami na kszta\u0142t &nbsp;diamentu.<\/b><\/p>\n<ul>\n<li>Oferowana w r\u00f3\u017cnych kolorach, dotyczy zar\u00f3wno konstrukcji lampy jak i aba\u017cur\u00f3w.<\/li>\n<\/ul>\n<ul>\n<li>Lampa obs\u0142uguje wszystkie \u017car\u00f3wki z gwintem typu E27 do max 60 wat\u00f3w.<\/li>\n<\/ul>\n<ul>\n<li><b>Wyposa\u017cona w przegub &#8211; &nbsp;w prosty spos\u00f3b ustawisz kierunek aba\u017cura.<\/b><\/li>\n<\/ul>\n<h1>Dane techniczne:<\/h1>\n<ul>\n<li><b>materia\u0142 konstrukcji:<\/b>&nbsp;metal malowany proszkowo<\/li>\n<li><b>materia\u0142 aba\u017cur\u00f3w:&nbsp;<\/b>Tkanina w wybranym kolorze na zewn\u0105trz, bia\u0142e pcv od wewn\u0105trz<\/li>\n<li><b>wymiary:<\/b>&nbsp;wysoko\u015b\u0107 ca\u0142kowita lampy 19-24 cm &#8211;&nbsp;<b>mo\u017cliwo\u015b\u0107 regulacji,<\/b>&nbsp;szeroko\u015b\u0107 podstawy: 8&#215;8 cm<\/li>\n<li><b>regulacja k\u0105ta \u015bwiat\u0142a:<\/b>&nbsp;tak<\/li>\n<li><b>zasilanie:<\/b>&nbsp;~230 [V] \/ nie wymaga transformatora,<\/li>\n<li><b>\u017ar\u00f3d\u0142o \u015bwiat\u0142a:<\/b>&nbsp;E-27<\/li>\n<li><b>IP 20, Klasa I<\/b><\/li>\n<li><b>zestaw nie zawiera \u017car\u00f3wki oraz ko\u0142k\u00f3w rozporowych do monta\u017cu<\/b><\/li>\n<li><b>producent: <\/b>LUXOLAR<\/li>\n<\/ul>\n<p><img decoding=\"async\" src=\"https:\/\/d.allegroimg.com\/original\/0304c6\/880e35414ee692759dd18d28215d\" alt=\"Zdj\u0119cie produktu\" style=\"max-width:100%; height:auto; margin:10px 0;\"><br \/>\n<img decoding=\"async\" src=\"https:\/\/8.allegroimg.com\/original\/03687f\/273ef1eb43a89b9d6764cc57f2e8\" alt=\"Zdj\u0119cie produktu\" style=\"max-width:100%; height:auto; margin:10px 0;\"><br \/>\n<img decoding=\"async\" src=\"https:\/\/4.allegroimg.com\/original\/032501\/4cd9309f43658a92524085aa9fd4\" alt=\"Zdj\u0119cie produktu\" style=\"max-width:100%; height:auto; margin:10px 0;\"><\/p>\n<h1>WYB\u00d3R KOLORU ABA\u017bUR\u00d3W:<\/h1>\n<p><img decoding=\"async\" src=\"https:\/\/d.allegroimg.com\/original\/0304c5\/89215de04f9198d48410a03ef99d\" alt=\"Zdj\u0119cie produktu\" style=\"max-width:100%; height:auto; margin:10px 0;\"><\/p>\n<h1>WYB\u00d3R KOLORU KONSTRUKCJI:<\/h1>\n<p><img decoding=\"async\" src=\"https:\/\/e.allegroimg.com\/original\/0375ba\/09d7b87b44f6ab00d4aa109560ce\" alt=\"Zdj\u0119cie produktu\" style=\"max-width:100%; height:auto; margin:10px 0;\"><\/p>\n<h2>ETAPY REALIZACJI ZAM\u00d3WIENIA:<\/h2>\n<ol>\n<li><b>Wybierz kolor&nbsp;konstrukcji:&nbsp;<\/b>Czarny, Grafit, Bia\u0142y, Szary lub Czerwony<\/li>\n<li><b>Wybierz kolor&nbsp;aba\u017cura<\/b>: Bia\u0142y, Czarny, Szary, Czerwony, Niebieski, Granatowy, Jasny zielony lub Jasny pomara\u0144cz.<\/li>\n<li><b>Prze\u015blij wybran\u0105 konfiguracj\u0119<\/b>&nbsp;&#8211; w formularzu zam\u00f3wienia.<\/li>\n<\/ol>\n<p><b>Poprawne przes\u0142anie powy\u017cszych informacji znacznie przyspieszy realizacj\u0119 zam\u00f3wienia.<\/b><\/p>\n<p><img decoding=\"async\" src=\"https:\/\/f.allegroimg.com\/original\/03269f\/0fc5012b44238e958bce1e1fabff\" alt=\"Zdj\u0119cie produktu\" style=\"max-width:100%; height:auto; margin:10px 0;\"><br \/>\n<img decoding=\"async\" src=\"https:\/\/5.allegroimg.com\/original\/039b35\/c261717a4316acc7c4d131c51d25\" alt=\"Zdj\u0119cie produktu\" style=\"max-width:100%; height:auto; margin:10px 0;\"><\/p>\n","protected":false},"excerpt":{"rendered":"<p>Przedmiotem sprzeda\u017cy jest: Lampa Plafon w stylu minimalistycznym z aba\u017curami na kszta\u0142t diamentu. Nr kat: 299-B1 LUXOLAR Lampa Plafon w stylu minimalistycznym z aba\u017curami na kszta\u0142t &nbsp;diamentu. Oferowana w r\u00f3\u017cnych kolorach, dotyczy zar\u00f3wno konstrukcji lampy jak i aba\u017cur\u00f3w. Lampa obs\u0142uguje wszystkie \u017car\u00f3wki z gwintem typu E27 do max 60 wat\u00f3w. Wyposa\u017cona w przegub &#8211; &nbsp;w [&hellip;]<\/p>\n","protected":false},"featured_media":36271,"comment_status":"closed","ping_status":"open","template":"","meta":{"_acf_changed":false},"product_brand":[162],"product_cat":[2590,3500],"product_tag":[],"class_list":{"0":"post-49827","1":"product","2":"type-product","3":"status-publish","4":"has-post-thumbnail","6":"product_brand-luxolar","7":"product_cat-lamps","8":"product_cat-semi-ceiling-lights-and-ceiling-lights","9":"pa_kod-producenta-299-b1-en","10":"pa_kolor-bialy-2","11":"pa_kolor-black","12":"pa_kolor-blue","13":"pa_kolor-gray","14":"pa_kolor-green","15":"pa_kolor-orange","16":"pa_kolor-pink","17":"pa_kolor-red","18":"pa_liczba-punktow-swiatla-1-2","19":"pa_marka-luxolar","20":"pa_material-dominujacy-metal-en","21":"pa_max-moc-pojed-zrodla-swiatla-60-2","22":"pa_rodzaj-ceiling","23":"pa_rodzaj-gwintu-e27-2","24":"pa_zasilanie-network","25":"pa_zawiera-baterie-no","26":"pa_zrodlo-swiatla-without-a-light-source","28":"first","29":"instock","30":"purchasable","31":"product-type-simple"},"acf":[],"aioseo_notices":[],"_links":{"self":[{"href":"https:\/\/portallamp.invette.dev\/en\/wp-json\/wp\/v2\/product\/49827","targetHints":{"allow":["GET"]}}],"collection":[{"href":"https:\/\/portallamp.invette.dev\/en\/wp-json\/wp\/v2\/product"}],"about":[{"href":"https:\/\/portallamp.invette.dev\/en\/wp-json\/wp\/v2\/types\/product"}],"replies":[{"embeddable":true,"href":"https:\/\/portallamp.invette.dev\/en\/wp-json\/wp\/v2\/comments?post=49827"}],"wp:featuredmedia":[{"embeddable":true,"href":"https:\/\/portallamp.invette.dev\/en\/wp-json\/wp\/v2\/media\/36271"}],"wp:attachment":[{"href":"https:\/\/portallamp.invette.dev\/en\/wp-json\/wp\/v2\/media?parent=49827"}],"wp:term":[{"taxonomy":"product_brand","embeddable":true,"href":"https:\/\/portallamp.invette.dev\/en\/wp-json\/wp\/v2\/product_brand?post=49827"},{"taxonomy":"product_cat","embeddable":true,"href":"https:\/\/portallamp.invette.dev\/en\/wp-json\/wp\/v2\/product_cat?post=49827"},{"taxonomy":"product_tag","embeddable":true,"href":"https:\/\/portallamp.invette.dev\/en\/wp-json\/wp\/v2\/product_tag?post=49827"}],"curies":[{"name":"wp","href":"https:\/\/api.w.org\/{rel}","templated":true}]}}