{"id":49869,"date":"2025-07-03T18:05:18","date_gmt":"2025-07-03T16:05:18","guid":{"rendered":"https:\/\/portallamp.invette.dev\/produkt\/lampa-scienna-kinkiet-384-k1-loft-edison-nowosc\/"},"modified":"2025-07-03T18:05:18","modified_gmt":"2025-07-03T16:05:18","slug":"lampa-scienna-kinkiet-384-k1-loft-edison-nowosc","status":"publish","type":"product","link":"https:\/\/portallamp.invette.dev\/en\/produkt\/lampa-scienna-kinkiet-384-k1-loft-edison-nowosc\/","title":{"rendered":"LAMPA \u015aCIENNA KINKIET 384-K1 LOFT EDISON NOWO\u015a\u0106"},"content":{"rendered":"<h1>Przedmiotem sprzeda\u017cy jest:<\/h1>\n<h2><\/h2>\n<h1>Nowy kinkiet plafon w stylu minimalistycznym z os\u0142on\u0105 \u017car\u00f3wki na kszta\u0142t walca.<\/h1>\n<\/p>\n<h2>Nr Kat: 384-K1 LUXOLAR<\/h2>\n<p><img decoding=\"async\" src=\"https:\/\/d.allegroimg.com\/original\/031e0f\/ef263adc4fb5bfe3e430bfb8e10d\" alt=\"Zdj\u0119cie produktu\" style=\"max-width:100%; height:auto; margin:10px 0;\"><\/p>\n<ul>\n<li>Wykonana g\u0142\u00f3wnie z metalu<\/li>\n<\/ul>\n<ul>\n<li><b>Kolor kinkietu: Czarny matowy<\/b><\/li>\n<\/ul>\n<ul>\n<li>Wyposa\u017cona w specjalny chromowany przegub umo\u017cliwiaj\u0105cy regulacj\u0119 k\u0105ta oraz kierunku \u017car\u00f3wki<\/li>\n<\/ul>\n<ul>\n<li>Lampa obs\u0142uguje wszystkie \u017car\u00f3wki z gwintem typu E27 do max 60 wat\u00f3w.<\/li>\n<\/ul>\n<ul>\n<li>Monta\u017c natynkowy<\/li>\n<\/ul>\n<h1>Dane techniczne:<\/h1>\n<ul>\n<li><b>materia\u0142 konstrukcji:<\/b>&nbsp;metal malowany proszkowo<\/li>\n<li><b>wymiary:<\/b>&nbsp;wysoko\u015b\u0107 ca\u0142kowita lampy 20 cm, Wymiar puszki: 10 x 5 cm<\/li>\n<li><b>regulacja k\u0105ta i kierunku \u017car\u00f3wki: &nbsp; <\/b>tak<\/li>\n<li><b>zasilanie:<\/b>&nbsp;~230 [V] \/ nie wymaga transformatora &#8211; bezpo\u015brednie z sieci<\/li>\n<li><b>\u017ar\u00f3d\u0142o \u015bwiat\u0142a:<\/b>&nbsp;E-27 max 60W<\/li>\n<li><b>IP 20, Klasa I<\/b><\/li>\n<li><b>zestaw nie zawiera \u017car\u00f3wki oraz ko\u0142k\u00f3w rozporowych do monta\u017cu<\/b><\/li>\n<li><b>producent:&nbsp;<\/b>LUXOLAR<\/li>\n<\/ul>\n<p><img decoding=\"async\" src=\"https:\/\/3.allegroimg.com\/original\/03b5fa\/c8d1aeb74601819f6d2be23c5453\" alt=\"Zdj\u0119cie produktu\" style=\"max-width:100%; height:auto; margin:10px 0;\"><br \/>\n<img decoding=\"async\" src=\"https:\/\/3.allegroimg.com\/original\/03393c\/6edcad054becb5bb0a2c00115043\" alt=\"Zdj\u0119cie produktu\" style=\"max-width:100%; height:auto; margin:10px 0;\"><br \/>\n<img decoding=\"async\" src=\"https:\/\/9.allegroimg.com\/original\/0377f2\/36c48f2c4be19dfc2a4b9de8c899\" alt=\"Zdj\u0119cie produktu\" style=\"max-width:100%; height:auto; margin:10px 0;\"><br \/>\n<img decoding=\"async\" src=\"https:\/\/4.allegroimg.com\/original\/0307db\/d134cf3a482a8f9fac8353500dd4\" alt=\"Zdj\u0119cie produktu\" style=\"max-width:100%; height:auto; margin:10px 0;\"><\/p>\n<h1>Zalecane \u017ar\u00f3d\u0142o \u015bwiat\u0142a:<\/h1>\n<p>\u017bar\u00f3wki LED z w\u0142\u00f3knem typu FILAMENT &#8211;&nbsp; cechuje wysoka wydajno\u015b\u0107 oraz estetyka po\u0142\u0105czona z niskim zu\u017cyciem energii.<\/p>\n<p>\u017bar\u00f3wka to nie tylko \u017ar\u00f3d\u0142o \u015bwiata, ale tak\u017ce wa\u017cny wizualny szczeg\u00f3\u0142 w lampie.<\/p>\n<p><img decoding=\"async\" src=\"https:\/\/2.allegroimg.com\/original\/03d336\/629a22a84c518ad3dbc004d88282\" alt=\"Zdj\u0119cie produktu\" style=\"max-width:100%; height:auto; margin:10px 0;\"><br \/>\n<img decoding=\"async\" src=\"https:\/\/d.allegroimg.com\/original\/031e0f\/ef263adc4fb5bfe3e430bfb8e10d\" alt=\"Zdj\u0119cie produktu\" style=\"max-width:100%; height:auto; margin:10px 0;\"><\/p>\n<h1>ARAN\u017bACJE:<\/h1>\n<p><img decoding=\"async\" src=\"https:\/\/d.allegroimg.com\/original\/03a194\/4ef0d0df4f6eb6efb1743199c98d\" alt=\"Zdj\u0119cie produktu\" style=\"max-width:100%; height:auto; margin:10px 0;\"><br \/>\n<img decoding=\"async\" src=\"https:\/\/d.allegroimg.com\/original\/037e9f\/fd66c5f749bd802afa8f66f9eabd\" alt=\"Zdj\u0119cie produktu\" style=\"max-width:100%; height:auto; margin:10px 0;\"><\/p>\n","protected":false},"excerpt":{"rendered":"<p>Przedmiotem sprzeda\u017cy jest: Nowy kinkiet plafon w stylu minimalistycznym z os\u0142on\u0105 \u017car\u00f3wki na kszta\u0142t walca. Nr Kat: 384-K1 LUXOLAR Wykonana g\u0142\u00f3wnie z metalu Kolor kinkietu: Czarny matowy Wyposa\u017cona w specjalny chromowany przegub umo\u017cliwiaj\u0105cy regulacj\u0119 k\u0105ta oraz kierunku \u017car\u00f3wki Lampa obs\u0142uguje wszystkie \u017car\u00f3wki z gwintem typu E27 do max 60 wat\u00f3w. Monta\u017c natynkowy Dane techniczne: materia\u0142 [&hellip;]<\/p>\n","protected":false},"featured_media":36627,"comment_status":"closed","ping_status":"open","template":"","meta":{"_acf_changed":false},"product_brand":[196],"product_cat":[2590,2826],"product_tag":[],"class_list":{"0":"post-49869","1":"product","2":"type-product","3":"status-publish","4":"has-post-thumbnail","6":"product_brand-fabryka-lamp-luxolar","7":"product_cat-lamps","8":"product_cat-wall-lamps-en","9":"pa_kod-producenta-kinkiet-384-k1-en","10":"pa_kolekcja-384-en","11":"pa_kolor-black","12":"pa_liczba-punktow-swiatla-1-2","13":"pa_marka-fabryka-lamp-luxolar","14":"pa_material-dominujacy-metal-en","15":"pa_max-moc-pojed-zrodla-swiatla-60-2","16":"pa_rodzaj-gwintu-e27-2","17":"pa_zawiera-baterie-no","19":"first","20":"instock","21":"purchasable","22":"product-type-simple"},"acf":[],"aioseo_notices":[],"_links":{"self":[{"href":"https:\/\/portallamp.invette.dev\/en\/wp-json\/wp\/v2\/product\/49869","targetHints":{"allow":["GET"]}}],"collection":[{"href":"https:\/\/portallamp.invette.dev\/en\/wp-json\/wp\/v2\/product"}],"about":[{"href":"https:\/\/portallamp.invette.dev\/en\/wp-json\/wp\/v2\/types\/product"}],"replies":[{"embeddable":true,"href":"https:\/\/portallamp.invette.dev\/en\/wp-json\/wp\/v2\/comments?post=49869"}],"wp:featuredmedia":[{"embeddable":true,"href":"https:\/\/portallamp.invette.dev\/en\/wp-json\/wp\/v2\/media\/36627"}],"wp:attachment":[{"href":"https:\/\/portallamp.invette.dev\/en\/wp-json\/wp\/v2\/media?parent=49869"}],"wp:term":[{"taxonomy":"product_brand","embeddable":true,"href":"https:\/\/portallamp.invette.dev\/en\/wp-json\/wp\/v2\/product_brand?post=49869"},{"taxonomy":"product_cat","embeddable":true,"href":"https:\/\/portallamp.invette.dev\/en\/wp-json\/wp\/v2\/product_cat?post=49869"},{"taxonomy":"product_tag","embeddable":true,"href":"https:\/\/portallamp.invette.dev\/en\/wp-json\/wp\/v2\/product_tag?post=49869"}],"curies":[{"name":"wp","href":"https:\/\/api.w.org\/{rel}","templated":true}]}}