{"id":49872,"date":"2025-07-03T18:05:18","date_gmt":"2025-07-03T16:05:18","guid":{"rendered":"https:\/\/portallamp.invette.dev\/produkt\/lampa-podlogowa-stojaca-152cm-diament-led-299-lp\/"},"modified":"2025-07-03T18:05:18","modified_gmt":"2025-07-03T16:05:18","slug":"lampa-podlogowa-stojaca-152cm-diament-led-299-lp","status":"publish","type":"product","link":"https:\/\/portallamp.invette.dev\/en\/produkt\/lampa-podlogowa-stojaca-152cm-diament-led-299-lp\/","title":{"rendered":"Lampa pod\u0142ogowa stoj\u0105ca 152cm Diament LED 299-LP"},"content":{"rendered":"<h1>Przedmiotem sprzeda\u017cy jest:<\/h1>\n<h1>Nowa lampa pod\u0142ogowa w nowoczesnym stylu. Nr Kat: 299-LP LUXOLAR<\/h1>\n<p><img decoding=\"async\" src=\"https:\/\/2.allegroimg.com\/original\/03e40f\/1f78535249ada2a3e5f9fcd9ddc2\" alt=\"Zdj\u0119cie produktu\" style=\"max-width:100%; height:auto; margin:10px 0;\"><\/p>\n<ul>\n<li>Uniwersalna w wygl\u0105dzie<\/li>\n<\/ul>\n<ul>\n<li>Stabilna metalowa konstrukcja<\/li>\n<\/ul>\n<ul>\n<li><b>Kolory konstrukcji:<\/b> Bia\u0142y, Czarny, Szary<\/li>\n<\/ul>\n<ul>\n<li><b>Kolory aba\u017curu:<\/b> Bia\u0142y, Czarny, Szary, Czerwony<\/li>\n<\/ul>\n<ul>\n<li>Obs\u0142uguje wszystkie \u017car\u00f3wki z gwintem typu E27 do max 60 wat\u00f3w.<\/li>\n<\/ul>\n<ul>\n<li><b>Wysoko\u015b\u0107 152 cm<\/b><\/li>\n<\/ul>\n<ul>\n<li>W\u0142\u0105cznik wbudowany w przew\u00f3d zasilaj\u0105cy<\/li>\n<\/ul>\n<ul>\n<li>Produkt bezpo\u015brednio od polskiego producenta<\/li>\n<\/ul>\n<h1>Dane techniczne:<\/h1>\n<ul>\n<li><b>materia\u0142 konstrukcji:<\/b>&nbsp;metal malowany proszkowo<\/li>\n<li><b>materia\u0142 aba\u017cura: <\/b>tkanina w wybranym kolorze na zewn\u0105trz, bia\u0142e pcv od wewn\u0105trz<\/li>\n<li><b>wymiary ca\u0142kowite:<\/b>&nbsp;wysoko\u015b\u0107 lampy 152 cm<\/li>\n<li><b>wymiary aba\u017cura: <\/b>wysoko\u015b\u0107: 24 cm, przek\u0105tna: 42 cm, podstawa: 30 x 30 cm<\/li>\n<li><b>zasilanie:<\/b>&nbsp;~230 [V] \/ w\u0142\u0105cznik wbudowany w przew\u00f3d zasilaj\u0105cy<\/li>\n<li><b>\u017ar\u00f3d\u0142o \u015bwiat\u0142a:<\/b>&nbsp;E-27<\/li>\n<li><b>zestaw nie zawiera \u017car\u00f3wki<\/b><\/li>\n<li><b>Producent:&nbsp;<\/b>LUXOLAR Polska<\/li>\n<\/ul>\n<p><img decoding=\"async\" src=\"https:\/\/2.allegroimg.com\/original\/03fcdc\/cc8b33d64945a80ea33048989472\" alt=\"Zdj\u0119cie produktu\" style=\"max-width:100%; height:auto; margin:10px 0;\"><br \/>\n<img decoding=\"async\" src=\"https:\/\/8.allegroimg.com\/original\/03fc52\/5f0e45174752b779c94ea40771d8\" alt=\"Zdj\u0119cie produktu\" style=\"max-width:100%; height:auto; margin:10px 0;\"><br \/>\n<img decoding=\"async\" src=\"https:\/\/9.allegroimg.com\/original\/039a54\/d84718db401890c1fcb855b81699\" alt=\"Zdj\u0119cie produktu\" style=\"max-width:100%; height:auto; margin:10px 0;\"><\/p>\n<h1>KOLORY ABA\u017bUR\u00d3W DO WYBORU:<\/h1>\n<p><img decoding=\"async\" src=\"https:\/\/1.allegroimg.com\/original\/03a8b5\/027d390d43e39711eaa06b198cf1\" alt=\"Zdj\u0119cie produktu\" style=\"max-width:100%; height:auto; margin:10px 0;\"><\/p>\n<h1>PRZYK\u0141AD ARAN\u017bACJI:<\/h1>\n<p><img decoding=\"async\" src=\"https:\/\/0.allegroimg.com\/original\/032e3d\/dbf527874163b4b11c2c306de1f0\" alt=\"Zdj\u0119cie produktu\" style=\"max-width:100%; height:auto; margin:10px 0;\"><\/p>\n","protected":false},"excerpt":{"rendered":"<p>Przedmiotem sprzeda\u017cy jest: Nowa lampa pod\u0142ogowa w nowoczesnym stylu. Nr Kat: 299-LP LUXOLAR Uniwersalna w wygl\u0105dzie Stabilna metalowa konstrukcja Kolory konstrukcji: Bia\u0142y, Czarny, Szary Kolory aba\u017curu: Bia\u0142y, Czarny, Szary, Czerwony Obs\u0142uguje wszystkie \u017car\u00f3wki z gwintem typu E27 do max 60 wat\u00f3w. Wysoko\u015b\u0107 152 cm W\u0142\u0105cznik wbudowany w przew\u00f3d zasilaj\u0105cy Produkt bezpo\u015brednio od polskiego producenta Dane [&hellip;]<\/p>\n","protected":false},"featured_media":36648,"comment_status":"closed","ping_status":"open","template":"","meta":{"_acf_changed":false},"product_brand":[162],"product_cat":[2590,2769],"product_tag":[],"class_list":{"0":"post-49872","1":"product","2":"type-product","3":"status-publish","4":"has-post-thumbnail","6":"product_brand-luxolar","7":"product_cat-lamps","8":"product_cat-table-lamps","9":"pa_kod-producenta-299-lp-en","10":"pa_kolekcja-299-en","11":"pa_kolor-bialy-2","12":"pa_kolor-black","13":"pa_kolor-gray","14":"pa_kolor-red","15":"pa_liczba-punktow-swiatla-1-2","16":"pa_marka-luxolar","17":"pa_rodzaj-gwintu-e27-2","18":"pa_zasilanie-network","19":"pa_zawiera-baterie-no","20":"pa_zrodlo-swiatla-without-a-light-source","22":"first","23":"instock","24":"purchasable","25":"product-type-simple"},"acf":[],"aioseo_notices":[],"_links":{"self":[{"href":"https:\/\/portallamp.invette.dev\/en\/wp-json\/wp\/v2\/product\/49872","targetHints":{"allow":["GET"]}}],"collection":[{"href":"https:\/\/portallamp.invette.dev\/en\/wp-json\/wp\/v2\/product"}],"about":[{"href":"https:\/\/portallamp.invette.dev\/en\/wp-json\/wp\/v2\/types\/product"}],"replies":[{"embeddable":true,"href":"https:\/\/portallamp.invette.dev\/en\/wp-json\/wp\/v2\/comments?post=49872"}],"wp:featuredmedia":[{"embeddable":true,"href":"https:\/\/portallamp.invette.dev\/en\/wp-json\/wp\/v2\/media\/36648"}],"wp:attachment":[{"href":"https:\/\/portallamp.invette.dev\/en\/wp-json\/wp\/v2\/media?parent=49872"}],"wp:term":[{"taxonomy":"product_brand","embeddable":true,"href":"https:\/\/portallamp.invette.dev\/en\/wp-json\/wp\/v2\/product_brand?post=49872"},{"taxonomy":"product_cat","embeddable":true,"href":"https:\/\/portallamp.invette.dev\/en\/wp-json\/wp\/v2\/product_cat?post=49872"},{"taxonomy":"product_tag","embeddable":true,"href":"https:\/\/portallamp.invette.dev\/en\/wp-json\/wp\/v2\/product_tag?post=49872"}],"curies":[{"name":"wp","href":"https:\/\/api.w.org\/{rel}","templated":true}]}}